{"id":2629,"date":"2026-01-28T21:33:37","date_gmt":"2026-01-28T21:33:37","guid":{"rendered":"https:\/\/vigo-rio.com\/?post_type=product&#038;p=2629"},"modified":"2026-04-15T08:51:21","modified_gmt":"2026-04-15T08:51:21","slug":"vita12-d-1-verdauungssystem-magen-darm-leber-galle","status":"publish","type":"product","link":"https:\/\/vigo-rio.com\/en\/product\/vita12-d-1-verdauungssystem-magen-darm-leber-galle\/","title":{"rendered":"VITA12 D-1 Verdauungssystem (Magen, Darm, Leber, Galle)"},"content":{"rendered":"<p><strong>Kolzov-Platte: D-1\u00a0 Verdauungssystem\u00a0 (Magen, Darm, Leber, Galle)<\/strong><\/p>\n<p><strong data-start=\"75\" data-end=\"115\">Unterst\u00fctzung des Verdauungssystems:<\/strong><br data-start=\"115\" data-end=\"118\" \/><em>F\u00f6rdert die Wiederherstellung der Darmfunktionen, beseitigt entz\u00fcndliche Prozesse, normalisiert Motilit\u00e4t und Sekretion und erh\u00e4lt eine gesunde Darmflora.<\/em><br data-start=\"288\" data-end=\"291\" \/><em>Unterst\u00fctzt die Entgiftung, hilft bei stressbedingten St\u00f6rungen und verbessert die N\u00e4hrstoffaufnahme, f\u00fcr eine ganzheitliche Gesundheit des Magen-Darm-Trakts.<\/em><\/p>\n<h3 data-start=\"143\" data-end=\"170\">Wirkung von FC VITA12: D\u20111<\/h3>\n<p data-start=\"172\" data-end=\"434\"><strong data-start=\"172\" data-end=\"223\">Pr\u00e4vention &amp; Korrektur von Verdauungsst\u00f6rungen:<\/strong><br data-start=\"223\" data-end=\"226\" \/><em>Unterst\u00fctzt bei Gastritis, Duodenitis, Magengeschw\u00fcren und Zw\u00f6lffingerdarmgeschw\u00fcren.<\/em><br data-start=\"315\" data-end=\"318\" \/><em>Hilft bei chronischen Zust\u00e4nden wie Reizdarmsyndrom, Durchfall und SIBO (\u00dcberwucherung von Darmbakterien).<\/em><\/p>\n<p data-start=\"436\" data-end=\"756\"><strong data-start=\"436\" data-end=\"486\">Normalisierung &amp; Unterst\u00fctzung der Mikrobiota:<\/strong><br data-start=\"486\" data-end=\"489\" \/><em>Stabilisiert Motilit\u00e4t und Sekretion von Magen, Darm und Bauchspeicheldr\u00fcse.<\/em><br data-start=\"569\" data-end=\"572\" \/><em>Unterst\u00fctzt die Leber- und Gallenblasenfunktion und stellt nach Antibiotika, Operationen oder Lebensmittelvergiftungen das gesunde Gleichgewicht der Darmflora wieder her.<\/em><\/p>\n<p data-start=\"758\" data-end=\"1053\"><strong data-start=\"758\" data-end=\"801\">Entlastung &amp; Reduktion von Beschwerden:<\/strong><br data-start=\"801\" data-end=\"804\" \/><em>Reduziert toxische Belastungen durch ungesunde Ern\u00e4hrung oder Alkohol, lindert Spasmen der glatten Muskulatur und verringert Schmerzen und Unwohlsein.<\/em><br data-start=\"966\" data-end=\"969\" \/><em>St\u00e4rkt die Barrierefunktion des Darms und beugt dem Leaky-Gut-Syndrom vor.<\/em><\/p>\n<p data-start=\"1055\" data-end=\"1333\"><strong data-start=\"1055\" data-end=\"1105\">Unterst\u00fctzung von Immunit\u00e4t &amp; Stresskorrektur:<\/strong><br data-start=\"1105\" data-end=\"1108\" \/><em>St\u00e4rkt die Schutzfunktionen des K\u00f6rpers, harmonisiert die nervale Verdauungsregulation bei stressbedingten St\u00f6rungen und erleichtert die Anpassung an neue Ern\u00e4hrungsgewohnheiten (Reisen, Sportern\u00e4hrung, Di\u00e4ten).<\/em><\/p>\n<p data-start=\"1335\" data-end=\"1528\"><em data-start=\"1335\" data-end=\"1526\"><strong>Hinweis:<\/strong>\u00a0FC VITA12: D\u20111 ist kein Arzneimittel oder medizinisches Ger\u00e4t. Lebenswichtige Technologien zur Unterst\u00fctzung, Wiederherstellung der K\u00f6rperressourcen und bewusstes Gesundheitsmanagement.<\/em><\/p>","protected":false},"excerpt":{"rendered":"<h3 class=\"jw-heading-70\"><strong>D-1\u00a0 Verdauungssystem\u00a0 (Magen, Darm, Leber, Galle)<\/strong><\/h3>\n<p><em>D-1 unterst\u00fctzt das energetische Gleichgewicht des gesamten Verdauungssystems.<br data-start=\"327\" data-end=\"330\" \/>Die Platte kann dazu beitragen, ein harmonisches Bauchgef\u00fchl zu f\u00f6rdern, den Energiefluss im Magen-Darm-Bereich zu stabilisieren und mehr innere Leichtigkeit zu vermitteln.<br data-start=\"502\" data-end=\"505\" \/>Viele Anwender berichten von einem ausgeglicheneren Empfinden bei Belastungen sowie von einem allgemein verbesserten Wohlgef\u00fchl im Verdauungsbereich.<\/em><\/p>","protected":false},"featured_media":2630,"comment_status":"open","ping_status":"closed","template":"","meta":[],"product_brand":[],"product_cat":[227],"product_tag":[261],"class_list":{"0":"post-2629","1":"product","2":"type-product","3":"status-publish","4":"has-post-thumbnail","6":"product_cat-vita-12","7":"product_tag-vita12d-1","9":"first","10":"instock","11":"taxable","12":"shipping-taxable","13":"purchasable","14":"product-type-simple"},"_links":{"self":[{"href":"https:\/\/vigo-rio.com\/en\/wp-json\/wp\/v2\/product\/2629","targetHints":{"allow":["GET"]}}],"collection":[{"href":"https:\/\/vigo-rio.com\/en\/wp-json\/wp\/v2\/product"}],"about":[{"href":"https:\/\/vigo-rio.com\/en\/wp-json\/wp\/v2\/types\/product"}],"replies":[{"embeddable":true,"href":"https:\/\/vigo-rio.com\/en\/wp-json\/wp\/v2\/comments?post=2629"}],"wp:featuredmedia":[{"embeddable":true,"href":"https:\/\/vigo-rio.com\/en\/wp-json\/wp\/v2\/media\/2630"}],"wp:attachment":[{"href":"https:\/\/vigo-rio.com\/en\/wp-json\/wp\/v2\/media?parent=2629"}],"wp:term":[{"taxonomy":"product_brand","embeddable":true,"href":"https:\/\/vigo-rio.com\/en\/wp-json\/wp\/v2\/product_brand?post=2629"},{"taxonomy":"product_cat","embeddable":true,"href":"https:\/\/vigo-rio.com\/en\/wp-json\/wp\/v2\/product_cat?post=2629"},{"taxonomy":"product_tag","embeddable":true,"href":"https:\/\/vigo-rio.com\/en\/wp-json\/wp\/v2\/product_tag?post=2629"}],"curies":[{"name":"wp","href":"https:\/\/api.w.org\/{rel}","templated":true}]}}