{"id":2627,"date":"2026-01-28T21:32:40","date_gmt":"2026-01-28T21:32:40","guid":{"rendered":"https:\/\/vigo-rio.com\/?post_type=product&#038;p=2627"},"modified":"2026-04-18T07:27:46","modified_gmt":"2026-04-18T07:27:46","slug":"vita12-%d1%81-3-blutkreislauf-system-herz-und-herz-notfallplatte-und-rehabilitation","status":"publish","type":"product","link":"https:\/\/vigo-rio.com\/en\/product\/vita12-%d1%81-3-blutkreislauf-system-herz-und-herz-notfallplatte-und-rehabilitation\/","title":{"rendered":"VITA12 \u0421-3 Blutkreislauf-System (Herz und Herz-Notfallplatte und Rehabilitation)"},"content":{"rendered":"<p data-path-to-node=\"3\">\n<p data-path-to-node=\"4\"><b data-path-to-node=\"4\" data-index-in-node=\"0\">Die Wirkung zielt ab auf:<\/b><\/p>\n<ul data-path-to-node=\"5\">\n<li>\n<p data-path-to-node=\"5,0,0\">Unterst\u00fctzung der physiologischen Herz- und Gef\u00e4\u00dffunktion sowie Normalisierung der Arbeit des Herz-Kreislauf-Systems im nat\u00fcrlichen, optimalen Bereich.<\/p>\n<\/li>\n<li>\n<p data-path-to-node=\"5,1,0\">Aktive Unterst\u00fctzung von Erholungs- und Rehabilitationsprozessen nach Operationen sowie nach akutem Myokardinfarkt oder Schlaganfall.<\/p>\n<\/li>\n<li>\n<p data-path-to-node=\"5,2,0\">Unterst\u00fctzung bei der Regulierung des Blutdruckniveaus, was besonders wichtig f\u00fcr Personen aus Risikogruppen f\u00fcr Herzerkrankungen ist, um das Isch\u00e4mierisiko zu senken.<\/p>\n<\/li>\n<li>\n<p data-path-to-node=\"5,3,0\">St\u00e4rkung der Gef\u00e4\u00dfw\u00e4nde: Beteiligung an der Wiederherstellung von Elastizit\u00e4t und Festigkeit der Blutgef\u00e4\u00dfe und des Myokards, was zur Verringerung von Kr\u00e4mpfen der glatten Muskulatur und zur Erweiterung des Gef\u00e4\u00dflumens beitr\u00e4gt.<\/p>\n<\/li>\n<li>\n<p data-path-to-node=\"5,4,0\">Verbesserung der Myokard-Durchblutung sowie verst\u00e4rkte Zufuhr von Sauerstoff und N\u00e4hrstoffen zum Herzmuskel zur Senkung des Isch\u00e4mierisikos.<\/p>\n<\/li>\n<li>\n<p data-path-to-node=\"5,5,0\">Senkung des Thromboserisikos durch Verbesserung der rheologischen Eigenschaften des Blutes (Verringerung der Viskosit\u00e4t, Erh\u00f6hung der Flie\u00dff\u00e4higkeit) und der H\u00e4modynamik (Blutfluss durch die Gef\u00e4\u00dfe).<\/p>\n<\/li>\n<li>\n<p data-path-to-node=\"5,6,0\">Stabilisierung des Herzrhythmus sowie Unterst\u00fctzung bei der Normalisierung der Herzfrequenz, auch bei Vorhofflimmern.<\/p>\n<\/li>\n<li>\n<p data-path-to-node=\"5,7,0\">Allgemeine Verbesserung des Zustands der Gef\u00e4\u00dfbahn und des gesamten Kreislaufsystems zur Vorbeugung von Krampfadern und Thrombophlebitis.<\/p>\n<\/li>\n<li>\n<p data-path-to-node=\"5,8,0\">Erh\u00f6hung der Toleranz gegen\u00fcber k\u00f6rperlicher Belastung sowie Linderung von Symptomen wie Angina Pectoris und Atemnot.<\/p>\n<\/li>\n<li>\n<p data-path-to-node=\"5,9,0\">Nicht-medikament\u00f6se Unterst\u00fctzung der Herz- und Gef\u00e4\u00dffunktionen als Erg\u00e4nzung zum Haupttherapieverlauf.<\/p>\n<\/li>\n<li>\n<p data-path-to-node=\"5,10,0\">M\u00f6gliche Verringerung des Bedarfs an bestimmten Medikamenten (nur in Absprache mit dem behandelnden Arzt).<\/p>\n<\/li>\n<li>\n<p data-path-to-node=\"5,11,0\">Verbesserung der Lebensqualit\u00e4t und des allgemeinen Wohlbefindens durch einen umfassenden positiven Einfluss auf das Kreislaufsystem.<\/p>\n<\/li>\n<li>\n<p data-path-to-node=\"5,12,0\">Bereitstellung von unterst\u00fctzender Hilfe bei der Entstehung gesundheitskritischer Situationen.<\/p>\n<\/li>\n<\/ul>\n<hr data-path-to-node=\"6\" \/>\n<p data-path-to-node=\"7\"><b data-path-to-node=\"7\" data-index-in-node=\"0\">WICHTIG! DAS KFS-GER\u00c4T IST KEIN ARZNEIMITTEL UND KEIN MEDIZINPRODUKT!<\/b><\/p>","protected":false},"excerpt":{"rendered":"<p><b data-path-to-node=\"3\" data-index-in-node=\"0\">Dieses Ger\u00e4t unterst\u00fctzt die Rehabilitation nach kardiovaskul\u00e4ren Ereignissen wie Infarkten oder Schlaganf\u00e4llen. Es tr\u00e4gt zur Aufrechterhaltung der physiologischen Herzfunktion bei, st\u00e4rkt die Gef\u00e4\u00dfw\u00e4nde und verbessert die gesamte Durchblutung des Organismus.<\/b><\/p>","protected":false},"featured_media":2628,"comment_status":"open","ping_status":"closed","template":"","meta":[],"product_brand":[],"product_cat":[227],"product_tag":[262],"class_list":{"0":"post-2627","1":"product","2":"type-product","3":"status-publish","4":"has-post-thumbnail","6":"product_cat-vita-12","7":"product_tag-vita12c-3","9":"first","10":"instock","11":"featured","12":"taxable","13":"shipping-taxable","14":"purchasable","15":"product-type-simple"},"_links":{"self":[{"href":"https:\/\/vigo-rio.com\/en\/wp-json\/wp\/v2\/product\/2627","targetHints":{"allow":["GET"]}}],"collection":[{"href":"https:\/\/vigo-rio.com\/en\/wp-json\/wp\/v2\/product"}],"about":[{"href":"https:\/\/vigo-rio.com\/en\/wp-json\/wp\/v2\/types\/product"}],"replies":[{"embeddable":true,"href":"https:\/\/vigo-rio.com\/en\/wp-json\/wp\/v2\/comments?post=2627"}],"wp:featuredmedia":[{"embeddable":true,"href":"https:\/\/vigo-rio.com\/en\/wp-json\/wp\/v2\/media\/2628"}],"wp:attachment":[{"href":"https:\/\/vigo-rio.com\/en\/wp-json\/wp\/v2\/media?parent=2627"}],"wp:term":[{"taxonomy":"product_brand","embeddable":true,"href":"https:\/\/vigo-rio.com\/en\/wp-json\/wp\/v2\/product_brand?post=2627"},{"taxonomy":"product_cat","embeddable":true,"href":"https:\/\/vigo-rio.com\/en\/wp-json\/wp\/v2\/product_cat?post=2627"},{"taxonomy":"product_tag","embeddable":true,"href":"https:\/\/vigo-rio.com\/en\/wp-json\/wp\/v2\/product_tag?post=2627"}],"curies":[{"name":"wp","href":"https:\/\/api.w.org\/{rel}","templated":true}]}}