{"id":2625,"date":"2026-01-28T21:31:41","date_gmt":"2026-01-28T21:31:41","guid":{"rendered":"https:\/\/vigo-rio.com\/?post_type=product&#038;p=2625"},"modified":"2026-04-18T07:27:46","modified_gmt":"2026-04-18T07:27:46","slug":"vita12-%d1%81-2-blutkreislauf-system-blutgefaesse","status":"publish","type":"product","link":"https:\/\/vigo-rio.com\/en\/product\/vita12-%d1%81-2-blutkreislauf-system-blutgefaesse\/","title":{"rendered":"VITA12 \u0421-2 Blutkreislauf-System (Blutgef\u00e4\u00dfe)"},"content":{"rendered":"<div class=\"product-page__description\">\n<p><strong>Kolzov-Platte: C-2\u00a0 Blutkreislauf-System (Blutgef\u00e4\u00dfe)<\/strong><\/p>\n<p><em>Vorbeugung von Arteriosklerose &amp; Gef\u00e4\u00dfst\u00e4rkung:<\/em><br data-start=\"126\" data-end=\"129\" \/><em>Reinigt und st\u00e4rkt Blutgef\u00e4\u00dfe, normalisiert Fettstoffwechsel, Blutdruck und Durchblutung und verbessert die allgemeine Gef\u00e4\u00dfgesundheit.<\/em><\/p>\n<h3 data-start=\"139\" data-end=\"166\">Wirkung von FC VITA12: C\u20112<\/h3>\n<p data-start=\"168\" data-end=\"535\"><strong data-start=\"168\" data-end=\"220\">Pr\u00e4vention von Arteriosklerose &amp; Gef\u00e4\u00dfreinigung:<\/strong><br data-start=\"220\" data-end=\"223\" \/><em>Verhindert die Bildung von Cholesterinablagerungen, unterst\u00fctzt die Gef\u00e4\u00dfreinigung, reduziert das Risiko von Verkalkungen und verlangsamt die Entwicklung von Arteriosklerose.<\/em><br data-start=\"413\" data-end=\"416\" \/><em>Stabilisiert bestehende Plaques, mindert das Risiko von Gef\u00e4\u00dfrupturen und beugt koronaren Thrombosen vor.<\/em><\/p>\n<p data-start=\"537\" data-end=\"853\"><strong data-start=\"537\" data-end=\"577\">Elastizit\u00e4t &amp; antioxidativer Schutz:<\/strong><br data-start=\"577\" data-end=\"580\" \/><em>Verbessert die Elastizit\u00e4t der Gef\u00e4\u00dfw\u00e4nde, reduziert die Kapillarbr\u00fcchigkeit und st\u00e4rkt die Gef\u00e4\u00dfe.<\/em><br data-start=\"687\" data-end=\"690\" \/><em>Neutralisiert freie Radikale, sch\u00fctzt vor oxidativem Stress, st\u00e4rkt Zellmembranen, wirkt entz\u00fcndungshemmend und unterst\u00fctzt die Regeneration.<\/em><\/p>\n<p data-start=\"855\" data-end=\"1130\"><strong data-start=\"855\" data-end=\"900\">Gef\u00e4\u00dftonus, Blutdruck &amp; Mikrozirkulation:<\/strong><br data-start=\"900\" data-end=\"903\" \/><em>Stellt den physiologischen Gleichgewichtszustand wieder her, reduziert Gef\u00e4\u00dfkr\u00e4mpfe, normalisiert Blutdruckwerte bei Hyper- und Hypotonie und optimiert die Kapillarblutzirkulation sowie den Gewebestoffwechsel.<\/em><\/p>\n<p data-start=\"1132\" data-end=\"1471\"><strong data-start=\"1132\" data-end=\"1186\">Schutz vor Alterung &amp; F\u00f6rderung der Langlebigkeit:<\/strong><br data-start=\"1186\" data-end=\"1189\" \/><em>Verlangsamt die Gef\u00e4\u00dfalterung, reduziert das Risiko von Thrombosen, sch\u00fctzt vor metabolischem Syndrom und diabetischen Gef\u00e4\u00dfsch\u00e4den (Angiopathien) und tr\u00e4gt zur aktiven Lebensverl\u00e4ngerung bei.<\/em><br data-start=\"1397\" data-end=\"1400\" \/><em>Beschleunigt die Rehabilitation nach Herz-Kreislauf-Erkrankungen.<\/em><\/p>\n<p data-start=\"1473\" data-end=\"1666\"><em data-start=\"1473\" data-end=\"1664\"><strong>Hinweis:<\/strong>\u00a0FC VITA12:\u00a0<\/em><em data-start=\"1473\" data-end=\"1664\">C\u20112 ist kein Arzneimittel oder medizinisches Ger\u00e4t. Lebenswichtige Technologien zur Unterst\u00fctzung, Wiederherstellung der K\u00f6rperressourcen und bewusstes Gesundheitsmanagement.<\/em><\/p>\n<\/div>\n<div class=\"product-page__social\">\n<div class=\"jw-block-element\">\n<div id=\"jw-element-\" class=\"jw-tree-node jw-element jw-social-share jw-node-is-first-child jw-node-is-last-child\" data-jw-element-id=\"\">\n<div class=\"jw-element-social-share\">\n<div class=\"share-button-container share-button-container--buttons-mini share-button-container--align-left jw-element-content\"><\/div>\n<\/div>\n<\/div>\n<\/div>\n<\/div>","protected":false},"excerpt":{"rendered":"<h3 class=\"jw-heading-70\"><strong>\u0421-2\u00a0 Blutkreislauf-System (Blutgef\u00e4\u00dfe)<\/strong><\/h3>\n<p><em>Die Platte\u00a0C-2 begleitet energetisch das Gef\u00e4\u00dfsystem.<br data-start=\"511\" data-end=\"514\" \/>Sie kann zu mehr Klarheit und Leichtigkeit beitragen, den pers\u00f6nlichen Energiefluss st\u00e4rken und ein harmonisches, vitales K\u00f6rperempfinden unterst\u00fctzen.\u00a0<strong>\/<\/strong><\/em><\/p>","protected":false},"featured_media":2626,"comment_status":"open","ping_status":"closed","template":"","meta":[],"product_brand":[],"product_cat":[227],"product_tag":[263],"class_list":{"0":"post-2625","1":"product","2":"type-product","3":"status-publish","4":"has-post-thumbnail","6":"product_cat-vita-12","7":"product_tag-vita12c-2","9":"first","10":"instock","11":"featured","12":"taxable","13":"shipping-taxable","14":"purchasable","15":"product-type-simple"},"_links":{"self":[{"href":"https:\/\/vigo-rio.com\/en\/wp-json\/wp\/v2\/product\/2625","targetHints":{"allow":["GET"]}}],"collection":[{"href":"https:\/\/vigo-rio.com\/en\/wp-json\/wp\/v2\/product"}],"about":[{"href":"https:\/\/vigo-rio.com\/en\/wp-json\/wp\/v2\/types\/product"}],"replies":[{"embeddable":true,"href":"https:\/\/vigo-rio.com\/en\/wp-json\/wp\/v2\/comments?post=2625"}],"wp:featuredmedia":[{"embeddable":true,"href":"https:\/\/vigo-rio.com\/en\/wp-json\/wp\/v2\/media\/2626"}],"wp:attachment":[{"href":"https:\/\/vigo-rio.com\/en\/wp-json\/wp\/v2\/media?parent=2625"}],"wp:term":[{"taxonomy":"product_brand","embeddable":true,"href":"https:\/\/vigo-rio.com\/en\/wp-json\/wp\/v2\/product_brand?post=2625"},{"taxonomy":"product_cat","embeddable":true,"href":"https:\/\/vigo-rio.com\/en\/wp-json\/wp\/v2\/product_cat?post=2625"},{"taxonomy":"product_tag","embeddable":true,"href":"https:\/\/vigo-rio.com\/en\/wp-json\/wp\/v2\/product_tag?post=2625"}],"curies":[{"name":"wp","href":"https:\/\/api.w.org\/{rel}","templated":true}]}}