{"id":2501,"date":"2026-01-23T12:26:55","date_gmt":"2026-01-23T12:26:55","guid":{"rendered":"https:\/\/vigo-rio.com\/?post_type=product&#038;p=2501"},"modified":"2026-02-02T13:55:01","modified_gmt":"2026-02-02T13:55:01","slug":"fc-free-way-leg-band","status":"publish","type":"product","link":"https:\/\/vigo-rio.com\/en\/product\/fc-free-way-leg-band\/","title":{"rendered":"FC Freier Weg Beinband \/ Free Way Leg Band-32 cm"},"content":{"rendered":"<p><strong>Kolzov-Beinband-Armband &#8222;Freier Weg&#8220; (Schutz vor energetischen Angriffen &#8211; auch nachts anwendbar, hilft Ballast loszulassen, Ausgleich von Stress und Emotionen, unterst\u00fctzt Erholung)<\/strong><\/p>\n<div>\n<div>Das Armband hat die Farbe beige und ist in zwei L\u00e4ngen erh\u00e4tlich:<\/div>\n<ul>\n<li>&#8222;normal&#8220; zum Tragen an der Hand (variable Tragel\u00e4nge von 16,5cm-24,5cm)<\/li>\n<li>&#8222;lang&#8220; zum Tragen um das Bein \u00fcber dem Kn\u00f6chel (variable Tragel\u00e4nge von 24,5cm-33,0cm).<\/li>\n<\/ul>\n<\/div>\n<div><em>Das Armband ist beige.\u00a0<\/em><em>Es tr\u00e4gt innen die eingepr\u00e4gte russische Aufschrift: \u00ab\u0421\u0412\u041e\u0411\u041e\u0414\u041d\u042b\u0419 \u041f\u0423\u0422\u042c\u00bb<\/em><\/div>\n<div><\/div>\n<div>Das Armband ist eine unverzichtbare Hilfe in einem neuen Umfeld und wertvoller Begleiter auf Reisen: Es vermittelt bei jedem &#8222;Aufbruch zu neuen Ufern&#8220; Freiheit und Schutz, Komfort und Leichtigkeit, Unterst\u00fctzung und Zuversicht. Vorw\u00e4rts, zu Abenteuern ohne Barrieren!<\/div>\n<div>Das Armband enth\u00e4lt acht Speicherchips mit vier verschiedenen Themen &#8211; je zwei Chips mit den Informationen der Kolzov-Platten: \u201eUnfall-Schutz&#8220; (= &#8222;Anti-Kataklysm\u201c &#8211; Serie Effizient), \u201eSeelenstern\u201c, \u201eWeg des Universums&#8220; (= &#8222;F\u00e4den der Sch\u00f6pfung&#8220;, beide Serie Elite 8-Elemente), &#8222;Sieger&#8220; (Serie Kollektion)<\/div>\n<p><em>Die Aussagen beziehen sich auf alternative Testmethoden wie Meridianenergie-Messungen der Organfunktionskreisl\u00e4ufe nach TCM, Kirlian-Fotografie (EPG\/GDV-Kamera), Oberon, Amsat o.\u00e4. durch den Hersteller &#8222;Planet der Regionen&#8220; und stellen keine medizinische oder auf den physischen K\u00f6rper und dessen Organe bezogenen Aussage im Sinne der westlichen Schulmedizin dar.<\/em><\/p>\n<div><\/div>\n<p>Das Armband ist in diesem Sinne vor allem geeignet f\u00fcr:<\/p>\n<ul>\n<li>sch\u00fctzt den Anwender vor Angriffen auf Energie- und Informationsebene und spiegelt unerw\u00fcnschte astrale Angriffe von verschiedenen Arten von Kreaturen zur\u00fcck,<\/li>\n<li>st\u00e4rkt das Energiefeld (Aura) und verbessert deren Harmonie und Koh\u00e4renz, erneuert und erh\u00f6ht insgesamt die Energie,<\/li>\n<li>aktiviert eine energetische \u201eEntgiftung\u201c, wodurch der Anwender unn\u00f6tigen Ballast wie etwa unn\u00f6tige Informationen loslassen kann,<\/li>\n<li>f\u00f6rdert die Klarheit des Geistes und die eigenst\u00e4ndige Wahrnehmung der wirklichen Realit\u00e4t, st\u00e4rkt die Intuition,<\/li>\n<li>hilft dabei, Stress und Anspannung abzubauen und die Emotionen auszugleichen, unterst\u00fctzt den Aufbau harmonischer Beziehungen,<\/li>\n<li>unterst\u00fctzt eine schnelle Erholung nach k\u00f6rperlicher Anstrengungen und Training und eine schnelle Anpassung an ver\u00e4nderte Umweltbedingungen wie die Anpassung an andere Zeitzonen,<\/li>\n<li>kann auch beim Schlafen verwendet werden.<\/li>\n<\/ul>\n<div><\/div>\n<div><\/div>\n<div>ZUR BEACHTUNG: Zur Aktivierung von Wasser legen Sie das Armband um eine Flasche oder ein Glas, die Aktivierungszeit sollte mindestens 20 Minuten.<\/div>\n<div><\/div>\n<div><em><strong>Wichtiger Hinweis:<\/strong><\/em><\/div>\n<div><em><strong>Wir weisen ausdr\u00fccklich darauf hin, dass die Kolzov-Platte (russische Bezeichnung: &#8222;Korrektoren des funktionalen Zustands&#8220;) ein alternatives Energie- und Informationsprodukt ist und kein Heilmittel im Sinne der westlichen Schulmedizin. Vielmehr ist es ein rein energetisches Hilfsmittel zur ganzheitlichen Balancierung von energetischen Disharmonien und Blockaden. Informationen \u00fcber Qualit\u00e4t und Eigenschaften des Energieobjekts beziehen sich auf Aussagen des russischen Herstellers und alternativen Theorien zu Mensch und Umwelt, auf alternative Anschauungen und esoterische \u00dcberlieferungen oder Aussagen. Sie gelten nur im Sinne der esoterischen Lebensphilosophie und daran angelehnte Alternativheilkunde. Wirkungen im Sinne westlicher Wissenschaft oder Medizin werden hier nicht behauptet.<\/strong><\/em><\/div>","protected":false},"excerpt":{"rendered":"<p>Kolzov-Beinband-Armband &#8222;Freier Weg&#8220; (Schutz vor energetischen Angriffen &#8211; auch nachts anwendbar, hilft Ballast loszulassen, Ausgleich von Stress und Emotionen, unterst\u00fctzt Erholung) Das Armband hat die Farbe beige und ist in&#8230;<\/p>","protected":false},"featured_media":1800,"comment_status":"open","ping_status":"closed","template":"","meta":[],"product_brand":[],"product_cat":[35],"product_tag":[211],"class_list":{"0":"post-2501","1":"product","2":"type-product","3":"status-publish","4":"has-post-thumbnail","6":"product_cat-fc-bracelets","7":"product_tag-211","9":"first","10":"instock","11":"taxable","12":"shipping-taxable","13":"purchasable","14":"product-type-simple"},"_links":{"self":[{"href":"https:\/\/vigo-rio.com\/en\/wp-json\/wp\/v2\/product\/2501","targetHints":{"allow":["GET"]}}],"collection":[{"href":"https:\/\/vigo-rio.com\/en\/wp-json\/wp\/v2\/product"}],"about":[{"href":"https:\/\/vigo-rio.com\/en\/wp-json\/wp\/v2\/types\/product"}],"replies":[{"embeddable":true,"href":"https:\/\/vigo-rio.com\/en\/wp-json\/wp\/v2\/comments?post=2501"}],"wp:featuredmedia":[{"embeddable":true,"href":"https:\/\/vigo-rio.com\/en\/wp-json\/wp\/v2\/media\/1800"}],"wp:attachment":[{"href":"https:\/\/vigo-rio.com\/en\/wp-json\/wp\/v2\/media?parent=2501"}],"wp:term":[{"taxonomy":"product_brand","embeddable":true,"href":"https:\/\/vigo-rio.com\/en\/wp-json\/wp\/v2\/product_brand?post=2501"},{"taxonomy":"product_cat","embeddable":true,"href":"https:\/\/vigo-rio.com\/en\/wp-json\/wp\/v2\/product_cat?post=2501"},{"taxonomy":"product_tag","embeddable":true,"href":"https:\/\/vigo-rio.com\/en\/wp-json\/wp\/v2\/product_tag?post=2501"}],"curies":[{"name":"wp","href":"https:\/\/api.w.org\/{rel}","templated":true}]}}