{"id":244,"date":"2026-01-14T12:48:46","date_gmt":"2026-01-14T12:48:46","guid":{"rendered":"https:\/\/vigo-rio.com\/?post_type=product&#038;p=244"},"modified":"2026-04-14T08:56:03","modified_gmt":"2026-04-14T08:56:03","slug":"fc-anti-cataclysm","status":"publish","type":"product","link":"https:\/\/vigo-rio.com\/en\/product\/fc-anti-cataclysm\/","title":{"rendered":"FC Anti-Kataklysmus \/ Anti-Cataclism"},"content":{"rendered":"<p><strong>Kolzov-Platte &#8222;Unfall-Schutz&#8220;\u00a0&#8211; (russ.: Anti-Kataklysm&#8220;; Schutz vor Unf\u00e4llen und negativen Auswirkungen der Elemente, auch Ausgleich von Spannungen in Gruppen)<br \/>\n&#8211; neueste Version mit 8-Elementen (8 enthaltenen Energiespeicher-Chips)<\/strong><\/p>\n<p>Die Kolzov-Platte \u201eUnfall-Schutz\u201c (im Russischen: \u201eAnti-Kataklysmus\u201c) enth\u00e4lt Informationen und Kan\u00e4le zum Ausgleich der Elemente Feuer, Wasser, Luft und Erde.<\/p>\n<p><em>Die Aussagen beziehen sich auf alternative Testmethoden wie Meridianenergie-Messungen der Organfunktionskreisl\u00e4ufe nach TCM, Kirlian-Fotografie (EPG\/GDV-Kamera), Oberon, Amsat o.\u00e4. durch den Hersteller &#8222;Planet der Regionen&#8220; und stellen keine medizinische oder auf den physischen K\u00f6rper und dessen Organe bezogenen Aussage im Sinne der westlichen Schulmedizin dar.<\/em><\/p>\n<p><strong>Die Platte ist in diesem Sinne vor allem geeignet f\u00fcr:<\/strong><\/p>\n<p>Sie wird eingesetzt, um uns vor den negativen Auswirkungen der Elemente und vor Unf\u00e4llen zu sch\u00fctzen. Sie baut konfrontative, explosive Spannungen ab \u2013 egal, ob zwischen den nat\u00fcrlichen Elementen oder zwischen Personen \u2013 und entsch\u00e4rft so drohende Gefahren. Auch wenn Menschen zusammenkommen, sei es in Seminaren, Sitzungen, Arbeitstreffen oder auch in \u00f6ffentlichen Verkehrsmittel, Kaufh\u00e4usern usw. hilft die Platte, Spannungen aufzufangen und verringert damit die Gefahr, Unf\u00e4llen, Katastrophen und Anschl\u00e4gen ausgesetzt zu werden. Die Kolzov-Platte enth\u00e4lt Informationen gegen aktuelle Zuspitzungen und Spannungen im gegenw\u00e4rtigen Umfeld die etwa zu Br\u00e4nden, \u00dcberschwemmungen, Tornados, Erdbeben und Tsunamis, Atomunf\u00e4lle und Terroranschl\u00e4ge f\u00fchren k\u00f6nnten \u2013 sie ist somit ein energetischer Unfall-Schutz.<\/p>\n<p>ZUR BEACHTUNG: Die Aktivierungszeit von Wasser auf der Platte betr\u00e4gt mindestens 15 Sekunden.<\/p>\n<p><em><u>Ergebnis im LIFE-TEST:<\/u>\u00a0Die Kolzov-Platte &#8222;Unfall-Schutz&#8220; (russ. &#8222;Anti-Kataklysm&#8220;) hat ein neutrales Energiefeld mit einer Abstrahlung von 40 000 Bovis. Sie aktiviert damit das Stirn-Charka, welches unter anderem f\u00fcr Intuition und Visualisierung zust\u00e4ndig ist und das Wurzel-Chakra, also das Zentrum der Lebenskraft, mit enormen 40 000 Bovis. Das Herz- und das Sexual- bzw. Blasen-Chakra werden auf 28 000 Bovis, und Kronen-, Hals- und Solarplexus-Chakra auf 21 000 Bovis aktiviert.<\/em><\/p>\n<p><em><strong>Wichtiger Hinweis:<br \/>\nWir weisen ausdr\u00fccklich darauf hin, dass die Kolzov-Platte (russische Bezeichnung: &#8222;Korrektoren des funktionalen Zustands&#8220;) ein alternatives Energie- und Informationsprodukt ist und kein Heilmittel im Sinne der westlichen Schulmedizin. Vielmehr ist es ein rein energetisches Hilfsmittel zur ganzheitlichen Balancierung von energetischen Disharmonien und Blockaden. Informationen \u00fcber Qualit\u00e4t und Eigenschaften des Energieobjekts beziehen sich auf Aussagen des russischen Herstellers und alternativen Theorien zu Mensch und Umwelt, auf alternative Anschauungen und esoterische \u00dcberlieferungen oder Aussagen. Sie gelten nur im Sinne der esoterischen Lebensphilosophie und daran angelehnte Alternativheilkunde. Wirkungen im Sinne westlicher Wissenschaft oder Medizin werden hier nicht behauptet.<\/strong><\/em><\/p>","protected":false},"excerpt":{"rendered":"<p>Schutz vor Unf\u00e4llen und negativen Elementarkr\u00e4ften<\/p>","protected":false},"featured_media":1908,"comment_status":"open","ping_status":"closed","template":"","meta":[],"product_brand":[],"product_cat":[31],"product_tag":[66],"class_list":{"0":"post-244","1":"product","2":"type-product","3":"status-publish","4":"has-post-thumbnail","6":"product_cat-exclusive-series","7":"product_tag-66","9":"first","10":"instock","11":"taxable","12":"shipping-taxable","13":"purchasable","14":"product-type-simple"},"_links":{"self":[{"href":"https:\/\/vigo-rio.com\/en\/wp-json\/wp\/v2\/product\/244","targetHints":{"allow":["GET"]}}],"collection":[{"href":"https:\/\/vigo-rio.com\/en\/wp-json\/wp\/v2\/product"}],"about":[{"href":"https:\/\/vigo-rio.com\/en\/wp-json\/wp\/v2\/types\/product"}],"replies":[{"embeddable":true,"href":"https:\/\/vigo-rio.com\/en\/wp-json\/wp\/v2\/comments?post=244"}],"wp:featuredmedia":[{"embeddable":true,"href":"https:\/\/vigo-rio.com\/en\/wp-json\/wp\/v2\/media\/1908"}],"wp:attachment":[{"href":"https:\/\/vigo-rio.com\/en\/wp-json\/wp\/v2\/media?parent=244"}],"wp:term":[{"taxonomy":"product_brand","embeddable":true,"href":"https:\/\/vigo-rio.com\/en\/wp-json\/wp\/v2\/product_brand?post=244"},{"taxonomy":"product_cat","embeddable":true,"href":"https:\/\/vigo-rio.com\/en\/wp-json\/wp\/v2\/product_cat?post=244"},{"taxonomy":"product_tag","embeddable":true,"href":"https:\/\/vigo-rio.com\/en\/wp-json\/wp\/v2\/product_tag?post=244"}],"curies":[{"name":"wp","href":"https:\/\/api.w.org\/{rel}","templated":true}]}}