{"id":243,"date":"2026-01-14T12:48:24","date_gmt":"2026-01-14T12:48:24","guid":{"rendered":"https:\/\/vigo-rio.com\/?post_type=product&#038;p=243"},"modified":"2026-03-25T23:59:35","modified_gmt":"2026-03-25T23:59:35","slug":"fc-amaranth","status":"publish","type":"product","link":"https:\/\/vigo-rio.com\/en\/product\/fc-amaranth\/","title":{"rendered":"FC Amaranth"},"content":{"rendered":"<p><strong>Kolzov-Platte &#8222;Amaranth&#8220;\u00a0&#8211; (f\u00fcr Stoffwechsel-Regulation, gegen chronische M\u00fcdigkeit und \u00dcbers\u00e4uerung)<\/strong><\/p>\n<p><strong>&#8211; neueste Version mit 8-Elementen (8 enthaltenen Energiespeicher-Chips)<\/strong><\/p>\n<p>Diese Kolzov-Platte \u201eAmaranth\u201c ist vor allem der Heil-Information dieser h\u00f6chst ungew\u00f6hnlichen Pflanze gewidmet. Die Pflanze Amaranth von der UNESCO zur Pflanze des 3. Jahrtausends gew\u00e4hlt!<br \/>\nSchon die Mayas und die alten \u00c4gypter sch\u00e4tzten die Pflanze sehr. Amarant hat einen h\u00f6heren Eiwei\u00df- und Mineralstoffgehalt als die meisten weltweit angebauten Getreidesorten. Die Proteine bestehen zu einem hohen Anteil aus essenziellen Aminos\u00e4uren (12-15%), darunter Lysin (gilt als Superpower f\u00fcr das Gehirn) sowie Methionin und Niazin. Sehr hoch ist auch der Gehalt Eisen, Zink, Magnesium und Calcium. Ein relativ hoher Anteil der enthaltenen Kohlenhydrate sind Ballaststoffe. Insgesamt sind die Inhaltsstoffe in einem f\u00fcr den Menschen g\u00fcnstigen Verh\u00e4ltnis kombiniert. Daher stellt Amaranth nach dem Fasten oder nach zehrenden Erkrankungen die K\u00f6rperenergie innerhalb von wenigen Tagen wieder her.<br \/>\nAlle Amaranthprodukte k\u00f6nnen in ihrer Wirkung zu mehr als 100% gesteigert werden, wenn man sie auf der Kolzov-Platte Amaranth aktiviert. Die Kolzov-Platte Amaranth enth\u00e4lt unter anderem Informationen, die die Heilung des Knochen- und Knochenhautgewebes f\u00f6rdern, weshalb sie bei Osteoporose eine gute Hilfe sein kann. Sie unterst\u00fctzt zudem antioxydative Prozesse, hat eine verj\u00fcngende Wirkung und aktiviert den Energiefluss im K\u00f6rper. Amaranth wirkt wie ein positiver Katalysator f\u00fcr die Linderung einer Vielzahl von Beschwerden.<\/p>\n<p><em>Die Aussagen beziehen sich auf alternative Testmethoden wie Meridianenergie-Messungen der Organfunktionskreisl\u00e4ufe nach TCM, Kirlian-Fotografie (EPG\/GDV-Kamera), Oberon, Amsat o.\u00e4. durch den Hersteller &#8222;Planet der Regionen&#8220; und stellen keine medizinische oder auf den physischen K\u00f6rper und dessen Organe bezogenen Aussage im Sinne der westlichen Schulmedizin dar.<\/em><\/p>\n<p><strong>Die Platte ist in diesem Sinne vor allem geeignet f\u00fcr:<\/strong><\/p>\n<ul>\n<li>chronischer M\u00fcdigkeit und Ersch\u00f6pfung,<\/li>\n<li>Nervosit\u00e4t und Schlafst\u00f6rungen, Neurosen,<\/li>\n<li>Kopfschmerzen und Migr\u00e4ne,<\/li>\n<li>Darmtr\u00e4gheit, \u00fcbers\u00e4uertem Magen und saurem Aufsto\u00dfen,<\/li>\n<li>Abwehrschw\u00e4che, geschw\u00e4chten Atemwegen und vorzeitigem Altern,<\/li>\n<li>bei: Hautkrankheiten und Entz\u00fcndung der Mundschleimhaut,<\/li>\n<li>Nierenkrankheit, H\u00e4morrhoiden, Magengeschw\u00fcren,<\/li>\n<li>Arteriosklerose, Diabetes, zu hohem Cholesterin-Spiegel,<\/li>\n<li>Fettleibigkeit und Avitaminose (etwa nach der Operationen),<\/li>\n<li>Osteoporose und Knochenbr\u00fcchen,<\/li>\n<li>Verbrennungen und Folgesch\u00e4den bei erh\u00f6hter Strahlenbelastung.<\/li>\n<\/ul>\n<p>ZUR BEACHTUNG: Die Aktivierungszeit von Wasser auf der Platte betr\u00e4gt mindestens 15 Sekunden.<\/p>\n<p><em><u>Ergebnis im LIFE-TEST:<\/u>\u00a0Die Platte &#8222;Amaranth&#8220; hat eine Energiest\u00e4rke von enormen 40000 Bovis. Damit erh\u00f6ht sie das Energieniveau vor allem des Stirn- und Hals-Chakras, welche man als energetische Pendants zu Steuerungszentralen des Stoffwechsels sehen kann. Au\u00dferdem steigt das Solarplexus-Chakras auf 28 000 Bovis, das Kronen-Chakra auf 21 000 Bovis und die anderen Chakras verdoppeln noch ihre Energie auf 14 000 Bovis.<\/em><\/p>\n<p><em><strong>Wichtiger Hinweis:<br \/>\nWir weisen ausdr\u00fccklich darauf hin, dass die Kolzov-Platte (russische Bezeichnung: &#8222;Korrektoren des funktionalen Zustands&#8220;) ein alternatives Energie- und Informationsprodukt ist und kein Heilmittel im Sinne der westlichen Schulmedizin. Vielmehr ist es ein rein energetisches Hilfsmittel zur ganzheitlichen Balancierung von energetischen Disharmonien und Blockaden. Informationen \u00fcber Qualit\u00e4t und Eigenschaften des Energieobjekts beziehen sich auf Aussagen des russischen Herstellers und alternativen Theorien zu Mensch und Umwelt, auf alternative Anschauungen und esoterische \u00dcberlieferungen oder Aussagen. Sie gelten nur im Sinne der esoterischen Lebensphilosophie und daran angelehnte Alternativheilkunde. Wirkungen im Sinne westlicher Wissenschaft oder Medizin werden hier nicht behauptet.<\/strong><\/em><\/p>","protected":false},"excerpt":{"rendered":"<p>Universeller Katalysator f\u00fcr einen gesunden Stoffwechsel.<\/p>","protected":false},"featured_media":1907,"comment_status":"open","ping_status":"closed","template":"","meta":[],"product_brand":[],"product_cat":[31],"product_tag":[],"class_list":{"0":"post-243","1":"product","2":"type-product","3":"status-publish","4":"has-post-thumbnail","6":"product_cat-exclusive-series","8":"first","9":"instock","10":"sale","11":"taxable","12":"shipping-taxable","13":"purchasable","14":"product-type-variable"},"_links":{"self":[{"href":"https:\/\/vigo-rio.com\/en\/wp-json\/wp\/v2\/product\/243","targetHints":{"allow":["GET"]}}],"collection":[{"href":"https:\/\/vigo-rio.com\/en\/wp-json\/wp\/v2\/product"}],"about":[{"href":"https:\/\/vigo-rio.com\/en\/wp-json\/wp\/v2\/types\/product"}],"replies":[{"embeddable":true,"href":"https:\/\/vigo-rio.com\/en\/wp-json\/wp\/v2\/comments?post=243"}],"wp:featuredmedia":[{"embeddable":true,"href":"https:\/\/vigo-rio.com\/en\/wp-json\/wp\/v2\/media\/1907"}],"wp:attachment":[{"href":"https:\/\/vigo-rio.com\/en\/wp-json\/wp\/v2\/media?parent=243"}],"wp:term":[{"taxonomy":"product_brand","embeddable":true,"href":"https:\/\/vigo-rio.com\/en\/wp-json\/wp\/v2\/product_brand?post=243"},{"taxonomy":"product_cat","embeddable":true,"href":"https:\/\/vigo-rio.com\/en\/wp-json\/wp\/v2\/product_cat?post=243"},{"taxonomy":"product_tag","embeddable":true,"href":"https:\/\/vigo-rio.com\/en\/wp-json\/wp\/v2\/product_tag?post=243"}],"curies":[{"name":"wp","href":"https:\/\/api.w.org\/{rel}","templated":true}]}}