{"id":242,"date":"2026-01-14T12:47:45","date_gmt":"2026-01-14T12:47:45","guid":{"rendered":"https:\/\/vigo-rio.com\/?post_type=product&#038;p=242"},"modified":"2026-04-15T12:30:44","modified_gmt":"2026-04-15T12:30:44","slug":"fc-clear-view","status":"publish","type":"product","link":"https:\/\/vigo-rio.com\/en\/product\/fc-clear-view\/","title":{"rendered":"FC Klarer Blick\/ Clear View"},"content":{"rendered":"<p><strong>Kolzov-Platte: &#8222;Klarer Blick&#8220; (&#8222;Gesunde Augen&#8220;)\u00a0&#8211; f\u00fcr: Regeneration von Augen und Gehirn)<br \/>\n&#8211; neueste Version mit 8-Elementen (8 enthaltenen Energiespeicher-Chips)<\/strong><\/p>\n<p>Diese Platte wurde entwickelt, um die Sehkraft zu f\u00f6rdern. Sie unterst\u00fctzt die Regeneration bei verschiedenen Erkrankungen des Auges. Die Regeneration aller Zellen im Gehirn, insbesondere alle Bestandteile des Auges, wird gef\u00f6rdert. Die Kopfdr\u00fcsen werden aktiviert und die Kreisl\u00e4ufe im Gehirn harmonisiert. Der Einsatz dieser Platte hilft auch, die psycho-emotionalen \u201eSchleier\u201c vor unseren Augen zu beseitigen.<br \/>\nBasis der darauf befindlichen Informationen ist die Energie des Kraftortes des buddhistischen Tempels \u201eAlkhanai\u201c in den Ausl\u00e4ufern des \u00f6stlichen Sayan-Gebirges \u2013 insbesondere im Fr\u00fchjahr. Auch in diesem Fr\u00fchjahr hat dieser Ort wieder viele Menschen mit verschiedenen Erkrankungen des Auges angezogen. Um den Schutz dieser einzigartigen Informationen zu gew\u00e4hrleisten, ist der Kanal &#8222;Goldene Pyramide&#8220; und die Polarisation der \u201eHarmonisierung der Dolmen\u201c in den Ausl\u00e4ufern des Nordkaukasus, nahe des Dorfes Pshada, in der N\u00e4he der ber\u00fchmten Stadt Gelendzhik, hinzugef\u00fcgt worden. Au\u00dferdem enth\u00e4lt die Platte die Heilinformationen aus dem Quellwasser des Baches \u201eDas Auge\u201c, der im Alanhayskom Reservat liegt. Alanhay, ein alter Vulkan in den Ausl\u00e4ufern des Sayan Gebirges, an dessen Fu\u00df eine alte bekannte Wasser-Heilst\u00e4tte liegt.<\/p>\n<p><em>Die Aussagen beziehen sich auf alternative Testmethoden wie Meridianenergie-Messungen der Organfunktionskreisl\u00e4ufe nach TCM, Kirlian-Fotografie (EPG\/GDV-Kamera), Oberon, Amsat o.\u00e4. durch den Hersteller &#8222;Planet der Regionen&#8220; und stellen keine medizinische oder auf den physischen K\u00f6rper und dessen Organe bezogenen Aussage im Sinne der westlichen Schulmedizin dar.<\/em><\/p>\n<p><strong>Die Platte ist in diesem Sinne vor allem geeignet f\u00fcr:<\/strong><\/p>\n<p>Die russische Spezialisten in Anwendung der Kolzov-Platten Frau Natalia Vadimovna teilte in einer Internet-Konferenz mit, dass diese Kolzov-Platte mit gutem Erfolg bei Glaukom, Katarakt, St\u00f6rungen der Akkomodation (weitsichtig, kurzsichtig, div. Schielen, Brechungsfehler wie Kurzsichtigkeit, Weitsichtigkeit, Astigmatismus\/Hornhautverkr\u00fcmmung u.\u00e4.) angewendet werden kann.<\/p>\n<p>ZUR BEACHTUNG: Die Aktivierungszeit von Wasser auf der Platte betr\u00e4gt mindestens 15 Sekunden.<\/p>\n<p><em><u>Ergebnis im LIFE-TEST:<\/u>\u00a0Die Kolzov-Platte &#8222;Klarer Blick&#8220; hat ein neutrales Energiefeld mit 40 000 Bovis. Damit aktiviert sie Stirn-, Hals und und Blase-Sexual-Chakra auf 40 000 Bovis. Kronen- und Solarplexus-Chakra steigen auf 35 000 Bovis. Das Herz-Chakra verdreifacht seine Energie auf 21 000 Bovis und das Basis-Chakra steigt auf 14 000 Bovis. Durch die Aufladung der Chakras w\u00e4chst der bioenergetische Reaktionsabstand von zirka 75 Zentimetern um den K\u00f6rper auf betr\u00e4chtliche 2,00 Meter.<\/em><\/p>\n<p><em><strong>Wichtiger Hinweis:<br \/>\nWir weisen ausdr\u00fccklich darauf hin, dass die Kolzov-Platte (russische Bezeichnung: &#8222;Korrektoren des funktionalen Zustands&#8220;) ein alternatives Energie- und Informationsprodukt ist und kein Heilmittel im Sinne der westlichen Schulmedizin. Vielmehr ist es ein rein energetisches Hilfsmittel zur ganzheitlichen Balancierung von energetischen Disharmonien und Blockaden. Informationen \u00fcber Qualit\u00e4t und Eigenschaften des Energieobjekts beziehen sich auf Aussagen des russischen Herstellers und alternativen Theorien zu Mensch und Umwelt, auf alternative Anschauungen und esoterische \u00dcberlieferungen oder Aussagen. Sie gelten nur im Sinne der esoterischen Lebensphilosophie und daran angelehnte Alternativheilkunde. Wirkungen im Sinne westlicher Wissenschaft oder Medizin werden hier nicht behauptet.<\/strong><\/em><\/p>","protected":false},"excerpt":{"rendered":"<p>F\u00f6rdert die k\u00f6rpereigenen Prozesse zur St\u00e4rkung der Sehkraft und der Augengesundheit.<\/p>","protected":false},"featured_media":1710,"comment_status":"open","ping_status":"closed","template":"","meta":[],"product_brand":[],"product_cat":[30],"product_tag":[63],"class_list":{"0":"post-242","1":"product","2":"type-product","3":"status-publish","4":"has-post-thumbnail","6":"product_cat-green-series","7":"product_tag-63","9":"first","10":"instock","11":"taxable","12":"shipping-taxable","13":"purchasable","14":"product-type-simple"},"_links":{"self":[{"href":"https:\/\/vigo-rio.com\/en\/wp-json\/wp\/v2\/product\/242","targetHints":{"allow":["GET"]}}],"collection":[{"href":"https:\/\/vigo-rio.com\/en\/wp-json\/wp\/v2\/product"}],"about":[{"href":"https:\/\/vigo-rio.com\/en\/wp-json\/wp\/v2\/types\/product"}],"replies":[{"embeddable":true,"href":"https:\/\/vigo-rio.com\/en\/wp-json\/wp\/v2\/comments?post=242"}],"wp:featuredmedia":[{"embeddable":true,"href":"https:\/\/vigo-rio.com\/en\/wp-json\/wp\/v2\/media\/1710"}],"wp:attachment":[{"href":"https:\/\/vigo-rio.com\/en\/wp-json\/wp\/v2\/media?parent=242"}],"wp:term":[{"taxonomy":"product_brand","embeddable":true,"href":"https:\/\/vigo-rio.com\/en\/wp-json\/wp\/v2\/product_brand?post=242"},{"taxonomy":"product_cat","embeddable":true,"href":"https:\/\/vigo-rio.com\/en\/wp-json\/wp\/v2\/product_cat?post=242"},{"taxonomy":"product_tag","embeddable":true,"href":"https:\/\/vigo-rio.com\/en\/wp-json\/wp\/v2\/product_tag?post=242"}],"curies":[{"name":"wp","href":"https:\/\/api.w.org\/{rel}","templated":true}]}}