{"id":241,"date":"2026-01-14T12:47:33","date_gmt":"2026-01-14T12:47:33","guid":{"rendered":"https:\/\/vigo-rio.com\/?post_type=product&#038;p=241"},"modified":"2026-02-04T20:15:39","modified_gmt":"2026-02-04T20:15:39","slug":"fc-success","status":"publish","type":"product","link":"https:\/\/vigo-rio.com\/en\/product\/fc-success\/","title":{"rendered":"FC Erfolg\/ Success"},"content":{"rendered":"<p><strong>Kolzov-Platte: &#8222;Erfolg&#8220; (&#8222;innerer und \u00e4u\u00dferer Reichtum&#8220;) &#8211; f\u00fcr das Finden des Lebensziels und das Leben in F\u00fclle, die F\u00fclle im Innen und Au\u00dfen zulassen und sch\u00fctzen)<\/strong><\/p>\n<p><strong>&#8211; neueste Version mit 8-Elementen (8 enthaltenen Energiespeicher-Chips)<\/strong><\/p>\n<p>Diese Platte hilft bei der Arbeit am eigenen Wertedenken und um &#8222;die F\u00fclle&#8220; im Innen und Au\u00dfen zuzulassen und zu sch\u00fctzen. Der einzige Weg, um negative innere Pr\u00e4gungen, Muster und das Ego zu regulieren, ist das Finden der eigenen Werte und des eigenen Lebenszieles und -sinns. Tr\u00e4gt man inneren Reichtum und Harmonie in sich, so wird sich das auch auf der \u00e4u\u00dferen Ebene manifestieren, weil alles im Universum auf Resonanz aufgebaut ist. Ein Leben voller F\u00fclle ohne Anstrengung ist das Resultat eines neu definierten Wertedenkens, welches das eigene Wohl und das Wohl der anderen gleicherma\u00dfen ber\u00fccksichtigt. Das Wertedenken ist das \u00e4lteste Denken, das wir haben, da es aus der unbewussten Kleinkindheit hervorgeht, wenn das Kind sich den Eltern anzupassen versucht. Dabei etabliert sich ein Wertedenken, das unser ganzes Leben pr\u00e4gt. Dieses Wertedenken ist auch der bewegende Moment des Egos, welches man als ein System verstehen muss, in das Information (Werte) und Energie (Wille) gegeben werden. Der einzige Weg, um das Ego aus dem Korsett der einschr\u00e4nkenden Wertvorstellungen zu l\u00f6sen, ist die Findung der eigenen Werte. Tr\u00e4gt man inneren Reichtum und Harmonie in sich, so wird sich das auch auf der \u00e4u\u00dferen Ebene manifestieren, weil alles im Universum auf Resonanz aufgebaut ist &#8211; \u00c4hnliches zieht \u00c4hnliches an.<br \/>\nAuch die Selbstachtung unterliegt einer manipulierten Konditionierung, wodurch es sehr schwer wird, sich in dem vorhandenen Ordnungs- und Informationsfeld zu befreien. Mit der Platte \u201eF\u00fcller und Erfolg\u201c bekommt man Anschluss an eine h\u00f6here Ebene der Ordnung und der Information, so dass die eigene Selbstachtung nicht mehr so stark vom vorhandenen Umfeld abh\u00e4ngt. Die Felder der Platte erzeugen zudem einen Warneffekt: wenn Gefahr f\u00fcr die pers\u00f6nliche \u201eF\u00fclle und Erfolg\u201c droht, dann vibrieren ihre Energien. Der Nutzer muss nur die F\u00e4higkeit aufbauen, die ver\u00e4nderten Impulse wahrzunehmen &#8211; und dann geht auf einmal alles wie von selbst. Als positiver Nebeneffekt l\u00f6sen sich dabei alle Strukturen von Existenzstress und Existenzangst auf.<\/p>\n<p>ZUR BEACHTUNG: Die Aktivierungszeit von Wasser auf der Platte betr\u00e4gt mindestens 15 Sekunden.<\/p>\n<p><em><u>Ergebnis im LIFE-TEST:\u00a0<\/u>Die Kolzov-Platte &#8222;F\u00fclle und Erfolg&#8220; hat ein neutrales Energiefeld mit 40 000 Bovis. Damit aktiviert sie Stirn-, Hals und Herz-Chakra auf 40 000 Bovis. Das Kronen-Chakra steigt auf 35 000 Bovis. Solarplexus- und Blase-Sexual-Chakra vervierfachen sich in ihrer Energie auf 28 000 Bovis. Und das Basis-Chakra steigt auf 21 000 Bovis. Durch die Aufladung der Chakras w\u00e4chst der bioenergetische Reaktionsabstand von zirka 75 Zentimetern um den K\u00f6rper auf betr\u00e4chtliche 2,10 Meter.<\/em><\/p>\n<p><em><strong>Wichtiger Hinweis:<br \/>\nWir weisen ausdr\u00fccklich darauf hin, dass die Kolzov-Platte (russische Bezeichnung: &#8222;Korrektoren des funktionalen Zustands&#8220;) ein alternatives Energie- und Informationsprodukt ist und kein Heilmittel im Sinne der westlichen Schulmedizin. Vielmehr ist es ein rein energetisches Hilfsmittel zur ganzheitlichen Balancierung von energetischen Disharmonien und Blockaden. Informationen \u00fcber Qualit\u00e4t und Eigenschaften des Energieobjekts beziehen sich auf Aussagen des russischen Herstellers und alternativen Theorien zu Mensch und Umwelt, auf alternative Anschauungen und esoterische \u00dcberlieferungen oder Aussagen. Sie gelten nur im Sinne der esoterischen Lebensphilosophie und daran angelehnte Alternativheilkunde. Wirkungen im Sinne westlicher Wissenschaft oder Medizin werden hier nicht behauptet.<\/strong><\/em><\/p>","protected":false},"excerpt":{"rendered":"<p>F\u00f6rdert die Ausgewogenheit zwischen der materiellen und der spirituellen Entwicklung eines Menschen<\/p>","protected":false},"featured_media":1709,"comment_status":"open","ping_status":"closed","template":"","meta":[],"product_brand":[],"product_cat":[30],"product_tag":[],"class_list":{"0":"post-241","1":"product","2":"type-product","3":"status-publish","4":"has-post-thumbnail","6":"product_cat-green-series","8":"first","9":"instock","10":"sale","11":"taxable","12":"shipping-taxable","13":"purchasable","14":"product-type-variable"},"_links":{"self":[{"href":"https:\/\/vigo-rio.com\/en\/wp-json\/wp\/v2\/product\/241","targetHints":{"allow":["GET"]}}],"collection":[{"href":"https:\/\/vigo-rio.com\/en\/wp-json\/wp\/v2\/product"}],"about":[{"href":"https:\/\/vigo-rio.com\/en\/wp-json\/wp\/v2\/types\/product"}],"replies":[{"embeddable":true,"href":"https:\/\/vigo-rio.com\/en\/wp-json\/wp\/v2\/comments?post=241"}],"wp:featuredmedia":[{"embeddable":true,"href":"https:\/\/vigo-rio.com\/en\/wp-json\/wp\/v2\/media\/1709"}],"wp:attachment":[{"href":"https:\/\/vigo-rio.com\/en\/wp-json\/wp\/v2\/media?parent=241"}],"wp:term":[{"taxonomy":"product_brand","embeddable":true,"href":"https:\/\/vigo-rio.com\/en\/wp-json\/wp\/v2\/product_brand?post=241"},{"taxonomy":"product_cat","embeddable":true,"href":"https:\/\/vigo-rio.com\/en\/wp-json\/wp\/v2\/product_cat?post=241"},{"taxonomy":"product_tag","embeddable":true,"href":"https:\/\/vigo-rio.com\/en\/wp-json\/wp\/v2\/product_tag?post=241"}],"curies":[{"name":"wp","href":"https:\/\/api.w.org\/{rel}","templated":true}]}}