{"id":239,"date":"2026-01-14T12:46:56","date_gmt":"2026-01-14T12:46:56","guid":{"rendered":"https:\/\/vigo-rio.com\/?post_type=product&#038;p=239"},"modified":"2026-02-04T20:16:26","modified_gmt":"2026-02-04T20:16:26","slug":"fc-womens-amulet","status":"publish","type":"product","link":"https:\/\/vigo-rio.com\/en\/product\/fc-womens-amulet\/","title":{"rendered":"FC Frauenamulett\/  Womens Amulet"},"content":{"rendered":"<p><strong>Kolzov-Platte: &#8222;Frauenamulett&#8220; &#8211; (f\u00fcr die ideale Partnerschaft, Schutz und Yin-Yang-Ausgleich)<br \/>\n&#8211; neueste Version mit 8-Elementen (8 enthaltenen Energiespeicher-Chips)<\/strong><\/p>\n<p>Die Ordnungsplatten \u201eFrau\u201c und \u201eMann\u201c regulieren die Elemente-Energien Yin (Wasser und Erde) und Yang (Feuer und Luft) und \u00f6ffnen Wege, dass die elementaren Energien kultiviert und kraftvoll ausgesendet werden. So kann ein geeigneter \u201eResonanz\u201c-Partner gefunden oder bei bestehender Partnerschaft diese harmonisiert und gef\u00f6rdert werden. Die resonanten Einheitsschwingungen von Mann und Frau werden unterst\u00fctzt und das jeweilige pers\u00f6nliche Potenzial gest\u00e4rkt &#8211; was sich wiederum als Segen f\u00fcr die Partnerschaft erweist. Um die Ordnungsfelder dieser Platte zu verstehen, muss man Mann und Frau als einen energetischen Ordnungszustand betrachten.<\/p>\n<p>Die Frau (Yin) ist in erster Linie Wasser und Erdenergie, wohingegen der Mann (Yang) das Feuer und die Luft darstellt. Jeder der Partner tr\u00e4gt dabei die Einheit aller Elemente stets in sich, erkennt sie jedoch erst in der Vereinigung mit dem dualen Gegensatz, in dem diese offenkundig hervortreten. Alles in einem dualen Universum sucht den Weg zur Einheit! So muss sich jeder nach den Yin und Yang-Energien zusammenfinden, um damit zur bewussten Einheit zu werden. Partnerschaften, in denen die Einheit der Elemente eingetreten ist, erkennt man daran, dass beide Partner als geschlossene Einheit wirken. In einer solchen Beziehung entsteht eine ungeheure sch\u00f6pferische, emotionale und spirituelle Kraft.<\/p>\n<p>ZUR BEACHTUNG: Die Aktivierungszeit von Wasser auf der Platte betr\u00e4gt mindestens 15 Sekunden.<\/p>\n<p><em><u>Ergebnis im LIFE-TEST:\u00a0<\/u>Die Kolzov-Platte &#8222;Ordnungsplatte Frau&#8220; hat ein neutrales Energiefeld mit 40 000 Bovis. Damit aktiviert sie gleich 5 Chakra auf 40 000 Bovis und die andern beiden Chakras auf ebenfalls sehr hohe 35 00 Bovis &#8211; insgesamt eine sehr kraftvolle Platte: Kronen-, Hals-, Herz-, Blase-Sexual-Chakra und Wurzel-Chakra steigen auf 40 000 Bovis, Stirn- und Solarplexus-Chakra auf 35 000 Bovis. Durch die Aufladung der Chakras w\u00e4chst der bioenergetische Reaktionsabstand von zirka 75 Zentimetern um den K\u00f6rper auf betr\u00e4chtliche 2,70 Meter.<\/em><\/p>\n<p><em><strong>Wichtiger Hinweis:<br \/>\nWir weisen ausdr\u00fccklich darauf hin, dass die Kolzov-Platte (russische Bezeichnung: &#8222;Korrektoren des funktionalen Zustands&#8220;) ein alternatives Energie- und Informationsprodukt ist und kein Heilmittel im Sinne der westlichen Schulmedizin. Vielmehr ist es ein rein energetisches Hilfsmittel zur ganzheitlichen Balancierung von energetischen Disharmonien und Blockaden. Informationen \u00fcber Qualit\u00e4t und Eigenschaften des Energieobjekts beziehen sich auf Aussagen des russischen Herstellers und alternativen Theorien zu Mensch und Umwelt, auf alternative Anschauungen und esoterische \u00dcberlieferungen oder Aussagen. Sie gelten nur im Sinne der esoterischen Lebensphilosophie und daran angelehnte Alternativheilkunde. Wirkungen im Sinne westlicher Wissenschaft oder Medizin werden hier nicht behauptet.<\/strong><\/em><\/p>","protected":false},"excerpt":{"rendered":"<p>Entwickelt, um verschiedene energetische und informative Angriffe auf Frauen auszugleichen<\/p>","protected":false},"featured_media":1707,"comment_status":"open","ping_status":"closed","template":"","meta":[],"product_brand":[],"product_cat":[30],"product_tag":[],"class_list":{"0":"post-239","1":"product","2":"type-product","3":"status-publish","4":"has-post-thumbnail","6":"product_cat-green-series","8":"first","9":"instock","10":"sale","11":"taxable","12":"shipping-taxable","13":"purchasable","14":"product-type-variable"},"_links":{"self":[{"href":"https:\/\/vigo-rio.com\/en\/wp-json\/wp\/v2\/product\/239","targetHints":{"allow":["GET"]}}],"collection":[{"href":"https:\/\/vigo-rio.com\/en\/wp-json\/wp\/v2\/product"}],"about":[{"href":"https:\/\/vigo-rio.com\/en\/wp-json\/wp\/v2\/types\/product"}],"replies":[{"embeddable":true,"href":"https:\/\/vigo-rio.com\/en\/wp-json\/wp\/v2\/comments?post=239"}],"wp:featuredmedia":[{"embeddable":true,"href":"https:\/\/vigo-rio.com\/en\/wp-json\/wp\/v2\/media\/1707"}],"wp:attachment":[{"href":"https:\/\/vigo-rio.com\/en\/wp-json\/wp\/v2\/media?parent=239"}],"wp:term":[{"taxonomy":"product_brand","embeddable":true,"href":"https:\/\/vigo-rio.com\/en\/wp-json\/wp\/v2\/product_brand?post=239"},{"taxonomy":"product_cat","embeddable":true,"href":"https:\/\/vigo-rio.com\/en\/wp-json\/wp\/v2\/product_cat?post=239"},{"taxonomy":"product_tag","embeddable":true,"href":"https:\/\/vigo-rio.com\/en\/wp-json\/wp\/v2\/product_tag?post=239"}],"curies":[{"name":"wp","href":"https:\/\/api.w.org\/{rel}","templated":true}]}}