{"id":2387,"date":"2026-01-21T21:02:36","date_gmt":"2026-01-21T21:02:36","guid":{"rendered":"https:\/\/vigo-rio.com\/?post_type=product&#038;p=2387"},"modified":"2026-02-02T13:55:14","modified_gmt":"2026-02-02T13:55:14","slug":"fc-bracelet-venorm-leg-band","status":"publish","type":"product","link":"https:\/\/vigo-rio.com\/en\/product\/fc-bracelet-venorm-leg-band\/","title":{"rendered":"FC Venorm Beinband  \/ Bracelet Venorm Leg Band"},"content":{"rendered":"<p><strong>Kolzov-Armband \u201eVENORM\u201c\u00a0&#8211; (f\u00fcr gesunde Beine und Durchblutung, gegen Krampfadern und dicke Beine)<\/strong><\/p>\n<p><em>Das Armband hat die Farbe beige und ist in zwei L\u00e4ngen erh\u00e4tlich:<br \/>\n<\/em><\/p>\n<ul>\n<li><em>&#8222;normal&#8220; zum Tragen an der Hand (variable Tragel\u00e4nge von 16,5cm-24,5cm)<\/em><\/li>\n<li><em>&#8222;lang&#8220; zum Tragen um das Bein \u00fcber dem Kn\u00f6chel (variable Tragel\u00e4nge von 24,5cm-33,0cm)<\/em><\/li>\n<\/ul>\n<p>&nbsp;<\/p>\n<p><em>Das Armband tr\u00e4gt innen die eingepr\u00e4gte russische Aufschrift: \u0412\u0415\u041d\u041e\u0420\u041c<\/em><\/p>\n<p>Die Gesundheit der Beine ist wichtig f\u00fcr einen aktiven Lebensstil, um uns mit beschwingtem Gang und sch\u00f6nen Beinen durchs Leben schreiten zu lassen. Leider beeintr\u00e4chtigt der moderne Lebensstil &#8211; gepr\u00e4gt von Bewegungsmangel und h\u00e4ufigen Ersch\u00f6pfungszust\u00e4nden &#8211; unsere Beingesundheit: Schwellungen, Schwere in den Beinen, Krampfadern und die Bildung von Venenknoten k\u00f6nnen entstehen. Das Kolzov-Armband &#8222;Venorm&#8220; zielt darauf ab, die Durchblutung der Beine und F\u00fc\u00dfe zu normalisieren, Schwellungen und Mattigkeit zu lindern. Lymphe, Blut, Energien und das Lebens selbst kommen wieder in Fluss&#8230;<\/p>\n<p>Das Kolzov-Armband &#8222;Venorm&#8220; sollte bevorzugt um das untere Bein getragen werden. Es enth\u00e4lt die Themen der Kolzov-Platten: aus der Serie KOLLEKTION&#8220; die Platten &#8222;Perle Serbiens&#8220;, &#8222;Jiva&#8220; und &#8222;Sieger&#8220; und die Energien der Heil-Quelle &#8222;Nogi&#8220;, die in der Mongolei in der n\u00f6rdlichen Provinz Bulgan-Aimag entspringt.<\/p>\n<p><em>Die Aussagen beziehen sich auf alternative Testmethoden wie Meridianenergie-Messungen der Organfunktionskreisl\u00e4ufe nach TCM, Kirlian-Fotografie (EPG\/GDV-Kamera), Oberon, Amsat o.\u00e4. durch den Hersteller &#8222;Planet der Regionen&#8220; und stellen keine medizinische oder auf den physischen K\u00f6rper und dessen Organe bezogenen Aussage im Sinne der westlichen Schulmedizin dar.<\/em><\/p>\n<p><strong>Das Armband ist in diesem Sinne vor allem geeignet f\u00fcr:<\/strong><\/p>\n<ul>\n<li>tr\u00e4gt im Energetischen zur Korrektur und Vorbeugung von Krampfadern und Erkrankungen der peripheren Blutgef\u00e4\u00dfe bei und verbessert die Durchblutung im peripheren ven\u00f6sen und arteriellen Gef\u00e4\u00dfsystem,<\/li>\n<li>tr\u00e4gt zur Normalisierung des Lymphflusses bei und lindert \u00d6deme,<\/li>\n<li>tr\u00e4gt energetisch zur Vorbeugung von Erkrankungen des kardiovaskul\u00e4ren Systems und des zentralen Nervensystems bei (einschlie\u00dflich Herzinfarkt und Schlaganfall),<\/li>\n<li>beugt im Energetischen einer Thrombenbildung vor (insbesondere bei sitzender T\u00e4tigkeit und bei langen Fl\u00fcgen),<\/li>\n<li>unterst\u00fctzt die Reinigung des Gef\u00e4\u00dfsystems von Arteriosklerose-Plaques,<\/li>\n<li>behebt Zust\u00e4nde von Mattigkeit und Ersch\u00f6pfung und tr\u00e4gt zur raschen Wiederherstellung der k\u00f6rperlichen Kraft, zur Steigerung der Ausdauer und zur Anpassung an k\u00f6rperliche Anstrengung bei,<\/li>\n<li>tr\u00e4gt zur Verj\u00fcngung des Organismus bei und verl\u00e4ngert die Zeit des aktiven Lebens,<\/li>\n<li>hilft, die Abwehrkr\u00e4fte des K\u00f6rpers wieder herzustellen und gew\u00e4hrleistet somit die physiologische Funktion des Immunsystems.<\/li>\n<\/ul>\n<p>ZUR BEACHTUNG: Zur Aktivierung von Wasser legen Sie das Armband um eine Flasche oder ein Glas, die Aktivierungszeit sollte mindestens 2 Stunden betragen.<\/p>\n<p><em><u>Ergebnis im LIFE-TEST:\u00a0<\/u>Das Armband &#8222;Venorm&#8220; hat ein neutrales Energiefeld mit mehr als 40 000 Bovis. Damit aktiviert es &#8211; passend zur Zielrichtung der Venen an den Beinen &#8211; die unteren Chakras, n\u00e4mlich das Wurzel-Chakra und das Blasen-\/Sexual-Chakra auf enorme 40 000 Bovis. Auch das Solarplexus-Chakra und das Hals-Chakra steigen auf sehr hohe 35 000 Bovis. Das Stirn-Chakra vervierfacht seine Energie auf 28 000 Bovis und Herz- und Kronen-Chakra verdreifachen noch ihre Energie auf 21 000 Bovis.<br \/>\nDie starke Aufladung des Vitalit\u00e4tszentrums, des Wurzel-Chakras, tr\u00e4gt vermutlich entscheidend dazu bei, dass sich das gesamte Energiefeld in seiner Ausdehnung verdoppelt: der bioenergetische Reaktionsabstand w\u00e4chst von 75 Zentimetern um den K\u00f6rper auf 1,50 Meter.<\/em><\/p>\n<p><em><br \/>\n<strong>Wichtiger Hinweis:<\/strong><\/em><strong><em><br \/>\nWir weisen ausdr\u00fccklich darauf hin, dass die Kolzov-Platte (russische Bezeichnung: &#8222;Korrektoren des funktionalen Zustands&#8220;) ein alternatives Energie- und Informationsprodukt ist und kein Heilmittel im Sinne der westlichen Schulmedizin. Vielmehr ist es ein rein energetisches Hilfsmittel zur ganzheitlichen Balancierung von energetischen Disharmonien und Blockaden. Informationen \u00fcber Qualit\u00e4t und Eigenschaften des Energieobjekts beziehen sich auf Aussagen des russischen Herstellers und alternativen Theorien zu Mensch und Umwelt, auf alternative Anschauungen und esoterische \u00dcberlieferungen oder Aussagen. Sie gelten nur im Sinne der esoterischen Lebensphilosophie und daran angelehnte Alternativheilkunde. Wirkungen im Sinne westlicher Wissenschaft oder Medizin werden hier nicht behauptet.<\/em><\/strong><\/p>","protected":false},"excerpt":{"rendered":"<p>Kolzov-Armband \u201eVENORM\u201c\u00a0&#8211; (f\u00fcr gesunde Beine und Durchblutung, gegen Krampfadern und dicke Beine) Das Armband hat die Farbe beige und ist in zwei L\u00e4ngen erh\u00e4tlich: &#8222;normal&#8220; zum Tragen an der Hand&#8230;<\/p>","protected":false},"featured_media":1800,"comment_status":"open","ping_status":"closed","template":"","meta":[],"product_brand":[],"product_cat":[35],"product_tag":[210],"class_list":{"0":"post-2387","1":"product","2":"type-product","3":"status-publish","4":"has-post-thumbnail","6":"product_cat-fc-bracelets","7":"product_tag-210","9":"first","10":"instock","11":"taxable","12":"shipping-taxable","13":"purchasable","14":"product-type-simple"},"_links":{"self":[{"href":"https:\/\/vigo-rio.com\/en\/wp-json\/wp\/v2\/product\/2387","targetHints":{"allow":["GET"]}}],"collection":[{"href":"https:\/\/vigo-rio.com\/en\/wp-json\/wp\/v2\/product"}],"about":[{"href":"https:\/\/vigo-rio.com\/en\/wp-json\/wp\/v2\/types\/product"}],"replies":[{"embeddable":true,"href":"https:\/\/vigo-rio.com\/en\/wp-json\/wp\/v2\/comments?post=2387"}],"wp:featuredmedia":[{"embeddable":true,"href":"https:\/\/vigo-rio.com\/en\/wp-json\/wp\/v2\/media\/1800"}],"wp:attachment":[{"href":"https:\/\/vigo-rio.com\/en\/wp-json\/wp\/v2\/media?parent=2387"}],"wp:term":[{"taxonomy":"product_brand","embeddable":true,"href":"https:\/\/vigo-rio.com\/en\/wp-json\/wp\/v2\/product_brand?post=2387"},{"taxonomy":"product_cat","embeddable":true,"href":"https:\/\/vigo-rio.com\/en\/wp-json\/wp\/v2\/product_cat?post=2387"},{"taxonomy":"product_tag","embeddable":true,"href":"https:\/\/vigo-rio.com\/en\/wp-json\/wp\/v2\/product_tag?post=2387"}],"curies":[{"name":"wp","href":"https:\/\/api.w.org\/{rel}","templated":true}]}}