{"id":2385,"date":"2026-01-21T21:01:09","date_gmt":"2026-01-21T21:01:09","guid":{"rendered":"https:\/\/vigo-rio.com\/?post_type=product&#038;p=2385"},"modified":"2026-04-14T08:56:03","modified_gmt":"2026-04-14T08:56:03","slug":"fc-light-power-wristband","status":"publish","type":"product","link":"https:\/\/vigo-rio.com\/en\/product\/fc-light-power-wristband\/","title":{"rendered":"FC Lichtskraft Armband  \/ Light Power Wristband"},"content":{"rendered":"<p><strong>Kolzov-Armband \u201eLICHTKRAFT\u201c\u00a0&#8211; (f\u00fcr umfassenden Aura-Reinigung und -Schutz vor Angriffen)<\/strong><\/p>\n<p><em>Das Armband hat die Farbe beige und ist in zwei L\u00e4ngen erh\u00e4tlich:<br \/>\n<\/em><\/p>\n<ul>\n<li><em>&#8222;normal&#8220; zum Tragen an der Hand (variable Tragel\u00e4nge von 16,5cm-24,5cm)<br \/>\n<\/em><\/li>\n<li><em>&#8222;lang&#8220; zum Tragen um das Bein \u00fcber dem Kn\u00f6chel (variable Tragel\u00e4nge von 24,5cm-33,0cm)<\/em>.<\/li>\n<\/ul>\n<p><em>Das Armband hat die Farbe beige und tr\u00e4gt innen die eingepr\u00e4gte russische Aufschrift: \u0421\u0418\u041b\u0410 \u0421\u0412\u0415\u0422\u0410<\/em><\/p>\n<p>Das Armband &#8222;Lichtkraft&#8220; ist Ihr Besch\u00fctzer vor Angriffen und negativen Gedanken! Mit diesem Band lernen Sie, auf Ihre W\u00fcnsche, Gedanken, Handlungen zu vertrauen und k\u00f6nnen ungehindert die pers\u00f6nliche Verantwortung f\u00fcr Ihr Leben \u00fcbernehmen! Das Kolzov-Armband &#8222;Lichtkraft&#8220; zielt darauf ab, einen starken energetischen Schutz des pers\u00f6nlichen &#8222;Biofeldes&#8220; aufzubauen.<\/p>\n<p>Unter &#8222;Biofeld&#8220; versteht man die Gesamtheit dessen, was der Mensch ins Universum ausstrahlt: nicht nur seine W\u00e4rme, Energieabstrahlung und die feinstoffliche Aura, sondern auch seine Emotionen, Gef\u00fchle, sein Charakter und seine Lebensweise. So ist das Biofeld eine Kombination verschiedener elektromagnetischer Strahlungen und einer Vielzahl anderer Energien und Felder, die man als Skalarwellen, Transversalwellen, Neutrinofelder, Torsionsfelder oder mentale Energien bezeichnet und f\u00fcr die es aber noch keine standardisierten physikalischen Messger\u00e4te gibt. Durch negative Umwelteinfl\u00fcsse, zerst\u00f6rerische Gedanken und andere negative Einwirkungen kann das Biofeld in den unterschiedlichsten Bereichen oder Ebenen besch\u00e4digt werden &#8211; seine Struktur und seine innere Kommunikation werden zerst\u00f6rt und es ger\u00e4t aus dem Gleichgewicht. Das kann dem Menschen k\u00f6rperlich, geistig oder seelisch-emotional Schaden zuf\u00fcgen und gesundheitliche Probleme oder Misserfolge in allen Lebensbereichen verursachen. Mit dem Kolzov-Armband &#8222;Lichtkraft&#8220; sch\u00fctzen Sie sich vor Negativem &#8211; es ist in einem gro\u00dfen Wellenspektrum ein zuverl\u00e4ssiger Schutz vor unbefugten Eingriffen in das Energiefeld und Bewusstseinsfeld des Menschen. Dadurch haben Sie die M\u00f6glichkeit, Ihre Entscheidungen frei zu treffen und Ihren Lebensplan umzusetzen.<br \/>\nDas Kolzov-Armband &#8222;Lichtkraft&#8220; enth\u00e4lt die Themen der Kolzov-Platten: aus der Serie &#8222;GOLD&#8220; die Platten Nr.20 &#8222;Reinigung\/Astral-Reinigung&#8220; (Anti-Astralangriffe), Nr.23 &#8222;Befreiung&#8220; (Anti-Energievampire), Nr.24 \u201eAufkl\u00e4rung\u201c (Anti-Fremdwille) und die Kollektions-Platte &#8222;Barbara-Quelle&#8220;.<\/p>\n<p><em>Die Aussagen beziehen sich auf alternative Testmethoden wie Meridianenergie-Messungen der Organfunktionskreisl\u00e4ufe nach TCM, Kirlian-Fotografie (EPG\/GDV-Kamera), Oberon, Amsat o.\u00e4. durch den Hersteller &#8222;Planet der Regionen&#8220; und stellen keine medizinische oder auf den physischen K\u00f6rper und dessen Organe bezogenen Aussage im Sinne der westlichen Schulmedizin dar.<\/em><\/p>\n<p><strong>Das Armband ist in diesem Sinne vor allem geeignet f\u00fcr:<\/strong><\/p>\n<ul>\n<li>tr\u00e4gt dazu bei, unbefugte energetisch-informelle \u00dcbergriffe auszugleichen, indem eine sch\u00fctzende energetische H\u00fclle um das Biofeld gebildet wird,<\/li>\n<li>erkennt und l\u00f6scht negative energetisch-informationeller Einfl\u00fcsse, die auf verschiedenen Ebenen einwirken k\u00f6nnen,<\/li>\n<li>spiegelt negative Angriffe an die urspr\u00fcngliche Quelle zur\u00fcck,<\/li>\n<li>unterbindet negative Einfl\u00fcsse verschiedenster Art, die darauf ausgerichtet sind, die Lebensenergie zu entziehen (zielgerichteter Einfluss von Personen und Gegenst\u00e4nde; selbstzerst\u00f6rerische Handlungen und Gedanken),<\/li>\n<li>zerst\u00f6rt negative energetische Anhaftungen und &#8222;Anker&#8220; jeglicher Herkunft,<\/li>\n<li>Verf\u00fcgt \u00fcber eine allgemeine entz\u00fcndungshemmende und antibakterielle Wirkung, f\u00f6rdert die Vorbeugung und Korrektur von verschiedenen Erkrankungen der Organe und Organsysteme<\/li>\n<li>Hilft, die Abwehrkr\u00e4fte und die Immunit\u00e4t des K\u00f6rper zu st\u00e4rken und zu erhalten, unterst\u00fctzt eine schnellere Genesung nach Erkrankungen oder chirurgischen Eingriffen,<\/li>\n<li>f\u00f6rdert Verj\u00fcngungsprozesse und hilft, das biologische Alter zu senken.<\/li>\n<\/ul>\n<p>ZUR BEACHTUNG: Zur Aktivierung von Wasser legen Sie das Armband um eine Flasche oder ein Glas, die Aktivierungszeit sollte mindestens 2 Stunden betragen.<\/p>\n<p><em><u>Ergebnis im LIFE-TEST:\u00a0<\/u>Das Armband &#8222;Lichtkraft&#8220; hat ein neutrales Energiefeld mit mehr als 40 000 Bovis. Damit aktiviert es insbesondere das Kronen-Chakra, das Stirn-Chakra und das Herz-Chakra auf 40 000 Bovis sowie das Hals-Chakra auf ebenfalls sehr hohe 35 000 Bovis. Das Solarplexus-Chakra steigt auf 28 000 Bovis, das Blasen-\/Sexual-Chakra auf 14 000 Bovis und das Wurzel-Chakra auf den Normalwert von 7000 Bovis.<br \/>\nIn der Energiest\u00e4rke, den gemessenen Boviswerten, ist das Armband &#8222;Lichtkraft&#8220; dem Armband &#8222;Intelligenz-Aktivator&#8220; sehr \u00e4hnlich und weicht nur in einem Chakra-Wert davon ab &#8211; aber nat\u00fcrlich nicht in der Information, also der Energie-Qualit\u00e4t. Die Schutzwirkung des Armbandes &#8222;Lichtkraft&#8220; zeigt sich hier in einer starken Kr\u00e4ftigung und Ausdehnung das gesamte Energiefeldes: der bioenergetische Reaktionsabstand dehnt sich auch bei einem gesunden Menschen von 75 Zentimetern um den K\u00f6rper auf enorme 3,0 Meter aus!<\/em><\/p>\n<p><em><strong>Wichtiger Hinweis:<br \/>\nWir weisen ausdr\u00fccklich darauf hin, dass die Kolzov-Platte (russische Bezeichnung: &#8222;Korrektoren des funktionalen Zustands&#8220;) ein alternatives Energie- und Informationsprodukt ist und kein Heilmittel im Sinne der westlichen Schulmedizin. Vielmehr ist es ein rein energetisches Hilfsmittel zur ganzheitlichen Balancierung von energetischen Disharmonien und Blockaden. Informationen \u00fcber Qualit\u00e4t und Eigenschaften des Energieobjekts beziehen sich auf Aussagen des russischen Herstellers und alternativen Theorien zu Mensch und Umwelt, auf alternative Anschauungen und esoterische \u00dcberlieferungen oder Aussagen. Sie gelten nur im Sinne der esoterischen Lebensphilosophie und daran angelehnte Alternativheilkunde. Wirkungen im Sinne westlicher Wissenschaft oder Medizin werden hier nicht behauptet.<\/strong><\/em><\/p>","protected":false},"excerpt":{"rendered":"<p>Kolzov-Armband \u201eLICHTKRAFT\u201c\u00a0&#8211; (f\u00fcr umfassenden Aura-Reinigung und -Schutz vor Angriffen) Das Armband hat die Farbe beige und ist in zwei L\u00e4ngen erh\u00e4tlich: &#8222;normal&#8220; zum Tragen an der Hand (variable Tragel\u00e4nge von&#8230;<\/p>","protected":false},"featured_media":2371,"comment_status":"open","ping_status":"closed","template":"","meta":[],"product_brand":[],"product_cat":[35],"product_tag":[212],"class_list":{"0":"post-2385","1":"product","2":"type-product","3":"status-publish","4":"has-post-thumbnail","6":"product_cat-fc-bracelets","7":"product_tag-212","9":"first","10":"instock","11":"taxable","12":"shipping-taxable","13":"purchasable","14":"product-type-simple"},"_links":{"self":[{"href":"https:\/\/vigo-rio.com\/en\/wp-json\/wp\/v2\/product\/2385","targetHints":{"allow":["GET"]}}],"collection":[{"href":"https:\/\/vigo-rio.com\/en\/wp-json\/wp\/v2\/product"}],"about":[{"href":"https:\/\/vigo-rio.com\/en\/wp-json\/wp\/v2\/types\/product"}],"replies":[{"embeddable":true,"href":"https:\/\/vigo-rio.com\/en\/wp-json\/wp\/v2\/comments?post=2385"}],"wp:featuredmedia":[{"embeddable":true,"href":"https:\/\/vigo-rio.com\/en\/wp-json\/wp\/v2\/media\/2371"}],"wp:attachment":[{"href":"https:\/\/vigo-rio.com\/en\/wp-json\/wp\/v2\/media?parent=2385"}],"wp:term":[{"taxonomy":"product_brand","embeddable":true,"href":"https:\/\/vigo-rio.com\/en\/wp-json\/wp\/v2\/product_brand?post=2385"},{"taxonomy":"product_cat","embeddable":true,"href":"https:\/\/vigo-rio.com\/en\/wp-json\/wp\/v2\/product_cat?post=2385"},{"taxonomy":"product_tag","embeddable":true,"href":"https:\/\/vigo-rio.com\/en\/wp-json\/wp\/v2\/product_tag?post=2385"}],"curies":[{"name":"wp","href":"https:\/\/api.w.org\/{rel}","templated":true}]}}