{"id":2384,"date":"2026-01-21T20:59:56","date_gmt":"2026-01-21T20:59:56","guid":{"rendered":"https:\/\/vigo-rio.com\/?post_type=product&#038;p=2384"},"modified":"2026-02-26T09:21:45","modified_gmt":"2026-02-26T09:21:45","slug":"fc-sweet-dreams-wristband","status":"publish","type":"product","link":"https:\/\/vigo-rio.com\/en\/product\/fc-sweet-dreams-wristband\/","title":{"rendered":"FC S\u00fc\u00dfer Traum Armband \/ Sweet Dreams Wristband"},"content":{"rendered":"<div><strong>Kolzov-Armband &#8222;S\u00dcSSE TR\u00c4UME&#8220;\u00a0(f\u00fcr besseren Schlaf, Regeneration, reduziert Stress und \u00c4ngste, st\u00e4rkt das Ged\u00e4chtnis, f\u00f6rdert lucides Tr\u00e4umen und Klartr\u00e4ume)<\/strong><\/div>\n<div><em>Das Armband hat eine variable Tragel\u00e4nge von 16,5cm-24,5cm.<br \/>\n<\/em><\/div>\n<div><em>Das Armband ist grau. Es tr\u00e4gt innen die eingepr\u00e4gte\u00a0<\/em><em>russische Aufschrift \u0421\u041b\u0410\u0414\u041a\u0418\u0419 \u0421\u041e\u041d<\/em><\/div>\n<div><\/div>\n<div>Das Armband \u201eS\u00fc\u00dfe Tr\u00e4ume\u201c ist Ihr Schl\u00fcssel zu v\u00f6lliger Ruhe, bewusstem Tr\u00e4umen und k\u00f6rperlicher Gesundheit! Bekanntlich ist ein gesunder Schlaf f\u00fcr jeden Menschen lebenswichtig: er bringt Erholung, Regeneration und Zellerneuerung, st\u00e4rkt die Abwehrkr\u00e4fte und entgiftet den K\u00f6rper. Dauerhafter Schlafmangel kann zum Entstehen verschiedener neurotischer St\u00f6rungen, Burnout und M\u00fcdigkeitssyndrom u.a. f\u00fchren und verringert die mentalen, geistigen F\u00e4higkeiten.<\/div>\n<div>Bei regelm\u00e4\u00dfiger Anwendung harmonisiert das Armband \u201eS\u00fc\u00dfe Tr\u00e4ume\u201c K\u00f6rper und Geist, sodass Sie leichter einschlafen und ausgeruht, voller Kraft und Energie aufwachen. Es wirkt sich positiv auf die kognitiven Funktionen, das Nervensystem, die Konzentration, die Aktivierung von Lernprozessen und die Informationsaufnahme aus und st\u00e4rkt das Kurz- und Langzeitged\u00e4chtnis &#8211; in Jugend und im Alter.<\/div>\n<div><\/div>\n<div>\n<p><em>Die Aussagen beziehen sich auf alternative Testmethoden wie Meridianenergie-Messungen der Organfunktionskreisl\u00e4ufe nach TCM, Kirlian-Fotografie (EPG\/GDV-Kamera), Oberon, Amsat o.\u00e4. durch den Hersteller &#8222;Planet der Regionen&#8220; und stellen keine medizinische oder auf den physischen K\u00f6rper und dessen Organe bezogenen Aussage im Sinne der westlichen Schulmedizin dar.<br \/>\n<\/em><\/p>\n<p><strong>Das Armband ist in diesem Sinne vor allem geeignet f\u00fcr:<\/strong><\/p>\n<\/div>\n<ul>\n<li>das Armband zielt darauf ab, den Anwender w\u00e4hrend des Schlafs zu unterst\u00fctzen und ihm die M\u00f6glichkeit zu geben, sich vollst\u00e4ndig auszuruhen, zu entspannen und seine k\u00f6rperliche und geistige St\u00e4rke wiederherzustellen,<\/li>\n<li>harmonisiert die Struktur des Biorhythmus w\u00e4hrend des Schlafs und stellt so den gesunden Schlaf wieder her,<\/li>\n<li>reinigt den physischen K\u00f6rper und das Energiefeld w\u00e4hrend des Schlafs, reduziert Schlaflosigkeit und Albtr\u00e4ume und hilft Geist und K\u00f6rper sich zu regenerieren und selbst zu heilen,<\/li>\n<li>reduziert alle allt\u00e4glichen Stress- und Angstzust\u00e4nde und emotionale und intellektuelle Belastungen, die den Schlaf beeintr\u00e4chtigen, harmonisiert generell das Nervensystem und beseitigt Phobien, Stimmungsschwankungen, Depressionen, Agressionen, Hysterie usw.<\/li>\n<li>verbessert nachhaltig die Anpassungsf\u00e4higkeit des K\u00f6rpers an hohe Belastungen und Extremsituationen, um die negativen Auswirkungen von Stress gar nicht erst entstehen zu lassen,<\/li>\n<li>erhebt den Geist und gibt der Seele Frieden f\u00fcr eine harmonische Entwicklung,<\/li>\n<li>tr\u00e4gt zur Normalisierung von Stoffwechsel, Hormonspiegel und Melatonin-Produktion (Schlafhormon) bei und reguliert das bio-chemische Gleichgewicht des K\u00f6rpers,<\/li>\n<li>gibt die M\u00f6glichkeit, Tr\u00e4ume zu kontrollieren: f\u00fchrt Sie vorsichtig, ma\u00dfvoll und schrittweise in die Welt der Klartr\u00e4ume ein, hilft dabei die Antworten in Ihren Tr\u00e4umen auf Fragen im Leben auch zu verstehen,<\/li>\n<li>f\u00f6rdert die Entwicklung der Intuition und Formen des Hellsehens, also die F\u00e4higkeit, prophetische Tr\u00e4ume zu sehen, hilft, im Schlaf Informationen aus der feinstofflichen Welt und Zeichen h\u00f6herer M\u00e4chte ohne \u00e4u\u00dfere Illusionen zu empfangen,<\/li>\n<li>hilft, das H\u00f6here Spirituelle Herz zu entdecken, und sich bewusst von veralteten, starren Einstellungen und Mustern (Denken, Verhalten, Ansichten) zu befreien &#8211; von allem, was nicht den neuen Energien unserer Zeit entspricht und sich nicht \u201eim Fluss\u201c des Lebens weiter entwickeln l\u00e4sst.<\/li>\n<\/ul>\n<div><\/div>\n<div>Das Kolzov-Armband &#8222;S\u00fc\u00dfe Tr\u00e4ume&#8220; enth\u00e4lt acht Speicherchips mit vier verschiedenen Themen: je zwei Chips der Platten &#8222;Nr.12 &#8211; Gesunder Schlaf&#8220; (Serie Violett), \u201ePortal der Tr\u00e4ume\u201c, \u201eWunder von Mechensk\u201c (beide Serie Elite 8-Elemente) \u201eRelaxium\u201c (Serie Arkanum).<\/div>\n<div><\/div>\n<div>ZUR BEACHTUNG: Zur Aktivierung von Wasser legen Sie das Armband um eine Flasche oder ein Glas, die Aktivierungszeit sollte mindestens 20 Minute betragen.<\/div>\n<p><em><strong>Wichtiger Hinweis:<\/strong><\/em><\/p>\n<p><strong><em>Wir weisen ausdr\u00fccklich darauf hin, dass die Kolzov-Platte (russische Bezeichnung: &#8222;Korrektoren des funktionalen Zustands&#8220;) ein alternatives Energie- und Informationsprodukt ist und kein Heilmittel im Sinne der westlichen Schulmedizin. Vielmehr ist es ein rein energetisches Hilfsmittel zur ganzheitlichen Balancierung von energetischen Disharmonien und Blockaden. Informationen \u00fcber Qualit\u00e4t und Eigenschaften des Energieobjekts beziehen sich auf Aussagen des russischen Herstellers und alternativen Theorien zu Mensch und Umwelt, auf alternative Anschauungen und esoterische \u00dcberlieferungen oder Aussagen. Sie gelten nur im Sinne der esoterischen Lebensphilosophie und daran angelehnte Alternativheilkunde. Wirkungen im Sinne westlicher Wissenschaft oder Medizin werden hier nicht behauptet.<\/em><\/strong><\/p>","protected":false},"excerpt":{"rendered":"<p>Kolzov-Armband &#8222;S\u00dcSSE TR\u00c4UME&#8220;\u00a0(f\u00fcr besseren Schlaf, Regeneration, reduziert Stress und \u00c4ngste, st\u00e4rkt das Ged\u00e4chtnis, f\u00f6rdert lucides Tr\u00e4umen und Klartr\u00e4ume) Das Armband hat eine variable Tragel\u00e4nge von 16,5cm-24,5cm. Das Armband ist grau&#8230;.<\/p>","protected":false},"featured_media":2371,"comment_status":"open","ping_status":"closed","template":"","meta":[],"product_brand":[],"product_cat":[35],"product_tag":[213],"class_list":{"0":"post-2384","1":"product","2":"type-product","3":"status-publish","4":"has-post-thumbnail","6":"product_cat-fc-bracelets","7":"product_tag-213","9":"first","10":"instock","11":"taxable","12":"shipping-taxable","13":"purchasable","14":"product-type-simple"},"_links":{"self":[{"href":"https:\/\/vigo-rio.com\/en\/wp-json\/wp\/v2\/product\/2384","targetHints":{"allow":["GET"]}}],"collection":[{"href":"https:\/\/vigo-rio.com\/en\/wp-json\/wp\/v2\/product"}],"about":[{"href":"https:\/\/vigo-rio.com\/en\/wp-json\/wp\/v2\/types\/product"}],"replies":[{"embeddable":true,"href":"https:\/\/vigo-rio.com\/en\/wp-json\/wp\/v2\/comments?post=2384"}],"wp:featuredmedia":[{"embeddable":true,"href":"https:\/\/vigo-rio.com\/en\/wp-json\/wp\/v2\/media\/2371"}],"wp:attachment":[{"href":"https:\/\/vigo-rio.com\/en\/wp-json\/wp\/v2\/media?parent=2384"}],"wp:term":[{"taxonomy":"product_brand","embeddable":true,"href":"https:\/\/vigo-rio.com\/en\/wp-json\/wp\/v2\/product_brand?post=2384"},{"taxonomy":"product_cat","embeddable":true,"href":"https:\/\/vigo-rio.com\/en\/wp-json\/wp\/v2\/product_cat?post=2384"},{"taxonomy":"product_tag","embeddable":true,"href":"https:\/\/vigo-rio.com\/en\/wp-json\/wp\/v2\/product_tag?post=2384"}],"curies":[{"name":"wp","href":"https:\/\/api.w.org\/{rel}","templated":true}]}}