{"id":2383,"date":"2026-01-21T20:59:13","date_gmt":"2026-01-21T20:59:13","guid":{"rendered":"https:\/\/vigo-rio.com\/?post_type=product&#038;p=2383"},"modified":"2026-02-02T13:55:40","modified_gmt":"2026-02-02T13:55:40","slug":"fc-self-discovery-wristband","status":"publish","type":"product","link":"https:\/\/vigo-rio.com\/en\/product\/fc-self-discovery-wristband\/","title":{"rendered":"FC Selbstfindung Armband \/ Self-Discovery Wristband"},"content":{"rendered":"<p><strong>Kolzov-Armband &#8222;SELBSTFINDUNG&#8220;\u00a0(den eigenen Wesenskern und Lebensweg finden, Schutz vor Einfl\u00fcsterungen und Psychotechniken, f\u00fcr Niere, Blase, Herz und Atemwege)<\/strong><\/p>\n<div><em>Das Armband hat eine variable Tragel\u00e4nge von 16,5cm-24,5cm.<\/em><\/div>\n<div><em>Das Armband ist grau. Es tr\u00e4gt innen die eingepr\u00e4gte\u00a0<\/em><em>russische Aufschrift: \u041e\u0411\u0420\u0415\u0422\u0415\u041d\u0418\u0415 \u0421\u0415\u0411\u042f<\/em><\/div>\n<div><\/div>\n<div><\/div>\n<div>Das Armband \u201eSelbstfindung\u201c wurde f\u00fcr alle geschaffen, denen es wichtig ist, ihren Platz und ihren Weg im Leben zu finden. Wie eine wirksame Kombination von Vitaminen verleihen die Themen im Armband dem Einzelnen die n\u00f6tige Energie und die F\u00e4higkeit, das Falsche und B\u00f6se herauszufiltern &#8211; das erm\u00f6glicht dem Anwender, die ausreichende Reife zu erlangen und seine Rolle in der Gesellschaft zu erf\u00fcllen: Niemand sonst kann das tun, was Sie tun sollen. F\u00fcgen Sie sich als Baustein in das riesige Puzzle des Lebens ein, damit das wahre Bild der Sch\u00f6pfung sich enth\u00fcllen kann. Heute ist die Zeit gekommen, in der der Mensch all seine inneren Ressourcen einbeziehen muss, damit das Leben und die Geschichte der Erde auf dem Weg einer wohltuenden Entwicklung weitergehen.<\/div>\n<div><\/div>\n<div>\n<p><em>Die Aussagen beziehen sich auf alternative Testmethoden wie Meridianenergie-Messungen der Organfunktionskreisl\u00e4ufe nach TCM, Kirlian-Fotografie (EPG\/GDV-Kamera), Oberon, Amsat o.\u00e4. durch den Hersteller &#8222;Planet der Regionen&#8220; und stellen keine medizinische oder auf den physischen K\u00f6rper und dessen Organe bezogenen Aussage im Sinne der westlichen Schulmedizin dar.<br \/>\n<\/em><\/p>\n<p><strong>Das Armband ist in diesem Sinne vor allem geeignet f\u00fcr:<\/strong><\/p>\n<\/div>\n<ul>\n<li>Hilft dem Benutzer, seinen inneren Wesenskern zu finden und seinen Platz im Leben zu verstehen,<\/li>\n<li>sch\u00fctzt vor negativen Einfl\u00fcsterungen, der Beeinflussung durch sch\u00e4dliche Weltanschauungen und den Auswirkungen verschiedener Psychotechniken, die den mentalen und emotionalen Zustand negativ beeinflussen,<\/li>\n<li>beseitigt destruktive mentale Einstellungen, die durch verschiedene Techniken wie NLP, Hypnose usw. entstehen k\u00f6nnen,<\/li>\n<li>hilft, wiederkehrende destruktive generische Szenarien (Familien-Karma) zu verstehen und eine Entscheidung f\u00fcr die Schaffung eines neuen Lebensszenarios zu treffen,<\/li>\n<li>hilft bei der Wiederherstellung der pers\u00f6nlichen Integrit\u00e4t und inneren Harmonie,<\/li>\n<li>aktiviert vor allem das 2., 4., 6., 7.Chakra: &#8211; durch Aktivierung des 2.Chakras wird das Entdecken der eigenen W\u00fcnsche, die seinem Lebensweg entsprechen, gest\u00e4rkt; durch Aktivierung des 4.Chakras werden die Herzenergie und die vertrauensvolle Verbindung in die Welt und die F\u00e4higkeit seine Grenzen zu definieren gest\u00e4rkt; &#8211; durch Aktivierung des 6.Chakras werden die mentalen und analytischen F\u00e4higkeiten gest\u00e4rkt; die Aktivierung des 7.Chakras hilft, die Konsequenzen seines Handelns bei der Planung seines Lebens zu verstehen<\/li>\n<li>auf der Energie- und Informationsebene des K\u00f6rpers hilft das Armband bei St\u00f6rungen des Nervensystems und Depressionen, bei der Wiederherstellung der gesunden Aktivit\u00e4t von Niere und Blase, verbessert die Funktion der Atemwege und der Herzkranzgef\u00e4\u00dfe.<\/li>\n<\/ul>\n<div><\/div>\n<div>Das Kolzov-Armband &#8222;Selbstfindung&#8220; enth\u00e4lt acht Speicherchips mit vier verschiedenen Themen: je zwei Chips der Platten &#8222;Nr. 24 &#8211; Aufkl\u00e4rung &#8211; Anti-Fremdwille &#8220; (Serie Gold), \u201eGesunde Generationen&#8220; (Serie Gr\u00fcn), \u201eGeheimer Heiliger See&#8220; (Serie Effizient) und \u201eIndi\u201c (Serie Kollektion).<\/div>\n<div><\/div>\n<div>ZUR BEACHTUNG: Zur Aktivierung von Wasser legen Sie das Armband um eine Flasche oder ein Glas, die Aktivierungszeit sollte mindestens 1 Minute betragen.<\/div>","protected":false},"excerpt":{"rendered":"<p>Kolzov-Armband &#8222;SELBSTFINDUNG&#8220;\u00a0(den eigenen Wesenskern und Lebensweg finden, Schutz vor Einfl\u00fcsterungen und Psychotechniken, f\u00fcr Niere, Blase, Herz und Atemwege) Das Armband hat eine variable Tragel\u00e4nge von 16,5cm-24,5cm. Das Armband ist grau&#8230;.<\/p>","protected":false},"featured_media":2371,"comment_status":"open","ping_status":"closed","template":"","meta":[],"product_brand":[],"product_cat":[35],"product_tag":[214],"class_list":{"0":"post-2383","1":"product","2":"type-product","3":"status-publish","4":"has-post-thumbnail","6":"product_cat-fc-bracelets","7":"product_tag-214","9":"first","10":"instock","11":"taxable","12":"shipping-taxable","13":"purchasable","14":"product-type-simple"},"_links":{"self":[{"href":"https:\/\/vigo-rio.com\/en\/wp-json\/wp\/v2\/product\/2383","targetHints":{"allow":["GET"]}}],"collection":[{"href":"https:\/\/vigo-rio.com\/en\/wp-json\/wp\/v2\/product"}],"about":[{"href":"https:\/\/vigo-rio.com\/en\/wp-json\/wp\/v2\/types\/product"}],"replies":[{"embeddable":true,"href":"https:\/\/vigo-rio.com\/en\/wp-json\/wp\/v2\/comments?post=2383"}],"wp:featuredmedia":[{"embeddable":true,"href":"https:\/\/vigo-rio.com\/en\/wp-json\/wp\/v2\/media\/2371"}],"wp:attachment":[{"href":"https:\/\/vigo-rio.com\/en\/wp-json\/wp\/v2\/media?parent=2383"}],"wp:term":[{"taxonomy":"product_brand","embeddable":true,"href":"https:\/\/vigo-rio.com\/en\/wp-json\/wp\/v2\/product_brand?post=2383"},{"taxonomy":"product_cat","embeddable":true,"href":"https:\/\/vigo-rio.com\/en\/wp-json\/wp\/v2\/product_cat?post=2383"},{"taxonomy":"product_tag","embeddable":true,"href":"https:\/\/vigo-rio.com\/en\/wp-json\/wp\/v2\/product_tag?post=2383"}],"curies":[{"name":"wp","href":"https:\/\/api.w.org\/{rel}","templated":true}]}}