{"id":2382,"date":"2026-01-21T20:58:27","date_gmt":"2026-01-21T20:58:27","guid":{"rendered":"https:\/\/vigo-rio.com\/?post_type=product&#038;p=2382"},"modified":"2026-02-28T20:50:15","modified_gmt":"2026-02-28T20:50:15","slug":"fc-ariadnes-thread-wristband","status":"publish","type":"product","link":"https:\/\/vigo-rio.com\/en\/product\/fc-ariadnes-thread-wristband\/","title":{"rendered":"FC 24 Faden Ariadne Armband\/ Ariadne&#8217;s Thread Wristband"},"content":{"rendered":"<p><strong>Kolzov-Armband &#8222;FADEN DER ARIADNE&#8220;\u00a0(f\u00fcr Kraft, Harmonie und F\u00fclle, hilft, zu sich und zu seinem Weg im Leben zu finden und aus der &#8222;Opfer-Rolle&#8220; auszusteigen)<\/strong><\/p>\n<p><em>Das Armband ist grau und tr\u00e4gt innen die eingepr\u00e4gte russische Aufschrift: \u041d\u0418\u0422\u042c \u0410\u0420\u0418\u0410\u0414\u041d\u042b<\/em><\/p>\n<p>Das Kolzov-Armband \u201eFaden der Ariadne\u201c unterst\u00fctzt auf dem Weg zu einem hellen, erf\u00fcllten und harmonischen Leben! Das Armband bringt Frauen und M\u00e4nner in einen energiereichen Zustand mit Gesundheit, Harmonie und F\u00fclle, in dem man auf all seine Ressourcen zugreifen kann. Ein solcher Zustand mit guter physischer und psychischer Gesundheit erm\u00f6glicht es, aktuelle Probleme zu l\u00f6sen und Pl\u00e4ne zu verwirklichen. Emotional wird dieser Zustand als spiritueller Aufschwung empfunden. Das Armband hilft, in jeder Situation das Positive zu sehen und st\u00e4rkt F\u00fclle, Harmonie und die Balance im Leben.<\/p>\n<p>Das Kolzov-Armband &#8222;Faden der Ariadne&#8220; enth\u00e4lt acht Speicherchips mit vier verschiedenen Themen: je zwei Chips mit den Informationen der Platten &#8222;Sieger&#8220; (Serie Kollektion), &#8222;Zauber des Feuers&#8220; (Serie Elite 8-Elemrnte), &#8222;Nr.13 Gesunder Intellekt&#8220; und &#8222;Nr. 15 Licht des Lebens&#8220; (Serie Violett).<\/p>\n<p><em>Die Aussagen beziehen sich auf alternative Testmethoden wie Meridianenergie-Messungen der Organfunktionskreisl\u00e4ufe nach TCM, Kirlian-Fotografie (EPG\/GDV-Kamera), Oberon, Amsat o.\u00e4. durch den Hersteller &#8222;Planet der Regionen&#8220; und stellen keine medizinische oder auf den physischen K\u00f6rper und dessen Organe bezogenen Aussage im Sinne der westlichen Schulmedizin dar.<\/em><\/p>\n<p><strong>Das Armband ist in diesem Sinne vor allem geeignet f\u00fcr:<\/strong><\/p>\n<ul>\n<li>vermittelt Informationen, um in einen energiereichen Zustand mit Gesundheit, Harmonie und F\u00fclle zu gelangen, in dem man auf alle seine Ressourcen zugreifen kann,<\/li>\n<li>Frau werden unterst\u00fctzt, sich in der Rolle einer Frau wohl zu f\u00fchlen,<\/li>\n<li>M\u00e4nner erfahren in ihrer Rolle als Mann eine neue Sicherheit,<\/li>\n<li>unterst\u00fctzt dabei, seine Berufung oder sein Hobby zu finden, und allgemein seine Ziele und seinen Weg im Leben zu finden,<\/li>\n<li>hilft in der Gesellschaft Kontakte zu kn\u00fcpfen, ein angenehmes soziales Umfeld oder eine gute Arbeit zu finden,<\/li>\n<li>hilft dabei, aus der &#8222;Opfer-Rolle&#8220; auszusteigen und hilft introvertierten Menschen sich zu \u00f6ffnen &#8211; etwa Personen nach einem Traumata oder wenn sie in der Kindheit in schwierigen famili\u00e4ren Situationen gelebt haben,<\/li>\n<li>hilft aus z\u00f6libat\u00e4ren Situationen etwa aufgrund fr\u00fcher Witwenschaft oder aufgrund von Ahnenenergien \u00fcber mehrere Generationen hinweg,<\/li>\n<\/ul>\n<p>Das Armband st\u00e4rkt verschiedene Qualit\u00e4ten \u00fcber die Aktivierung der Chakras:<\/p>\n<ul>\n<li>durch Aktivierung des 1.Chakras (Wurzel-Chakra) wird Mut, Erfolg, k\u00f6rperliche Ausdauer und Kraft gef\u00f6rdert,<\/li>\n<li>mit St\u00e4rkung des 3.Chakras w\u00e4chst Selbstvertrauen, Durchsetzungskraft, das Erkennen einer Berufung, Status, Lebensstandard, F\u00fcrsorge f\u00fcr Angeh\u00f6rige und Gesellschaft.,<\/li>\n<li>die Anregung der 4.Chakras (Herz-Chakra) mehrt die W\u00e4rme in Beziehungen, erh\u00f6ht die Stressresistenz, das Vertrauen in die Welt und f\u00f6rdert den Ausstieg aus den Positionen \u201eOpfer\u201c, \u201eHenker\u201c, \u201eRetter\u201c in einen einfallsreichen Zustand,<\/li>\n<li>das 5.Chakra st\u00e4rkt die F\u00e4higkeit, Grenzen und Interessen klar zu definieren und zu kommunizieren, und gibt Selbstvertrauen,<\/li>\n<li>das 6.Chakra aktiviert das Denken und erweitert die intellektuellen F\u00e4higkeiten,<\/li>\n<li>und mit Aktivierung des 7.Chakras \u00f6ffnet sich eine Vision des Lebenszwecks, der Berufung und der Richtung der Seelenverwirklichung.<\/li>\n<\/ul>\n<p>ZUR BEACHTUNG: Zur Aktivierung von Wasser legen Sie das Armband um eine Flasche oder ein Glas, die Aktivierungszeit sollte mindestens 20 Minuten betragen.<\/p>\n<p>&nbsp;<\/p>\n<p><strong><em>Wichtiger Hinweis:<br \/>\nWir weisen ausdr\u00fccklich darauf hin, dass die Kolzov-Platte (russische Bezeichnung: &#8222;Korrektoren des funktionalen Zustands&#8220;) ein alternatives Energie- und Informationsprodukt ist und kein Heilmittel im Sinne der westlichen Schulmedizin. Vielmehr ist es ein rein energetisches Hilfsmittel zur ganzheitlichen Balancierung von energetischen Disharmonien und Blockaden. Informationen \u00fcber Qualit\u00e4t und Eigenschaften des Energieobjekts beziehen sich auf Aussagen des russischen Herstellers und alternativen Theorien zu Mensch und Umwelt, auf alternative Anschauungen und esoterische \u00dcberlieferungen oder Aussagen. Sie gelten nur im Sinne der esoterischen Lebensphilosophie und daran angelehnte Alternativheilkunde. Wirkungen im Sinne westlicher Wissenschaft oder Medizin werden hier nicht behauptet.<\/em><\/strong><\/p>","protected":false},"excerpt":{"rendered":"<p>Kolzov-Armband &#8222;FADEN DER ARIADNE&#8220;\u00a0(f\u00fcr Kraft, Harmonie und F\u00fclle, hilft, zu sich und zu seinem Weg im Leben zu finden und aus der &#8222;Opfer-Rolle&#8220; auszusteigen) Das Armband ist grau und tr\u00e4gt&#8230;<\/p>","protected":false},"featured_media":2371,"comment_status":"open","ping_status":"closed","template":"","meta":[],"product_brand":[],"product_cat":[35],"product_tag":[215],"class_list":{"0":"post-2382","1":"product","2":"type-product","3":"status-publish","4":"has-post-thumbnail","6":"product_cat-fc-bracelets","7":"product_tag-215","9":"first","10":"instock","11":"taxable","12":"shipping-taxable","13":"purchasable","14":"product-type-simple"},"_links":{"self":[{"href":"https:\/\/vigo-rio.com\/en\/wp-json\/wp\/v2\/product\/2382","targetHints":{"allow":["GET"]}}],"collection":[{"href":"https:\/\/vigo-rio.com\/en\/wp-json\/wp\/v2\/product"}],"about":[{"href":"https:\/\/vigo-rio.com\/en\/wp-json\/wp\/v2\/types\/product"}],"replies":[{"embeddable":true,"href":"https:\/\/vigo-rio.com\/en\/wp-json\/wp\/v2\/comments?post=2382"}],"wp:featuredmedia":[{"embeddable":true,"href":"https:\/\/vigo-rio.com\/en\/wp-json\/wp\/v2\/media\/2371"}],"wp:attachment":[{"href":"https:\/\/vigo-rio.com\/en\/wp-json\/wp\/v2\/media?parent=2382"}],"wp:term":[{"taxonomy":"product_brand","embeddable":true,"href":"https:\/\/vigo-rio.com\/en\/wp-json\/wp\/v2\/product_brand?post=2382"},{"taxonomy":"product_cat","embeddable":true,"href":"https:\/\/vigo-rio.com\/en\/wp-json\/wp\/v2\/product_cat?post=2382"},{"taxonomy":"product_tag","embeddable":true,"href":"https:\/\/vigo-rio.com\/en\/wp-json\/wp\/v2\/product_tag?post=2382"}],"curies":[{"name":"wp","href":"https:\/\/api.w.org\/{rel}","templated":true}]}}