{"id":2381,"date":"2026-01-21T20:57:35","date_gmt":"2026-01-21T20:57:35","guid":{"rendered":"https:\/\/vigo-rio.com\/?post_type=product&#038;p=2381"},"modified":"2026-02-02T13:55:53","modified_gmt":"2026-02-02T13:55:53","slug":"fc-trajectory","status":"publish","type":"product","link":"https:\/\/vigo-rio.com\/en\/product\/fc-trajectory\/","title":{"rendered":"FC Trajectory Armband"},"content":{"rendered":"<div><strong>Kolzov-Armband &#8222;Trajektor&#8220;\u00a0(Ziele definieren und den besten Weg finden, f\u00fcr Kommunikation und positives Umfeld, Ausgleich des Biorhythmus auf Reisen und bei Schichtarbeit)<\/strong><\/div>\n<div><em>Das Armband ist beige.\u00a0<\/em><em>Es tr\u00e4gt innen die eingepr\u00e4gte russische Aufschrift: \u00ab\u0422\u0420\u0410\u0415\u041a\u0422\u041e\u0420\u0418\u042f\u00bb<\/em><\/div>\n<div><\/div>\n<div>Das Armband ist Ihr pers\u00f6nlicher Assistent auf inneren und \u00e4u\u00dferen Reisen: egal, ob es der Weg zur inneren Harmonie von K\u00f6rper und Seele ist, zu Gesundheit und energetische Balance ist oder der Einklang mit dem Universum angestrebt wird oder ob Sie auf \u00e4u\u00dferen Reisen auf unserer sch\u00f6nen Erde unterwegs sind &#8211; das Armband ist<\/div>\n<div>Ihr bester F\u00fchrer zu einer gl\u00fccklichen Reise in Harmonie mit sich selbst und der Welt! Entdecken Sie neue Horizonte, \u00f6ffnen Sie die T\u00fcren zum Gl\u00fcck in jedem Umfeld! Das Armband wird ihr pers\u00f6nlicher Navigator und zeigt die beste Route!<\/div>\n<div><\/div>\n<div>Das Armband enth\u00e4lt acht Speicherchips mit vier verschiedenen Themen &#8211; je zwei Chips mit den Informationen der Kolzov-Platten: \u201eWind der Ver\u00e4nderung\u201c, \u201eSeele von Olchon. Shorgol\u201c, \u201eLicht der Hoffnung\u201c, \u201eHeilige Quelle&#8220; (alle Serie Elite 8-Elemente).<\/div>\n<div><\/div>\n<div><em>Die Aussagen beziehen sich auf alternative Testmethoden wie Meridianenergie-Messungen der Organfunktionskreisl\u00e4ufe nach TCM, Kirlian-Fotografie (EPG\/GDV-Kamera), Oberon, Amsat o.\u00e4. durch den Hersteller &#8222;Planet der Regionen&#8220; und stellen keine medizinische oder auf den physischen K\u00f6rper und dessen Organe bezogenen Aussage im Sinne der westlichen Schulmedizin dar.<\/em><\/div>\n<div><\/div>\n<p>Das Armband ist in diesem Sinne vor allem geeignet f\u00fcr:<\/p>\n<ul>\n<li>hilft dabei, seine Ziele und Ausrichtung klar zu definieren und Positives in sein Leben zu ziehen,<\/li>\n<li>schafft ein g\u00fcnstiges Umfeld f\u00fcr die Kommunikation und Interaktion mit Umwelt und sozialem Umfeld, um seine Ziele zu verwirklichen und zeigt &#8211; auch auf Reisen &#8211; den richtigen Weg,<\/li>\n<li>die Platte zielt darauf ab, den nat\u00fcrlichen Biorhythmus des Anwenders zu harmonisieren und die physiologischen, psycho-emotionalen und mentalen Prozesse in seinem Leben zu verbessern,<\/li>\n<li>hilft daher allen Menschen, die gesch\u00e4ftlich oder privat viel unterwegs sind &#8211; beispielsweise Piloten und Flugpersonal, Vielflieger und Langstrecken-Reisende -, ihren Rhythmus an eine andere Zeitzone anzupassen,<\/li>\n<li>hilft Schichtarbeitern in ihrem Biorhythmus und unterst\u00fctzt dabei, sich besser zu regenerieren,<\/li>\n<li>synchronisiert die subtilen Strukturen des Benutzers, stellt die integrale Struktur des Biofeldes wieder her und initiiert Prozesse der Selbstheilung und Selbstregulierung,<\/li>\n<li>f\u00fcllt mit kraftvoller reiner Energie und positiven Emotionen,<\/li>\n<li>sch\u00fctzt den Anwender vor negativen Einfl\u00fcssen auf Energie- und Informationsebene,<\/li>\n<li>st\u00e4rkt die Intuition, hilft in einer Krise oder Gefahrensituation, bei klarem Bewusstsein zu bleiben und gezielt auf Gefahren zu reagieren, jedoch ist das Armband nicht f\u00fcr Personen gedacht, die sich an \u201eHot Spots\u201c befinden (also an Orten, an denen es eine hohes Risiko gibt, dass es aktuell zu Naturkatastrophen oder von Menschen verursachten Katastrophen kommen kann, hierf\u00fcr sollte das Armband &#8222;Verteidiger&#8220; zus\u00e4tzlich verwendet werden)<\/li>\n<\/ul>\n<div><\/div>\n<div>ZUR BEACHTUNG: Zur Aktivierung von Wasser legen Sie das Armband um eine Flasche oder ein Glas, die Aktivierungszeit sollte mindestens 25 Minuten.<\/div>\n<div><\/div>\n<div><\/div>\n<div><em><strong>Wichtiger Hinweis:<\/strong><\/em><\/div>\n<div><em><strong>Wir weisen ausdr\u00fccklich darauf hin, dass die Kolzov-Platte (russische Bezeichnung: &#8222;Korrektoren des funktionalen Zustands&#8220;) ein alternatives Energie- und Informationsprodukt ist und kein Heilmittel im Sinne der westlichen Schulmedizin. Vielmehr ist es ein rein energetisches Hilfsmittel zur ganzheitlichen Balancierung von energetischen Disharmonien und Blockaden. Informationen \u00fcber Qualit\u00e4t und Eigenschaften des Energieobjekts beziehen sich auf Aussagen des russischen Herstellers und alternativen Theorien zu Mensch und Umwelt, auf alternative Anschauungen und esoterische \u00dcberlieferungen oder Aussagen. Sie gelten nur im Sinne der esoterischen Lebensphilosophie und daran angelehnte Alternativheilkunde. Wirkungen im Sinne westlicher Wissenschaft oder Medizin werden hier nicht behauptet.<\/strong><\/em><\/div>","protected":false},"excerpt":{"rendered":"<p>Kolzov-Armband &#8222;Trajektor&#8220;\u00a0(Ziele definieren und den besten Weg finden, f\u00fcr Kommunikation und positives Umfeld, Ausgleich des Biorhythmus auf Reisen und bei Schichtarbeit) Das Armband ist beige.\u00a0Es tr\u00e4gt innen die eingepr\u00e4gte russische&#8230;<\/p>","protected":false},"featured_media":2371,"comment_status":"open","ping_status":"closed","template":"","meta":[],"product_brand":[],"product_cat":[35],"product_tag":[216],"class_list":{"0":"post-2381","1":"product","2":"type-product","3":"status-publish","4":"has-post-thumbnail","6":"product_cat-fc-bracelets","7":"product_tag-216","9":"first","10":"instock","11":"taxable","12":"shipping-taxable","13":"purchasable","14":"product-type-simple"},"_links":{"self":[{"href":"https:\/\/vigo-rio.com\/en\/wp-json\/wp\/v2\/product\/2381","targetHints":{"allow":["GET"]}}],"collection":[{"href":"https:\/\/vigo-rio.com\/en\/wp-json\/wp\/v2\/product"}],"about":[{"href":"https:\/\/vigo-rio.com\/en\/wp-json\/wp\/v2\/types\/product"}],"replies":[{"embeddable":true,"href":"https:\/\/vigo-rio.com\/en\/wp-json\/wp\/v2\/comments?post=2381"}],"wp:featuredmedia":[{"embeddable":true,"href":"https:\/\/vigo-rio.com\/en\/wp-json\/wp\/v2\/media\/2371"}],"wp:attachment":[{"href":"https:\/\/vigo-rio.com\/en\/wp-json\/wp\/v2\/media?parent=2381"}],"wp:term":[{"taxonomy":"product_brand","embeddable":true,"href":"https:\/\/vigo-rio.com\/en\/wp-json\/wp\/v2\/product_brand?post=2381"},{"taxonomy":"product_cat","embeddable":true,"href":"https:\/\/vigo-rio.com\/en\/wp-json\/wp\/v2\/product_cat?post=2381"},{"taxonomy":"product_tag","embeddable":true,"href":"https:\/\/vigo-rio.com\/en\/wp-json\/wp\/v2\/product_tag?post=2381"}],"curies":[{"name":"wp","href":"https:\/\/api.w.org\/{rel}","templated":true}]}}