{"id":2380,"date":"2026-01-21T20:56:54","date_gmt":"2026-01-21T20:56:54","guid":{"rendered":"https:\/\/vigo-rio.com\/?post_type=product&#038;p=2380"},"modified":"2026-02-02T13:55:58","modified_gmt":"2026-02-02T13:55:58","slug":"fc-optimist-wristband","status":"publish","type":"product","link":"https:\/\/vigo-rio.com\/en\/product\/fc-optimist-wristband\/","title":{"rendered":"FC Optimist Armbad  \/ Optimist Wristband"},"content":{"rendered":"<p><strong>Kolzov-Armband &#8222;OPTIMIST&#8220;\u00a0(Optimismus und neuen Lebenskraft, Harmonie und Wohlbefinden, st\u00e4rkt intellektuelle und emotionale Intelligenz, Charakterbildung und Pers\u00f6nlichkeitsentwicklung, Aura-Schutz)<\/strong><\/p>\n<p><em>Das Armband ist grau. Es tr\u00e4gt innen die eingepr\u00e4gte russische Aufschrift: \u041e\u041f\u0422\u0418\u041c\u0418\u0421\u0422<\/em><\/p>\n<p>Das Armband \u201eOptimist\u201c belebt Ihren Optimismus und Ihre Lebenskraft neu. Es ist eine Lichtquelle, die immer bei Ihnen ist, selbst in den dunkelsten Zeiten!<\/p>\n<p>Optimismus ist eine der Schl\u00fcsselqualit\u00e4ten f\u00fcr Harmonie und Wohlbefinden. Denn nur durch positives Denken und den Glauben an das Beste k\u00f6nnen wir Schwierigkeiten \u00fcberwinden und in jedem Moment unseres Lebens Freude und Gl\u00fcck finden. Ein Optimist findet nicht nur selbst inneren Frieden und Harmonie, sondern hilft auch seinen Mitmenschen, den Weg der spirituellen Entwicklung zu beschreiten.<\/p>\n<p>Das Armband ist auch in jedem Alter wichtig, wenn man an seiner Pers\u00f6nlichkeitsbildung und -entwicklung arbeiten m\u00f6chten und seine Lebensumst\u00e4nde zum Guten verbessern m\u00f6chte.<\/p>\n<p>Das Armband enth\u00e4lt acht Speicherchips mit vier verschiedenen Themen: je zwei Chips mit den Informationen der Kolzov-Platten: \u201eHarmonie&#8220; (Serie Gr\u00fcn), \u201eGold der W\u00fcste Gobi\u201c (Serie Elite), \u201eLhasa&#8220; (Serie Effizient), \u201eQuelle der drei Hierarchen\u201c (Serie Elite).<\/p>\n<p><em>Die Aussagen beziehen sich auf alternative Testmethoden wie Meridianenergie-Messungen der Organfunktionskreisl\u00e4ufe nach TCM, Kirlian-Fotografie (EPG\/GDV-Kamera), Oberon, Amsat o.\u00e4. durch den Hersteller &#8222;Planet der Regionen&#8220; und stellen keine medizinische oder auf den physischen K\u00f6rper und dessen Organe bezogenen Aussage im Sinne der westlichen Schulmedizin dar.<br \/>\n<\/em><\/p>\n<p><strong>Das Armband ist in diesem Sinne vor allem geeignet f\u00fcr:<\/strong><\/p>\n<ul>\n<li>aktiviert die F\u00e4higkeit, den eigenen emotionalen Zustand zu kontrollieren: beseitigt negative Emotionen auf subtiler Ebene, reguliert und stabilisiert den psycho-emotionalen Zustand und harmonisiert immer mehr die innere Welt des Anwenders und f\u00fcllt sie mit der Energie der Liebe,<\/li>\n<li>f\u00f6rdert eine positive Einstellung zum Leben, hilft dabei, in einem emotionalen und energetischen Gleichgewicht zwischen den materiellen und spirituellen Aspekten zu leben,<\/li>\n<li>f\u00f6rdert die harmonische Entwicklung der intellektuellen F\u00e4higkeiten des Anwenders und st\u00e4rkt analytisches und kreatives Denken, f\u00f6rdert Inspiration und Kreativit\u00e4t,<\/li>\n<li>st\u00e4rkt eine gleichm\u00e4\u00dfige Entwicklung von alle Aspekten der Intelligenz &#8211; der intellektuellen und emotionalen, der physischen und spirituellen Intelligenz -, f\u00f6rdert die Verbindung mit dem eigenen &#8222;H\u00f6heren Selbst&#8220; als unersch\u00f6pflicher Quelle universeller Energie und Geisteskraft,<\/li>\n<li>f\u00f6rdert die Karriere und den Erfolg in selbst\u00e4ndiger T\u00e4tigkeit, st\u00e4rkt das Selbstvertrauen, alle Schwierigkeiten und Herausforderungen meistern zu k\u00f6nnen,<\/li>\n<li>hilft dabei, negative Lebensumst\u00e4nde in positive und n\u00fctzliche Erfahrungen zu wandeln, verbessert die Wahrnehmung aller Aspekte des Lebens durch die St\u00e4rkung der positiven individuellen Einstellung dem Leben gegen\u00fcber und f\u00f6rdert die spirituelle Entwicklung des Anwenders,<\/li>\n<li>st\u00e4rkt insgesamt die Bewusstheit des Anwenders, wodurch leichter positive Ver\u00e4nderungen im Schicksal herbeigef\u00fchrt werden k\u00f6nnen,<\/li>\n<li>gibt dem Anwender Kraft und Mut, st\u00e4rkt Willen und Leistungsf\u00e4higkeit, sch\u00fctzt vor Hindernissen auf dem Weg der Selbsterkenntnis,<\/li>\n<li>f\u00f6rdert das Erwachen und die Aktivierung des Bewusstseinszentrums, das den Energiezustand des Anwenders steuert, reinigt die Energiezentren (die Chakras) und baut einen kraftvollen Aura-Schutz auf,<\/li>\n<li>hilft dabei, seinen inneren Kern der Pers\u00f6nlichkeit zu formen und st\u00e4rkt die F\u00e4higkeit, eine eigene unabh\u00e4ngige Meinung zu entwickeln und zu vertreten und diese auch gegen aufgezwungene Meinungen, Denkstereotypen und Manipulationen (Schuldgef\u00fchle, Pflichtgef\u00fchle usw.) zu verteidigen,<\/li>\n<li>tr\u00e4gt zur Charakterbildung bei &#8211; insbesondere im Jugendalter -, schult Geduld, Toleranz und eine angemessene Wahrnehmung der Welt und des eigenen Platzes darin, weckt den Wunsch zu lernen, nach Erleuchtung zu streben und den intellektuellen Horizont zu erweitern, f\u00f6rdert die Entwicklung von Mut und spiritueller St\u00e4rke angesichts der Versuchungen der modernen Gesellschaft,<\/li>\n<li>f\u00f6rdert die Harmonisierung des pers\u00f6nlichen Raums und der Beziehungen in der Gesellschaft, vermittelt einen Zustand inneren Wohlbefindens, verhilft dazu, das Gef\u00fchl der Einheit der inneren und \u00e4u\u00dferen Welt zu erfahren,<\/li>\n<li>tr\u00e4gt dazu bei, den umgebenden Raum von negativer und niedrig-schwingender Energie zu befreien und eine angenehmere Atmosph\u00e4re f\u00fcr den Anwender zu schaffen, die k\u00f6rperlich sp\u00fcrbar ist und ihm das Atmen erleichtert,<\/li>\n<li>wirkt besonders wohltuend auf Herz-Chakra, Herz und der Herzkranzgef\u00e4\u00dfe,<\/li>\n<li>hilft bei psycho-somatischen Problemen zu verhindern, das k\u00f6rperliche chronische Erkrankungen entstehen,<\/li>\n<li>wirkt bei st\u00e4ndigem Stress im Energetischen stabilisierend und vorbeugend, so dass sich die Wahrscheinlichkeit verringert, eventuelle Borderline-Erkrankungen des Nervensystems (Neurosen unterschiedlicher Herkunft) zu entwickeln,<\/li>\n<li>f\u00f6rdert die Genesung und Vorbeugung neuro-vegetativer St\u00f6rungen (Schlaflosigkeit, Kopfschmerzen, Verschlechterung des Allgemeinzustandes, vegetativ-vaskul\u00e4re Dystonie usw.).<\/li>\n<\/ul>\n<p>TIPP: Das Armband kann dauerhaft oder zeitweise in verschiedenen Lebensbereichen eingesetzt werden: bei der Arbeit, beim Sport, im Urlaub, in der Kommunikation mit Familie und Freunden.<\/p>\n<p>Bei den verschiedenen somatischen Erkrankungen sowie zur Vorbeugung psycho-somatischer Komplikationen (Depression, Neurosen etc.) sollte das Armband &#8222;Optimist&#8220; st\u00e4ndig getragen werden.<\/p>\n<p>ZUR BEACHTUNG: Zur Aktivierung von Wasser legen Sie das Armband um eine Flasche oder ein Glas, die Aktivierungszeit sollte mindestens 20 Minuten.<\/p>\n<p><em><strong>Wichtiger Hinweis:<\/strong><\/em><\/p>\n<p><em><strong>Wir weisen ausdr\u00fccklich darauf hin, dass die Kolzov-Platte (russische Bezeichnung: &#8222;Korrektoren des funktionalen Zustands&#8220;) ein alternatives Energie- und Informationsprodukt ist und kein Heilmittel im Sinne der westlichen Schulmedizin. Vielmehr ist es ein rein energetisches Hilfsmittel zur ganzheitlichen Balancierung von energetischen Disharmonien und Blockaden. Informationen \u00fcber Qualit\u00e4t und Eigenschaften des Energieobjekts beziehen sich auf Aussagen des russischen Herstellers und alternativen Theorien zu Mensch und Umwelt, auf alternative Anschauungen und esoterische \u00dcberlieferungen oder Aussagen. Sie gelten nur im Sinne der esoterischen Lebensphilosophie und daran angelehnte Alternativheilkunde. Wirkungen im Sinne westlicher Wissenschaft oder Medizin werden hier nicht behauptet.<\/strong><\/em><\/p>","protected":false},"excerpt":{"rendered":"<p>Kolzov-Armband &#8222;OPTIMIST&#8220;\u00a0(Optimismus und neuen Lebenskraft, Harmonie und Wohlbefinden, st\u00e4rkt intellektuelle und emotionale Intelligenz, Charakterbildung und Pers\u00f6nlichkeitsentwicklung, Aura-Schutz) Das Armband ist grau. Es tr\u00e4gt innen die eingepr\u00e4gte russische Aufschrift: \u041e\u041f\u0422\u0418\u041c\u0418\u0421\u0422 Das&#8230;<\/p>","protected":false},"featured_media":2371,"comment_status":"open","ping_status":"closed","template":"","meta":[],"product_brand":[],"product_cat":[35],"product_tag":[217],"class_list":{"0":"post-2380","1":"product","2":"type-product","3":"status-publish","4":"has-post-thumbnail","6":"product_cat-fc-bracelets","7":"product_tag-217","9":"first","10":"instock","11":"taxable","12":"shipping-taxable","13":"purchasable","14":"product-type-simple"},"_links":{"self":[{"href":"https:\/\/vigo-rio.com\/en\/wp-json\/wp\/v2\/product\/2380","targetHints":{"allow":["GET"]}}],"collection":[{"href":"https:\/\/vigo-rio.com\/en\/wp-json\/wp\/v2\/product"}],"about":[{"href":"https:\/\/vigo-rio.com\/en\/wp-json\/wp\/v2\/types\/product"}],"replies":[{"embeddable":true,"href":"https:\/\/vigo-rio.com\/en\/wp-json\/wp\/v2\/comments?post=2380"}],"wp:featuredmedia":[{"embeddable":true,"href":"https:\/\/vigo-rio.com\/en\/wp-json\/wp\/v2\/media\/2371"}],"wp:attachment":[{"href":"https:\/\/vigo-rio.com\/en\/wp-json\/wp\/v2\/media?parent=2380"}],"wp:term":[{"taxonomy":"product_brand","embeddable":true,"href":"https:\/\/vigo-rio.com\/en\/wp-json\/wp\/v2\/product_brand?post=2380"},{"taxonomy":"product_cat","embeddable":true,"href":"https:\/\/vigo-rio.com\/en\/wp-json\/wp\/v2\/product_cat?post=2380"},{"taxonomy":"product_tag","embeddable":true,"href":"https:\/\/vigo-rio.com\/en\/wp-json\/wp\/v2\/product_tag?post=2380"}],"curies":[{"name":"wp","href":"https:\/\/api.w.org\/{rel}","templated":true}]}}