{"id":238,"date":"2026-01-14T12:46:40","date_gmt":"2026-01-14T12:46:40","guid":{"rendered":"https:\/\/vigo-rio.com\/?post_type=product&#038;p=238"},"modified":"2026-04-01T16:01:27","modified_gmt":"2026-04-01T16:01:27","slug":"fc-love","status":"publish","type":"product","link":"https:\/\/vigo-rio.com\/en\/product\/fc-love\/","title":{"rendered":"FC Liebe\/ Love"},"content":{"rendered":"<p><strong>Kolzov-Platte: &#8222;Wahrhaftige Liebe&#8220; (Herz-Energie st\u00e4rken)\u00a0&#8211; f\u00fcr: St\u00e4rkung der Herzenergie, L\u00f6sen von \u00c4ngsten, kosmische Liebe)<\/strong><\/p>\n<p><strong>&#8211; neueste Version mit 8-Elementen (8 enthaltenen Energiespeicher-Chips)<\/strong><\/p>\n<p>Diese Kolzov-Platte wurde f\u00fcr die St\u00e4rkung der Herz-Energie und \u00d6ffnung des Herzens f\u00fcr die h\u00f6heren Ebenen der kosmischen und spirituellen Liebe entwickelt. Sie hilft hemmende Energie-Blockaden zu \u00fcberwinden, die die innere Freiheit und \u00d6ffnung f\u00fcr die h\u00f6here Liebes-Energie behindern. Wahre Liebe kann nur entstehen, wenn alle \u00c4ngste aus dem Herzen gewichen sind. Nur so kann ein liebendes Herz nach kosmischen Impulsen streben, in einer h\u00f6heren Wahrnehmungsf\u00e4higkeit schwingen und alle Formen der Selbstblockade loslassen. So vermittelt die Liebes-Platte Zugang zur wahrhaftigen, kosmischen Liebe.<br \/>\nDie \u00dcberwindung der Angst ist der Eingang zur Liebe und das erfordert Mut und die F\u00e4higkeit einer h\u00f6heren Wahrnehmungsf\u00e4higkeit. Jede Form der Angst steht gegen die Entfaltung der inneren Freiheit, weswegen die hohen Ordnungsfelder dieser Platte genau dort ansetzen. Man kann die Wirkung nicht spezifizieren, denn jeder Mensch hat andere \u00c4ngste und Blockaden, die im Prinzip nur eines gemeinsam haben: sie machen unfrei. Erst wenn man innerlich frei ist, kann man sich in die g\u00f6ttliche Liebesschwingung einklinken und als ein Teil davon auch etwas von dieser Liebe nach au\u00dfen abgeben. Diese Platte hilft dabei, einen besseren Zugang zu seinem kosmischen Selbst zu bekommen, aus der Lieblosigkeit auszubrechen und zu einer h\u00f6heren Wahrnehmung jener Dinge zu kommen, welche Schmerz bereiten und unfrei machen. Die Platte entfaltet ein Kraftpotenzial, das zu ungeahnten Emotionen aus der Tiefe des Herzens f\u00fchrt.<br \/>\nIn Situationen wie Pr\u00fcfungen oder \u00c4hnlichem werden hingegen die Emotionen durch die Platte ged\u00e4mpft und die Aufmerksamkeit gesch\u00e4rft, woraus eine neue Form des Verstehens entsteht.<br \/>\nIn dieser Kolzov-Platte findet sich das maximale Bewusstseinspotenzial, das dem Wesen in der unbewussten \u00c4therwelt zur Verf\u00fcgung stehen kann. Erst \u00fcber die kosmische Liebe gelangt man in jene Bereiche der astralen Bewusstseinswelt, in denen es keine \u00c4ngste und Begrenzungen, keine Formen von Selbstboykott und Unfreiheit mehr gibt.<br \/>\nTIPP: Diese Kolzov-Platte nachts ins Ehebett legen, verbessert die partnerschaftliche Harmonie.<\/p>\n<p>ZUR BEACHTUNG: Die Aktivierungszeit von Wasser auf der Platte betr\u00e4gt mindestens 15 Sekunden.<\/p>\n<p><em><u>Ergebnis im LIFE-TEST:<\/u>\u00a0Die Kolzov-Platte &#8222;Wahrhaftige Liebe&#8220; hat ein neutrales Energiefeld mit 40 000 Bovis. Damit aktiviert sie das Herz-, Kronen- und Wurzel-Chakra auf enorme 40 000 Bovis. Das Stirn-Chakra vervierfacht seine Energie auf 28 000 Bovis. Solarplexus- und Blase-Sexual-Chakra steigen auf 21 000 Bovis und das Hals-Chakra auf 14 000 Bovis. Durch die Aufladung der Chakras w\u00e4chst der bioenergetische Reaktionsabstand von zirka 75 Zentimetern um den K\u00f6rper auf betr\u00e4chtliche 2,20 Meter.<\/em><\/p>\n<p><em><strong>Wichtiger Hinweis:<br \/>\nWir weisen ausdr\u00fccklich darauf hin, dass die Kolzov-Platte (russische Bezeichnung: &#8222;Korrektoren des funktionalen Zustands&#8220;) ein alternatives Energie- und Informationsprodukt ist und kein Heilmittel im Sinne der westlichen Schulmedizin. Vielmehr ist es ein rein energetisches Hilfsmittel zur ganzheitlichen Balancierung von energetischen Disharmonien und Blockaden. Informationen \u00fcber Qualit\u00e4t und Eigenschaften des Energieobjekts beziehen sich auf Aussagen des russischen Herstellers und alternativen Theorien zu Mensch und Umwelt, auf alternative Anschauungen und esoterische \u00dcberlieferungen oder Aussagen. Sie gelten nur im Sinne der esoterischen Lebensphilosophie und daran angelehnte Alternativheilkunde. Wirkungen im Sinne westlicher Wissenschaft oder Medizin werden hier nicht behauptet.<\/strong><\/em><\/p>","protected":false},"excerpt":{"rendered":"<p>F\u00f6rdert harmonische Beziehungen zwischen M\u00e4nnern und Frauen<\/p>","protected":false},"featured_media":1706,"comment_status":"open","ping_status":"closed","template":"","meta":[],"product_brand":[],"product_cat":[30],"product_tag":[62],"class_list":{"0":"post-238","1":"product","2":"type-product","3":"status-publish","4":"has-post-thumbnail","6":"product_cat-green-series","7":"product_tag-62","9":"first","10":"instock","11":"taxable","12":"shipping-taxable","13":"purchasable","14":"product-type-simple"},"_links":{"self":[{"href":"https:\/\/vigo-rio.com\/en\/wp-json\/wp\/v2\/product\/238","targetHints":{"allow":["GET"]}}],"collection":[{"href":"https:\/\/vigo-rio.com\/en\/wp-json\/wp\/v2\/product"}],"about":[{"href":"https:\/\/vigo-rio.com\/en\/wp-json\/wp\/v2\/types\/product"}],"replies":[{"embeddable":true,"href":"https:\/\/vigo-rio.com\/en\/wp-json\/wp\/v2\/comments?post=238"}],"wp:featuredmedia":[{"embeddable":true,"href":"https:\/\/vigo-rio.com\/en\/wp-json\/wp\/v2\/media\/1706"}],"wp:attachment":[{"href":"https:\/\/vigo-rio.com\/en\/wp-json\/wp\/v2\/media?parent=238"}],"wp:term":[{"taxonomy":"product_brand","embeddable":true,"href":"https:\/\/vigo-rio.com\/en\/wp-json\/wp\/v2\/product_brand?post=238"},{"taxonomy":"product_cat","embeddable":true,"href":"https:\/\/vigo-rio.com\/en\/wp-json\/wp\/v2\/product_cat?post=238"},{"taxonomy":"product_tag","embeddable":true,"href":"https:\/\/vigo-rio.com\/en\/wp-json\/wp\/v2\/product_tag?post=238"}],"curies":[{"name":"wp","href":"https:\/\/api.w.org\/{rel}","templated":true}]}}