{"id":2379,"date":"2026-01-21T20:56:12","date_gmt":"2026-01-21T20:56:12","guid":{"rendered":"https:\/\/vigo-rio.com\/?post_type=product&#038;p=2379"},"modified":"2026-02-02T13:56:04","modified_gmt":"2026-02-02T13:56:04","slug":"fc-superman-wristband","status":"publish","type":"product","link":"https:\/\/vigo-rio.com\/en\/product\/fc-superman-wristband\/","title":{"rendered":"FC Superman Armband\/ Wristband"},"content":{"rendered":"<p><strong>Kolzov-Armband &#8222;SUPERMAN&#8220;\u00a0(Ausgleich der Elemente-Energien, hilft Schwierigkeiten zu \u00fcberwinden und eine bessere Zukunft zu erschaffen &#8211; verleiht &#8222;Fl\u00fcgel&#8220;, f\u00fcr Hoffnung, Mut, m\u00e4nnliche St\u00e4rke und Leistung, Vitalit\u00e4t, Potenz)<\/strong><\/p>\n<p><em>Das Armband hat eine variable Tragel\u00e4nge von 16,5cm-24,5cm.<\/em><\/p>\n<p><em>Das Armband ist grau.\u00a0<\/em><em>Es tr\u00e4gt innen die eingepr\u00e4gte russische Aufschrift: \u00ab \u0421\u0423\u041f\u0415\u0420\u041c\u0415\u041d\u00bb<\/em><\/p>\n<p>Ein &#8222;Superman&#8220; in unserer Zeit ist ein Mann, der es versteht, seine Ziele zu erreichen, freundlich und respektvoll gegen\u00fcber anderen zu sein, einen aktiven Lebensstil zu f\u00fchren, seine Familie zu unterst\u00fctzen und gleichzeitig ein liebevoller Ehemann und Vater zu bleiben. Ein Superman verf\u00fcgt au\u00dferdem \u00fcber Intelligenz und Wissen, die ihm bei der L\u00f6sung verschiedener Probleme im Leben helfen. Dar\u00fcber hinaus ist er ein Symbol f\u00fcr Gerechtigkeit und Schutz der Schwachen und immer bereit, denen zu helfen, die es brauchen. Sein Mut und seine Tapferkeit inspirieren, er wird zum Vorbild, dem man folgen kann. Gleichzeitig mag ein Mann in der Rolle des Superman \u00c4ngste, Zweifel und Unsicherheit erleben, aber er findet immer Kraft, Wege und Mittel, um alle Hindernisse zu \u00fcberwinden.<\/p>\n<p>Das Armband enth\u00e4lt acht Speicherchips mit vier verschiedenen Themen: je zwei Chips mit den Informationen der Kolzov-Platten: &#8222;Maximus&#8220; (Serie Arkanum), &#8222;Schwarzer Berg&#8220; (Serie Effizient) \u201eAfrasiab\u201c (Serie Elite 8-Elemente), \u201eSeele von Olchon. Shorgol&#8220; (&#8222;Schamanenberg von Olchon&#8220;, Serie Elite 8-Elemente).<\/p>\n<p><em>Die Aussagen beziehen sich auf alternative Testmethoden wie Meridianenergie-Messungen der Organfunktionskreisl\u00e4ufe nach TCM, Kirlian-Fotografie (EPG\/GDV-Kamera), Oberon, Amsat o.\u00e4. durch den Hersteller &#8222;Planet der Regionen&#8220; und stellen keine medizinische oder auf den physischen K\u00f6rper und dessen Organe bezogenen Aussage im Sinne der westlichen Schulmedizin dar.<br \/>\n<\/em><\/p>\n<p><strong>Das Armband ist in diesem Sinne vor allem geeignet f\u00fcr:<\/strong><\/p>\n<ul>\n<li>harmonisiert die vier Elemente-Energien Erde, Wasser, Feuer, Luft und erzeugt ein wirbelf\u00f6rmiges Energiefeld um den Anwender, das die vier harmonisierten Kr\u00e4fte vereint und ihr Gleichgewicht im K\u00f6rper wieder herstellt, das Informationssystems des Anwenders erh\u00e4lt dadurch einen Impuls des Neustarts und der Neuorganisation und der Anwender wird mit neuer Vitalit\u00e4t erf\u00fcllt,<\/li>\n<li>st\u00e4rkt den inneren Kern des Mannes, gibt ihm Zuversicht f\u00fcr die Zukunft und offenbart sein bisher verborgenes Potenzial &#8211; verleiht ihm gleichsam &#8222;Fl\u00fcgel&#8220;,<\/li>\n<li>st\u00e4rkt Mut, Entschlossenheit, Einsicht, konzentriert Energie und verhindert, dass sie sich aufl\u00f6st und ersch\u00f6pft &#8211; dadurch entsteht auch ein besonderes Gef\u00fchl und eine besondere Wahrnehmung des Flusses der Zeitenergie,<\/li>\n<li>hilft, die richtigen Entscheidungen im Leben zu treffen und vermittelt Vertrauen in die eigenen F\u00e4higkeiten: \u201eIch wei\u00df, was zu tun ist, und ich werde es tun.\u201c Dies hilft, die wirklich wichtigen Schritte f\u00fcr die Zukunft zu identifizieren,<\/li>\n<li>st\u00e4rkt allgemein das Konzept der \u201eLeistung\u201c als wichtigen Teil des m\u00e4nnlichen Lebenspotenzials, das ben\u00f6tigt wird, um seine Ziele zu erreichen &#8211; egal ob im Beruf, in Sport und Freizeit oder in Beziehungen und Kindererziehung,<\/li>\n<li>hilft dabei, wieder an seine St\u00e4rke zu glauben, ein wahres m\u00e4nnliches Selbstbewusstsein zu erwecken und vermittelt ein tieferes Verst\u00e4ndnis von sich selbst als Mann, tr\u00e4gt zur seelischen Reifung das wahren m\u00e4nnlichen Bewusstseins \u201eIch bin ein Mann&#8220; bei, st\u00e4rkt Akzeptanz und Stolz (ohne \u00dcberheblichkeit) auf den m\u00e4nnlichen Entwicklungsweges (mit Liebe und Respekt f\u00fcr das weibliche Geschlecht),<\/li>\n<li>harmonisiert Ausbr\u00fcche negativer Emotionen und Aggressionen &#8211; auch solche gegen\u00fcber geliebten Menschen,<\/li>\n<li>erm\u00f6glicht dem Anwender, tief in sich selbst zu schauen, in seine innere Welt, seine Seele einzutauchen und von reiner Energie und positiven Emotionen erf\u00fcllt zu werden,<\/li>\n<li>erh\u00f6ht das Energieniveau und die Aktivit\u00e4t des Mannes, st\u00e4rkt die sexuelle Energie,<\/li>\n<li>synchronisiert die Energien der subtilen Ebenen, harmonisiert die Gesamtstruktur des Biofelds, der Aura,<\/li>\n<li>setzt im Energetischen Prozesse der Regeneration und Verj\u00fcngung des K\u00f6rpers in Gang, normalisiert die Funktionen verschiedener Systeme und Organe, verbessert allgemein die Gesundheit und sexuelle Kraft,<\/li>\n<li>zielt auf energetischem Wege darauf ab, chronische M\u00fcdigkeit zu reduzieren, die Ausdauer zu steigern und den durch hormonelle Ungleichgewichte verursachten Stress zu reduzieren,<\/li>\n<li>hilft, die energetischen Beziehungen zwischen dem m\u00e4nnlichen und weiblichen Prinzip, zwischen Mann und Frau besser zu verstehen und zu ersp\u00fcren &#8211; deckt dabei auch das gesamte Spektrum der Emotionen ab: von der harmonischen Ann\u00e4herung bis zur spirituellen Einheit,<\/li>\n<li>st\u00e4rkt die v\u00e4terlichen Qualit\u00e4ten, hilft dabei, ein guter Vater und ein gutes Vorbild f\u00fcr Kinder zu sein und die eigene Rolle in der Familie wertzusch\u00e4tzen,<\/li>\n<li>hilft zu erkennen, dass Kommunikation auf der Grundlage von Liebe und Akzeptanz wichtig ist und nicht auf Lehren, Druck und jeglicher Form k\u00f6rperlicher oder emotionaler Gewalt, auch wenn diese noch so gut gemeint ist &#8211; gerade bei Kindern, unterst\u00fctzt so die Entwicklung einer harmonischen und respektvollen Beziehung zu Kindern jeden Alters,<\/li>\n<li>beseitigt Energiestau im Becken und im ersten Chakra bis in die Beine und \u00f6ffnet so die Kan\u00e4le der &#8222;Geburt&#8220; &#8211; Ziel ist es, negative Geburtserfahrungen und erfolglose Szenarien vergangener Beziehungen zu beseitigen, um vergangene Fehler nicht zu wiederholen,<\/li>\n<li>f\u00f6rdert die Entdeckung der kosmischen Gedankenform, die dabei hilft, sicher zu reisen, sich zu entspannen und jede Aktivit\u00e4t auszu\u00fcben, die im Einklang mit Wohl anderer Menschen und der Umwelt ist.<\/li>\n<\/ul>\n<p>TIPP 1: Das Armband kann in allen Lebensbereichen verwendet werden: bei der Arbeit, beim Sport, im Urlaub, in Beziehungen mit Familie und Freunden. Um die Yang-Energien (die wirklich m\u00e4nnlichen Energien) zu erwecken, f\u00fchren Sie beliebige Aktionen mit der rechten Hand aus: aktives Heben von Hanteln, eine \u00dcbung zum Ballen und L\u00f6sen der Handfl\u00e4che zur Faust etc.<\/p>\n<p>TIPP 2: Um seine Seelenaufgabe zu verstehen, legen Sie das Armband um und halten Sie diese Hand auf Ihr Herz-Chakra und wenden Sie sich an Ihre Seele mit der Bitte, Ihren Lebensweg zu verstehen.<\/p>\n<p>TIPP 3: Um M\u00e4nner-Krankheiten vorzubeugen und die Prostatafunktion zu normalisieren: Legen Sie das Armband auf die mittlere Zone der Nase auf und halten Sie gleichzeitig Ihre Aufmerksamkeit 3-5 Minuten lang in einem Abstand von etwa 30-50 cm \u00fcber Ihrem Kopf. Bewegen Sie dann das Armband abwechselnd von rechts nach links in den Bereich der Lippenwinkel und halten Sie Ihre Aufmerksamkeit auf den Bereich \u00fcber dem Kopf &#8211; es ist, als w\u00fcrde man sich selbst von oben betrachten. Gem\u00e4\u00df den Informationszonen des K\u00f6rpers sind beim Menschen die Lippenwinkel mit dem Fortpflanzungssystem und die Nasenmitte mit der Prostata und der Geb\u00e4rmutter verbunden. Unterst\u00fctzend k\u00f6nnen Sie noch die Platte &#8222;Liebe YANG&#8220; auf den Unterbach, auf das zweite Chakra legen.<\/p>\n<p>Um das zweite Chakra zu aktivieren, k\u00f6nnen Sie das Armband an Ihrer rechten Hand befestigen, w\u00e4rmen Sie dann Ihre Handfl\u00e4chen durch gegenseitiges Reiben auf und f\u00fchren Sie 1\u20133 Minuten lang kreisende Bewegungen im Uhrzeigersinn um das zweite Chakra aus.<\/p>\n<p>Um negative emotionale, energetische und karmische Verbindungen am zweiten Chakra zu l\u00f6sen, legen Sie die Platte &#8222;Nr.23&#8243; der Serie Gold auf das zweite Chakra und tragen Sie das Armband um Ihr Handgelenk.<\/p>\n<p>TIPP 4: Sie k\u00f6nnen das Armband gezielt f\u00fcr die Harmonisierung und Heilung der Yang-Organe nutzen:<\/p>\n<p>Lunge: Um die Gesundheit der Lunge zu verbessern, gibt es mit der Platte \u201eGesunde Lunge&#8220; (Serie Kollektion) und der Platte &#8222;Nr.5&#8220; aus der Serie Blau eine wirksame Praxis: Legen Sie das Armband \u201eSuperman\u201c um Ihr Handgelenk an, atmen Sie 3-5 Minuten lang tief ein und aus und dehnen Sie dabei die Brust nach vorn und hinten (am besten vor 5 Uhr morgens).<\/p>\n<p>Blase: Bei Blasenerkrankungen: legen oder tragen Sie mit einem Trageg\u00fcrtel die beiden Platten &#8222;Nr.2&#8243; der Serie Blau und \u201eNephrit&#8220; im Zeitraum von 15 bis 17 Uhr auf dem Unterbauch, dem zweiten Chakra, und tragen Sie das Armband um Ihr Handgelenk.<\/p>\n<p>Dickdarm: Zur Verbesserung der Gesundheit und zur aktiven Vorbeugung von Erkrankungen des Dickdarms legen oder tragen Sie von 5 bis 7 Uhr morgens die Platte &#8222;Nr.2&#8220; der Serie Blau auf dem Oberbach, drittes Chakra und tragen Sie das Armband um Ihr Handgelenk.<\/p>\n<p>D\u00fcnndarm: Um die Gesundheit des D\u00fcnndarms zu verbessern, befestigen Sie im Zeitraum von 13 bis 15 Uhr im Bereich des dritten Chakras die Platte &#8222;Nr.2&#8220; der blauen Serie und tragen Sie das Armband um Ihr Handgelenk.<\/p>\n<p>Gallenblase: Zur Verbesserung der Gesundheit und zur aktiven Vorbeugung von Gallenblasen-Erkrankungen legen oder tragen Sie im Zeitraum von 21 bis 22 Uhr im Bereich des dritten Chakras die Platte &#8222;Nr.2&#8220; der blauen Serie und tragen Sie das Armband um Ihr Handgelenk.<\/p>\n<p>ZUR BEACHTUNG: Zur Aktivierung von Wasser legen Sie das Armband um eine Flasche oder ein Glas, die Aktivierungszeit sollte mindestens 20 Minuten.<\/p>\n<p><em><strong>Wichtiger Hinweis:<\/strong><\/em><\/p>\n<p><em><strong>Wir weisen ausdr\u00fccklich darauf hin, dass die Kolzov-Platte (russische Bezeichnung: &#8222;Korrektoren des funktionalen Zustands&#8220;) ein alternatives Energie- und Informationsprodukt ist und kein Heilmittel im Sinne der westlichen Schulmedizin. Vielmehr ist es ein rein energetisches Hilfsmittel zur ganzheitlichen Balancierung von energetischen Disharmonien und Blockaden. Informationen \u00fcber Qualit\u00e4t und Eigenschaften des Energieobjekts beziehen sich auf Aussagen des russischen Herstellers und alternativen Theorien zu Mensch und Umwelt, auf alternative Anschauungen und esoterische \u00dcberlieferungen oder Aussagen. Sie gelten nur im Sinne der esoterischen Lebensphilosophie und daran angelehnte Alternativheilkunde. Wirkungen im Sinne westlicher Wissenschaft oder Medizin werden hier nicht behauptet.<\/strong><\/em><\/p>","protected":false},"excerpt":{"rendered":"<p>Kolzov-Armband &#8222;SUPERMAN&#8220;\u00a0(Ausgleich der Elemente-Energien, hilft Schwierigkeiten zu \u00fcberwinden und eine bessere Zukunft zu erschaffen &#8211; verleiht &#8222;Fl\u00fcgel&#8220;, f\u00fcr Hoffnung, Mut, m\u00e4nnliche St\u00e4rke und Leistung, Vitalit\u00e4t, Potenz) Das Armband hat eine&#8230;<\/p>","protected":false},"featured_media":2371,"comment_status":"open","ping_status":"closed","template":"","meta":[],"product_brand":[],"product_cat":[35],"product_tag":[218],"class_list":{"0":"post-2379","1":"product","2":"type-product","3":"status-publish","4":"has-post-thumbnail","6":"product_cat-fc-bracelets","7":"product_tag-218","9":"first","10":"instock","11":"taxable","12":"shipping-taxable","13":"purchasable","14":"product-type-simple"},"_links":{"self":[{"href":"https:\/\/vigo-rio.com\/en\/wp-json\/wp\/v2\/product\/2379","targetHints":{"allow":["GET"]}}],"collection":[{"href":"https:\/\/vigo-rio.com\/en\/wp-json\/wp\/v2\/product"}],"about":[{"href":"https:\/\/vigo-rio.com\/en\/wp-json\/wp\/v2\/types\/product"}],"replies":[{"embeddable":true,"href":"https:\/\/vigo-rio.com\/en\/wp-json\/wp\/v2\/comments?post=2379"}],"wp:featuredmedia":[{"embeddable":true,"href":"https:\/\/vigo-rio.com\/en\/wp-json\/wp\/v2\/media\/2371"}],"wp:attachment":[{"href":"https:\/\/vigo-rio.com\/en\/wp-json\/wp\/v2\/media?parent=2379"}],"wp:term":[{"taxonomy":"product_brand","embeddable":true,"href":"https:\/\/vigo-rio.com\/en\/wp-json\/wp\/v2\/product_brand?post=2379"},{"taxonomy":"product_cat","embeddable":true,"href":"https:\/\/vigo-rio.com\/en\/wp-json\/wp\/v2\/product_cat?post=2379"},{"taxonomy":"product_tag","embeddable":true,"href":"https:\/\/vigo-rio.com\/en\/wp-json\/wp\/v2\/product_tag?post=2379"}],"curies":[{"name":"wp","href":"https:\/\/api.w.org\/{rel}","templated":true}]}}