{"id":2378,"date":"2026-01-21T20:55:28","date_gmt":"2026-01-21T20:55:28","guid":{"rendered":"https:\/\/vigo-rio.com\/?post_type=product&#038;p=2378"},"modified":"2026-04-14T21:59:27","modified_gmt":"2026-04-14T21:59:27","slug":"fc-super-mom-wristband","status":"publish","type":"product","link":"https:\/\/vigo-rio.com\/en\/product\/fc-super-mom-wristband\/","title":{"rendered":"FC Supermama Armband \/ Super-Mom Wristband"},"content":{"rendered":"<div><strong>Kolzov-Armband &#8222;SUPER-MOM&#8220;\u00a0(Schutz, Hilfe und Unterst\u00fctzung f\u00fcr jede Mutter, sorgt f\u00fcr ausreichend Energien in jeder Lage, reduziert Stress und Stress-Symptome, st\u00e4rkt die weibliche Energie und das Selbstvertrauen, verbessert Harmonie und Verst\u00e4ndnis zwischen Frau und Mann, l\u00f6scht Negatives)<\/strong><\/div>\n<p><em>Das Armband hat eine variable Tragel\u00e4nge von 16,5cm-24,5cm.<\/em><\/p>\n<p><em>Das Armband ist nur in grau erh\u00e4ltlich.\u00a0<\/em><em>Es tr\u00e4gt innen die eingepr\u00e4gte russische Aufschrift: \u00ab\u0421\u0423\u041f\u0415\u0420\u041c\u0410\u041c\u0410\u00bb<\/em><\/p>\n<div><\/div>\n<div>Das Armband \u201e Super-Mom\u201c ist Schutz, Hilfe und Unterst\u00fctzung f\u00fcr jede Mutter: es harmonisiert den Zustand der Mutter in K\u00f6rper, Geist und Seele, verbessert die Harmonie zwischen Mutter und Kind, Partner und Eltern. Das Armband hilft M\u00fcttern, sich w\u00e4hrend des Schlafs gut auszuruhen, gut zu schlafen und sich zu entspannen (auch bei kleinen Kindern und kurzen Schlafphasen). Tragen Sie tags\u00fcber ein Armband und nehmen Sie die Hand des Kindes oder nehmen Sie es in den Arm, damit sich die Energie auch auf das Kind \u00fcbertr\u00e4gt. Das Armband kann auch bei Kindern mit Entwicklungsschwierigkeiten und Verhaltensst\u00f6rungen (ADS\/ADHS, Hyperaktivit\u00e4t, Autismus-Spektrum usw.) eingesetzt werden.<\/div>\n<div>Die Mutter ist die wichtigste Person im Leben eines Kindes. W\u00e4hrend des gesamten Lebens schenkt die Mutter ihren eigenen Kindern bedingungslose Liebe, F\u00fcrsorge und Unterst\u00fctzung, unabh\u00e4ngig von ihren Taten. Sie spielt eine Schl\u00fcsselrolle bei der Pers\u00f6nlichkeitsbildung des Kindes und in den Beziehungen zu den Menschen in seiner Umgebung. Die Rolle der Mutter in unserem Leben ist von unsch\u00e4tzbarem Wert und eine gl\u00fcckliche Mutter, kann dem Kind leichter einen positiven Start ins Leben vermitteln. Das Armband &#8222;Super-Mom&#8220; ist hierbei eine enorme Unterst\u00fctzung.<\/div>\n<div>Das Armband enth\u00e4lt acht Speicherchips mit vier verschiedenen Themen: je zwei Chips mit den Informationen der Kolzov-Platten: \u201ePortal der Tr\u00e4ume\u201c (Serie Elite 8-Elemente), \u201eHimmlische F\u00fcrbitte\u201c (Serie Elite), \u201eTransformation (Serie Elite), \u201eBewahrer des Lebens\u201c (Serie Elite).<\/div>\n<div><\/div>\n<div>\n<p><em>Die Aussagen beziehen sich auf alternative Testmethoden wie Meridianenergie-Messungen der Organfunktionskreisl\u00e4ufe nach TCM, Kirlian-Fotografie (EPG\/GDV-Kamera), Oberon, Amsat o.\u00e4. durch den Hersteller &#8222;Planet der Regionen&#8220; und stellen keine medizinische oder auf den physischen K\u00f6rper und dessen Organe bezogenen Aussage im Sinne der westlichen Schulmedizin dar.<\/em><\/p>\n<p><strong>Das Armband ist in diesem Sinne vor allem geeignet f\u00fcr:<\/strong><\/p>\n<\/div>\n<div><\/div>\n<ul>\n<li>hilft M\u00fcttern, die an sich selbst zweifeln und sich f\u00fcr eine &#8222;schlechte Mutter\u201c halten,<\/li>\n<li>hilft dabei, eine Balance und Harmonie zwischen Mutterschaft, Familie und Selbstverwirklichung zu finden,<\/li>\n<li>lehrt Frauen, ihre verschiedenen soziale Rollen &#8211; Mutter, Ehefrau\/Partnerin, Freundin &#8211; energetisch zu trennen, schnell zu wechseln und aus einem angemessenen Zustand heraus zu kommunizieren, wodurch Freundschaft und Liebe erhalten bleiben,<\/li>\n<li>st\u00e4rkt einen harmonischen Ausgleich in den Beziehungen zwischen verschiedenen Generationen in der Familie, hilft beim Aufbau von gegenseitigem Verst\u00e4ndnis, Harmonie, Frieden, Freude und Ruhe,<\/li>\n<li>hilft bei der Arbeit mit der Ahnenlinie, dem Ahnenfeld, bei der Blockierung negativer Programme fr\u00fcherer Inkarnationen und bei der L\u00f6sung karmischer Aufgaben,<\/li>\n<li>tr\u00e4gt zum Entstehen einer warmen und gem\u00fctlichen Atmosph\u00e4re bei, einem echten \u201eZuhause\u201c als einem Ort, an dem sich ein Kind willkommen und besch\u00fctzt f\u00fchlt, an den es jederzeit zur\u00fcckkehren kann, an dem es immer akzeptiert, unterst\u00fctzt und verstanden wird und von den Energien bedingungsloser Liebe, F\u00fcrsorge, Toleranz und Verst\u00e4ndnis umgeben wird,<\/li>\n<li>hilft, das eigene Kind als unabh\u00e4ngige Pers\u00f6nlichkeit zu akzeptieren und auch angenommenen Kindern die Liebe und F\u00fcrsorge zu schenken, die sie so sehr brauchen,<\/li>\n<li>f\u00f6rdert die harmonische Einheit von Mann und Frau, unterst\u00fctzt die Beziehung, die Freude an der Kommunikation und an echter N\u00e4he,<\/li>\n<li>hilft Frauen, ihre wahre Natur zu offenbaren, den Zugang zu ihren eigenen weiblichen Energien und Manifestationen zu erlangen und in ein gl\u00fcckliches Leben zu entfalten &#8211; denn eine gl\u00fcckliche Mutter ist das beste Vorbild f\u00fcr Kinder, um die Werte Liebe, F\u00fcrsorge, Familie, Partnerschaft und Respekt zu erfahren,<\/li>\n<li>aktiviert das gesamte Energiesystem und n\u00e4hrt die Energiezentren (Chakras), stellt die Integrit\u00e4t der Biofeldes (der Aura) wieder her, reinigt alle Energiek\u00f6rper von negativen Botschaften, vom Druck negativer Emotionen, Gedanken, verschiedenen Programmen jeglicher Herkunft, einschlie\u00dflich Selbstinteraktionen (Unzufriedenheit mit sich selbst, Verurteilung der eigenen Person), verwandelt Wut in G\u00fcte, Neid in Wohlwollen, Wut in Barmherzigkeit,<\/li>\n<li>sanft und ohne Druck hilft das Armband, aus einem \u201eemotionalen Tal\u201c herauszukommen &#8211; aus Depression, Apathie, Passivit\u00e4t im Leben, Gef\u00fchl tiefer Verzweiflung und Einsamkeit &#8211; und verleiht Hoffnung, Mut und Aktivit\u00e4t f\u00fcr positive Ver\u00e4nderungen in sich selbst, um mit neuen Gedanken und Ideen im Zustand der Integrit\u00e4t und Freude erfolgreich durchs Leben zu gehen,<\/li>\n<li>beseitigt die Angewohnheit, negative Bilder von der Zukunft aufzubauen, st\u00e4rkt die F\u00e4higkeit, sich selbst zu reflektieren, seine Emotionen und Sprache zu kontrollieren und sich in der Gesellschaft auszudr\u00fccken,<\/li>\n<li>sch\u00fctzt und besch\u00fctzt in der Stunde der Not und in lebensgef\u00e4hrlichen Zeiten, vermittelt Schutz und Halt im Leben, hilft zu bewahren, was der Benutzer bereits hat (sowohl spirituell als auch materiell),<\/li>\n<li>hilft, Aggression und J\u00e4hzorn bei M\u00e4nnern zu verringern,<\/li>\n<li>st\u00e4rkt die Freiheit zu lieben und ein erf\u00fclltes Leben zu f\u00fchren, erf\u00fcllt Seele und Gedanken mit kristallklarer Reinheit und gesegneter Stille,<\/li>\n<li>unterst\u00fctzt die Harmonisierung der Gehirnh\u00e4lften-Aktivit\u00e4ten, st\u00e4rkt die Kreativit\u00e4t und die Entwicklung neuer Sichtweisen auf das Leben und die stattfindenden Ereignisse,<\/li>\n<li>verleiht die F\u00e4higkeit, die eigenen Tr\u00e4ume zu kontrollieren (Klartr\u00e4umen, luzides Tr\u00e4umen) &#8211; der Anwender erlangt das Verst\u00e4ndnis daf\u00fcr, dass alle Antworten in einem selbst liegen und man nur die F\u00e4higkeit haben muss, zu h\u00f6ren und auf die eigene Intuition und die Botschaft der Tr\u00e4ume zu h\u00f6ren, hilft dabei zu unterscheiden, was \u00e4u\u00dfere Einfl\u00fcsse und Illusionen sind und was echte Zeichen des H\u00f6heren Selbst und h\u00f6herer M\u00e4chte sind,<\/li>\n<li>unterst\u00fctzt energetisch die Regeneration und Heilung im Schlaf, erm\u00f6glicht eine gute Erholung und Entspannung sowie die Wiederherstellung der k\u00f6rperlichen und geistigen Kr\u00e4fte,<\/li>\n<li>unterst\u00fctzt energetisch die Aktivierung die Verj\u00fcngung und die Verl\u00e4ngerung des aktiven Lebensalters,<\/li>\n<li>harmonisiert die Funktion des Zentralnervensystems, reduziert nerv\u00f6se und psychische Spannungen, versetzt in einen Zustand der Harmonie und erm\u00f6glicht es, jede Situation angemessen einzusch\u00e4tzen,<\/li>\n<li>hilft bei Kopfschmerzen und Schlaflosigkeit, die infolge einer \u00dcberlastung des Nervensystems, einer emotionalen oder k\u00f6rperlichen \u00dcberlastung, Burnout entstanden sind,<\/li>\n<li>wirkt entz\u00fcndungshemmend bei Erkrankungen des Bewegungsapparates (Arthritis, Arthrose, Schleimbeutelentz\u00fcndung usw. auch nach Traumata und Verletzungen), hilft bei der Wiederherstellung des Knorpelgewebes und hat bei l\u00e4ngerer Anwendung eine leichte schmerzstillende Wirkung,<\/li>\n<li>wirkt entz\u00fcndungshemmend bei Erkrankungen der kleinen Beckenorgane, einschlie\u00dflich solcher, die durch eine sitzende Lebensweise entstanden sind,<\/li>\n<li>tr\u00e4gt zur Verbesserung der Mikrozirkulation im Gef\u00e4\u00dfsystem bei und zur Entspannung der glatten Muskulatur bei Erkrankungen des Nervensystems bei &#8211; das Armband kann daher auch als begleitende Unterst\u00fctzung bei Muskelversteifungen (Zerebralparese, MS, L\u00e4hmungen und Paresen) sowie nach einem Schlaganfall und nach traumatischen Hirnverletzungen verwendetet werden,<\/li>\n<li>hilft als unterst\u00fctzende energetische Ma\u00dfnahme bei Erkrankungen der Schilddr\u00fcse und der Stimmb\u00e4nder und hat eine allgemein harmonisierende Wirkung auf das f\u00fcnfte Chakra, das Hals-Chakra.<\/li>\n<\/ul>\n<div><\/div>\n<div><\/div>\n<div>TIPP 1: Bei Konflikten zwischen Mutter und Kind sollte die Mutter das Armband &#8222;Super-Mom&#8220; tragen und das Kind einer der darin enthaltenen Platten verwenden (z.B. &#8222;Portal der Tr\u00e4ume\u201c unter das Kopfkissen legen, das Wasser von der Platte &#8222;Transformation&#8220; trinken). Die gleichen Energien in Platte und zweien der Chips im Armband verbessern die M\u00f6glichkeit, miteinander in Verbindung zu treten, sich wieder gegenseitig zuzuh\u00f6ren und ein gegenseitiges Verst\u00e4ndnis aufzubauen,<\/div>\n<div>TIPP 2: Nutzen Sie das Armband in Gebeten und Meditationen und appellieren Sie an h\u00f6here M\u00e4chte mit Bitten um Heilung, Vergebung, Akzeptanz, Befreiung, spirituelle Einsichten. Tragen Sie das Armband an jener Hand, mit der Sie ihr Kind an die Hand nehmen, es streicheln, segnen etc. Sie k\u00f6nnen das geschlossene Armband auch auf das Foto des Kindes legen.<\/div>\n<div>TIPP 3: Zum Energetsiseren von Wasser legt man das geschlossene Armband um ein Glas oder eine Wasserflasche.<\/div>\n<div><\/div>\n<p>ZUR BEACHTUNG: Zur Aktivierung von Wasser legen Sie das Armband um eine Flasche oder ein Glas, die Aktivierungszeit sollte mindestens 20 Minuten.<\/p>\n<p><em><strong>Wichtiger Hinweis:<\/strong><\/em><\/p>\n<p><em><strong>Wir weisen ausdr\u00fccklich darauf hin, dass die Kolzov-Platte (russische Bezeichnung: &#8222;Korrektoren des funktionalen Zustands&#8220;) ein alternatives Energie- und Informationsprodukt ist und kein Heilmittel im Sinne der westlichen Schulmedizin. Vielmehr ist es ein rein energetisches Hilfsmittel zur ganzheitlichen Balancierung von energetischen Disharmonien und Blockaden. Informationen \u00fcber Qualit\u00e4t und Eigenschaften des Energieobjekts beziehen sich auf Aussagen des russischen Herstellers und alternativen Theorien zu Mensch und Umwelt, auf alternative Anschauungen und esoterische \u00dcberlieferungen oder Aussagen. Sie gelten nur im Sinne der esoterischen Lebensphilosophie und daran angelehnte Alternativheilkunde. Wirkungen im Sinne westlicher Wissenschaft oder Medizin werden hier nicht behauptet.<\/strong><\/em><\/p>","protected":false},"excerpt":{"rendered":"<p>Kolzov-Armband &#8222;SUPER-MOM&#8220;\u00a0(Schutz, Hilfe und Unterst\u00fctzung f\u00fcr jede Mutter, sorgt f\u00fcr ausreichend Energien in jeder Lage, reduziert Stress und Stress-Symptome, st\u00e4rkt die weibliche Energie und das Selbstvertrauen, verbessert Harmonie und Verst\u00e4ndnis&#8230;<\/p>","protected":false},"featured_media":2371,"comment_status":"open","ping_status":"closed","template":"","meta":[],"product_brand":[],"product_cat":[35],"product_tag":[219],"class_list":{"0":"post-2378","1":"product","2":"type-product","3":"status-publish","4":"has-post-thumbnail","6":"product_cat-fc-bracelets","7":"product_tag-219","9":"first","10":"outofstock","11":"taxable","12":"shipping-taxable","13":"purchasable","14":"product-type-simple"},"_links":{"self":[{"href":"https:\/\/vigo-rio.com\/en\/wp-json\/wp\/v2\/product\/2378","targetHints":{"allow":["GET"]}}],"collection":[{"href":"https:\/\/vigo-rio.com\/en\/wp-json\/wp\/v2\/product"}],"about":[{"href":"https:\/\/vigo-rio.com\/en\/wp-json\/wp\/v2\/types\/product"}],"replies":[{"embeddable":true,"href":"https:\/\/vigo-rio.com\/en\/wp-json\/wp\/v2\/comments?post=2378"}],"wp:featuredmedia":[{"embeddable":true,"href":"https:\/\/vigo-rio.com\/en\/wp-json\/wp\/v2\/media\/2371"}],"wp:attachment":[{"href":"https:\/\/vigo-rio.com\/en\/wp-json\/wp\/v2\/media?parent=2378"}],"wp:term":[{"taxonomy":"product_brand","embeddable":true,"href":"https:\/\/vigo-rio.com\/en\/wp-json\/wp\/v2\/product_brand?post=2378"},{"taxonomy":"product_cat","embeddable":true,"href":"https:\/\/vigo-rio.com\/en\/wp-json\/wp\/v2\/product_cat?post=2378"},{"taxonomy":"product_tag","embeddable":true,"href":"https:\/\/vigo-rio.com\/en\/wp-json\/wp\/v2\/product_tag?post=2378"}],"curies":[{"name":"wp","href":"https:\/\/api.w.org\/{rel}","templated":true}]}}