{"id":2377,"date":"2026-01-21T20:48:42","date_gmt":"2026-01-21T20:48:42","guid":{"rendered":"https:\/\/vigo-rio.com\/?post_type=product&#038;p=2377"},"modified":"2026-02-02T13:56:16","modified_gmt":"2026-02-02T13:56:16","slug":"fc-peacemaker-wristband","status":"publish","type":"product","link":"https:\/\/vigo-rio.com\/en\/product\/fc-peacemaker-wristband\/","title":{"rendered":"FC Friedensstifte Armband \/ Peacemaker Wristband"},"content":{"rendered":"<p><strong>Kolzov-Armband &#8222;FRIEDENSSTIFTER&#8220;\u00a0&#8211; (baut Konflikte ab, f\u00fcr die Schaffung eines besseren Umfelds f\u00fcr jeden Menschen)<\/strong><\/p>\n<p><em>Das Armband hat die Farbe grau und hat eine variable Tragel\u00e4nge von 16,5cm-24,5cm.<br \/>\n<\/em><\/p>\n<p><em>Das Armband tr\u00e4gt innen die Aufschrift: \u041c\u0418\u0420\u041e\u0422\u0412\u041e\u0420\u0415\u0426<\/em><\/p>\n<p>Dieses Armband wurde speziell f\u00fcr die gegenw\u00e4rtige Situation auf unserem Planeten geschaffen: Es baut Spannungen und Konflikte zwischen den Menschen ab, hilft Gemeinsamkeiten und eine gemeinsame &#8222;Sprache&#8220; zu finden. Es hilft \u00c4ngste zu \u00fcberwinden und schafft einen Raum f\u00fcr Verst\u00e4ndnis, F\u00fcrsorge und Liebe. So sorgt es daf\u00fcr, das man in allen Wechself\u00e4llen des Lebens ein Mensch bleiben kann &#8211; Freundlichkeit und Liebe zu erschaffen und nicht zu zerst\u00f6ren, ist ein Indikator und Merkmal von hochschwingenden Menschen. Ein Friedensstifter im Leben zu sein bedeutet, mitf\u00fchlend und einf\u00fchlsam zu sein, das Leben zu sch\u00e4tzen und sich nicht \u00fcber den Tod einer Person zu freuen. Der Anwender des Armbands wird darin unterst\u00fctzt, einen Raum voller Freundlichkeit zu erschaffen. Friedensstifter zu sein ist keine Berufung, sondern eine Geisteshaltung. Und es ist in keiner Weise mit Alter, Religion, Rasse oder Nationalit\u00e4t identifiziert, sondern h\u00e4ngt von der Weisheit und dem Wunsch jedes Menschen ab, Liebe und G\u00fcte um ihn herum mit seinen Handlungen, Gedanken und Worten zu mehren. Je mehr Friedenstifter es gibt, desto besser wird die Lage in der Welt sein. &#8222;Du bist in der Welt und die Welt ist in Dir&#8230;&#8220;.<br \/>\nDas Tragen des Armbandes wirkt auf den Tr\u00e4ger und dieser strahlt die Energie aus. Man kann diese friedensstiftende Wirkung erg\u00e4nzen durch das Aufstellen von drei Platten zum &#8222;Energiehaus&#8220;, mit jenen Platten wie sie auch im Armband verwendet werden &#8211; also mit &#8222;Frieden&#8220;, &#8222;Kosaken-Quelle&#8220; und &#8222;Wahrhaftige Liebe&#8220; (oder anderen wie &#8222;Kraft der Eintracht&#8220;, &#8222;Himmlische F\u00fcrbitte&#8220;, &#8222;Erwachen der Seele&#8220;, &#8222;Renaissance&#8220; etc.) -, dann wird diese befriedende Energie laut Kolzov kilometerweit ausgestrahlt.<\/p>\n<p>In den heutigen schwierigen Zeiten besch\u00e4ftigt das Thema des Schutzes von Leib und Leben, Gemeinschaft und Lebensraum vor \u00e4u\u00dferen Bedrohungen Millionen von Menschen auf der ganzen Welt. Die kombinierte Anwendung der beiden Armb\u00e4nder &#8222;Friedensstifter&#8220; und &#8222;Verteidiger&#8220; ist hier eine wertvolle energetische Hilfe.<\/p>\n<p>Auf dem Kolzov-Armband &#8222;Friedensstifter&#8220; sind die Informationen der folgenden Kolzov-Platten gespeichert: &#8222;Frieden&#8220;, &#8222;Kosaken-Quelle&#8220;, &#8222;Sieger&#8220; und &#8222;Wahrhaftige Liebe&#8220;<\/p>\n<p><em>Die Aussagen beziehen sich auf alternative Testmethoden wie Meridianenergie-Messungen der Organfunktionskreisl\u00e4ufe nach TCM, Kirlian-Fotografie (EPG\/GDV-Kamera), Oberon, Amsat o.\u00e4. durch den Hersteller &#8222;Planet der Regionen&#8220; und stellen keine medizinische oder auf den physischen K\u00f6rper und dessen Organe bezogenen Aussage im Sinne der westlichen Schulmedizin dar.<\/em><\/p>\n<p><strong>Das Armband ist in diesem Sinne vor allem geeignet f\u00fcr:<\/strong><\/p>\n<ul>\n<li>hilft Spannungen in der Gesellschaft, in Gemeinschaften und Gruppen von Menschen abzubauen, schafft ein g\u00fcnstiges Feld f\u00fcr positive Kommunikation und Interaktion,<\/li>\n<li>hilft dem Benutzer, den inneren Zustand von Angst, Verwirrung, Angst vor der Ungewissheit von Situationen, Ereignissen, dem Stand der Dinge im Leben und der Umwelt zu beseitigen, um auf die beste Weise einen Ausweg aus der aktuellen Situation zu finden,<\/li>\n<li>tr\u00e4gt zur Beseitigung von Konflikten auf verschiedenen Ebenen bei &#8211; beginnend mit dem inneren Zustand des Anwenders und endend mit der Gesellschaft -, verwandelt alle Probleme und negativen Manifestationen des Lebens in ein positives Ergebnis,<\/li>\n<li>tr\u00e4gt dazu bei, den Benutzer und den umgebenden Raum mit Harmonie, kreativer positiver Energie und den h\u00f6heren Lichtschwingungen wahrer Liebe zu f\u00fcllen,<\/li>\n<li>\u00fcbertr\u00e4gt den inneren Zustand von Frieden und Liebe in die \u00e4u\u00dfere Umgebung und erm\u00f6glicht es dem Benutzer, einen energetisch hellen Raum um sich herum zu schaffen und in friedlichen Lebensbedingungen zu leben,<\/li>\n<li>f\u00f6rdert die Entwicklung einer f\u00fcrsorglichen Haltung gegen\u00fcber Menschen, Tieren und Natur, erh\u00f6hte die Sensibilit\u00e4t und die F\u00e4higkeit sich auf sein Umfeld einzustimmen,<\/li>\n<li>f\u00fcllt mit Lebensenergie, erh\u00f6ht das Energieniveau, hilft die k\u00f6rperliche Aktivit\u00e4t bei l\u00e4ngerem erh\u00f6htem Stress aufrechtzuerhalten, reinigt den K\u00f6rper von angesammelter negativer mentaler Energie und hellt tr\u00fcbe Stimmungen auf,<\/li>\n<li>hilft dabei, die Integrit\u00e4t der Pers\u00f6nlichkeit des Benutzers in verschiedenen Stresssituationen zu bewahren, lindert \u00c4ngste, moralische Depressionen, Niedergeschlagenheit, Apathie und die negative emotionale Beteiligung an Erfahrungen,<\/li>\n<li>st\u00e4rkt die Bewusstheit und Achtsamkeit, das Bewusstsein f\u00fcr die eigenen Handlungen und getroffenen Entscheidungen, und hilft dabei in einem Zustand der F\u00fclle, von Freude, Gl\u00fcck und Freundlichkeit zu leben,<\/li>\n<li>st\u00e4rkt die besten Eigenschaften eines Menschen, erf\u00fcllt mit Hoffnung, gibt Vertrauen in das Beste, er\u00f6ffnet den Zugang zum wahren Sinn des Lebens, erf\u00fcllt mit dem Zustand, Ver\u00e4nderungen zu akzeptieren und die Pl\u00e4ne des Universums zu verk\u00f6rpern,<\/li>\n<li>zielt darauf ab, traumatische Emotionen zu heilen, hilft, die Beziehungen zwischen verschiedenen Generationen &#8211; Eltern und Kindern &#8211; zu harmonisieren; hilft Gemeinsamkeiten und eine gemeinsame Sprache f\u00fcr alle Menschen zu finden<\/li>\n<li>hilft dabei, eine gew\u00fcnschte gl\u00fcckliche Realit\u00e4t zu erschaffen.<\/li>\n<\/ul>\n<p>ZUR BEACHTUNG: Zur Aktivierung von Wasser legen Sie das Armband um eine Flasche oder ein Glas, die Aktivierungszeit sollte mindestens 6 Stunden betragen.<\/p>\n<p><em><u>Ergebnis im LIFE-TEST:<\/u>\u00a0Die Kolzov-Armband &#8222;Friedensstifter&#8220; hat ein neutrales Energiefeld mit 40 000 Bovis. Damit aktiviert sie Stirn- und das Solarplexus-Chakra auf 40 000 Bovis. Das Kronen- und das Wurzel-Chakra steigen auf ebenfalls hohe 35 000 Bovis, Herz-Chakra und Blase-\/Sexual-Chakra auf 28 000 Bovis und das Wurzel-Chakra steigt auf 7000 Bovis. Durch die Aufladung der Chakras w\u00e4chst der bioenergetische Reaktionsabstand von zirka 75 Zentimetern um den K\u00f6rper auf 1,50 Meter.<\/em><\/p>\n<p><em><strong>Wichtiger Hinweis:<br \/>\nWir weisen ausdr\u00fccklich darauf hin, dass die Kolzov-Platte (russische Bezeichnung: &#8222;Korrektoren des funktionalen Zustands&#8220;) ein alternatives Energie- und Informationsprodukt ist und kein Heilmittel im Sinne der westlichen Schulmedizin. Vielmehr ist es ein rein energetisches Hilfsmittel zur ganzheitlichen Balancierung von energetischen Disharmonien und Blockaden. Informationen \u00fcber Qualit\u00e4t und Eigenschaften des Energieobjekts beziehen sich auf Aussagen des russischen Herstellers und alternativen Theorien zu Mensch und Umwelt, auf alternative Anschauungen und esoterische \u00dcberlieferungen oder Aussagen. Sie gelten nur im Sinne der esoterischen Lebensphilosophie und daran angelehnte Alternativheilkunde. Wirkungen im Sinne westlicher Wissenschaft oder Medizin werden hier nicht behauptet.<\/strong><\/em><\/p>","protected":false},"excerpt":{"rendered":"<p>Kolzov-Armband &#8222;FRIEDENSSTIFTER&#8220;\u00a0&#8211; (baut Konflikte ab, f\u00fcr die Schaffung eines besseren Umfelds f\u00fcr jeden Menschen) Das Armband hat die Farbe grau und hat eine variable Tragel\u00e4nge von 16,5cm-24,5cm. Das Armband tr\u00e4gt&#8230;<\/p>","protected":false},"featured_media":2371,"comment_status":"open","ping_status":"closed","template":"","meta":[],"product_brand":[],"product_cat":[35],"product_tag":[220],"class_list":{"0":"post-2377","1":"product","2":"type-product","3":"status-publish","4":"has-post-thumbnail","6":"product_cat-fc-bracelets","7":"product_tag-220","9":"first","10":"instock","11":"taxable","12":"shipping-taxable","13":"purchasable","14":"product-type-simple"},"_links":{"self":[{"href":"https:\/\/vigo-rio.com\/en\/wp-json\/wp\/v2\/product\/2377","targetHints":{"allow":["GET"]}}],"collection":[{"href":"https:\/\/vigo-rio.com\/en\/wp-json\/wp\/v2\/product"}],"about":[{"href":"https:\/\/vigo-rio.com\/en\/wp-json\/wp\/v2\/types\/product"}],"replies":[{"embeddable":true,"href":"https:\/\/vigo-rio.com\/en\/wp-json\/wp\/v2\/comments?post=2377"}],"wp:featuredmedia":[{"embeddable":true,"href":"https:\/\/vigo-rio.com\/en\/wp-json\/wp\/v2\/media\/2371"}],"wp:attachment":[{"href":"https:\/\/vigo-rio.com\/en\/wp-json\/wp\/v2\/media?parent=2377"}],"wp:term":[{"taxonomy":"product_brand","embeddable":true,"href":"https:\/\/vigo-rio.com\/en\/wp-json\/wp\/v2\/product_brand?post=2377"},{"taxonomy":"product_cat","embeddable":true,"href":"https:\/\/vigo-rio.com\/en\/wp-json\/wp\/v2\/product_cat?post=2377"},{"taxonomy":"product_tag","embeddable":true,"href":"https:\/\/vigo-rio.com\/en\/wp-json\/wp\/v2\/product_tag?post=2377"}],"curies":[{"name":"wp","href":"https:\/\/api.w.org\/{rel}","templated":true}]}}