{"id":2376,"date":"2026-01-21T20:47:19","date_gmt":"2026-01-21T20:47:19","guid":{"rendered":"https:\/\/vigo-rio.com\/?post_type=product&#038;p=2376"},"modified":"2026-03-01T09:46:34","modified_gmt":"2026-03-01T09:46:34","slug":"fc-overcoming-wristband","status":"publish","type":"product","link":"https:\/\/vigo-rio.com\/en\/product\/fc-overcoming-wristband\/","title":{"rendered":"FC \u00dcberwindung Armband \/ Overcoming Wristband"},"content":{"rendered":"<p><strong>Kolzov-Armband \u201e\u00dcBERWINDUNG\u201c\u00a0&#8211; (f\u00fcr innere Harmonie und Seelenfrieden, L\u00f6sen von \u00c4ngsten und Traumata)<br \/>\n<\/strong><\/p>\n<p><em>Das Armband hat die Farbe grau und hat eine variable Tragel\u00e4nge von 16,5cm-24,5cm. Das Armband\u00a0tr\u00e4gt innen die eingepr\u00e4gte russische Aufschrift: \u041f\u0420\u0415\u041e\u0414\u041e\u041b\u0415\u041d\u0418\u0415<\/em><\/p>\n<p>Jeder Mensch erlebt in seinem Leben Schmerzen, Gefahren, \u00c4ngste und Schocks, die sich im Nervensystem, im Zellged\u00e4chtnis und in Reaktionsmustern festsetzen k\u00f6nnen oder sogar als psycho-emotionale Ausl\u00f6ser zu Erkrankungen f\u00fchren k\u00f6nnen. Bleibende \u00c4ngste und Phobien k\u00f6nnen das Leben eines Menschen erheblich beeintr\u00e4chtigen und das Erreichen der gew\u00fcnschten Lebensziele verhindern. Das Kolzov-Armband &#8222;\u00dcBERWINDUNG&#8220; ist ein Garant f\u00fcr einen besseren Seelenfrieden. Es hilft dabei, zugrunde liegende Ursachen f\u00fcr Gesundheitsprobleme auf k\u00f6rperlicher, psychisch-emotionaler und geistiger Ebene zu erkennen, zu verstehen und aufzul\u00f6sen. Das Armband ist nicht nur f\u00fcr Erwachsene sondern auch f\u00fcr Kinder geeignet.<\/p>\n<p>Das Kolzov-Armband &#8222;\u00dcBERWINDUNG&#8220; enth\u00e4lt die Themen der Kolzov-Platten: &#8222;Nr. 11 Gesunde Lebensweise&#8220; (serie VIOLETT), &#8222;Nr.17 Wiederbelebung&#8220; (Serie GOLD), &#8222;Unfall-Schutz&#8220; (Serie EFFIZIENT), &#8222;Quelle der drei Heiligen Hierarchen&#8220; (Serie ELITE).<\/p>\n<p><em>Die Aussagen beziehen sich auf alternative Testmethoden wie Meridianenergie-Messungen der Organfunktionskreisl\u00e4ufe nach TCM, Kirlian-Fotografie (EPG\/GDV-Kamera), Oberon, Amsat o.\u00e4. durch den Hersteller &#8222;Planet der Regionen&#8220; und stellen keine medizinische oder auf den physischen K\u00f6rper und dessen Organe bezogenen Aussage im Sinne der westlichen Schulmedizin dar.<br \/>\n<\/em><\/p>\n<p><strong>Das Armband ist in diesem Sinne vor allem geeignet f\u00fcr:<\/strong><\/p>\n<ul>\n<li>vermittelt Seelenfrieden, innere Harmonie und Ausgeglichenheit,<\/li>\n<li>hilft dabei, die zugrunde liegenden Ursachen f\u00fcr Gesundheitsprobleme auf k\u00f6rperlicher, psychisch-emotionaler und geistiger Ebene zu erkennen und zu verstehen,<\/li>\n<li>hilft, das menschliche Biofeld zu reinigen und verschiedene negative Programme auf der Ebene des Geist-Seele-K\u00f6rpers zu l\u00f6schen,<\/li>\n<li>hilft im Energetischen dabei, \u00c4ngste, Phobien, Traumata und andere psychologische und emotionale Belastungen und St\u00f6rungen aufzul\u00f6sen (u.a. neurotische St\u00f6rungen, Depressionen, Stresszust\u00e4nde, posttraumatische Belastungsst\u00f6rungen, emotionale Erregungs- oder Unterdr\u00fcckungszust\u00e4nde aller Emotionen, \u00c4ngste),<\/li>\n<li>unterst\u00fctzt auf energetischem Wege damit verbundene hormonelle Entgleisungen zu regulieren, wie etwa die Produktion von Adrenalin, und tr\u00e4gt so zu einem normalen Blutdruck bei,<\/li>\n<li>hilft vorbeugend und regulierend bei neurovegetativen St\u00f6rungen wie Schlaflosigkeit, Kopfschmerzen, Verschlechterung des Allgemeinzustands, vegetativ-vaskul\u00e4re Dystonie usw.,<\/li>\n<li>st\u00e4rkt durch die verbesserte Balance des Nerven- und Hormonsystems auch die Abwehrkr\u00e4fte und beugt einer allgemeinen Anf\u00e4lligkeit f\u00fcr Krankheiten und saisonalen Erkrankungen (Grippe, SARS, ARI) vor,<\/li>\n<li>reduziert durch eine bessere psycho-emotionale Stabilit\u00e4t auch potenzielle Unfallgefahren, verringert den Drang zu Genussgiften wie Alkohol, Nikotin, Drogen und anderen schlechte Gewohnheiten wie \u00fcberm\u00e4\u00dfiges Essen usw.<\/li>\n<\/ul>\n<p>ZUR BEACHTUNG: Zur Aktivierung von Wasser legen Sie das Armband um eine Flasche oder ein Glas, die Aktivierungszeit sollte mindestens 4 Stunden betragen.<\/p>\n<p><em><u>Ergebnis im LIFE-TEST:<\/u>\u00a0Das Kolzov-Armband &#8222;\u00dcberwindung&#8220; hat ein neutrales Energiefeld von 40 000 Bovis. Das Herz-Chakra und das Solarplexus-Chakra steigen auf enorme 40 000 Bovis. Scheitel-Chakra und Hals-Chakra vervierfachen ihre Energie auf 28 000 Bovis. Stirn-, Blasen-\/Sexual-Chakra und Wurzel-Chakra verdreifachen ihre Energie auf 21 000 Bovis.<br \/>\nDie Aufladung der Chakras bewirkt eine Ausdehnung des gesamten Energiefeldes: der bioenergetische Reaktionsabstand w\u00e4chst von 75 Zentimetern um den K\u00f6rper auf 1,25 Meter.<\/em><\/p>\n<p><strong><em>Wichtiger Hinweis:<br \/>\nWir weisen ausdr\u00fccklich darauf hin, dass die Kolzov-Platte (russische Bezeichnung: &#8222;Korrektoren des funktionalen Zustands&#8220;) ein alternatives Energie- und Informationsprodukt ist und kein Heilmittel im Sinne der westlichen Schulmedizin. Vielmehr ist es ein rein energetisches Hilfsmittel zur ganzheitlichen Balancierung von energetischen Disharmonien und Blockaden. Informationen \u00fcber Qualit\u00e4t und Eigenschaften des Energieobjekts beziehen sich auf Aussagen des russischen Herstellers und alternativen Theorien zu Mensch und Umwelt, auf alternative Anschauungen und esoterische \u00dcberlieferungen oder Aussagen. Sie gelten nur im Sinne der esoterischen Lebensphilosophie und daran angelehnte Alternativheilkunde. Wirkungen im Sinne westlicher Wissenschaft oder Medizin werden hier nicht behauptet.<\/em><\/strong><\/p>","protected":false},"excerpt":{"rendered":"<p>Kolzov-Armband \u201e\u00dcBERWINDUNG\u201c\u00a0&#8211; (f\u00fcr innere Harmonie und Seelenfrieden, L\u00f6sen von \u00c4ngsten und Traumata) Das Armband hat die Farbe grau und hat eine variable Tragel\u00e4nge von 16,5cm-24,5cm. Das Armband\u00a0tr\u00e4gt innen die eingepr\u00e4gte&#8230;<\/p>","protected":false},"featured_media":2371,"comment_status":"open","ping_status":"closed","template":"","meta":[],"product_brand":[],"product_cat":[35],"product_tag":[221],"class_list":{"0":"post-2376","1":"product","2":"type-product","3":"status-publish","4":"has-post-thumbnail","6":"product_cat-fc-bracelets","7":"product_tag-221","9":"first","10":"instock","11":"taxable","12":"shipping-taxable","13":"purchasable","14":"product-type-simple"},"_links":{"self":[{"href":"https:\/\/vigo-rio.com\/en\/wp-json\/wp\/v2\/product\/2376","targetHints":{"allow":["GET"]}}],"collection":[{"href":"https:\/\/vigo-rio.com\/en\/wp-json\/wp\/v2\/product"}],"about":[{"href":"https:\/\/vigo-rio.com\/en\/wp-json\/wp\/v2\/types\/product"}],"replies":[{"embeddable":true,"href":"https:\/\/vigo-rio.com\/en\/wp-json\/wp\/v2\/comments?post=2376"}],"wp:featuredmedia":[{"embeddable":true,"href":"https:\/\/vigo-rio.com\/en\/wp-json\/wp\/v2\/media\/2371"}],"wp:attachment":[{"href":"https:\/\/vigo-rio.com\/en\/wp-json\/wp\/v2\/media?parent=2376"}],"wp:term":[{"taxonomy":"product_brand","embeddable":true,"href":"https:\/\/vigo-rio.com\/en\/wp-json\/wp\/v2\/product_brand?post=2376"},{"taxonomy":"product_cat","embeddable":true,"href":"https:\/\/vigo-rio.com\/en\/wp-json\/wp\/v2\/product_cat?post=2376"},{"taxonomy":"product_tag","embeddable":true,"href":"https:\/\/vigo-rio.com\/en\/wp-json\/wp\/v2\/product_tag?post=2376"}],"curies":[{"name":"wp","href":"https:\/\/api.w.org\/{rel}","templated":true}]}}