{"id":2375,"date":"2026-01-21T20:46:24","date_gmt":"2026-01-21T20:46:24","guid":{"rendered":"https:\/\/vigo-rio.com\/?post_type=product&#038;p=2375"},"modified":"2026-04-01T16:01:27","modified_gmt":"2026-04-01T16:01:27","slug":"fc-magnate-winner-man-wristband","status":"publish","type":"product","link":"https:\/\/vigo-rio.com\/en\/product\/fc-magnate-winner-man-wristband\/","title":{"rendered":"FC Magnat Armband \/ Magnate Wristband"},"content":{"rendered":"<p><strong>Kolzov-Armband \u201eMAGNAT\/SIEGER&#8220; (Mann)<\/strong><\/p>\n<p><em>Das Armband hat die Farbe grau und hat eine variable Tragel\u00e4nge von 16,5cm-24,5cm. Das Armband\u00a0tr\u00e4gt innen die eingepr\u00e4gte russische Aufschrift: \u041c\u0410\u0413\u041d\u0410\u0422<\/em><\/p>\n<p>Das Armband &#8222;MAGNAT&#8220;\/&#8220;SIEGER&#8220; (M\u00e4nner-Armband) hilft in verschiedenen Bereichen des Lebens Erfolge zu erzielen und erh\u00f6ht das Niveau der physischen, emotionalen, intellektuellen und spirituellen Energie. Das Armband kann von M\u00e4nnern und Frauen getragen werden, traditionell gelten die Eigenschaften als &#8222;m\u00e4nnlich, daher bezeichnet der russische Hersteller es auch als &#8222;M\u00e4nner-Armband&#8220;, aber es sind keine hormonellen Informationen enthalten.<\/p>\n<p>Ein &#8222;Magnat&#8220; ist ein bedeutender &#8222;gro\u00dfer Mann&#8220;, das hei\u00dft ein hervorragender, edler F\u00fchrer. Wer danach strebt, im Leben erfolgreich und ein Sieger zu sein und sein Schicksal selbst zu steuern, den unterst\u00fctzt dieses Armband in optimaler Weise. Es hilft, seinen Einfluss und seinen Wohlstand zu vermehren, unterst\u00fctzt in der Selbst\u00e4ndigkeit im Beruf und generell im Leben. Pers\u00f6nliches und berufliches Wachstum, die innerliche und nach au\u00dfen gehende Entwicklung sind notwendige Faktoren, um sich als F\u00fchrungsperson f\u00fcr den Aufbau eines starken Teams zu etablieren. Die Suche und Anziehung von neuen Partnern, Verhandlungen und Vertragsabschl\u00fcsse sind Phasen des Aufbaus eines erfolgreichen Gesch\u00e4fts. Und in diesem Prozess finden Sie den richtigen Assistenten in dem Armband &#8222;MAGNAT&#8220;\/&#8220;SIEGER&#8220;. Es hilft, die Ausstrahlung einer nat\u00fcrlichen F\u00fchrungsperson im positivem Sinne zu entwickeln und als &#8222;Sieger&#8220; hervorzugehen.<br \/>\nDas Armband &#8222;MAGNAT&#8220;\/&#8220;SIEGER&#8220; (M\u00e4nner-Armband) enth\u00e4lt die Themen der Kolzov-Platten: &#8222;F\u00fclle und Erfolg&#8220;, &#8222;Fortuna&#8220;, &#8222;Goldenen Sand&#8220; und &#8222;Sdrawa&#8220;.<\/p>\n<p>Die Aussagen beziehen sich auf alternative Testmethoden wie Meridianenergie-Messungen der Organfunktionskreisl\u00e4ufe nach TCM, Kirlian-Fotografie (EPG\/GDV-Kamera), Oberon, Amsat o.\u00e4. durch den Hersteller &#8222;Planet der Regionen&#8220; und stellen keine medizinische oder auf den physischen K\u00f6rper und dessen Organe bezogenen Aussage im Sinne der westlichen Schulmedizin dar.<\/p>\n<p><strong>Das Armband ist in diesem Sinne vor allem geeignet f\u00fcr:<\/strong><\/p>\n<ul>\n<li>F\u00f6rdert die Verbesserung der finanziellen, wirtschaftlichen Situation und schafft einen Energie-Informationsschutz im Berufs- und Gesch\u00e4ftsleben.<\/li>\n<li>Erh\u00f6ht das Niveau des finanziellen Wohlstands und zieht energetisch materiellen und spirituellen Reichtum an.<\/li>\n<li>Aktiviert das innere Potenzial zum Erreichen der gesetzten Ziele, erleichtert die Realisierung von W\u00fcnschen und Absichten.<\/li>\n<li>Erh\u00f6ht die F\u00e4higkeit zu lernen und Informationen zu verarbeiten.<\/li>\n<li>F\u00f6rdert die Entwicklung von Intuition und Kreativit\u00e4t.<\/li>\n<li>Harmonisiert die Funktion beider Hirnh\u00e4lften, unterst\u00fctzt deren Aktivierung und Synchronisierung (Hemisph\u00e4ren-Synchronisation).<\/li>\n<li>St\u00e4rkt die kognitiven Kr\u00e4fte und reduziert den Stress und hilft allgemein, den emotionalen Zustand zu harmonisieren.<\/li>\n<li>Lindert Kopfschmerzen unterschiedlicher Herkunft, verbessert und regeneriert die Durchblutung des Gehirns, normalisiert des Hirndruck, bringt Erleichterung bei Schwindelanf\u00e4llen und tr\u00e4gt insgesamt zur Regenerierung der Hirnfunktionen bei.<\/li>\n<li>Hat eine allgemeine heilende und verj\u00fcngende Wirkung auf den gesamten Organismus, auf K\u00f6rper, Geist und Seele.<\/li>\n<\/ul>\n<p>Das Armband &#8222;MAGNAT&#8220;\/&#8220;SIEGER&#8220; hilft, das unbest\u00e4ndige Gl\u00fccksrad des Lebens in ein zuverl\u00e4ssiges Ruder des zu steuernden Schiffes zu verwandeln! Erreichen Sie ihre Ziele wie ein erfolgreicher Kapit\u00e4n die Meere durchpfl\u00fcgt und setzen Sie sich an Spitze.<\/p>\n<p>ZUR BEACHTUNG: Zur Aktivierung von Wasser legen Sie das Armband um eine Flasche oder ein Glas, die Aktivierungszeit sollte mindestens 2 Stunden betragen.<\/p>\n<p><em><u>Ergebnis im LIFE-TEST:\u00a0<\/u>Das Armband &#8222;Magnat\/Sieger &#8211; Mann&#8220; hat ein neutrales Energiefeld mit mehr als 40 000 Bovis. Damit aktiviert es sogar 4 Chakras auf \u00fcber 40 000 Bovis: Kronen, Herz-, Solarplexus- und Wurzel-Chakra. Das Hals-Chakra steigt auf 28 000 und das und Blasen-\/Sexual-Chakra auf 14 000 Bovis. Dabei werden zudem die drei Chakras auf elektrische Polarit\u00e4t gebracht: Hals-, Herz- und Blasen-\/Sexual-Chakra.<\/em><\/p>\n<p><strong><em>Wichtiger Hinweis:<br \/>\nWir weisen ausdr\u00fccklich darauf hin, dass die Kolzov-Platte (russische Bezeichnung: &#8222;Korrektoren des funktionalen Zustands&#8220;) ein alternatives Energie- und Informationsprodukt ist und kein Heilmittel im Sinne der westlichen Schulmedizin. Vielmehr ist es ein rein energetisches Hilfsmittel zur ganzheitlichen Balancierung von energetischen Disharmonien und Blockaden. Informationen \u00fcber Qualit\u00e4t und Eigenschaften des Energieobjekts beziehen sich auf Aussagen des russischen Herstellers und alternativen Theorien zu Mensch und Umwelt, auf alternative Anschauungen und esoterische \u00dcberlieferungen oder Aussagen. Sie gelten nur im Sinne der esoterischen Lebensphilosophie und daran angelehnte Alternativheilkunde. Wirkungen im Sinne westlicher Wissenschaft oder Medizin werden hier nicht behauptet.<\/em><\/strong><\/p>","protected":false},"excerpt":{"rendered":"<p>Kolzov-Armband \u201eMAGNAT\/SIEGER&#8220; (Mann) Das Armband hat die Farbe grau und hat eine variable Tragel\u00e4nge von 16,5cm-24,5cm. Das Armband\u00a0tr\u00e4gt innen die eingepr\u00e4gte russische Aufschrift: \u041c\u0410\u0413\u041d\u0410\u0422 Das Armband &#8222;MAGNAT&#8220;\/&#8220;SIEGER&#8220; (M\u00e4nner-Armband) hilft in&#8230;<\/p>","protected":false},"featured_media":2371,"comment_status":"open","ping_status":"closed","template":"","meta":[],"product_brand":[],"product_cat":[35],"product_tag":[222],"class_list":{"0":"post-2375","1":"product","2":"type-product","3":"status-publish","4":"has-post-thumbnail","6":"product_cat-fc-bracelets","7":"product_tag-222","9":"first","10":"instock","11":"taxable","12":"shipping-taxable","13":"purchasable","14":"product-type-simple"},"_links":{"self":[{"href":"https:\/\/vigo-rio.com\/en\/wp-json\/wp\/v2\/product\/2375","targetHints":{"allow":["GET"]}}],"collection":[{"href":"https:\/\/vigo-rio.com\/en\/wp-json\/wp\/v2\/product"}],"about":[{"href":"https:\/\/vigo-rio.com\/en\/wp-json\/wp\/v2\/types\/product"}],"replies":[{"embeddable":true,"href":"https:\/\/vigo-rio.com\/en\/wp-json\/wp\/v2\/comments?post=2375"}],"wp:featuredmedia":[{"embeddable":true,"href":"https:\/\/vigo-rio.com\/en\/wp-json\/wp\/v2\/media\/2371"}],"wp:attachment":[{"href":"https:\/\/vigo-rio.com\/en\/wp-json\/wp\/v2\/media?parent=2375"}],"wp:term":[{"taxonomy":"product_brand","embeddable":true,"href":"https:\/\/vigo-rio.com\/en\/wp-json\/wp\/v2\/product_brand?post=2375"},{"taxonomy":"product_cat","embeddable":true,"href":"https:\/\/vigo-rio.com\/en\/wp-json\/wp\/v2\/product_cat?post=2375"},{"taxonomy":"product_tag","embeddable":true,"href":"https:\/\/vigo-rio.com\/en\/wp-json\/wp\/v2\/product_tag?post=2375"}],"curies":[{"name":"wp","href":"https:\/\/api.w.org\/{rel}","templated":true}]}}