{"id":2374,"date":"2026-01-21T20:43:30","date_gmt":"2026-01-21T20:43:30","guid":{"rendered":"https:\/\/vigo-rio.com\/?post_type=product&#038;p=2374"},"modified":"2026-04-01T16:01:27","modified_gmt":"2026-04-01T16:01:27","slug":"fc-health-navigator-wristband","status":"publish","type":"product","link":"https:\/\/vigo-rio.com\/en\/product\/fc-health-navigator-wristband\/","title":{"rendered":"FC Gesundheitsnavigator Armband \/ Health Navigator Wristband"},"content":{"rendered":"<p><strong>Kolzov-Armband \u201eGESUNDHEITS- NAVIGATOR\u201c\u00a0&#8211; (f\u00fcr mehr Gesundheit, Anti-Stress und gute Laune, f\u00fcr Leber, Galle, Magen und Darm, bei Darmentz\u00fcndungen )<\/strong><\/p>\n<p><em>Das Armband hat die Farbe grau und hat eine variable Tragel\u00e4nge von 16,5cm-24,5cm.<br \/>\nDas Armband tr\u00e4gt innen die eingepr\u00e4gte russische Aufschrift: \u041d\u0410\u0412\u0418\u0413\u0410\u0422\u041e\u0420 \u0417\u0414\u041e\u0420\u041e\u0412\u042c\u042f<\/em><\/p>\n<p>Eine gesunde Lebensweise ist das &#8222;A und O&#8220; f\u00fcr Gesunderhaltung, Heilung und geistige Fitness in der Jugend ebenso wie im Alter. Aber in den heutigen Zeiten mit viel Stress f\u00e4llt es nicht immer leicht, sich gesund zu ern\u00e4hren, gen\u00fcgend zu bewegen und emotional stabil zu bleiben. Hier gibt das Armband &#8222;Gesundheits-Navigator&#8220; energetische Unterst\u00fctzung &#8211; sowohl im K\u00f6rperlichen wie etwa f\u00fcr die Verdauung als auch im Geistigen und Seelisch-Emotionalen wie ein Anti-Sucht-Unterst\u00fctzung und Anregung f\u00fcr mehr Bewusstheit und Spiritualit\u00e4t.<br \/>\nDas Kolzov-Armband &#8222;Gesundheits-Navigator &#8220; enth\u00e4lt die Themen der Kolzov-Platten: aus der Serie &#8222;BLAU&#8220; die Platten Nr.2 (Entgiftung, Reinigung) und Nr. 5 (Rehabilitation, Organe und Vitalaufbau), aus der Serie &#8222;VIOLETT&#8220; die Platte Nr.11 &#8222;Gesunde Lebensweise&#8220; und aus der Serie &#8222;EFFIZIENT&#8220; die Platte &#8222;Quelle Shambala&#8220;.<\/p>\n<p><em>Die Aussagen beziehen sich auf alternative Testmethoden wie Meridianenergie-Messungen der Organfunktionskreisl\u00e4ufe nach TCM, Kirlian-Fotografie (EPG\/GDV-Kamera), Oberon, Amsat o.\u00e4. durch den Hersteller &#8222;Planet der Regionen&#8220; und stellen keine medizinische oder auf den physischen K\u00f6rper und dessen Organe bezogenen Aussage im Sinne der westlichen Schulmedizin dar.<\/em><\/p>\n<p><strong>Das Armband ist in diesem Sinne vor allem geeignet f\u00fcr:<\/strong><\/p>\n<ul>\n<li>normalisiert und regeneriert im Energetischen die Funktionskr\u00e4fte von Leber und Galle,<\/li>\n<li>f\u00f6rdert die Entgiftungsfunktion der Leber und unterst\u00fctzt allgemein die Reinigung und &#8222;Entschlackung&#8220; des K\u00f6rpers,<\/li>\n<li>hilft, die Funktion des Magen-Darm-Traktes zu regenerieren, unterst\u00fctzt die Produktion von Verdauungsenzymen und verbessert die Peristaltik,<\/li>\n<li>hilft bei den unterschiedlichsten entz\u00fcndlichen Prozessen im K\u00f6rper,<\/li>\n<li>unterst\u00fctzt energetisch einen gesunden Stoffwechsel,<\/li>\n<li>erh\u00f6ht die Stressresistenz, normalisiert den emotionalen Hintergrund und wirkt beruhigend,<\/li>\n<li>hilft, sich bei k\u00f6rperlichen oder emotionalen Belastungen schneller zu regenerieren,<\/li>\n<li>tr\u00e4gt zur Entwicklung von Abneigung gegen verschiedene sch\u00e4dliche und suchterzeugende Substanzen bei (Alkohol, Tabak usw.) und hilft so S\u00fcchte loszulassen,<\/li>\n<li>hilft, die eigene innere Quelle der Kraft zu erschlie\u00dfen und die wahre Spiritualit\u00e4t zu entwickeln, erh\u00f6ht den energetischen Schwingungszustand und beseitigt Hindernisse auf dem Weg spirituellem Wachstums.<\/li>\n<\/ul>\n<p>ZUR BEACHTUNG: Zur Aktivierung von Wasser legen Sie das Armband um eine Flasche oder ein Glas, die Aktivierungszeit sollte mindestens 5 Minuten betragen.<\/p>\n<p><em><u>Ergebnis im LIFE-TEST:<\/u>\u00a0Das Armband &#8222;Gesundheits-Navigator&#8220; hat ein neutrales Energiefeld mit 40 000 Bovis. Damit aktiviert es gleich 3 Chakras ganz enorm: das Kronen-Chakra, das Stirn-Chakra und das Wurzel-Chakra steigen auf 40 000 &#8211; und auch das Blasen-\/Sexual-Chakra wird mit 35 000 Bovis noch stark aktiviert. Das Solarplexus-Chakra vervierfacht noch seine Energie auf 28 000 Bovis, das Hals-Chakra steigt auf 21 000 Bovis und das Herz-Chakra auf 14 000 Bovis. Dabei dehnt sich auch das gesamte Energiefeld, der bioenergetische Reaktionsabstand, von 75 Zentimetern um den K\u00f6rper auf 1,80 Meter aus!<\/em><\/p>\n<p><strong><em>Wichtiger Hinweis:<br \/>\nWir weisen ausdr\u00fccklich darauf hin, dass die Kolzov-Platte (russische Bezeichnung: &#8222;Korrektoren des funktionalen Zustands&#8220;) ein alternatives Energie- und Informationsprodukt ist und kein Heilmittel im Sinne der westlichen Schulmedizin. Vielmehr ist es ein rein energetisches Hilfsmittel zur ganzheitlichen Balancierung von energetischen Disharmonien und Blockaden. Informationen \u00fcber Qualit\u00e4t und Eigenschaften des Energieobjekts beziehen sich auf Aussagen des russischen Herstellers und alternativen Theorien zu Mensch und Umwelt, auf alternative Anschauungen und esoterische \u00dcberlieferungen oder Aussagen. Sie gelten nur im Sinne der esoterischen Lebensphilosophie und daran angelehnte Alternativheilkunde. Wirkungen im Sinne westlicher Wissenschaft oder Medizin werden hier nicht behauptet.<\/em><\/strong><\/p>","protected":false},"excerpt":{"rendered":"<p>Kolzov-Armband \u201eGESUNDHEITS- NAVIGATOR\u201c\u00a0&#8211; (f\u00fcr mehr Gesundheit, Anti-Stress und gute Laune, f\u00fcr Leber, Galle, Magen und Darm, bei Darmentz\u00fcndungen ) Das Armband hat die Farbe grau und hat eine variable Tragel\u00e4nge&#8230;<\/p>","protected":false},"featured_media":2371,"comment_status":"open","ping_status":"closed","template":"","meta":[],"product_brand":[],"product_cat":[35],"product_tag":[223],"class_list":{"0":"post-2374","1":"product","2":"type-product","3":"status-publish","4":"has-post-thumbnail","6":"product_cat-fc-bracelets","7":"product_tag-223","9":"first","10":"instock","11":"taxable","12":"shipping-taxable","13":"purchasable","14":"product-type-simple"},"_links":{"self":[{"href":"https:\/\/vigo-rio.com\/en\/wp-json\/wp\/v2\/product\/2374","targetHints":{"allow":["GET"]}}],"collection":[{"href":"https:\/\/vigo-rio.com\/en\/wp-json\/wp\/v2\/product"}],"about":[{"href":"https:\/\/vigo-rio.com\/en\/wp-json\/wp\/v2\/types\/product"}],"replies":[{"embeddable":true,"href":"https:\/\/vigo-rio.com\/en\/wp-json\/wp\/v2\/comments?post=2374"}],"wp:featuredmedia":[{"embeddable":true,"href":"https:\/\/vigo-rio.com\/en\/wp-json\/wp\/v2\/media\/2371"}],"wp:attachment":[{"href":"https:\/\/vigo-rio.com\/en\/wp-json\/wp\/v2\/media?parent=2374"}],"wp:term":[{"taxonomy":"product_brand","embeddable":true,"href":"https:\/\/vigo-rio.com\/en\/wp-json\/wp\/v2\/product_brand?post=2374"},{"taxonomy":"product_cat","embeddable":true,"href":"https:\/\/vigo-rio.com\/en\/wp-json\/wp\/v2\/product_cat?post=2374"},{"taxonomy":"product_tag","embeddable":true,"href":"https:\/\/vigo-rio.com\/en\/wp-json\/wp\/v2\/product_tag?post=2374"}],"curies":[{"name":"wp","href":"https:\/\/api.w.org\/{rel}","templated":true}]}}