{"id":2372,"date":"2026-01-21T20:39:07","date_gmt":"2026-01-21T20:39:07","guid":{"rendered":"https:\/\/vigo-rio.com\/?post_type=product&#038;p=2372"},"modified":"2026-02-02T13:56:48","modified_gmt":"2026-02-02T13:56:48","slug":"fc-fitness","status":"publish","type":"product","link":"https:\/\/vigo-rio.com\/en\/product\/fc-fitness\/","title":{"rendered":"FC Fitness Armband\/ Fitness Wristband"},"content":{"rendered":"<p><strong>Kolzov-Armband \u201eFITNESS\u201c &#8211;\u00a0<\/strong><strong>(f\u00fcr Fitness, Ausdauer, Aktivit\u00e4t , St\u00e4rkung der Wirbels\u00e4ule und Gelenke)<\/strong><\/p>\n<p><em>Das Armband ist grau und hat eine variable Tragel\u00e4nge von 16,5cm-24,5cm.<br \/>\nDas Armband tr\u00e4gt innen die eingepr\u00e4gte russische Aufschrift: \u0424\u0418\u0422\u041d\u0415\u0421<\/em><\/p>\n<p>Das Kolzov-Armband &#8222;FITNESS&#8220; zielt darauf ab, die Ausdauer des K\u00f6rpers zu erh\u00f6hen, die k\u00f6rperliche Aktivit\u00e4t wiederherzustellen, die Wirbels\u00e4ule und die Gelenke zu st\u00e4rken. Das Kolzov-Armband &#8222;FITNESS&#8220; wird Ihnen eine hilfreiche St\u00fctze auf Ihrem Lebensweg und zu Ihren Zielen sein!<\/p>\n<p>&#8222;In einem gesunden K\u00f6rper wohnt ein gesunder Geist&#8220; &#8211; dieser gefl\u00fcgelte Ausdruck erinnert uns, wie wichtig es ist, alle Komponenten der menschlichen Gesundheit in harmonischen Einklang zu bringen. Das Kolzov-Armband &#8222;FITNESS&#8220; unterst\u00fctzt sie darin, einen aktiven gesunden Lebensstil zu f\u00fchren, auf ihren K\u00f6rper und ihre Vitalit\u00e4t zu achten, sich gen\u00fcgend zu bewegen und im Sport zu engagieren. Es hilft dabei, auf seine Figur zu achten, beweglich und &#8222;in Form&#8220; zu bleiben. Wer sich seinen vitalen Schwung und gute Laune bewahren oder zur\u00fcck gewinnen m\u00f6chte, dem wird das Kolzov-Armband &#8222;FITNESS&#8220; ein ausgezeichneter Helfer und treue Begleiter sein. Es intensiviert auf energetischem Wege die Wirkung jedes Trainings, so dass schon eine regelm\u00e4\u00dfige straffe Wanderung wie ein echtes Workout wirkt.<br \/>\nDas Kolzov-Armband &#8222;FITNESS&#8220; enth\u00e4lt die Themen der Kolzov-Platten: &#8222;Machtvolles Wasser&#8220;, &#8222;Sieger&#8220;, &#8222;Goldener Schnitt&#8220; (russ. &#8222;Verj\u00fcngender Apfel&#8220;) und der violetten Kolzov-Platte Nr.10 &#8222;Gesunde Gelenke&#8220;.<\/p>\n<p><em>Die Aussagen beziehen sich auf alternative Testmethoden wie Meridianenergie-Messungen der Organfunktionskreisl\u00e4ufe nach TCM, Kirlian-Fotografie (EPG\/GDV-Kamera), Oberon, Amsat o.\u00e4. durch den Hersteller &#8222;Planet der Regionen&#8220; und stellen keine medizinische oder auf den physischen K\u00f6rper und dessen Organe bezogenen Aussage im Sinne der westlichen Schulmedizin dar.<\/em><\/p>\n<p><strong>Das Armband ist in diesem Sinne vor allem geeignet f\u00fcr:<\/strong><\/p>\n<ul>\n<li>F\u00f6rdert die Erhaltung k\u00f6rperlicher Aktivit\u00e4t, erh\u00f6ht die Ausdauer des K\u00f6rpers f\u00fcr langfristigen Stress und sorgt f\u00fcr schnelle Regeneration der Kr\u00e4fte nach Anstrengungen oder bei Rehabilitation.<\/li>\n<li>F\u00f6rdert die Aufrichtung der Wirbels\u00e4ule, bringt die Bandscheiben in eine normale physiologische Position und hilft bei Bandscheibenvorf\u00e4llen, Schwund und Bruch der Bandscheiben (Zwischenwirbelhernie).<\/li>\n<li>Tr\u00e4gt effizient zur St\u00e4rkung der R\u00fccken-, St\u00fctz und Bauchmuskulatur bei.<\/li>\n<li>Stimuliert die Regeneration der Gelenke, f\u00f6rdert die Durchblutung und verhindert entz\u00fcndliche Prozesse.<\/li>\n<li>Erh\u00f6ht die Festigkeit und Dichte des Knochengewebes, verhindert krankhafte Ver\u00e4nderungen des Knorpelgewebes.<\/li>\n<li>Harmonisiert das Nervensystem und erh\u00f6ht die Widerstandsf\u00e4higkeit gegen Stress.<\/li>\n<li>Stimuliert die Hirnt\u00e4tigkeit, normalisiert Herz-Kreislauf-System, Atmung, Hormon- und Immunsystem im gesamten K\u00f6rper.<\/li>\n<li>F\u00f6rdert die Verj\u00fcngung des K\u00f6rpers.<\/li>\n<\/ul>\n<p>ZUR BEACHTUNG: Zur Aktivierung von Wasser legen Sie das Armband um eine Flasche oder ein Glas, die Aktivierungszeit sollte mindestens 40 Minuten betragen.<\/p>\n<p><em><u>Ergebnis im LIFE-TEST:\u00a0<\/u>Das Armband &#8222;Fitness&#8220; hat ein neutrales Energiefeld mit mehr als 40 000 Bovis. Damit aktiviert es insbesondere das Stirn-Chakra und das Solarplexus-Chakra auf 40 000 Bovis (letzteres mit elektrischer Polarit\u00e4t), Kronen-, Hals- und Wurzel-Chakra steigen auf 21 000 Bovis und Herz- und Blasen-\/Sexual-Chakra auf 14 000 Bovis.<\/em><\/p>\n<p><em><\/p>\n<p><\/em><\/p>\n<p><strong><em>Wichtiger Hinweis:<br \/>\nWir weisen ausdr\u00fccklich darauf hin, dass die Kolzov-Platte (russische Bezeichnung: &#8222;Korrektoren des funktionalen Zustands&#8220;) ein alternatives Energie- und Informationsprodukt ist und kein Heilmittel im Sinne der westlichen Schulmedizin. Vielmehr ist es ein rein energetisches Hilfsmittel zur ganzheitlichen Balancierung von energetischen Disharmonien und Blockaden. Informationen \u00fcber Qualit\u00e4t und Eigenschaften des Energieobjekts beziehen sich auf Aussagen des russischen Herstellers und alternativen Theorien zu Mensch und Umwelt, auf alternative Anschauungen und esoterische \u00dcberlieferungen oder Aussagen. Sie gelten nur im Sinne der esoterischen Lebensphilosophie und daran angelehnte Alternativheilkunde. Wirkungen im Sinne westlicher Wissenschaft oder Medizin werden hier nicht behauptet.<\/em><\/strong><\/p>","protected":false},"excerpt":{"rendered":"<p>Kolzov-Armband \u201eFITNESS\u201c &#8211;\u00a0(f\u00fcr Fitness, Ausdauer, Aktivit\u00e4t , St\u00e4rkung der Wirbels\u00e4ule und Gelenke) Das Armband ist grau und hat eine variable Tragel\u00e4nge von 16,5cm-24,5cm. Das Armband tr\u00e4gt innen die eingepr\u00e4gte russische&#8230;<\/p>","protected":false},"featured_media":2371,"comment_status":"open","ping_status":"closed","template":"","meta":[],"product_brand":[],"product_cat":[35],"product_tag":[225],"class_list":{"0":"post-2372","1":"product","2":"type-product","3":"status-publish","4":"has-post-thumbnail","6":"product_cat-fc-bracelets","7":"product_tag-225","9":"first","10":"instock","11":"taxable","12":"shipping-taxable","13":"purchasable","14":"product-type-simple"},"_links":{"self":[{"href":"https:\/\/vigo-rio.com\/en\/wp-json\/wp\/v2\/product\/2372","targetHints":{"allow":["GET"]}}],"collection":[{"href":"https:\/\/vigo-rio.com\/en\/wp-json\/wp\/v2\/product"}],"about":[{"href":"https:\/\/vigo-rio.com\/en\/wp-json\/wp\/v2\/types\/product"}],"replies":[{"embeddable":true,"href":"https:\/\/vigo-rio.com\/en\/wp-json\/wp\/v2\/comments?post=2372"}],"wp:featuredmedia":[{"embeddable":true,"href":"https:\/\/vigo-rio.com\/en\/wp-json\/wp\/v2\/media\/2371"}],"wp:attachment":[{"href":"https:\/\/vigo-rio.com\/en\/wp-json\/wp\/v2\/media?parent=2372"}],"wp:term":[{"taxonomy":"product_brand","embeddable":true,"href":"https:\/\/vigo-rio.com\/en\/wp-json\/wp\/v2\/product_brand?post=2372"},{"taxonomy":"product_cat","embeddable":true,"href":"https:\/\/vigo-rio.com\/en\/wp-json\/wp\/v2\/product_cat?post=2372"},{"taxonomy":"product_tag","embeddable":true,"href":"https:\/\/vigo-rio.com\/en\/wp-json\/wp\/v2\/product_tag?post=2372"}],"curies":[{"name":"wp","href":"https:\/\/api.w.org\/{rel}","templated":true}]}}