{"id":2370,"date":"2026-01-21T20:37:35","date_gmt":"2026-01-21T20:37:35","guid":{"rendered":"https:\/\/vigo-rio.com\/?post_type=product&#038;p=2370"},"modified":"2026-02-02T13:56:55","modified_gmt":"2026-02-02T13:56:55","slug":"fc-renewal","status":"publish","type":"product","link":"https:\/\/vigo-rio.com\/en\/product\/fc-renewal\/","title":{"rendered":"FC Erneuerung Armband \/ Renewal Wristband"},"content":{"rendered":"<p><strong>Kolzov-Armband \u201eERNEUERUNG\u201c\u00a0&#8211; (f\u00fcr Reinigung, Entgiftung und Entschlackung des K\u00f6rpers, Wiederherstellung der Gesundheit)<\/strong><\/p>\n<p><em>Das Armband hat die Farbe grau und hat eine variable Tragel\u00e4nge von 16,5cm-24,5cm.<br \/>\nDas Armband tr\u00e4gt innen die eingepr\u00e4gte russische Aufschrift: \u041e\u0411\u041d\u041e\u0412\u041b\u0415\u041d\u0418\u0415<\/em><\/p>\n<p>Eine ausreichende st\u00e4ndige Entgiftung und Entschlackung des Organismus sind f\u00fcr die Erhaltung der Gesundheit von zentraler Bedeutung. Je \u00e4lter wir werden, desto mehr Schadstoffe reichern sich in unserem K\u00f6rper an. Hinzu k\u00f6nnen unbemerkte Belastungen mit Parasiten kommen, die sich beispielsweise durch h\u00e4ufige Kopfschmerzen, M\u00fcdigkeit, Energiemangel, Verdauungsprobleme und verschiedene chronische Erkrankungen zeigen k\u00f6nnen. Umso wichtiger ist es, die wirksame Reinigung des K\u00f6rpers von allem Unn\u00f6tigen und Sch\u00e4dlichen tagt\u00e4glich zu unterst\u00fctzen &#8211; dies ist das Ziel des neuen Armbandes &#8222;Erneuerung&#8220;.<\/p>\n<p>Das Kolzov-Armband &#8222;ERNEUERUNG&#8220; enth\u00e4lt die Themen der Kolzov-Platten: &#8222;Nr.1 Anti-Parasiten und Grundregulation 1&#8220;, &#8222;Nr.2 &#8211; &#8222;Entgiften, Detox und Grundregulation 2&#8220; (Serie BLAU), &#8222;Amaranth (Serie GR\u00dcN) sowie die Informationen des Wassers der Heilquelle \u201eBagiata\u201c in S\u00fcdossetien.<\/p>\n<p><em>Die Aussagen beziehen sich auf alternative Testmethoden wie Meridianenergie-Messungen der Organfunktionskreisl\u00e4ufe nach TCM, Kirlian-Fotografie (EPG\/GDV-Kamera), Oberon, Amsat o.\u00e4. durch den Hersteller &#8222;Planet der Regionen&#8220; und stellen keine medizinische oder auf den physischen K\u00f6rper und dessen Organe bezogenen Aussage im Sinne der westlichen Schulmedizin dar.<\/em><\/p>\n<p><strong>Das Armband ist in diesem Sinne vor allem geeignet f\u00fcr:<\/strong><\/p>\n<ul>\n<li>entfaltet auf energetischem Wege eine ausgepr\u00e4gte entz\u00fcndungshemmende, antimikrobielle, antibakterielle und antiparasit\u00e4re Wirkung,<\/li>\n<li>schafft auf energetischem Wege eine Umgebung im K\u00f6rper, in der Viren, Bakterien, W\u00fcrmer und Protozoen allm\u00e4hlich gehemmt werden und absterben,<\/li>\n<li>tr\u00e4gt zur Normalisierung und Aufrechterhaltung der gesunden Darmflora bei, und tr\u00e4gt zur Vorbeugung chronischer Erkrankungen des Verdauungssystems bei (u.a. Gastritis, Magen- und Zw\u00f6lffingerdarmgeschw\u00fcr, Darmentz\u00fcndungen\/Kolitis und Enterokolitis),<\/li>\n<li>st\u00e4rkt das Immunsystem und verhindert die Entwicklung von Autoimmun-Erkrankungen im K\u00f6rper<\/li>\n<li>f\u00f6rdert die Funktionen von Leber und der Gallenwege und st\u00e4rkt auf energetischem Wege die Entgiftung, reinigt den K\u00f6rper von Stoffwechselresten und Giftstoffen und hemmt die Entstehung entarteter Zellen,<\/li>\n<li>aktiviert die Reinigung und Regeneration der Organgewebe und verlangsamt so den Alterungsprozess,<\/li>\n<li>hilft im Energetischen bei der Reinigung und Heilung der Haut, auch bei verschiedenen Hauterkrankungen (Neurodermitis, Dermatitis, Psoriasis, Seborrhoe, Ekzemen), bei Verbrennungen, Entz\u00fcndungen, Schnitt- und Sch\u00fcrfwunden, Verhornung, St\u00f6rung der Talgdr\u00fcsenfunktion usw.,<\/li>\n<li>normalisiert den Stoffwechsel, reguliert den Kohlenhydrat- und Fettstoffwechsels, wodurch auch das Verlangen nach S\u00fc\u00dfigkeiten und ungesunden Genussmitteln (Fast Food, Rauchen, Alkohol) reduziert und der Wunsch nach einer gesunden Ern\u00e4hrung gest\u00e4rkt wird,<\/li>\n<li>Harmonisierung des Stoffwechsels und der Detox-Effekt tragen zu einer gesunden Regulierung des K\u00f6rpergewichts bei und sorgt f\u00fcr mehr Kraft und Energie,<\/li>\n<li>letztlich werden so alle Organ- und K\u00f6rperfunktionen gest\u00e4rkt und viele &#8222;Zivilisationsprobleme&#8220; gelindert oder sogar ganz reguliert.<\/li>\n<\/ul>\n<p>ZUR BEACHTUNG: Zur Aktivierung von Wasser legen Sie das Armband um eine Flasche oder ein Glas, die Aktivierungszeit sollte mindestens 80 Minuten betragen.<\/p>\n<p><em><u>Ergebnis im LIFE-TEST:<\/u>\u00a0Das Kolzov-Armband &#8222;Erneuerung&#8220; hat ein neutrales Energiefeld von 40 000 Bovis. Damit werden das Solarplexus-Chakra auf enorme 40 000 Bovis aktiviert und das Hals-Chakra auf 35 000 Bovis. Das Wurzel-Chakra steigt auf 28 000 Bovis, das Stirn-Chakra verdreifacht seine Energie auf 21 000 Bovis, Scheitel- und Herz-Chakra verdoppeln ihre Energie auf 14 000 Bovis.<br \/>\nDie Aufladung der Chakras bewirkt eine Ausdehnung des gesamten Energiefeldes: der bioenergetische Reaktionsabstand w\u00e4chst von 75 Zentimetern um den K\u00f6rper auf 1,00 Meter.<\/em><\/p>\n<p><em><strong>Wichtiger Hinweis:<br \/>\nWir weisen ausdr\u00fccklich darauf hin, dass die Kolzov-Platte (russische Bezeichnung: &#8222;Korrektoren des funktionalen Zustands&#8220;) ein alternatives Energie- und Informationsprodukt ist und kein Heilmittel im Sinne der westlichen Schulmedizin. Vielmehr ist es ein rein energetisches Hilfsmittel zur ganzheitlichen Balancierung von energetischen Disharmonien und Blockaden. Informationen \u00fcber Qualit\u00e4t und Eigenschaften des Energieobjekts beziehen sich auf Aussagen des russischen Herstellers und alternativen Theorien zu Mensch und Umwelt, auf alternative Anschauungen und esoterische \u00dcberlieferungen oder Aussagen. Sie gelten nur im Sinne der esoterischen Lebensphilosophie und daran angelehnte Alternativheilkunde. Wirkungen im Sinne westlicher Wissenschaft oder Medizin werden hier nicht behauptet.<\/strong><\/em><\/p>","protected":false},"excerpt":{"rendered":"<p>Kolzov-Armband \u201eERNEUERUNG\u201c\u00a0&#8211; (f\u00fcr Reinigung, Entgiftung und Entschlackung des K\u00f6rpers, Wiederherstellung der Gesundheit) Das Armband hat die Farbe grau und hat eine variable Tragel\u00e4nge von 16,5cm-24,5cm. Das Armband tr\u00e4gt innen die&#8230;<\/p>","protected":false},"featured_media":2371,"comment_status":"open","ping_status":"closed","template":"","meta":[],"product_brand":[],"product_cat":[35],"product_tag":[204],"class_list":{"0":"post-2370","1":"product","2":"type-product","3":"status-publish","4":"has-post-thumbnail","6":"product_cat-fc-bracelets","7":"product_tag-204","9":"first","10":"instock","11":"taxable","12":"shipping-taxable","13":"purchasable","14":"product-type-simple"},"_links":{"self":[{"href":"https:\/\/vigo-rio.com\/en\/wp-json\/wp\/v2\/product\/2370","targetHints":{"allow":["GET"]}}],"collection":[{"href":"https:\/\/vigo-rio.com\/en\/wp-json\/wp\/v2\/product"}],"about":[{"href":"https:\/\/vigo-rio.com\/en\/wp-json\/wp\/v2\/types\/product"}],"replies":[{"embeddable":true,"href":"https:\/\/vigo-rio.com\/en\/wp-json\/wp\/v2\/comments?post=2370"}],"wp:featuredmedia":[{"embeddable":true,"href":"https:\/\/vigo-rio.com\/en\/wp-json\/wp\/v2\/media\/2371"}],"wp:attachment":[{"href":"https:\/\/vigo-rio.com\/en\/wp-json\/wp\/v2\/media?parent=2370"}],"wp:term":[{"taxonomy":"product_brand","embeddable":true,"href":"https:\/\/vigo-rio.com\/en\/wp-json\/wp\/v2\/product_brand?post=2370"},{"taxonomy":"product_cat","embeddable":true,"href":"https:\/\/vigo-rio.com\/en\/wp-json\/wp\/v2\/product_cat?post=2370"},{"taxonomy":"product_tag","embeddable":true,"href":"https:\/\/vigo-rio.com\/en\/wp-json\/wp\/v2\/product_tag?post=2370"}],"curies":[{"name":"wp","href":"https:\/\/api.w.org\/{rel}","templated":true}]}}