{"id":237,"date":"2026-01-14T12:46:30","date_gmt":"2026-01-14T12:46:30","guid":{"rendered":"https:\/\/vigo-rio.com\/?post_type=product&#038;p=237"},"modified":"2026-02-04T20:16:49","modified_gmt":"2026-02-04T20:16:49","slug":"fc-healthy-generation","status":"publish","type":"product","link":"https:\/\/vigo-rio.com\/en\/product\/fc-healthy-generation\/","title":{"rendered":"FC Gesunde Generation\/ Healthy Generation"},"content":{"rendered":"<p><strong>Kolzov-Platte: &#8222;Gesunde Generationen&#8220;\u00a0(Kindesentwicklung und &#8222;inneres Kind&#8220;)\u00a0&#8211; (f\u00fcr Kinder und die Arbeit am &#8222;Inneren Kind&#8220;; w\u00f6rtlich russ.: Gesundheit der Generationen)<\/strong><\/p>\n<p><strong>&#8211; neueste Version mit 8-Elementen (8 enthaltenen Energiespeicher-Chips)<\/strong><\/p>\n<p>Die ist Platte sollte so fr\u00fch wie m\u00f6glich bei Kindern angewendet werden. Die \u201eGenerationen\u201c-Platte wurde sowohl f\u00fcr Kinder als auch f\u00fcr die Arbeit am &#8222;Inneren Kind&#8220; entwickelt. Sie dient zudem dem Ausgleich der Eltern-, Familien- und Ahnen-Energien.<br \/>\nDie Energie der Platte hilft den Kindern dieser Zeit, die neue evolution\u00e4re Wege gehen sollen. Sie f\u00f6rdert eine Sph\u00e4re der Liebe und hilft, die Elternbindung auf h\u00f6herer Ebene zu intensivieren. Erwachsene bringt die Platte wieder in Kontakt mit ihrem eigenen inneren Kind und hilft, dieses zu heilen. Dadurch k\u00f6nnen sich die Eltern von unbewussten Kindheitsstrukturen l\u00f6sen und das Kind hat eine lichtvollere Sph\u00e4re der Entwicklung. Es entsteht eine sehr intensive Bindung auf der emotionalen Kommunikationsebene, die gro\u00dfes Gl\u00fcck in die Familie bringt. So kann eine einzigartige Familienharmonie erzeugt werden, die wie die Sonne neues Leben hoher Ordnung hervorbringt. In diesem Licht erbl\u00fchen alle individuellen Anlagen eines Wesens &#8211; die der Eltern ebenso, wie die des Kindes. Man sollte dem Kind so fr\u00fch wie m\u00f6glich die Platte geben, damit sich das schnell heranwachsende Leben optimal entfalten kann. Kinder dieser Zeit sollten vor allem mental gef\u00f6rdert und nicht rational gebrochen werden. Man muss als Eltern einen Blick f\u00fcr die Talente bekommen und das Kind darin f\u00f6rdern und man muss aufh\u00f6ren, Kinder beherrschen zu wollen &#8211; sie brauchen eine vorbildhafte F\u00fchrung mit ehrlichem, offenen Herzen und viel Aufmerksamkeit, &#8211; sie wollen in Liebe gef\u00fchrt und akzeptiert werden. Die Platten unterst\u00fctzen dabei jeden zielf\u00fchrenden Prozess in eine h\u00f6here Ordnung. Und so schafft die Platte auch an Orten wie den Kindergarten oder der Schule h\u00f6chste Ordnungsfelder, in welche auch die Betreuer und Lehrer involviert werden.<br \/>\nErwachsene k\u00f6nnen die Platte verwenden, um eine sehr schwer abzuarbeitende Kindheit mit vielen Verletzungen und Einschr\u00e4nkungen aufzuarbeiten und zu erl\u00f6sen.<\/p>\n<p>ZUR BEACHTUNG: Die Aktivierungszeit von Wasser auf der Platte betr\u00e4gt mindestens 15 Sekunden.<\/p>\n<p><em><u>Ergebnis im LIFE-TEST:\u00a0<\/u>Die Kolzov-Platte &#8222;Gesunde Generation&#8220; hat ein neutrales Energiefeld mit 40 000 Bovis. Damit aktiviert sie das Herz-, Hals- und Solarplexus-Chakra auf 40 000 Bovis. Kronen- und Wurzel-Chakra steigen auf 28 000 Bovis und Stirn- und Blase-Sexual-Chakra auf 21 000 Bovis. Die Platte weise also einen sehr symmetrischen Energieeinfluss auf: von Scheitel- zum Basis-Chakra ver\u00e4ndern sich die Werte von 28 000 Bovis zu 21, 40, 40, 40, 21 und wieder auf 28 000 Bovis. Durch die Aufladung der Chakras w\u00e4chst der bioenergetische Reaktionsabstand von zirka 75 Zentimetern um den K\u00f6rper auf betr\u00e4chtliche 1,90 Meter.<\/em><\/p>\n<p><em><strong>Wichtiger Hinweis:<br \/>\nWir weisen ausdr\u00fccklich darauf hin, dass die Kolzov-Platte (russische Bezeichnung: &#8222;Korrektoren des funktionalen Zustands&#8220;) ein alternatives Energie- und Informationsprodukt ist und kein Heilmittel im Sinne der westlichen Schulmedizin. Vielmehr ist es ein rein energetisches Hilfsmittel zur ganzheitlichen Balancierung von energetischen Disharmonien und Blockaden. Informationen \u00fcber Qualit\u00e4t und Eigenschaften des Energieobjekts beziehen sich auf Aussagen des russischen Herstellers und alternativen Theorien zu Mensch und Umwelt, auf alternative Anschauungen und esoterische \u00dcberlieferungen oder Aussagen. Sie gelten nur im Sinne der esoterischen Lebensphilosophie und daran angelehnte Alternativheilkunde. Wirkungen im Sinne westlicher Wissenschaft oder Medizin werden hier nicht behauptet.<\/strong><\/em><\/p>","protected":false},"excerpt":{"rendered":"<p>Hilft dabei, Kinder vor verschiedenen energetischen und informativen Angriffen zu sch\u00fctzen.<\/p>","protected":false},"featured_media":1906,"comment_status":"open","ping_status":"closed","template":"","meta":[],"product_brand":[],"product_cat":[30],"product_tag":[],"class_list":{"0":"post-237","1":"product","2":"type-product","3":"status-publish","4":"has-post-thumbnail","6":"product_cat-green-series","8":"first","9":"instock","10":"sale","11":"taxable","12":"shipping-taxable","13":"purchasable","14":"product-type-variable"},"_links":{"self":[{"href":"https:\/\/vigo-rio.com\/en\/wp-json\/wp\/v2\/product\/237","targetHints":{"allow":["GET"]}}],"collection":[{"href":"https:\/\/vigo-rio.com\/en\/wp-json\/wp\/v2\/product"}],"about":[{"href":"https:\/\/vigo-rio.com\/en\/wp-json\/wp\/v2\/types\/product"}],"replies":[{"embeddable":true,"href":"https:\/\/vigo-rio.com\/en\/wp-json\/wp\/v2\/comments?post=237"}],"wp:featuredmedia":[{"embeddable":true,"href":"https:\/\/vigo-rio.com\/en\/wp-json\/wp\/v2\/media\/1906"}],"wp:attachment":[{"href":"https:\/\/vigo-rio.com\/en\/wp-json\/wp\/v2\/media?parent=237"}],"wp:term":[{"taxonomy":"product_brand","embeddable":true,"href":"https:\/\/vigo-rio.com\/en\/wp-json\/wp\/v2\/product_brand?post=237"},{"taxonomy":"product_cat","embeddable":true,"href":"https:\/\/vigo-rio.com\/en\/wp-json\/wp\/v2\/product_cat?post=237"},{"taxonomy":"product_tag","embeddable":true,"href":"https:\/\/vigo-rio.com\/en\/wp-json\/wp\/v2\/product_tag?post=237"}],"curies":[{"name":"wp","href":"https:\/\/api.w.org\/{rel}","templated":true}]}}