{"id":236,"date":"2026-01-14T12:46:14","date_gmt":"2026-01-14T12:46:14","guid":{"rendered":"https:\/\/vigo-rio.com\/?post_type=product&#038;p=236"},"modified":"2026-02-04T20:17:00","modified_gmt":"2026-02-04T20:17:00","slug":"fc-long-life","status":"publish","type":"product","link":"https:\/\/vigo-rio.com\/en\/product\/fc-long-life\/","title":{"rendered":"FC Langes Leben\/ Long Life"},"content":{"rendered":"<p><strong>Kolzov-Platte: &#8222;Langes Leben&#8220;\u00a0&#8211; (f\u00fcr: Regeneration des Herz-Kreislaufs und Gehirns und zur Vorbeugung)<br \/>\n&#8211; neueste Version mit 8-Elementen (8 enthaltenen Energiespeicher-Chips)<\/strong><\/p>\n<p><em>Die Aussagen beziehen sich auf alternative Testmethoden wie Meridianenergie-Messungen der Organfunktionskreisl\u00e4ufe nach TCM, Kirlian-Fotografie (EPG\/GDV-Kamera), Oberon, Amsat o.\u00e4. durch den Hersteller &#8222;Planet der Regionen&#8220; und stellen keine medizinische oder auf den physischen K\u00f6rper und dessen Organe bezogenen Aussage im Sinne der westlichen Schulmedizin dar.<br \/>\n<\/em><\/p>\n<p><strong>Die Platte ist in diesem Sinne vor allem geeignet f\u00fcr:<\/strong><\/p>\n<p>Diese Kolzov-Platte reguliert das gesamte Herz-Kreislauf-System und normalisiert die Gehirn-Durchblutung. Diese Platte ist speziell f\u00fcr die schnelle Erholung nach Infarkten und Schlaganf\u00e4llen entwickelt worden. Die gespeicherten Informationen unterst\u00fctzen eine Normalisierung der zerebrale Zirkulation, sowie des gesamten Herz-Kreislauf-Systems. Zugleich reguliert sie aber auch bei Gesunden die K\u00f6rperenergien und bringt die Energiewerte in Bereiche wie sie sonst nur bei gesunden Jugendlichen zu messen sind.<br \/>\nDie Platte enth\u00e4lt Informationen der \u201eFeder Alchanow\u201c, des Heilwasser aus der Karsth\u00f6hle, \u201eSch\u00e4del\u201c in der N\u00e4he des Dorfes Pshada liegend. Und um diese starken Informationen zu sch\u00fctzen, ist noch der Kanal &#8222;Goldene Pyramide&#8220; hinzugef\u00fcgt worden.<\/p>\n<p>ZUR BEACHTUNG: Die Aktivierungszeit von Wasser auf der Platte betr\u00e4gt mindestens 15 Sekunden.<\/p>\n<p><em><u>Ergebnis im LIFE-TEST:<\/u>\u00a0Die Kolzov-Platte &#8222;Langes Leben&#8220; hat ein neutrales Energiefeld mit 40 000 Bovis. Damit aktiviert sie mit Kronen-, Hals- und Solarplexus-Chakra gleich drei Chakras auf 40 000 Bovis. Stirn- und Herz-Chakra steigen auf ebenfalls hohe 35 000 Bovis und Blase-Sexual-Chakra und Basis-Chakr auf 21 000 Bovis. Durch die Aufladung der Chakras w\u00e4chst der bioenergetische Reaktionsabstand von zirka 75 Zentimetern um den K\u00f6rper auf betr\u00e4chtliche 1,50 Meter.<\/em><\/p>\n<p><em><strong>Wichtiger Hinweis:<br \/>\nWir weisen ausdr\u00fccklich darauf hin, dass die Kolzov-Platte (russische Bezeichnung: &#8222;Korrektoren des funktionalen Zustands&#8220;) ein alternatives Energie- und Informationsprodukt ist und kein Heilmittel im Sinne der westlichen Schulmedizin. Vielmehr ist es ein rein energetisches Hilfsmittel zur ganzheitlichen Balancierung von energetischen Disharmonien und Blockaden. Informationen \u00fcber Qualit\u00e4t und Eigenschaften des Energieobjekts beziehen sich auf Aussagen des russischen Herstellers und alternativen Theorien zu Mensch und Umwelt, auf alternative Anschauungen und esoterische \u00dcberlieferungen oder Aussagen. Sie gelten nur im Sinne der esoterischen Lebensphilosophie und daran angelehnte Alternativheilkunde. Wirkungen im Sinne westlicher Wissenschaft oder Medizin werden hier nicht behauptet.<\/strong><\/em><\/p>","protected":false},"excerpt":{"rendered":"<p>Harmonisierung des Herz-Kreislauf-Systems, emotionale Stabilisierung und Stressabbau. St\u00e4rkung des Immunsystems<\/p>","protected":false},"featured_media":1705,"comment_status":"open","ping_status":"closed","template":"","meta":[],"product_brand":[],"product_cat":[30],"product_tag":[64],"class_list":{"0":"post-236","1":"product","2":"type-product","3":"status-publish","4":"has-post-thumbnail","6":"product_cat-green-series","7":"product_tag-64","9":"first","10":"instock","11":"sale","12":"taxable","13":"shipping-taxable","14":"purchasable","15":"product-type-variable"},"_links":{"self":[{"href":"https:\/\/vigo-rio.com\/en\/wp-json\/wp\/v2\/product\/236","targetHints":{"allow":["GET"]}}],"collection":[{"href":"https:\/\/vigo-rio.com\/en\/wp-json\/wp\/v2\/product"}],"about":[{"href":"https:\/\/vigo-rio.com\/en\/wp-json\/wp\/v2\/types\/product"}],"replies":[{"embeddable":true,"href":"https:\/\/vigo-rio.com\/en\/wp-json\/wp\/v2\/comments?post=236"}],"wp:featuredmedia":[{"embeddable":true,"href":"https:\/\/vigo-rio.com\/en\/wp-json\/wp\/v2\/media\/1705"}],"wp:attachment":[{"href":"https:\/\/vigo-rio.com\/en\/wp-json\/wp\/v2\/media?parent=236"}],"wp:term":[{"taxonomy":"product_brand","embeddable":true,"href":"https:\/\/vigo-rio.com\/en\/wp-json\/wp\/v2\/product_brand?post=236"},{"taxonomy":"product_cat","embeddable":true,"href":"https:\/\/vigo-rio.com\/en\/wp-json\/wp\/v2\/product_cat?post=236"},{"taxonomy":"product_tag","embeddable":true,"href":"https:\/\/vigo-rio.com\/en\/wp-json\/wp\/v2\/product_tag?post=236"}],"curies":[{"name":"wp","href":"https:\/\/api.w.org\/{rel}","templated":true}]}}