{"id":235,"date":"2026-01-14T12:46:01","date_gmt":"2026-01-14T12:46:01","guid":{"rendered":"https:\/\/vigo-rio.com\/?post_type=product&#038;p=235"},"modified":"2026-02-04T20:17:07","modified_gmt":"2026-02-04T20:17:07","slug":"fc-harmonie","status":"publish","type":"product","link":"https:\/\/vigo-rio.com\/en\/product\/fc-harmonie\/","title":{"rendered":"FC Harmonie"},"content":{"rendered":"<p><strong>Kolzov-Platte: &#8222;Harmonie&#8220;\u00a0(f\u00fcr: bessere Einheit von K\u00f6rper, Geist und Seele)<br \/>\n&#8211; neueste Version mit 8-Elementen (8 enthaltenen Energiespeicher-Chips)<\/strong><\/p>\n<p>Die Kolzov-Platte \u201eHarmonie\u201c sorgt f\u00fcr eine bessere Einheit von K\u00f6rper, Geist und Seele. Sie unterst\u00fctzt die pers\u00f6nliche Entwicklung und verbindet h\u00f6here geistige Werte mit der irdischen Kraft und Macht in uns. Die Platte hilft dabei, Geist, K\u00f6rper und Seele zu synchronisieren. Allein durch diese bessere Verbindung und Abstimmung unserer Wesensanteile k\u00f6nnen auch energetische Disharmonien reguliert werden &#8211; die gesamte Ausstrahlung verbessert sich. Dabei kann eine h\u00f6here geistige Schwingung auch zu besserem finanziellen und sozialem Erfolg f\u00fchren und sowohl zu innerem als auch \u00e4u\u00dferem Reichtum.<br \/>\nDiese Platte enh\u00e4lt Informationen des Kraftorts \u201eArkaim\u201c, einer alten Druidenakademie, wo sich auch der Tempel des Sonnengottes befand. Die Polarisierung des Wassers aus der Mitte dieses &#8222;fr\u00fcheren Kulth\u00fcgels\u201c f\u00f6rdert in uns Weisheit und geistige Entwicklung. Dieser Ort wird auch die \u201eUrheimat der Arier\u201c genannt und seine Schwingungen verbinden uns mit unseren Wurzeln. Ebenfalls enthalten sind Informationen aus der Heilquelle am Fu\u00dfe des Berges &#8222;Tscheka\/Chec&#8220;, der auch der Berg der Macht und des Reichtums genannt wird.<\/p>\n<p>ZUR BEACHTUNG: Die Aktivierungszeit von Wasser auf der Platte betr\u00e4gt mindestens 15 Sekunden.<\/p>\n<p><em><u>Ergebnis im LIFE-TEST:\u00a0<\/u>Die Kolzov-Platte &#8222;Harmonie&#8220; hat ein neutrales Energiefeld mit 40 000 Bovis. Damit aktiviert sie Stirn- und Herz-Chakra auf 40 000 Bovis. Das Kronen-, Hals- und Solarplexus-Chakra steigen in ihrer Energie auf 35 000 Bovis. Das Blase-Sexual-Chakra verdreifacht seine Energie auf 21 000 Bovis und das Basis-Chakra verdoppelt die Energie 14 000 Bovis. Durch die Aufladung der Chakras w\u00e4chst der bioenergetische Reaktionsabstand von zirka 75 Zentimetern um den K\u00f6rper auf betr\u00e4chtliche 1,80 Meter.<\/em><\/p>\n<p><em><strong>Wichtiger Hinweis:<br \/>\nWir weisen ausdr\u00fccklich darauf hin, dass die Kolzov-Platte (russische Bezeichnung: &#8222;Korrektoren des funktionalen Zustands&#8220;) ein alternatives Energie- und Informationsprodukt ist und kein Heilmittel im Sinne der westlichen Schulmedizin. Vielmehr ist es ein rein energetisches Hilfsmittel zur ganzheitlichen Balancierung von energetischen Disharmonien und Blockaden. Informationen \u00fcber Qualit\u00e4t und Eigenschaften des Energieobjekts beziehen sich auf Aussagen des russischen Herstellers und alternativen Theorien zu Mensch und Umwelt, auf alternative Anschauungen und esoterische \u00dcberlieferungen oder Aussagen. Sie gelten nur im Sinne der esoterischen Lebensphilosophie und daran angelehnte Alternativheilkunde. Wirkungen im Sinne westlicher Wissenschaft oder Medizin werden hier nicht behauptet.<\/strong><\/em><\/p>","protected":false},"excerpt":{"rendered":"<p>F\u00f6rdert das Gleichgewicht zwischen der materiellen und der spirituellen Entwicklung eines Menschen.<\/p>","protected":false},"featured_media":1704,"comment_status":"open","ping_status":"closed","template":"","meta":[],"product_brand":[],"product_cat":[30],"product_tag":[],"class_list":{"0":"post-235","1":"product","2":"type-product","3":"status-publish","4":"has-post-thumbnail","6":"product_cat-green-series","8":"first","9":"instock","10":"sale","11":"taxable","12":"shipping-taxable","13":"purchasable","14":"product-type-variable"},"_links":{"self":[{"href":"https:\/\/vigo-rio.com\/en\/wp-json\/wp\/v2\/product\/235","targetHints":{"allow":["GET"]}}],"collection":[{"href":"https:\/\/vigo-rio.com\/en\/wp-json\/wp\/v2\/product"}],"about":[{"href":"https:\/\/vigo-rio.com\/en\/wp-json\/wp\/v2\/types\/product"}],"replies":[{"embeddable":true,"href":"https:\/\/vigo-rio.com\/en\/wp-json\/wp\/v2\/comments?post=235"}],"wp:featuredmedia":[{"embeddable":true,"href":"https:\/\/vigo-rio.com\/en\/wp-json\/wp\/v2\/media\/1704"}],"wp:attachment":[{"href":"https:\/\/vigo-rio.com\/en\/wp-json\/wp\/v2\/media?parent=235"}],"wp:term":[{"taxonomy":"product_brand","embeddable":true,"href":"https:\/\/vigo-rio.com\/en\/wp-json\/wp\/v2\/product_brand?post=235"},{"taxonomy":"product_cat","embeddable":true,"href":"https:\/\/vigo-rio.com\/en\/wp-json\/wp\/v2\/product_cat?post=235"},{"taxonomy":"product_tag","embeddable":true,"href":"https:\/\/vigo-rio.com\/en\/wp-json\/wp\/v2\/product_tag?post=235"}],"curies":[{"name":"wp","href":"https:\/\/api.w.org\/{rel}","templated":true}]}}