{"id":234,"date":"2026-01-14T12:45:37","date_gmt":"2026-01-14T12:45:37","guid":{"rendered":"https:\/\/vigo-rio.com\/?post_type=product&#038;p=234"},"modified":"2026-02-04T20:17:24","modified_gmt":"2026-02-04T20:17:24","slug":"fc-24-revelation","status":"publish","type":"product","link":"https:\/\/vigo-rio.com\/en\/product\/fc-24-revelation\/","title":{"rendered":"FC Offenbahrung\/ Revelation"},"content":{"rendered":"<p><strong>Kolzov-Platte &#8222;Nr.24 &#8211; Aufkl\u00e4rung&#8220; (&#8222;Anti-Fremdwille&#8220;)<br \/>\n(Im Russischen: \u201eAufkl\u00e4rung\u201c; oder auch: \u201efreier Wille\u201c \u2013 Anti-Fremdwille)<br \/>\nEnergetische Wirkung: L\u00f6schen von Fremdbestimmungen, R\u00fcckkopplung an den eigenen freien Willen \u2013 Anti- Fremdwille<\/strong><\/p>\n<p><strong>&#8211; neueste Version mit 8-Elementen (8 enthaltenen Energiespeicher-Chips)<\/strong><\/p>\n<p>Diese Platte wurde entwickelt, um geistige Fremdbestimmungen und Beeinflussung des Willens aufzul\u00f6sen und sch\u00fctzt vor ungewollten Einfl\u00fcsterungen.<\/p>\n<p><u>Zum besseren Verst\u00e4ndnis:<\/u><\/p>\n<p>Der Wille eines Menschen kann durch verschiedene Einfl\u00fcsse gehemmt oder sogar v\u00f6llig unterdr\u00fcckt werden, so dass er oft wie \u201cferngesteuert\u201d, willenlos \u201cwie ein Zombie\u201d agiert.<br \/>\n\u00c4u\u00dfere Ursachen f\u00fcr eine starke Willensbeeinflussung k\u00f6nnen \u201eGehirnw\u00e4sche\u201c, Hypnose und andere Formen neurolinguistischer Umprogrammierung sein oder auch technisch unterst\u00fctzte Methoden mittels Radionik und anderer Verfahren. Schw\u00e4chere Formen k\u00f6nnen Beeinflussungen durch Werbung, Medien und Politik sein. Auch mittels magischer Praktiken kann der Willen eines Menschen beeinflussen werden.<br \/>\nVielen Methoden ist gemeinsam, dass sie einen Zugang \u00fcber eine Charakterschw\u00e4che ben\u00f6tigen &#8211; etwa bei Gier, sexuellen Neigungen und andere au\u00dfergew\u00f6hnliche Versprechungen \u2013 oder \u00fcber eine Reizung unserer Emotionen wie Aggression und sei es schon aufgrund einer st\u00e4ndigen Wiederholung etwa in der Werbung, die uns aggressiv macht. Ist ein Ungleichgewicht in uns hergestellt, kann der Anker f\u00fcr eine Fremdbestimmung gesetzt werden.<\/p>\n<p>Die Platte \u201eAufkl\u00e4rung\u201c enth\u00e4lt unter anderen den starken kosmo-energetischen Sonnenkanal Perun.<\/p>\n<p><em>Die Aussagen beziehen sich auf alternative Testmethoden wie Meridianenergie-Messungen der Organfunktionskreisl\u00e4ufe nach TCM, Kirlian-Fotografie (EPG\/GDV-Kamera), Oberon, Amsat o.\u00e4. durch den Hersteller &#8222;Planet der Regionen&#8220; und stellen keine medizinische oder auf den physischen K\u00f6rper und dessen Organe bezogenen Aussage im Sinne der westlichen Schulmedizin dar.<br \/>\n<\/em><\/p>\n<p><strong>Die Platte ist in diesem Sinne vor allem geeignet f\u00fcr:<\/strong><\/p>\n<ul>\n<li>im K\u00f6rperlichen werden die Augen gest\u00e4rkt,<\/li>\n<li>unterst\u00fctzt und regeneriert s\u00e4mtliche Organe,<\/li>\n<li>l\u00f6st die mentalen Abh\u00e4ngigkeiten bei Alkoholsucht,<\/li>\n<li>zerst\u00f6rt alle Arten mentaler Fremdbestimmung,<\/li>\n<li>sch\u00fctzt bei Fernsehen und Werbung vor Beeinflussung.<\/li>\n<\/ul>\n<p>Die Platte Nr. 24 beinhaltet den \u201cMaya\u201d-Kanal \u201cSKHOPPOL\u201d zu Befreiung von Fremdbestimmung und die Sonnenenergie-Kan\u00e4le PERUN, AR und RA zur inneren Aufladung und Wiederherstellung.<br \/>\nDie Platte \u201eAufkl\u00e4rung\u201c l\u00f6st aus mentaler Fremdbestimmung und sch\u00fctzt vor ungewollten Einfl\u00fcsterungen und Beeinflussung des Willens &#8211; daher nennen wir sie auch \u201cfreier Wille\u201d bzw. ANTI-Fremdwille). Die Platte Nr.24 l\u00f6scht Fremdbestimmungen und stellt wieder eine R\u00fcckkopplung an den eigenen freien Willen her \u2013 daher nennen wir sie auch \u201cfreier Wille\u201d oder \u201cAnti-Fremdwille\u201d.<\/p>\n<p>ZUR BEACHTUNG: Die Aktivierungszeit von Wasser auf der Platte betr\u00e4gt mindestens 15 Sekunden.<\/p>\n<p><em><u>Ergebnis im LIFE-TEST:<\/u>\u00a0Die Kolzov-Platte &#8222;Nr.24 &#8211; Aufkl\u00e4rung&#8220; hat ein neutrales Energiefeld mit mehr als 40 000 Bovis. Damit aktiviert sie gleich 5 Chakras auf \u00fcber 40 000 Bovis: Kronen-,Stirn-, Herz-, Solarplexus- und das Wurzel-Chakra steigen auf diese 40 000 Bovis, wobei das Wurzel-Chakra sogar noch deutlich dar\u00fcber aktiviert wird. (40 000 Bovis ist in dieser Testmethode nach Dr. Oberbach die sichere Nachweisgrenze). Das Hals-Chakra steigt in seiner Energie auf 35 000 Bovis und das Blase-Sexual-Chakra auf 28 000 Bovis. Durch die Aufladung der Chakras w\u00e4chst der bioenergetische Reaktionsabstand von zirka 75 Zentimetern um den K\u00f6rper auf 2,20 Meter.<\/em><\/p>\n<p><em><strong>Wichtiger Hinweis:<br \/>\nWir weisen ausdr\u00fccklich darauf hin, dass die Kolzov-Platte (russische Bezeichnung: &#8222;Korrektoren des funktionalen Zustands&#8220;) ein alternatives Energie- und Informationsprodukt ist und kein Heilmittel im Sinne der westlichen Schulmedizin. Vielmehr ist es ein rein energetisches Hilfsmittel zur ganzheitlichen Balancierung von energetischen Disharmonien und Blockaden. Informationen \u00fcber Qualit\u00e4t und Eigenschaften des Energieobjekts beziehen sich auf Aussagen des russischen Herstellers und alternativen Theorien zu Mensch und Umwelt, auf alternative Anschauungen und esoterische \u00dcberlieferungen oder Aussagen. Sie gelten nur im Sinne der esoterischen Lebensphilosophie und daran angelehnte Alternativheilkunde. Wirkungen im Sinne westlicher Wissenschaft oder Medizin werden hier nicht behauptet.<\/strong><\/em><\/p>","protected":false},"excerpt":{"rendered":"<p>Es sch\u00fctzt und befreit von fremdbestimmten Programmen, die das Weltbild, die Wahrnehmung der Realit\u00e4t und das Verhalten subtil, aber erheblich beeinflussen k\u00f6nnen. Diese Aufzeichnung wurde entwickelt, um externe mentale Kontrolle und Willensmanipulation aufzul\u00f6sen, und sch\u00fctzt vor unerw\u00fcnschten Einfl\u00fcsterungen<\/p>","protected":false},"featured_media":1703,"comment_status":"open","ping_status":"closed","template":"","meta":[],"product_brand":[],"product_cat":[29],"product_tag":[],"class_list":{"0":"post-234","1":"product","2":"type-product","3":"status-publish","4":"has-post-thumbnail","6":"product_cat-gold-series","8":"first","9":"instock","10":"sale","11":"taxable","12":"shipping-taxable","13":"purchasable","14":"product-type-variable"},"_links":{"self":[{"href":"https:\/\/vigo-rio.com\/en\/wp-json\/wp\/v2\/product\/234","targetHints":{"allow":["GET"]}}],"collection":[{"href":"https:\/\/vigo-rio.com\/en\/wp-json\/wp\/v2\/product"}],"about":[{"href":"https:\/\/vigo-rio.com\/en\/wp-json\/wp\/v2\/types\/product"}],"replies":[{"embeddable":true,"href":"https:\/\/vigo-rio.com\/en\/wp-json\/wp\/v2\/comments?post=234"}],"wp:featuredmedia":[{"embeddable":true,"href":"https:\/\/vigo-rio.com\/en\/wp-json\/wp\/v2\/media\/1703"}],"wp:attachment":[{"href":"https:\/\/vigo-rio.com\/en\/wp-json\/wp\/v2\/media?parent=234"}],"wp:term":[{"taxonomy":"product_brand","embeddable":true,"href":"https:\/\/vigo-rio.com\/en\/wp-json\/wp\/v2\/product_brand?post=234"},{"taxonomy":"product_cat","embeddable":true,"href":"https:\/\/vigo-rio.com\/en\/wp-json\/wp\/v2\/product_cat?post=234"},{"taxonomy":"product_tag","embeddable":true,"href":"https:\/\/vigo-rio.com\/en\/wp-json\/wp\/v2\/product_tag?post=234"}],"curies":[{"name":"wp","href":"https:\/\/api.w.org\/{rel}","templated":true}]}}