{"id":233,"date":"2026-01-14T12:44:59","date_gmt":"2026-01-14T12:44:59","guid":{"rendered":"https:\/\/vigo-rio.com\/?post_type=product&#038;p=233"},"modified":"2026-04-02T08:40:19","modified_gmt":"2026-04-02T08:40:19","slug":"fc-23-liberation","status":"publish","type":"product","link":"https:\/\/vigo-rio.com\/en\/product\/fc-23-liberation\/","title":{"rendered":"FC Befreiung\/ Liberation"},"content":{"rendered":"<p><strong>Kolzov-Platte &#8222;Nr.23 &#8211; Befreiung&#8220; (&#8222;Anti-Energievampire&#8220;, &#8222;no link&#8220;)<br \/>\n(Im Russischen: \u201eBefreiung\u201c; oder auch: \u201eno link\u201c)<br \/>\nEnergetische Wirkung: Kontrolle und Schutz der Energie-Verbindungen \u2013 Anti-Energievampire<\/strong><\/p>\n<p><strong>&#8211; neueste Version mit 8-Elementen (8 enthaltenen Energiespeicher-Chips)<\/strong><\/p>\n<p>Diese Platte kontrolliert positive Energiebindungen etwa in der Familie oder in Gesch\u00e4ftsbeziehungen auf negative Energien. Negative Energieverbindungen und energetische Abh\u00e4ngigkeiten werden aufgel\u00f6st und energetischer \u201cVampirismus\u201d und \u201cSelbst-Vampirismus\u201d unterbunden.<\/p>\n<p><u>Zum besseren Verst\u00e4ndnis:<\/u><\/p>\n<p>Schon bei einem Gespr\u00e4ch k\u00f6nnen zwischen zwei Menschen Energieverbindungen entstehen, durch die unbewusst oder bewusst auch negative Energien und Informationen \u00fcbertragen werden k\u00f6nnen. Von uns meist unbemerkt treten n\u00e4mlich unsere Chakras miteinander in Kontakt und versuchen sich zu synchronisieren: bei Gespr\u00e4chen das Stirn-Chakra und das Hals-Chakra oder auch noch das Solarplexus-Chakra, bei einem emotionalen Austausch das Herz-Chakra.<br \/>\nSolche Energieverbindungen k\u00f6nnen l\u00e4nger bestehen bleiben, vor allem bei starken Emotionen wie Liebe und starkem Mitgef\u00fchl, bei Hass, Neid, Missgunst usw. Und durch diese Kan\u00e4le k\u00f6nnen negative Energien und die informationellen Wirkungen negativer Gedanken \u00fcbertragen werden. So k\u00f6nnen uns fremde Menschen schaden oder auch wir k\u00f6nnen diese durch negative \u201cSignale\u201d beeintr\u00e4chtigen. Ebenso k\u00f6nnen wir aber auch geliebten Menschen ungewollt schaden:<br \/>\nWenn wir lieben oder in intensiven Austausch mit einem Menschen sind, dann bilden sich zwischen den Chakras besonders starke Energieverbindungen. Durch diese Verbindungen werden aber nicht nur unsere positive Gef\u00fchle f\u00fcr den geliebten oder gesch\u00e4tzten Menschen \u00fcbertragen, sondern alle starken emotionalen Energien \u2013 auch wenn der jeweilige \u00c4rger sich gar nicht auf diese Person bezogen hat. So k\u00f6nnen wir unbewusst dem geliebten Menschen schaden, nur weil die Energieverbindung zu ihm st\u00e4ndig offen ist und nicht kontrolliert wurde. Das ist der Grund, warum nahestehende Personen nicht selten gleiche Schw\u00e4chen und Krankheiten entwickeln k\u00f6nnen. So sch\u00fctzt die Platte auch vor negativen \u00dcbertragungen von Krankheits-Miasmen, etwa wenn Krebskranke oder \u00e4hnliche Schwerkranke im n\u00e4heren Umfeld sind.<br \/>\nAuch andere negative Energieph\u00e4nome wie Absaugen von Energie, der Energie-\u201cVampirismus\u201d durch lebende Menschen oder sogar Tote, kann \u00fcber solche Energiekan\u00e4le geschehen und sogar bei unkontrolliert offenen Energiebindungen auf die geliebten Menschen \u00fcbertragen warden. Unverst\u00e4ndliche Familiendramen k\u00f6nnen darin ihre Ursache haben.<\/p>\n<p>Die Platte Befreiung beinhaltet den \u201cMaya\u201d-Kanal \u201cYAKLEL\u201d, der negative Bindungen l\u00f6st, Negatives zur\u00fcckspiegelt. So werden die positiven bestehenden Bindungen zu anderen Menschen gesch\u00fctzt.<br \/>\nDie Platte Nr.23 kappt negative Energiekan\u00e4le \u2013 daher nennen wir sie auch \u201cno link\u201d oder \u201cAnti-Energievampire\u201d.<\/p>\n<p>ZUR BEACHTUNG: Die Aktivierungszeit von Wasser auf der Platte betr\u00e4gt mindestens 15 Sekunden.<\/p>\n<p><em><u>Ergebnis im LIFE-TEST:<\/u>\u00a0Die Kolzov-Platte &#8222;Nr.23 &#8211; Befreiung&#8220; hat ein neutrales Energiefeld mit mehr als 40 000 Bovis. Damit aktiviert sie gleich 5 Chakras auf \u00fcber 40 000 Bovis: Stirn-, Hals-, Solarplexus-, Blase-Sexual- und das Wurzel-Chakra steigen auf diese 40 000 Bovis, wobei das Wurzel-Chakra sogar noch deutlich dar\u00fcber aktiviert wird. (40 000 Bovis ist in dieser Testmethode nach Dr. Oberbach die sichere Nachweisgrenze). Das Herz- und das Kronen-Chakra steigen auf ebenfalls sehr hohe 35 000 Bovis. Durch die Aufladung der Chakras w\u00e4chst der bioenergetische Reaktionsabstand von zirka 75 Zentimetern um den K\u00f6rper auf 2,00 Meter.<\/em><\/p>\n<p><em><strong>Wichtiger Hinweis:<br \/>\nWir weisen ausdr\u00fccklich darauf hin, dass die Kolzov-Platte (russische Bezeichnung: &#8222;Korrektoren des funktionalen Zustands&#8220;) ein alternatives Energie- und Informationsprodukt ist und kein Heilmittel im Sinne der westlichen Schulmedizin. Vielmehr ist es ein rein energetisches Hilfsmittel zur ganzheitlichen Balancierung von energetischen Disharmonien und Blockaden. Informationen \u00fcber Qualit\u00e4t und Eigenschaften des Energieobjekts beziehen sich auf Aussagen des russischen Herstellers und alternativen Theorien zu Mensch und Umwelt, auf alternative Anschauungen und esoterische \u00dcberlieferungen oder Aussagen. Sie gelten nur im Sinne der esoterischen Lebensphilosophie und daran angelehnte Alternativheilkunde. Wirkungen im Sinne westlicher Wissenschaft oder Medizin werden hier nicht behauptet.<\/strong><\/em><\/p>","protected":false},"excerpt":{"rendered":"<p>Es wurde entwickelt, um jede Art von negativen energetischen Bindungen zu zerst\u00f6ren. Hilft beim Schutz vor bewusstem und unbewusstem Energievampirismus. Hilft dabei, Selbstvampirismus loszuwerden. Es besitzt die Eigenschaft der Spiegelung, d. h. es gibt induzierte Programme an denjenigen zur\u00fcck, der sie erschafft hat<\/p>","protected":false},"featured_media":1702,"comment_status":"open","ping_status":"closed","template":"","meta":[],"product_brand":[],"product_cat":[29],"product_tag":[],"class_list":{"0":"post-233","1":"product","2":"type-product","3":"status-publish","4":"has-post-thumbnail","6":"product_cat-gold-series","8":"first","9":"instock","10":"sale","11":"taxable","12":"shipping-taxable","13":"purchasable","14":"product-type-variable"},"_links":{"self":[{"href":"https:\/\/vigo-rio.com\/en\/wp-json\/wp\/v2\/product\/233","targetHints":{"allow":["GET"]}}],"collection":[{"href":"https:\/\/vigo-rio.com\/en\/wp-json\/wp\/v2\/product"}],"about":[{"href":"https:\/\/vigo-rio.com\/en\/wp-json\/wp\/v2\/types\/product"}],"replies":[{"embeddable":true,"href":"https:\/\/vigo-rio.com\/en\/wp-json\/wp\/v2\/comments?post=233"}],"wp:featuredmedia":[{"embeddable":true,"href":"https:\/\/vigo-rio.com\/en\/wp-json\/wp\/v2\/media\/1702"}],"wp:attachment":[{"href":"https:\/\/vigo-rio.com\/en\/wp-json\/wp\/v2\/media?parent=233"}],"wp:term":[{"taxonomy":"product_brand","embeddable":true,"href":"https:\/\/vigo-rio.com\/en\/wp-json\/wp\/v2\/product_brand?post=233"},{"taxonomy":"product_cat","embeddable":true,"href":"https:\/\/vigo-rio.com\/en\/wp-json\/wp\/v2\/product_cat?post=233"},{"taxonomy":"product_tag","embeddable":true,"href":"https:\/\/vigo-rio.com\/en\/wp-json\/wp\/v2\/product_tag?post=233"}],"curies":[{"name":"wp","href":"https:\/\/api.w.org\/{rel}","templated":true}]}}