{"id":231,"date":"2026-01-14T12:44:20","date_gmt":"2026-01-14T12:44:20","guid":{"rendered":"https:\/\/vigo-rio.com\/?post_type=product&#038;p=231"},"modified":"2026-04-15T08:51:22","modified_gmt":"2026-04-15T08:51:22","slug":"fc-21-mirror-of-the-soul","status":"publish","type":"product","link":"https:\/\/vigo-rio.com\/en\/product\/fc-21-mirror-of-the-soul\/","title":{"rendered":"FC Spigel der Seele\/ Mirror of the Soul"},"content":{"rendered":"<p><strong>Kolzov-Platte &#8222;Nr.21 &#8211; Spiegel der Seele&#8220; (&#8222;Schutz und Energie&#8220;)<br \/>\n(im Russischen: Spiegel der Seele; oder auch: \u201ehigh energy and protection\u201c), Energetische Wirkung: starke Aktivierung, Aura-Schutz, Lichtk\u00f6rper-Arbeit<\/strong><\/p>\n<p><strong>&#8211; neueste Version mit 8-Elementen (8 enthaltenen Energiespeicher-Chips)<\/strong><\/p>\n<p>Die neue Platte \u201eSpiegel der Seele\u201c ist eine besonders wichtige und ungew\u00f6hnliche Platte: sie wurde entwickelt, um die Chakras und alle Schichten des feinstofflichen K\u00f6rpers mit starken positiven Energien aufzuladen \u2013 es ist die Platte, mit der man seinen Lichtk\u00f6rper-Prozess unterst\u00fctzen kann!<\/p>\n<p><em>Die Aussagen beziehen sich auf alternative Testmethoden wie Meridianenergie-Messungen der Organfunktionskreisl\u00e4ufe nach TCM, Kirlian-Fotografie (EPG\/GDV-Kamera), Oberon, Amsat o.\u00e4. durch den Hersteller &#8222;Planet der Regionen&#8220; und stellen keine medizinische oder auf den physischen K\u00f6rper und dessen Organe bezogenen Aussage im Sinne der westlichen Schulmedizin dar.<br \/>\n<\/em><\/p>\n<p><strong>Die Platte ist in diesem Sinne vor allem geeignet f\u00fcr:<\/strong><\/p>\n<ul>\n<li>Jedes Chakra, die Energie-Meridiane und alle Schichten des feinstofflichen K\u00f6rpers werden energetisiert und mit starken Licht-Energien des Universums aufgeladen.<\/li>\n<li>Damit die Energie nicht gleich wieder abflie\u00dft, sondern uns in unserem Alltag und unserer Entwicklung zur Verf\u00fcgung steht, werden au\u00dferdem:<\/li>\n<li>negative Energiekan\u00e4le, wie bewusste und unbewusste \u201cAnker\u201d und \u201cB\u00e4nder\u201d zu Menschen, durch die man geschw\u00e4cht wird und durch die Energie abgesaugt wird, oder andere Verbindungen von Energie-Vampirismus werden getrennt und an die Personen zur\u00fcckgeschickt,<\/li>\n<li>energetische Kan\u00e4le aufgrund von magischen Handlungen und Verw\u00fcnschungen werden ebenfalls abgeschnitten und zu diesen Personen zur\u00fcck geschickt.<\/li>\n<\/ul>\n<p><u>Zum besseren Verst\u00e4ndis:<\/u><\/p>\n<p>Es gibt viele energielose Menschen oder auch bestimmte Lebenssituationen, in denen die Energie und Lebenskraft fehlt. Die Ursache daf\u00fcr kann ein Abfluss von Energie sein \u2013 das kann \u00fcber unbewusst entstandene Kan\u00e4le geschehen, etwa durch Wut, \u00c4rger und Selbstmitleid gelegte Verkn\u00fcpfungen, oder bewusst durch dunkle Kr\u00e4fte wie Magie, Verw\u00fcnschungen, jenseitige Kr\u00e4fte und modernes \u201cmind control\u201d.<\/p>\n<p>Unser nat\u00fcrlicher ureigener Selbstschutz kann im Alltag geschw\u00e4cht werden durch:<br \/>\n\u2022 gro\u00dfe Angst vor Krankheiten und Problemen anderer Menschen (Fremdes Karma ist kein Floh, es kann nicht springen.)<br \/>\n\u2022 durch unangebrachtes Mitleiden mit Personen, die ihr Leiden selbst zu verantworten haben und gegen die kosmischen Gesetze gehandelt haben,<br \/>\n\u2022 durch starke negative Emotionen wie Wut, Hass, Zorn, Neid usw. Hier hilft die Nr.21 wieder in die Mitte zu gelangen, sich neu aufzuladen und zu sch\u00fctzen.<\/p>\n<p>Die Platte Nr. 21 beinhaltet die \u201cMaya\u201d-Kan\u00e4le \u201cTANN\u201d und TSCHAAL-ZIK\u201d, die von den Licht- und Sch\u00f6pfungsenergien des Universums gespeist werden und das wahre Mitgef\u00fchl st\u00e4rken. Sie dienen auch der Erleuchtung und der Befreiuung des Bewusstseins aus sekten\u00e4hnlichen Abh\u00e4ngigkeiten. Die Platte Nr.21 bietet starke Energie-Aktivierung, hohen Aura-Schutz und nachhaltige Unterst\u00fctzung f\u00fcr die Lichtk\u00f6rper-Arbeit &#8211; daher nennen wir sie auch \u201chigh energy and protection\u201d.<\/p>\n<p>ZUR BEACHTUNG: Die Aktivierungszeit von Wasser auf der Platte betr\u00e4gt mindestens 15 Sekunden.<\/p>\n<p><em><u>Ergebnis im LIFE-TEST:<\/u>\u00a0Die Kolzov-Platte &#8222;Nr.21 &#8211; Spiegel der Seele&#8220; hat ein neutrales Energiefeld mit 40 000 Bovis. Damit aktiviert sie 4 Chakras auf \u00fcber 40 000 Bovis: Kronen-, Stirn, Herz- und Blase-Sexual-Chakra steigen auf diese 40 000 Bovis. Das Hals-Chakra wird in seiner Energie auf 35 000 Bovis erh\u00f6ht, das Solarplexus-Chakra steigt auf 28 000 Bovis und das Wurzel-Chakra verdoppelt seine Energie auf 14 000 Bovis. Durch die Aufladung der Chakras w\u00e4chst der bioenergetische Reaktionsabstand von zirka 75 Zentimetern um den K\u00f6rper sogar auf 2,50 Meter.<\/em><\/p>\n<p><em><strong>Wichtiger Hinweis:<br \/>\nWir weisen ausdr\u00fccklich darauf hin, dass die Kolzov-Platte (russische Bezeichnung: &#8222;Korrektoren des funktionalen Zustands&#8220;) ein alternatives Energie- und Informationsprodukt ist und kein Heilmittel im Sinne der westlichen Schulmedizin. Vielmehr ist es ein rein energetisches Hilfsmittel zur ganzheitlichen Balancierung von energetischen Disharmonien und Blockaden. Informationen \u00fcber Qualit\u00e4t und Eigenschaften des Energieobjekts beziehen sich auf Aussagen des russischen Herstellers und alternativen Theorien zu Mensch und Umwelt, auf alternative Anschauungen und esoterische \u00dcberlieferungen oder Aussagen. Sie gelten nur im Sinne der esoterischen Lebensphilosophie und daran angelehnte Alternativheilkunde. Wirkungen im Sinne westlicher Wissenschaft oder Medizin werden hier nicht behauptet.<\/strong><\/em><\/p>","protected":false},"excerpt":{"rendered":"<p>Aufladen der Energiezentren mit Lichtenergien aus dem Universum. Kraftvoller Schutz gegen alle negativen energie-informativen Einfl\u00fcsse.<\/p>","protected":false},"featured_media":1700,"comment_status":"open","ping_status":"closed","template":"","meta":[],"product_brand":[],"product_cat":[29],"product_tag":[],"class_list":{"0":"post-231","1":"product","2":"type-product","3":"status-publish","4":"has-post-thumbnail","6":"product_cat-gold-series","8":"first","9":"instock","10":"sale","11":"taxable","12":"shipping-taxable","13":"purchasable","14":"product-type-variable"},"_links":{"self":[{"href":"https:\/\/vigo-rio.com\/en\/wp-json\/wp\/v2\/product\/231","targetHints":{"allow":["GET"]}}],"collection":[{"href":"https:\/\/vigo-rio.com\/en\/wp-json\/wp\/v2\/product"}],"about":[{"href":"https:\/\/vigo-rio.com\/en\/wp-json\/wp\/v2\/types\/product"}],"replies":[{"embeddable":true,"href":"https:\/\/vigo-rio.com\/en\/wp-json\/wp\/v2\/comments?post=231"}],"wp:featuredmedia":[{"embeddable":true,"href":"https:\/\/vigo-rio.com\/en\/wp-json\/wp\/v2\/media\/1700"}],"wp:attachment":[{"href":"https:\/\/vigo-rio.com\/en\/wp-json\/wp\/v2\/media?parent=231"}],"wp:term":[{"taxonomy":"product_brand","embeddable":true,"href":"https:\/\/vigo-rio.com\/en\/wp-json\/wp\/v2\/product_brand?post=231"},{"taxonomy":"product_cat","embeddable":true,"href":"https:\/\/vigo-rio.com\/en\/wp-json\/wp\/v2\/product_cat?post=231"},{"taxonomy":"product_tag","embeddable":true,"href":"https:\/\/vigo-rio.com\/en\/wp-json\/wp\/v2\/product_tag?post=231"}],"curies":[{"name":"wp","href":"https:\/\/api.w.org\/{rel}","templated":true}]}}