{"id":2303,"date":"2026-01-20T13:59:05","date_gmt":"2026-01-20T13:59:05","guid":{"rendered":"https:\/\/vigo-rio.com\/?post_type=product&#038;p=2303"},"modified":"2026-03-03T11:51:33","modified_gmt":"2026-03-03T11:51:33","slug":"fc-130-healing-fire","status":"publish","type":"product","link":"https:\/\/vigo-rio.com\/en\/product\/fc-130-healing-fire\/","title":{"rendered":"FC Healing Fire"},"content":{"rendered":"<p><strong>Kolzov-Platte: &#8222;Heilendes Feuer&#8220;\u00a0(f\u00fcr grundlegende positive Ver\u00e4nderungen und Neuanfang, aktiviert F\u00fchrungsqualit\u00e4ten, aktiviert K\u00f6rper und Geist, reduziert Stress, Ausgleich Yin-Yang-Energien, Energieschutz, Schutz vor Massenbeeinflussungen)<\/strong><\/p>\n<p><em>&#8211; neueste Version mit 8-Elementen (8 enthaltenen Energiespeicher-Chips)<\/em><\/p>\n<p><em>Die Platte tr\u00e4gt die russische Aufschrift \u00ab\u0418\u0421\u0426\u0415\u041b\u042f\u042e\u0429\u0418\u0419 \u041e\u0413\u041e\u041d\u042c\u00bb und auf dem erg\u00e4nzenden Deckblatt: HEALING FIRE, DEU GU\u00c9RISSEUR, HEILENDES FEUER<\/em><\/p>\n<p>Die Platte &#8222;Heilendes Feuer&#8220; unterst\u00fctzt einen grundlegenden positiven Neuanfang, hilft Altes und Unn\u00f6tiges zu beenden, um sich und sein Leben &#8222;wiederbeleben&#8220; zu k\u00f6nnen. Sie hilft dabei, neue Ideen und Projekte zu entwickeln &#8211; egal, ob in Kunst, Handwerk oder Gesellschaft.<\/p>\n<p>Sie st\u00e4rkt die inneren F\u00fchrungsqualit\u00e4ten und Kreativit\u00e4t und vermittelt die n\u00f6tige Energie, um ins Handeln zu kommen. Zugleich vermittelt sie die Gelassenheit, um auch in kritischen Situationen ruhig zu bleiben und alles managen zu k\u00f6nnen. Sie verhindert die Unterwerfung unter Massenstimmungen, eliminiert negative \u00e4u\u00dfere Programme, die K\u00f6rper, Geist und Handlungen blockieren. Die Platte hilft dabei, die irdischen Gesetze mit den himmlischen Gesetzen in Einklang bringen.<\/p>\n<p>Sie harmonisiert die Yin-Yang-Energien und ist insbesondere bei sitzender Lebensweise und langen Fahrten und Fl\u00fcgen hilfreich.<\/p>\n<div>\n<p><em>Die Aussagen beziehen sich auf alternative Testmethoden wie Meridianenergie-Messungen der Organfunktionskreisl\u00e4ufe nach TCM, Kirlian-Fotografie (EPG\/GDV-Kamera), Oberon, Amsat o.\u00e4. durch den Hersteller &#8222;Planet der Regionen&#8220; und stellen keine medizinische oder auf den physischen K\u00f6rper und dessen Organe bezogenen Aussage im Sinne der westlichen Schulmedizin dar.<\/em><\/p>\n<div><strong>Die Platte ist in diesem Sinne vor allem geeignet f\u00fcr:<\/strong><\/div>\n<\/div>\n<p><strong>Spirituelle und pers\u00f6nliche Entwicklung:<\/strong><\/p>\n<ul>\n<li>unterst\u00fctzt grundlegende positive Ver\u00e4nderungen, beendet das Veraltete und Unn\u00f6tige, was eine wertvolle F\u00e4higkeit zur Wiederbelebung ist,<\/li>\n<li>lindert mentalen und physischen Stress und beseitigt einschr\u00e4nkende Programme, welche die Entwicklung verhindern; wandelt \u00c4ngste in positive Energie, die f\u00fcr Gutes genutzt werden kann,<\/li>\n<li>vermittelt Flexibilit\u00e4t und Stabilit\u00e4t, um sich auch in Zeiten starker Ver\u00e4nderungen sicher zu f\u00fchlen und leichter an Ver\u00e4nderungen anzupassen &#8211; in der Welt, der Energie und dem Lebensrhythmus,<\/li>\n<li>aktiviert innere F\u00fchrungsqualit\u00e4ten, st\u00e4rkt Selbstvertrauen und Autorit\u00e4t, entwickelt eine \u201eGewinnermentalit\u00e4t\u201c, erh\u00f6ht die Stressresistenz bei Verhandlungen und Konflikten, hilft, das Team zu motivieren und zum Ziel zu f\u00fchren, h\u00e4lt das Energieniveau beim \u00f6ffentlichen Sprechen aufrecht, entwickelt Kommunikationsf\u00e4higkeiten und Charisma,<\/li>\n<li>enth\u00fcllt kreatives Potenzial, st\u00e4rkt die Vorstellungskraft und befreit das Denken,<\/li>\n<li>f\u00f6rdert die Verwirklichung von W\u00fcnschen, hilft, neue Ideen, Pl\u00e4ne und Bestrebungen ins Leben zu rufen,<\/li>\n<li>st\u00e4rkt die &#8222;m\u00e4nnlichen&#8220; Qualit\u00e4ten: St\u00e4rke, Mut, Kampfgeist, Besch\u00fctzerinstinkt, Entschlossenheit, Aktivit\u00e4t und Ausdauer, und vermittelt die Energie v\u00e4terlicher Unterst\u00fctzung: kluger Rat, Liebe, Verst\u00e4ndnis und F\u00fcrsorge, richtige Beratung aus der Sicht eines Mannes,<\/li>\n<li>harmonisiert die Energien der Frau: hilft, einen harmonischen Raum f\u00fcr Liebe, Selbstverwirklichung und gl\u00fcckliche Beziehungen zu schaffen,<\/li>\n<li>schafft positive Energie f\u00fcr pers\u00f6nliche Beziehungen &#8211; zieht w\u00fcrdige M\u00e4nner und Frauen an und sch\u00fctzt auch vor toxischen Beziehungen,<\/li>\n<li>normalisiert alle sozialen Beziehungen &#8211; sowohl in der Familie als auch in der Gesellschaft<\/li>\n<li>harmonisiert den emotionalen Hintergrund, vermittelt Aktivit\u00e4t, Freude, Vitalit\u00e4t, einen optimistischen Gef\u00fchlszustand und Leichtigkeit,<\/li>\n<li>hilft, ein Gleichgewicht zwischen Privatleben und einer aktiven sozialen Position aufrechtzuerhalten, st\u00e4rkt in allem das Prinzip der &#8222;goldenen Mitte&#8220;,<\/li>\n<li>vermittelt eine positive Wahrnehmung der Welt und spirituelle W\u00e4rme,<\/li>\n<\/ul>\n<p><strong>Energiesystem:<\/strong><\/p>\n<ul>\n<li>harmonisiert die Energiestruktur des Anwenders und bringt die Yin-Yang-Energien ins Gleichgewicht,<\/li>\n<li>reinigt und f\u00fcllt aktiv die Chakras, insbesondere das 1., 2., 4. und 6.Chakra,<\/li>\n<li>reinigt die feinstofflichen und den physischen K\u00f6rper von niederfrequenten Energien,<\/li>\n<li>harmonisiert emotionale Energien, st\u00e4rkt das Biofeld des Anwenders und sch\u00fctzt vor zerst\u00f6rerischen energetischen Einfl\u00fcssen, insbesondere solchen, die mit Neid und Rache verbunden sind,<\/li>\n<li>sch\u00fctzt in der Gesellschaft vor dem negativen Einfluss der Masse, verhindert die Unterwerfung unter Massenstimmungen, eliminiert externe Programme, die K\u00f6rper, Geist und Handlungen blockieren<\/li>\n<li>reinigt das 2. und 4.Chakra von energetischen Beeintr\u00e4chtigungen, die mit Beschwerden und Anspr\u00fcchen des anderen Geschlechts verbunden sind,<\/li>\n<\/ul>\n<p><strong>Gesundheit:<\/strong><\/p>\n<ul>\n<li>synchronisiert K\u00f6rper, Geist und Seele des Anwenders nach ganzheitlichem Ansatz: eine Verbesserung der k\u00f6rperlichen Verfassung wirkt sich auch positiv auf den emotionalen Hintergrund aus, was wiederum die geistigen F\u00e4higkeiten st\u00e4rkt,<\/li>\n<li>k\u00f6rperlich: verbessert die Funktion der Organe und Systeme des K\u00f6rpers, die Energieprozesse im K\u00f6rper werden normalisiert, Vitalit\u00e4t und Ausdauer nehmen zu,<\/li>\n<li>mentale Ebene: steigert die Klarheit und Geschwindigkeit des Denkens, Konzentrationsf\u00e4higkeit und Kreativit\u00e4t, synchronisiert die Arbeit beider Gehirnh\u00e4lften, verbessert die F\u00e4higkeit zum Multitasking,<\/li>\n<li>emotionale Ebene: senkt den Stresspegel, harmonisiert die Stimmung, st\u00e4rkt die emotionale Stabilit\u00e4t,<\/li>\n<li>st\u00e4rkt das Immunsystem, insbesondere bei ung\u00fcnstigen epidemiologischen Bedingungen,<\/li>\n<li>hilft bei Migr\u00e4ne und Kopfschmerzen, die durch geomagnetische St\u00fcrme verursacht werden,<\/li>\n<li>steigert die m\u00e4nnliche Potenz, erh\u00f6ht die m\u00e4nnliche Kraft und Ausdauer,<\/li>\n<\/ul>\n<ul>\n<li>verbessert die Funktionen des Urogenitalsystems, der Nieren und Prostata,<\/li>\n<li>erh\u00f6ht die Flexibilit\u00e4t von Muskeln und Gelenken, lindert Verspannungen und Kr\u00e4mpfe und die &#8222;Steifheit&#8220; des K\u00f6rpers,<\/li>\n<li>aktiviert Durchblutung und Lymphfluss und beseitigt Stauungen und \u201eBlockaden\u201c,<\/li>\n<li>f\u00f6rdert die Schlankheit und aktiviert das &#8222;Verbrennen\u201c des aufgrund von Stressreaktionen angesammelten \u00dcbergewichts,<\/li>\n<li>hilft, sich schneller von Stress zu erholen, f\u00fcllt mit der lebensspendenden Energie der Erde.<\/li>\n<\/ul>\n<p>Auf der Platte sind die Informationen des Energieportals an dem zoroastrischen Feiertag &#8222;Feuerfest der Krieger&#8220; (&#8222;Atar Barzenmihr&#8220;) am 31.3.2025 gespeichert. Das zoroastrische &#8222;Feuer des Kriegers&#8220; steht f\u00fcr den Weg eines Kriegers &#8211; f\u00fcr seinen Kampf, seine guten Taten und seine Siege im Materiellen wie im Spirituellen gleicherma\u00dfen -, gleichbedeutend f\u00fcr den Lebenserfolg und eine erfolgreiche spirituelle Entwicklung des Menschen.<\/p>\n<p>Die Platte erg\u00e4nzt die bereits erschienenen anderen zoroastrischen &#8222;Feuer&#8220;-Platten:<\/p>\n<p>&#8211; &#8222;Kraft des Himmlischen Feuers&#8220; (Feuer als die lichttragende kosmische Substanz, als Wahrheit und Manifestation des h\u00f6chsten G\u00f6ttlichen in der physischen Welt); Energieportal am 9.12.2024, zoroastrischer Feiertag des &#8222;Atar&#8220;, des &#8222;Himmlischen Feuers&#8220;.<\/p>\n<p>&#8211; &#8222;Feuer des Universums&#8220; (Feuer der K\u00f6nige, m\u00e4chtiger Lichtkanal, die Kraft der Kundalini, die Kraft in der Gesellschaft und durch die Gesellschaft zu herrschen); Energieportal am 15.8.2023 zoroastrischer Feiertag des &#8222;Feuers der K\u00f6nige&#8220; (Atar Gushtasp).<\/p>\n<p>&#8211; &#8222;Zauber des Feuers&#8220; (Feuer der Priester, &#8222;Herzensfeuer&#8220;); Energieportal am 5.12.2022, zoroastrischer Feiertag des &#8222;Feuers der Priester&#8220; und der christliche Feiertag des Einzugs in den Tempel der Allerheiligsten Theotokos (&#8222;Gottesgeb\u00e4rerin&#8220;), Maria, der Mutter Jesus.<\/p>\n<p>TIPP: Die Platte &#8222;Heilendes Feuer&#8220; bildet mit der Platte &#8222;Yamuna &#8211; Die Kraft Indiens&#8220; eine ideale Kombination und enth\u00fcllt so das kraftvolle Potenzial der Energie gro\u00dfer Erfolge, bedingungsloser Hingabe, selbstloser Liebe und edlen Dienstes am Leben. Die Platte hilft, das h\u00f6chste Ziel zu verwirklichen: Weisheit, Licht und Sch\u00f6pfung, G\u00fcte und Liebe in die Welt zu bringen und jeden Moment mit kreativer Energie und der Kraft der Seele zu f\u00fcllen.<\/p>\n<p>Die Platte &#8222;Heilendes Feuer&#8220; hat eine kraftvolle, aktive, schnelle, aber leichte Energie &#8211; wie ein Feuer, das entlang eines Dochtes l\u00e4uft. Bei der Interaktion mit den Energien der Platte ist es wichtig, auf die Empfindungen des K\u00f6rpers (Durst, Unwohlsein usw.) zu achten und nicht nur auf die Gedanken zu h\u00f6ren. Die Platte kann auch mit allen zuvor erschienen Platten kombiniert werden.<\/p>\n<p>Schon 10-15 Minuten pro Tag helfen, den inneren Zustand positiv zu ver\u00e4ndern, den inneren Dialog zu harmonisieren, zus\u00e4tzliche Energieressourcen zu gewinnen und eine g\u00fcnstige Umgebung zu schaffen.<\/p>\n<p>TIPP 2: Um die m\u00e4nnlichen und weiblichen Prinzipien auszugleichen, nehmen Sie die Platte &#8222;Heilendes Feuer&#8220; in die rechte Hand und die Platte &#8222;Yamuna &#8211; Die Kraft Indiens&#8220; in die linke Hand.<\/p>\n<p>Die Platte kann auch bei Schmerzen verwendet werden: einfach auf den Ort des Schmerzes legen und damit informiertes Wasser trinken.<\/p>\n<p>Es ist zudem empfehlenswert, die F\u00fc\u00dfe (einen nach dem anderen) auf die Platte zu stellen, um die energetischen \u201eWurzeln\u201c des K\u00f6rpers zu st\u00e4rken.<\/p>\n<p>Bei sitzender T\u00e4tigkeit einfach auf die Platte setzen, um Verspannungen zu verhindern und die Zirkulation zu verbessern.<\/p>\n<p>Mit der Platte k\u00f6nnen auch Cremes, Kosmetika und Parf\u00fcms usw. informiert werden.<\/p>\n<p>TIPP 3: Tr\u00e4umen Sie von einer besseren Zukunft: Stellen Sie sich diese vor (visualisieren und ausmalen), setzen Sie sich zur Meditation hin und sp\u00fcren Sie die Energien. Lassen Sie die Platte das gew\u00fcnschte Programm auf Seelenebene aufzeichnen.<\/p>\n<p>ZUR BEACHTUNG: Bei dieser Platte sollte das Wasser zum Energetisieren mindestens 10 Minuten lang darauf gestellt werden.<\/p>\n<p><em><strong>Wichtiger Hinweis:<\/strong><\/em><\/p>\n<p><strong><em>Wir weisen ausdr\u00fccklich darauf hin, dass die Kolzov-Platte (russische Bezeichnung: &#8222;Korrektoren des funktionalen Zustands&#8220;) ein alternatives Energie- und Informationsprodukt ist und kein Heilmittel im Sinne der westlichen Schulmedizin. Vielmehr ist es ein rein energetisches Hilfsmittel zur ganzheitlichen Balancierung von energetischen Disharmonien und Blockaden. Informationen \u00fcber Qualit\u00e4t und Eigenschaften des Energieobjekts beziehen sich auf Aussagen des russischen Herstellers und alternativen Theorien zu Mensch und Umwelt, auf alternative Anschauungen und esoterische \u00dcberlieferungen oder Aussagen. Sie gelten nur im Sinne der esoterischen Lebensphilosophie und daran angelehnte Alternativheilkunde. Wirkungen im Sinne westlicher Wissenschaft oder Medizin werden hier nicht behauptet.<\/em><\/strong><\/p>","protected":false},"excerpt":{"rendered":"<p>ein kraftvoller Katalysator f\u00fcr positive Ver\u00e4nderungen. Sie st\u00e4rkt die \u201eGewinnermentalit\u00e4t\u201c, aktiviert Charisma und F\u00fchrungsqualit\u00e4ten und sch\u00fctzt gleichzeitig vor Massenbeeinflussung und toxischen Beziehungen. Sie hilft dabei, \u00c4ngste in Tatkraft umzuwandeln, Stress abzubauen und Projekte mit Entschlossenheit umzusetzen. K\u00f6rperlich unterst\u00fctzt sie die Durchblutung, lindert Migr\u00e4ne und hilft sogar beim Abbau von stressbedingtem \u00dcbergewicht, w\u00e4hrend sie das Yin-Yang-Gleichgewicht harmonisiert.<\/p>","protected":false},"featured_media":2365,"comment_status":"open","ping_status":"closed","template":"","meta":[],"product_brand":[],"product_cat":[33],"product_tag":[198],"class_list":{"0":"post-2303","1":"product","2":"type-product","3":"status-publish","4":"has-post-thumbnail","6":"product_cat-elite-series","7":"product_tag-198","9":"first","10":"instock","11":"taxable","12":"shipping-taxable","13":"purchasable","14":"product-type-simple"},"_links":{"self":[{"href":"https:\/\/vigo-rio.com\/en\/wp-json\/wp\/v2\/product\/2303","targetHints":{"allow":["GET"]}}],"collection":[{"href":"https:\/\/vigo-rio.com\/en\/wp-json\/wp\/v2\/product"}],"about":[{"href":"https:\/\/vigo-rio.com\/en\/wp-json\/wp\/v2\/types\/product"}],"replies":[{"embeddable":true,"href":"https:\/\/vigo-rio.com\/en\/wp-json\/wp\/v2\/comments?post=2303"}],"wp:featuredmedia":[{"embeddable":true,"href":"https:\/\/vigo-rio.com\/en\/wp-json\/wp\/v2\/media\/2365"}],"wp:attachment":[{"href":"https:\/\/vigo-rio.com\/en\/wp-json\/wp\/v2\/media?parent=2303"}],"wp:term":[{"taxonomy":"product_brand","embeddable":true,"href":"https:\/\/vigo-rio.com\/en\/wp-json\/wp\/v2\/product_brand?post=2303"},{"taxonomy":"product_cat","embeddable":true,"href":"https:\/\/vigo-rio.com\/en\/wp-json\/wp\/v2\/product_cat?post=2303"},{"taxonomy":"product_tag","embeddable":true,"href":"https:\/\/vigo-rio.com\/en\/wp-json\/wp\/v2\/product_tag?post=2303"}],"curies":[{"name":"wp","href":"https:\/\/api.w.org\/{rel}","templated":true}]}}