{"id":2301,"date":"2026-01-20T13:58:23","date_gmt":"2026-01-20T13:58:23","guid":{"rendered":"https:\/\/vigo-rio.com\/?post_type=product&#038;p=2301"},"modified":"2026-02-28T20:30:41","modified_gmt":"2026-02-28T20:30:41","slug":"fc-129-achievements-motivation","status":"publish","type":"product","link":"https:\/\/vigo-rio.com\/en\/product\/fc-129-achievements-motivation\/","title":{"rendered":"FC Motivation der Leistungen \/ Achievements Motivation"},"content":{"rendered":"<p><strong>Kolzov-Platte: &#8222;Motivation der Leistungen&#8220;\u00a0(Kl\u00e4rung des Geistes und des Unterbewusstseins, Neuprogrammierung des eigenen Denkens, reinigt das Energiefeld, hilfreich bei chronischen Problemen und Schlafst\u00f6rungen, W\u00fcnscheplatte)<\/strong><\/p>\n<div><em>&#8211; neueste Version mit 8-Elementen (8 enthaltenen Energiespeicher-Chips)<\/em><\/div>\n<div><em>Die Platte tr\u00e4gt die russische Aufschrift \u00ab\u041c\u041e\u0422\u0418\u0412\u0410\u0426\u0418\u042f \u0414\u041e\u0421\u0422\u0418\u0416\u0415\u041d\u0418\u0419\u00bb und auf dem erg\u00e4nzenden Deckblatt: ACHIEVEMENTS MOTIVATION, MOTIVATION DES ACCOMPLISSEMENTS, MOTIVATION DER LEISTUNGEN<\/em><\/div>\n<div><\/div>\n<div>Die Platte ist eine wertvolle Hilfe, wenn man an der Gesundung und Kl\u00e4rung seiner Seele und seines Geistes arbeiten m\u00f6chte. Sie hilft, das eigene Innenleben zu entdecken und neu zu &#8222;programmieren&#8220; &#8211; dabei ist sie auch als Hilfsmittel f\u00fcr Therapeuten geeignet und kann als &#8222;W\u00fcnscheplatte&#8220; genutzt werden. Sie hilft dabei, seine Ziele effektiv und rational zu verfolgen, sich auf neue Umst\u00e4nde einzustellen und ein ausgewogenes Verh\u00e4ltnis zwischen pers\u00f6nlichen W\u00fcnschen und sozialer Verantwortung zu halten.<\/div>\n<div>Die Platte unterst\u00fctzt einen nat\u00fcrlichen Schlaf-Wach-Rhythmus und die Entspannung und ist daher f\u00fcr viele Schichtarbeiter und \u00e4ltere Menschen mit Schlafproblemen sehr hilfreich.<\/div>\n<div><\/div>\n<div>\n<p><em>Die Aussagen beziehen sich auf alternative Testmethoden wie Meridianenergie-Messungen der Organfunktionskreisl\u00e4ufe nach TCM, Kirlian-Fotografie (EPG\/GDV-Kamera), Oberon, Amsat o.\u00e4. durch den Hersteller &#8222;Planet der Regionen&#8220; und stellen keine medizinische oder auf den physischen K\u00f6rper und dessen Organe bezogenen Aussage im Sinne der westlichen Schulmedizin dar.<\/em><\/p>\n<div><strong>Die Platte ist in diesem Sinne vor allem geeignet f\u00fcr:<\/strong><\/div>\n<\/div>\n<div><strong>Spirituelle und pers\u00f6nliche Entwicklung:<\/strong><\/div>\n<ul>\n<li>hebt alle Prozesse der Informationsverarbeitung in Gehirn und Nervensystem auf eine neue Ebene,<\/li>\n<li>hat einen tiefen Einfluss auf das Bewusstsein und die Gehirnaktivit\u00e4t und gibt Impulse zur bewussten Neuprogrammierung des eigenen Denkens &#8211; so kann jeder selbst leichter Gedankenmuster und Einstellungen korrigieren, sein Leben neu ausrichten und spirituelle Werte besser integrieren,<\/li>\n<li>hilft dabei, tief in die eigene innere Welt einzutauchen und erm\u00f6glicht, die Ressourcen des eigenen Unterbewusstseins zu erforschen,<\/li>\n<li>unterst\u00fctzt dabei, sich an neue \u00e4u\u00dfere Bedingungen und Ver\u00e4nderungen im Leben anzupassen und seine Denkmuster rechtzeitig zu \u00e4ndern &#8211; so kann man sich als lichtvolle und bewusste Pers\u00f6nlichkeit von anderen abheben,<\/li>\n<li>st\u00e4rkt die F\u00e4higkeit zur Manifestation seiner W\u00fcnsche und Bed\u00fcrfnisse, vermittelt gleichzeitig ein Verst\u00e4ndnis f\u00fcr die Grenzen egoistischer Ziele, lehrt so Selbstkontrolle und Selbstdisziplin und eine gesunde Balance zwischen Individualit\u00e4t und sozialem Verhalten,<\/li>\n<\/ul>\n<ul>\n<li>hilft, Blockaden wie Zust\u00e4nde von Angst, Unruhe oder Schocks (diese k\u00f6nnen die Energie der Chakras und Meridiane und die Arbeit von Organen und Funktionssystemen st\u00f6ren und zu psychosomatische St\u00f6rungen und irrationalen Verhalten f\u00fchren) aufzul\u00f6sen &#8211; schafft einen ruhigen, konzentrierten Zustand inneren Gleichgewichts, der es erm\u00f6glicht, Aufgaben effektiv zu bew\u00e4ltigen,<\/li>\n<li>reinigt den \u00e4therischen, astralen und mentalen K\u00f6rper des Anwenders gr\u00fcndlich (auch von hypnotischen Einfl\u00fcssen) und hilft, tief verwurzelte negative Emotionen wie Eifersucht und Selbstgei\u00dfelung loszuwerden,<\/li>\n<li>bildet ein tiefes Verst\u00e4ndnis des Zyklus der Lebensprozesse, um das Postulat zu verstehen, dass alles so l\u00e4uft, wie es sollte &#8211; eine echte Philosophie des wirklichen Lebens,<\/li>\n<\/ul>\n<div><\/div>\n<div><strong>Energiesystem:<\/strong><\/div>\n<ul>\n<li>hilft, das Energiegleichgewicht wiederherzustellen, lindert Verspannungen und Schmerzen im Bereich der 3. Chakras, also im gesamten Oberbauch<\/li>\n<li>aktiviert zun\u00e4chst das Herz-Chakra, reinigt dieses und danach die anderen Chakras und die Energie-Meridiane,<\/li>\n<li>f\u00f6rdert die \u00d6ffnung monet\u00e4rer Energiefl\u00fcsse,<\/li>\n<\/ul>\n<div><\/div>\n<div><strong>Gesundheit:<\/strong><\/div>\n<ul>\n<li>st\u00e4rkt die Abwehrkr\u00e4fte des K\u00f6rpers und stabilisiert alle Arten der Immunit\u00e4t auf einem hohen Niveau, wodurch allergischen Reaktionen verringert werden,<\/li>\n<li>hilft bei Frakturen und Verstauchungen, lindert Schwellungen und H\u00e4matome, reduziert Schmerzen und beschleunigt die Regenerationsprozesse des Bewegungsapparates,<\/li>\n<li>schafft einen energetischen Raum f\u00fcr tiefe Entspannung, schaltet die Gedanken ab, vermittelt ein Gef\u00fchl tiefer Stille und Ruhe, erleichtert das Einschlafen und verbessert die Qualit\u00e4t der Erholung &#8211; hilfreich bei Schlafst\u00f6rungen und St\u00f6rungen im Schlaf-Wach-Rhythmus.<\/li>\n<\/ul>\n<div><\/div>\n<div><\/div>\n<div>Auf der Platte sind die Energie und Informationen des Wassers der Slaughenwhites Cascades bei der Stadt Halifax, Nova Scotia, an der Ostk\u00fcste Kanadas, gespeichert.<\/div>\n<div><\/div>\n<div><\/div>\n<div>TIPP 1: Die Platte &#8222;Motivation der Leistungen&#8220; erzeugt eine feste, aber leichte Energie wie ein Wasserstrom mit hoch und weit fliegenden Spritzern, der alles in seinem Umfeld mit lebensspendender Feuchtigkeit s\u00e4ttigt. Die Energien der Platte flie\u00dfen zun\u00e4chst durch das Herz-Chakra, reinigen dieses und danach alle anderen Chakras und die Meridiane.<\/div>\n<div>Die Platte kann mit allen zuvor erschienenen Platten kombiniert werden.<\/div>\n<div>Schon 10-15 Minuten pro Tag helfen, um den inneren Zustand und den umgebenden Raum zu ver\u00e4ndern, die Bedingungen f\u00fcr einen inneren Dialog zwischen Bewusstsein und Unbewusstem zu schaffen und eine zus\u00e4tzliche Energiequelle zu erhalten.<\/div>\n<div>TIPP 2: Wenn die Platte an einem bestimmten Problembereich arbeitet, k\u00f6nnen eventuell Schmerzen in dieser K\u00f6rperregionen oder einem Organbereich auftreten &#8211; jedoch l\u00f6sen diese sich auf, w\u00e4hrend die Platte weiter an diesem Problem arbeitet. Trinken Sie in diesen F\u00e4llen mehr damit informiertes Wasser. Verschiedene chronische und schmerzhafte Probleme, einschlie\u00dflich tr\u00e4ger Entz\u00fcndungen und langj\u00e4hriger Erkrankungen, k\u00f6nnen so beseitigt werden.<\/div>\n<div><\/div>\n<div>ZUR BEACHTUNG: Bei dieser Platte sollte das Wasser zum Energetisieren mindestens 12 Minuten lang darauf gestellt werden.<\/div>\n<p><em><strong>Wichtiger Hinweis:<\/strong><\/em><\/p>\n<p><strong><em>Wir weisen ausdr\u00fccklich darauf hin, dass die Kolzov-Platte (russische Bezeichnung: &#8222;Korrektoren des funktionalen Zustands&#8220;) ein alternatives Energie- und Informationsprodukt ist und kein Heilmittel im Sinne der westlichen Schulmedizin. Vielmehr ist es ein rein energetisches Hilfsmittel zur ganzheitlichen Balancierung von energetischen Disharmonien und Blockaden. Informationen \u00fcber Qualit\u00e4t und Eigenschaften des Energieobjekts beziehen sich auf Aussagen des russischen Herstellers und alternativen Theorien zu Mensch und Umwelt, auf alternative Anschauungen und esoterische \u00dcberlieferungen oder Aussagen. Sie gelten nur im Sinne der esoterischen Lebensphilosophie und daran angelehnte Alternativheilkunde. Wirkungen im Sinne westlicher Wissenschaft oder Medizin werden hier nicht behauptet.<\/em><\/strong><\/p>","protected":false},"excerpt":{"rendered":"<p>ist ein kraftvolles Instrument zur bewussten Neuprogrammierung des eigenen Denkens. Sie hilft dabei, tiefsitzende Gedankenmuster zu korrigieren, das Unterbewusstsein zu erforschen und Blockaden wie Angst oder Unruhe aufzul\u00f6sen. Als \u201eW\u00fcnscheplatte\u201c unterst\u00fctzt sie die Manifestation pers\u00f6nlicher Ziele, w\u00e4hrend sie gleichzeitig Selbstdisziplin und soziale Verantwortung st\u00e4rkt. Sie reinigt das Energiefeld von Fremdeinfl\u00fcssen und f\u00f6rdert einen tiefen, erholsamen Schlaf sowie die Regeneration des Bewegungsapparates.<\/p>","protected":false},"featured_media":2391,"comment_status":"open","ping_status":"closed","template":"","meta":[],"product_brand":[],"product_cat":[33],"product_tag":[197],"class_list":{"0":"post-2301","1":"product","2":"type-product","3":"status-publish","4":"has-post-thumbnail","6":"product_cat-elite-series","7":"product_tag-197","9":"first","10":"instock","11":"taxable","12":"shipping-taxable","13":"purchasable","14":"product-type-simple"},"_links":{"self":[{"href":"https:\/\/vigo-rio.com\/en\/wp-json\/wp\/v2\/product\/2301","targetHints":{"allow":["GET"]}}],"collection":[{"href":"https:\/\/vigo-rio.com\/en\/wp-json\/wp\/v2\/product"}],"about":[{"href":"https:\/\/vigo-rio.com\/en\/wp-json\/wp\/v2\/types\/product"}],"replies":[{"embeddable":true,"href":"https:\/\/vigo-rio.com\/en\/wp-json\/wp\/v2\/comments?post=2301"}],"wp:featuredmedia":[{"embeddable":true,"href":"https:\/\/vigo-rio.com\/en\/wp-json\/wp\/v2\/media\/2391"}],"wp:attachment":[{"href":"https:\/\/vigo-rio.com\/en\/wp-json\/wp\/v2\/media?parent=2301"}],"wp:term":[{"taxonomy":"product_brand","embeddable":true,"href":"https:\/\/vigo-rio.com\/en\/wp-json\/wp\/v2\/product_brand?post=2301"},{"taxonomy":"product_cat","embeddable":true,"href":"https:\/\/vigo-rio.com\/en\/wp-json\/wp\/v2\/product_cat?post=2301"},{"taxonomy":"product_tag","embeddable":true,"href":"https:\/\/vigo-rio.com\/en\/wp-json\/wp\/v2\/product_tag?post=2301"}],"curies":[{"name":"wp","href":"https:\/\/api.w.org\/{rel}","templated":true}]}}