{"id":2300,"date":"2026-01-20T13:57:37","date_gmt":"2026-01-20T13:57:37","guid":{"rendered":"https:\/\/vigo-rio.com\/?post_type=product&#038;p=2300"},"modified":"2026-03-02T17:16:05","modified_gmt":"2026-03-02T17:16:05","slug":"fc-128-valley-of-the-stone-spirits","status":"publish","type":"product","link":"https:\/\/vigo-rio.com\/en\/product\/fc-128-valley-of-the-stone-spirits\/","title":{"rendered":"FC Tal der Steingeister \/ Valley of the Stone Spirits"},"content":{"rendered":"<p><strong>Kolzov-Platte: &#8222;Tal der Steingeister&#8220;\u00a0(reinigt Energiefeld, gleicht Energieverluste schnell aus, heilt famili\u00e4re Verletzungen, st\u00e4rkend, f\u00fcr Selbstheilung und Zellerneuerung, emotionale Befreiung, leitet zu den richtigen Menschen und Orten, Raum-Reinigung)<\/strong><\/p>\n<div><em>\u00a0<\/em><\/div>\n<div><em>&#8211; neueste Version mit 8-Elementen (8 enthaltenen Energiespeicher-Chips)<br \/>\n<\/em><\/div>\n<div><em>Die Platte tr\u00e4gt die russische Aufschrift \u00ab \u0414\u041e\u041b\u0418\u041d\u0410 \u041a\u0410\u041c\u0415\u041d\u041d\u042b\u0425 \u0414\u0423\u0425\u041e\u0412 \u00bb und auf dem erg\u00e4nzenden Deckblatt: VALLEY OF STONE SPIRITS, VALL\u00c8E DES ESPRITS DE LA PIERRE, TAL DER STEINGEISTER<\/em><\/div>\n<div><\/div>\n<div>Die Platte findet und reinigt selbstst\u00e4ndig negative Energien, auch wenn der Anwender keinen klaren Wunsch dazu formuliert. Sie wirkt erdend und aufbauend auf Energiefeld und physischen K\u00f6rper, hilft so bei Regeneration und Verj\u00fcngung. Sie reinigt zudem die Emotionen und st\u00e4rkt die sexuelle Energien. Sie kann verwendet werden, um seelische Verletzungen in der Familie zu heilen und Mitgef\u00fchl und Z\u00e4rtlichkeit zu st\u00e4rken. Sie Platte kann zudem verwendet werden, um die finanzielle Situation zu verbessern.<\/div>\n<div><\/div>\n<div>\n<p><em>Die Aussagen beziehen sich auf alternative Testmethoden wie Meridianenergie-Messungen der Organfunktionskreisl\u00e4ufe nach TCM, Kirlian-Fotografie (EPG\/GDV-Kamera), Oberon, Amsat o.\u00e4. durch den Hersteller &#8222;Planet der Regionen&#8220; und stellen keine medizinische oder auf den physischen K\u00f6rper und dessen Organe bezogenen Aussage im Sinne der westlichen Schulmedizin dar.<\/em><\/p>\n<div><strong>Die Platte ist in diesem Sinne vor allem geeignet f\u00fcr:<\/strong><\/div>\n<\/div>\n<div><strong>Energiesystem:<\/strong><\/div>\n<ul>\n<li>wirkt erdend: verbindet das Energiesystems des Anwenders mit den Energien der Erde,<\/li>\n<li>aktiviert alle Chakras und gleicht Energieverluste aus, f\u00fchrt eine Art energetisches \u201eTuning\u201c des Chakra-Systems und des Biofeldes durch und l\u00e4dt aktiv mit lebensspendender Energie auf &#8211; diese kann als &#8222;prickelnde&#8220; Energie (Kribbeln) sp\u00fcrbar werden,<\/li>\n<li>wirkt verst\u00e4rkt auf das 2. und 4. Chakra: arbeitet aktiv mit sexueller Energie und auf die Heilung der sexuellen Sph\u00e4re von M\u00e4nnern und Frauen, aktiviert die Yang-Energie<\/li>\n<li>beseitigt destruktive psycho-energetische Programme und f\u00f6rdert eine tiefe energetische Reinigung von &#8222;Verschmutzungen&#8220; auf mentaler, energetischer, spiritueller und der Informations-Ebene &#8211; die Reinigung erfolgt durch die Elemente-Energie des Wassers,<\/li>\n<li>befreit den umgebenden Raum von allem energetisch Unn\u00f6tigen,<\/li>\n<\/ul>\n<p><strong>Spirituelle und pers\u00f6nliche Entwicklung:<\/strong><\/p>\n<ul>\n<li>harmonisiert die Emotionen und hilft dabei, emotionale Verletzungen aus der Vergangenheit zu l\u00f6schen (auch wenn der Anwender sich nicht an die ausl\u00f6senden Situationen erinnert),<\/li>\n<li>hilft bei der energetischen Heilung schmerzhafter Situationen im Zusammenhang mit Eltern, Ehepartnern und Kindern und f\u00f6rdert das Verst\u00e4ndnis und das Bewusstsein f\u00fcr die Ursachen dieses Leidens,<\/li>\n<li>l\u00f6scht \u00fcberm\u00e4\u00dfiges Misstrauen, st\u00e4rkt Z\u00e4rtlichkeit und Mitgef\u00fchl,<\/li>\n<li>erzeugt eine starke emotionale Befreiungskraft, die hilft, Groll loszulassen und Feinden zu vergeben, und hilft dabei, das Wesentliche \u201emit dem Herzen&#8220; sehen zu k\u00f6nnen,<\/li>\n<li>erm\u00f6glicht dem Anwender, dem Leben zu vertrauen, und vermittelt Vertrauen, Stabilit\u00e4t und Energie, f\u00f6rdert einen Zustand der Ruhe, in dem man unn\u00f6tige und kreisende Gedanken loslassen kann,<\/li>\n<li>unterst\u00fctzt logisches, strukturiertes Denken und vermittelt Klarheit und Verst\u00e4ndnis f\u00fcr das n\u00f6tige Handeln,<\/li>\n<li>richtet Finanzstr\u00f6me aus und verbessert die Gesch\u00e4fts- und Arbeitssituation,<\/li>\n<li>kann als Hilfsmittel zur Suche von Dingen, Orten und Personen verwendet werden, f\u00fchrt zu den richtigen Orten und lenkt zu den richtigen Menschen (auch auf Reisen),<\/li>\n<li>erm\u00f6glicht eine tiefe Verbindung mit der Natur und erinnert an die Bedeutung der Harmonie zwischen Menschen und der umgebenden Welt,<\/li>\n<\/ul>\n<div><strong>\u00a0<\/strong><\/div>\n<div><strong>Gesundheit:<\/strong><\/div>\n<ul>\n<li>unterst\u00fctzt die t\u00e4gliche k\u00f6rperliche Entschlackung und Entgiftung, was auch eine Gewichtsabnahme unterst\u00fctzen kann,<\/li>\n<li>bringt alle Organsysteme wieder in ihre gesunde Norm und sorgt f\u00fcr den energetisch optimalen Zustand jeder Zelle &#8211; so wird der Organismus in die Lage versetzt, selbst Krankheiten zu bek\u00e4mpfen und jeder Anwender bekommt die Freiheit zur\u00fcck, sich f\u00fcr Gesundheit zu entscheiden,<\/li>\n<li>verbessert Regeneration und Zellerneuerung und tr\u00e4gt so zur Verj\u00fcngung des K\u00f6rpers bei und verlangsamt den Alterungsprozess.<\/li>\n<\/ul>\n<div><\/div>\n<div>Auf der Platte sind Informationen und Energien des Kraftort-Tals der &#8222;Steingeister&#8220; in der Tazheran-Steppe des Pribaikal-Nationalparks, Olchon-Bezirk in der Region Irkutsk, Russland, gespeichert.<\/div>\n<div>TIPP 1: Die Platte &#8222;Tal der Steingeister&#8220; erzeugt ein Gef\u00fchl eines starken, reinen und schnellen Energieflusses. Sie findet und reinigt selbstst\u00e4ndig negative Energien, auch wenn der Anwender nicht ausdr\u00fccklich darum bittet. Man kann aber auch gezielt um die Reinigung eines bestimmten Chakras bitten &#8211; eine absichtsvolle Anwendung kann die Wirkung der Platte sogar noch verst\u00e4rken.<\/div>\n<div>Schon 10-15 Minuten pro Tag helfen, den inneren Zustand und den umgebenden Raum zu ver\u00e4ndern, Bedingungen f\u00fcr einen inneren Dialog zwischen Bewusstsein und Unbewusstem zu schaffen und zus\u00e4tzliche Energie zu erhalten.<\/div>\n<div>Die Platte &#8222;Tal der Steingeister&#8220; kann sehr gut mit den Platten der Serie &#8222;Gold&#8220; Nr.17-24 kombiniert werden, sowie mit den Platten \u201eUnfall-Schutz&#8220; (Serie Effizient), \u201eWahrhaftige Liebe&#8220; (Serie Gr\u00fcn), \u201eBesch\u00fctzer der Welt&#8220; (Serie Elite 8-Elemente) und Nr.16 \u201eReiner Raum&#8220; (Serie Violett).<\/div>\n<div>TIPP 2: Man kann auch gezielt, um die Heilung von Beziehungen, um ein tiefes inneres Verst\u00e4ndnis der aktuellen Situation und die Ausrichtung von Ma\u00dfnahmen zur L\u00f6sung der Situation bitten. In diesem Sinne ist die Platte geeignet<\/div>\n<div>&#8211; um zwanghafte Gedanken loswerden und zu lernen, unn\u00f6tige Sorgen loszulassen,<\/div>\n<div>&#8211; um Stress, negative Emotionen oder psychische Problemen aufzul\u00f6sen,<\/div>\n<div>&#8211; um einen ges\u00fcnderen Lebensstil zu f\u00fchren und die Gesundheit zu erhalten.<\/div>\n<div>TIPP 3: Die Platte kann auch von Therapeuten, Psychologen und Trainern verwendet werden, um in der Behandlung emotionale Zust\u00e4nden zu bearbeiten.<\/div>\n<div>Menschen, die an ihrer spirituellen Entwicklung arbeiten, k\u00f6nnen diese Platten ebenfalls gut nutzen.<\/div>\n<div>TIPP 4: Gesch\u00e4ftsleute, Unternehmer und alle, die ihre finanzielle Situation verbessern m\u00f6chte, k\u00f6nnen die Platte mit Gewinn nutzen .<\/div>\n<div><\/div>\n<div>ZUR BEACHTUNG: Bei dieser Platte sollte das Wasser zum Energetisieren mindestens 20 Minuten lang darauf gestellt werden.<\/div>\n<p><em><strong>Wichtiger Hinweis:<\/strong><\/em><\/p>\n<p><em><strong>Wir weisen ausdr\u00fccklich darauf hin, dass die Kolzov-Platte (russische Bezeichnung: &#8222;Korrektoren des funktionalen Zustands&#8220;) ein alternatives Energie- und Informationsprodukt ist und kein Heilmittel im Sinne der westlichen Schulmedizin. Vielmehr ist es ein rein energetisches Hilfsmittel zur ganzheitlichen Balancierung von energetischen Disharmonien und Blockaden. Informationen \u00fcber Qualit\u00e4t und Eigenschaften des Energieobjekts beziehen sich auf Aussagen des russischen Herstellers und alternativen Theorien zu Mensch und Umwelt, auf alternative Anschauungen und esoterische \u00dcberlieferungen oder Aussagen. Sie gelten nur im Sinne der esoterischen Lebensphilosophie und daran angelehnte Alternativheilkunde. Wirkungen im Sinne westlicher Wissenschaft oder Medizin werden hier nicht behauptet.<\/strong><\/em><\/p>","protected":false},"excerpt":{"rendered":"<p>ist ein intelligenter Reiniger: Sie findet negative Energien in deinem Feld von selbst und l\u00f6st sie auf. Sie wirkt stark erdend, gleicht Energieverluste sofort aus und st\u00e4rkt besonders die sexuelle Energie (Yang-Kraft). Mental hilft sie dabei, alte Familienkonflikte zu kl\u00e4ren und Groll loszulassen. Zudem gilt sie als \u201eWegweiser\u201c, der dich intuitiv zu den richtigen Menschen und Orten f\u00fchrt.<\/p>","protected":false},"featured_media":2406,"comment_status":"open","ping_status":"closed","template":"","meta":[],"product_brand":[],"product_cat":[33],"product_tag":[196],"class_list":{"0":"post-2300","1":"product","2":"type-product","3":"status-publish","4":"has-post-thumbnail","6":"product_cat-elite-series","7":"product_tag-196","9":"first","10":"instock","11":"taxable","12":"shipping-taxable","13":"purchasable","14":"product-type-simple"},"_links":{"self":[{"href":"https:\/\/vigo-rio.com\/en\/wp-json\/wp\/v2\/product\/2300","targetHints":{"allow":["GET"]}}],"collection":[{"href":"https:\/\/vigo-rio.com\/en\/wp-json\/wp\/v2\/product"}],"about":[{"href":"https:\/\/vigo-rio.com\/en\/wp-json\/wp\/v2\/types\/product"}],"replies":[{"embeddable":true,"href":"https:\/\/vigo-rio.com\/en\/wp-json\/wp\/v2\/comments?post=2300"}],"wp:featuredmedia":[{"embeddable":true,"href":"https:\/\/vigo-rio.com\/en\/wp-json\/wp\/v2\/media\/2406"}],"wp:attachment":[{"href":"https:\/\/vigo-rio.com\/en\/wp-json\/wp\/v2\/media?parent=2300"}],"wp:term":[{"taxonomy":"product_brand","embeddable":true,"href":"https:\/\/vigo-rio.com\/en\/wp-json\/wp\/v2\/product_brand?post=2300"},{"taxonomy":"product_cat","embeddable":true,"href":"https:\/\/vigo-rio.com\/en\/wp-json\/wp\/v2\/product_cat?post=2300"},{"taxonomy":"product_tag","embeddable":true,"href":"https:\/\/vigo-rio.com\/en\/wp-json\/wp\/v2\/product_tag?post=2300"}],"curies":[{"name":"wp","href":"https:\/\/api.w.org\/{rel}","templated":true}]}}