{"id":230,"date":"2026-01-14T12:43:55","date_gmt":"2026-01-14T12:43:55","guid":{"rendered":"https:\/\/vigo-rio.com\/?post_type=product&#038;p=230"},"modified":"2026-04-02T08:40:18","modified_gmt":"2026-04-02T08:40:18","slug":"fc-20-cleaning","status":"publish","type":"product","link":"https:\/\/vigo-rio.com\/en\/product\/fc-20-cleaning\/","title":{"rendered":"FC Reinigung\/ Cleaning"},"content":{"rendered":"<p><strong>Kolzov-Platte &#8222;Nr. 20 &#8211; Reinigung&#8220; (Astral-Reinigung)<br \/>\n(im Russischen: \u201eReinigung\u201c, konkreter: Astral-Reinigung),<br \/>\nEnergetische Wirkung: Astral-Reinigung und \u2013Schutz, Anti-Astralangriffe, Vitalisieren<\/strong><\/p>\n<p><strong>&#8211; neueste Version mit 8-Elementen (8 enthaltenen Energiespeicher-Chips)<\/strong><\/p>\n<p>Die Kolzov-Platte \u201eReinigung\u201c bzw. genauer \u201eAstral-Reinigung\u201c entfernt astrale Wesenheiten und Fremdenergien \u2013 sowohl bei unserem eigenen K\u00f6rper als auch an Gegenst\u00e4nden und in R\u00e4umen.<\/p>\n<p><u>Zum besseren Verst\u00e4ndnis der Astralwelt:<\/u><\/p>\n<p>Es gibt eine gro\u00dfe Welt unterschiedlicher Wesen auf der sogenannten astralen Ebene unserer Welt, sie ist nicht schlechter als die Tierwelt unseres Planeten. Es gibt astrale Wesen, die gar nicht mit uns interagieren, es gibt Wesen, die sehr positiv auf uns einwirken und uns helfen und es gibt Wesenheiten, die uns schaden k\u00f6nnen. Letztere Astral-Wesen sind meist nicht wirklich b\u00f6se, wir stellen f\u00fcr sie nur eine M\u00f6glichkeit dar, sich zu \u201eern\u00e4hren\u201c, indem sie Energie von uns absaugen. Oft heften sich solche Astral-Wesen an unsere Aura und zapfen uns immer ein wenig an. Mitunter sp\u00fcren wir dies als unerkl\u00e4rliche \u00c4ngste oder Depressionen, wachen aus Alptr\u00e4umen auf, haben ein schweres Gef\u00fchl auf der Brust. Manchmal kann das zu auszehrenden Erkrankungen f\u00fchren oder zu unerkl\u00e4rlichen widerkehrenden Anf\u00e4llen. In extremen F\u00e4llen auch zu dem, was fr\u00fcher als \u201eBesessenheit\u201c und \u201eD\u00e4mon\u201c bezeichnet wurde.<br \/>\nManchmal schaffen wir astrale Wesen auch unbewusst selbst durch unsere eigene Vorstellungskraft und starke Gef\u00fchle, die sich verselbst\u00e4ndigen k\u00f6nnen \u2013 diese suchen dann immer wieder \u00e4hnliche Energien und ziehen zu jenen Menschen, die gerade identisches Denken und F\u00fchlen. So k\u00f6nnen sie in Resonanz treten und wieder Energie gewinnen, denn normalerweise w\u00fcrden diese \u201eausgekoppelten\u201c Astralenergien sich einfach aufl\u00f6sen, wenn ihre Energie immer schw\u00e4cher wird. Gerade in H\u00e4usern und besonderen Pl\u00e4tzen in der Natur k\u00f6nnen sich solche Astral-Wesen \u201eeinnisten\u201c und dort wohnende und sich aufhaltende Menschen negativ beeintr\u00e4chtigen.<br \/>\nDer erste Schritt, um das Mitschleppen von Astral-Wesen zu vermeiden, ist nat\u00fcrlich seine Gedanken und Gef\u00fchle in Harmonie zu bringen. Einfache Tipps sind auch: keine schmutzigen, dunklen Farben in der Wohnung verwenden, keine Besucher in sein Schlafzimmer lassen, nicht mit Schuhen in die Wohnung kommen, die Wohnung mit hellen Kl\u00e4ngen und Weihrauch reinigen. Wichtig: Auch bei t\u00e4glich langer Computerarbeit (mehr als 4 Stunden) erlahmt unsere k\u00f6rpereigene Abwehr von Astralverunreinigungen!<\/p>\n<p>Die Kolzov-Platte \u201eReinigung\u201c reinigt das eigene Energiefeld und das der Wohnung und sch\u00fctzt so vor astralen Anhaftungen.<\/p>\n<p><em>Die Aussagen beziehen sich auf alternative Testmethoden wie Meridianenergie-Messungen der Organfunktionskreisl\u00e4ufe nach TCM, Kirlian-Fotografie (EPG\/GDV-Kamera), Oberon, Amsat o.\u00e4. durch den Hersteller &#8222;Planet der Regionen&#8220; und stellen keine medizinische oder auf den physischen K\u00f6rper und dessen Organe bezogenen Aussage im Sinne der westlichen Schulmedizin dar.<\/em><\/p>\n<p><strong>Die Platte ist in diesem Sinne vor allem geeignet f\u00fcr:<\/strong><\/p>\n<ul>\n<li>stellt eine durch astrale Einfl\u00fcsse beeintr\u00e4chtigte Gesundheit, Vitalit\u00e4t und Sexualit\u00e4t wieder her,<\/li>\n<li>auf k\u00f6rperlicher Ebene lindert sie Entz\u00fcndungen, zerst\u00f6rt Viren, st\u00e4rkt Venen und Zellmembranen<\/li>\n<li>gleicht das Nervensystem, Sympatikus-Parasympatikus, aus,<\/li>\n<li>st\u00e4rkt das eigene Zellged\u00e4chtnis und die ureigene Programmierung der 12-Strang DNA,<\/li>\n<li>st\u00e4rkt die Chakras (insbesondere die unteren f\u00fcnf) und sch\u00fctzt die gesamte Aura,<\/li>\n<li>transportiert den kosmo-energetischen Energie- und Sonnenkanal Perun.<\/li>\n<\/ul>\n<p>Die Platte Nr. 20 beinhaltet den Kanal \u201cTSCHALAN\u201d, \u201cPERUN, RA, AR\u201d und weitere Kan\u00e4le. Sie reinigen den menschlichen K\u00f6rper ebenso wie Wohnung, Gegenst\u00e4nde etc. von astralen Verunreinigungen.<br \/>\nDie Platte Nr.20 \u201cReinigung\u201d beseitigt astrale Beeintr\u00e4chtigungen und negative Astral-Wesen und harmonisiert dadurch entstandene St\u00f6rungen \u2013 daher nennen wir sie konkreter auch \u201cAstral-Reinigung, \u201castral cleaner\u201d.<\/p>\n<p>ZUR BEACHTUNG: Die Aktivierungszeit von Wasser auf der Platte betr\u00e4gt mindestens 15 Sekunden.<\/p>\n<p><em><u>Ergebnis im LIFE-TEST:<\/u>\u00a0Die Kolzov-Platte &#8222;Nr.20 &#8211; Reinigung\/Astral-Reinigung&#8220; hat ein neutrales Energiefeld mit 40 000 Bovis. Damit aktiviert sie gleich 5 Chakras auf \u00fcber 40 000 Bovis: die drei oberen Chakras &#8211; das Kronen-, Stirn- und Hals-Chakra &#8211; und die beiden unteren Chakras &#8211; das Wurzel- und das Blase-Sexual-Chakra steigen auf diese 40 000 Bovis, wobei die beiden unteren Chakras und das Hals-Chakra sogar noch deutlich \u00fcber diese 40 000 Bovis aktiviert werden. Das Solarplexus-Chakra steigt in seiner Energie auf 35 000 Bovis und das Herz-Chakra auf 28 000 Bovis. Durch die Aufladung der Chakras w\u00e4chst der bioenergetische Reaktionsabstand von zirka 75 Zentimetern um den K\u00f6rper sogar auf 3,00 Meter. Insgesamt also eine energetisch sehr starke Platte.<\/em><\/p>\n<p><em><strong>Wichtiger Hinweis:<br \/>\nWir weisen ausdr\u00fccklich darauf hin, dass die Kolzov-Platte (russische Bezeichnung: &#8222;Korrektoren des funktionalen Zustands&#8220;) ein alternatives Energie- und Informationsprodukt ist und kein Heilmittel im Sinne der westlichen Schulmedizin. Vielmehr ist es ein rein energetisches Hilfsmittel zur ganzheitlichen Balancierung von energetischen Disharmonien und Blockaden. Informationen \u00fcber Qualit\u00e4t und Eigenschaften des Energieobjekts beziehen sich auf Aussagen des russischen Herstellers und alternativen Theorien zu Mensch und Umwelt, auf alternative Anschauungen und esoterische \u00dcberlieferungen oder Aussagen. Sie gelten nur im Sinne der esoterischen Lebensphilosophie und daran angelehnte Alternativheilkunde. Wirkungen im Sinne westlicher Wissenschaft oder Medizin werden hier nicht behauptet.<\/strong><\/em><\/p>","protected":false},"excerpt":{"rendered":"<p>Einer der st\u00e4rksten Korrektoren, der alle Chakren \u00f6ffnet und sie in k\u00fcrzester Zeit von negativen Programmen befreit.<\/p>","protected":false},"featured_media":1699,"comment_status":"open","ping_status":"closed","template":"","meta":[],"product_brand":[],"product_cat":[29],"product_tag":[61],"class_list":{"0":"post-230","1":"product","2":"type-product","3":"status-publish","4":"has-post-thumbnail","6":"product_cat-gold-series","7":"product_tag-61","9":"first","10":"instock","11":"taxable","12":"shipping-taxable","13":"purchasable","14":"product-type-simple"},"_links":{"self":[{"href":"https:\/\/vigo-rio.com\/en\/wp-json\/wp\/v2\/product\/230","targetHints":{"allow":["GET"]}}],"collection":[{"href":"https:\/\/vigo-rio.com\/en\/wp-json\/wp\/v2\/product"}],"about":[{"href":"https:\/\/vigo-rio.com\/en\/wp-json\/wp\/v2\/types\/product"}],"replies":[{"embeddable":true,"href":"https:\/\/vigo-rio.com\/en\/wp-json\/wp\/v2\/comments?post=230"}],"wp:featuredmedia":[{"embeddable":true,"href":"https:\/\/vigo-rio.com\/en\/wp-json\/wp\/v2\/media\/1699"}],"wp:attachment":[{"href":"https:\/\/vigo-rio.com\/en\/wp-json\/wp\/v2\/media?parent=230"}],"wp:term":[{"taxonomy":"product_brand","embeddable":true,"href":"https:\/\/vigo-rio.com\/en\/wp-json\/wp\/v2\/product_brand?post=230"},{"taxonomy":"product_cat","embeddable":true,"href":"https:\/\/vigo-rio.com\/en\/wp-json\/wp\/v2\/product_cat?post=230"},{"taxonomy":"product_tag","embeddable":true,"href":"https:\/\/vigo-rio.com\/en\/wp-json\/wp\/v2\/product_tag?post=230"}],"curies":[{"name":"wp","href":"https:\/\/api.w.org\/{rel}","templated":true}]}}