{"id":2298,"date":"2026-01-20T13:56:07","date_gmt":"2026-01-20T13:56:07","guid":{"rendered":"https:\/\/vigo-rio.com\/?post_type=product&#038;p=2298"},"modified":"2026-02-04T19:37:58","modified_gmt":"2026-02-04T19:37:58","slug":"fc-126-evolution-of-consciousness-himalayas","status":"publish","type":"product","link":"https:\/\/vigo-rio.com\/en\/product\/fc-126-evolution-of-consciousness-himalayas\/","title":{"rendered":"FC Evolution des Bewustseins \/ Evolution of Consciousness. Himalayas"},"content":{"rendered":"<p><strong>Kolzov-Platte: &#8222;Evolution des Bewusstseins&#8220; (f\u00fcr tiefe innere Transformation, eliminiert Einfl\u00fcsterungen und aufgezwungene Werte, Ausgleich des Nervensystems, neue Lebenswege erkennen, innerer Frieden)<\/strong><\/p>\n<p><strong>&#8211; neueste Version mit 8-Elementen (8 enthaltenen Energiespeicher-Chips)<\/strong><\/p>\n<div><em>Die Platte tr\u00e4gt die russische Aufschrift \u00ab \u042d\u0412\u041e\u041b\u042e\u0426\u0418\u042f \u0421\u041e\u0417\u041d\u0410\u041d\u0418\u042f. \u0413\u0418\u041c\u0410\u041b\u0410\u0418\u00bb und auf dem erg\u00e4nzenden Deckblatt: EVOLUTION OF CONSCIOUSNESS HIMALAYAS, EVOLUTION DE LA CONSCIENCE. HIMALAYA, EVOLUTION DES BEWUSSTSEINS. HIMALAYA<\/em><\/div>\n<div><\/div>\n<div>Die Platte &#8222;Evolution des Bewusstseins. Himalaya&#8220; hilft, egoistische Entgleisungen und Traumata zu \u00fcberwinden, \u00e4u\u00dfere Manipulationen zu eliminieren und zur Reinheit der eigenen Seele durchzudringen und inneren Frieden zu finden. Sie harmonisiert die Nerven und st\u00e4rkt das k\u00f6rperliche Leistungsverm\u00f6gen.<\/div>\n<div><\/div>\n<p><em>Die Aussagen beziehen sich auf alternative Testmethoden wie Meridianenergie-Messungen der Organfunktionskreisl\u00e4ufe nach TCM, Kirlian-Fotografie (EPG\/GDV-Kamera), Oberon, Amsat o.\u00e4. durch den Hersteller &#8222;Planet der Regionen&#8220; und stellen keine medizinische oder auf den physischen K\u00f6rper und dessen Organe bezogenen Aussage im Sinne der westlichen Schulmedizin dar.<br \/>\n<\/em><\/p>\n<p>Die Platte ist in diesem Sinne vor allem geeignet f\u00fcr:<\/p>\n<div><strong>Spirituelle und pers\u00f6nliche Entwicklung:<\/strong><\/div>\n<ul>\n<li>hilft dabei, einen Weg wirklich tiefer innerer Transformation zu gehen, sich seiner selbst und seines wahren Selbst bewusst zu werden; die eigenen Manifestationen des Egoismus &#8211; wie egoistische W\u00fcnsche, Traumata und Wunden des Egos &#8211; werden verst\u00e4ndlich und k\u00f6nnen losgelassen werden,<\/li>\n<li>fungiert als \u201eAnti-Parasiten-System\u201c f\u00fcr das Bewusstsein des Anwenders: zielt darauf ab, aufgezwungene Werte (beispielsweise durch Werbung und Einfl\u00fcsterungen), autorit\u00e4re Personen und Informationsm\u00fcll zu erkennen und loszulassen,<\/li>\n<li>st\u00e4rkt die moralischen Qualit\u00e4ten des Anwenders und st\u00e4rkt den Geist mit der Kraft hoher Energien, wodurch Optionen f\u00fcr die richtige Lebensrichtung erkannt werden k\u00f6nnen,<\/li>\n<li>aktiviert die spirituelle Vision und hilft, die Ursache psychologischer, spiritueller oder materieller Hindernisse zu verstehen,<\/li>\n<li>f\u00fchrt zu einem Zustand des inneren Friedens, der es erm\u00f6glicht, ein reines Bewusstsein zu praktizieren, sich selbst zu verstehen und sich auf die Reinheit der Seele und der Gedanken zu konzentrieren, um auf die h\u00f6chste Ebene des Mentalk\u00f6rpers aufzusteigen,<\/li>\n<\/ul>\n<div><\/div>\n<div><strong>Energiesystem:<\/strong><\/div>\n<ul>\n<li>\u00f6ffnet und st\u00e4rkt das Herz-Chakra, offenbart die Liebe zu sich selbst, zu anderen Menschen und zum Universum als Ganzes,<\/li>\n<li>aktiviert sanft die Kundalini-Energie,<\/li>\n<li>steigert die Energie auf das energetische Schwingungs-Niveau des Lebensraums von Weisen und erleuchteten Personen, um so Rat oder Unterst\u00fctzung erhalten zu k\u00f6nnen,<\/li>\n<li>lenkt und konzentriert die Energie, gibt Kraft f\u00fcr die psychische Arbeit zur \u00dcberwindung von Leiden, inneren Begrenzungen und Unfreiheit,<\/li>\n<\/ul>\n<div><\/div>\n<div><strong>Gesundheit:<\/strong><\/div>\n<ul>\n<li>steigert die k\u00f6rperliche Ausdauer und harmonisiert die Gesundheit des K\u00f6rpers,<\/li>\n<li>harmonisiert das Nervensystem und korrigiert beispielsweise die Leitf\u00e4higkeit von Signalen entlang der Nerven und die Nervenimpulsen.<\/li>\n<\/ul>\n<div><\/div>\n<div><\/div>\n<div>Auf der Platte sind die Informationen und Energien des indischen Shiva-Tempels &#8222;Tarkeshwar Mahadev&#8220; gespeichert &#8211; aufgezeichnet w\u00e4hrend des dortigen gro\u00dfen Mahashivaratri-Festes. Der Tempel liegt bei dem Dorf Gundalkhet, ca. 200km nord\u00f6stlich von Delhi, auf einer H\u00f6he 1800 Metern am Fu\u00dfe des Himalaya umgeben von zahlreichen gro\u00dfen Himalaya-Zedern.<\/div>\n<div>Der Name &#8222;Tarkeshwar Mahadev&#8220; leitet sich zum einen von Shiva, der auch &#8222;Maha-dev&#8220; (dt.: der &#8222;gro\u00dfe Gott&#8220;) genannt wird, ab &#8211; als Mahadev symbolisiert Shiva auch denjenigen, der das Universum verwandelt, alle Wesen mit all seiner Kraft liebt und der daf\u00fcr verantwortlich ist, dass das Universum richtig funktioniert und das B\u00f6se beseitigt wird. Beim Mahashivaratri-Fest wird daran erinnert, dass Shiva das Gift, welches den g\u00f6ttlichen Nektar zerst\u00f6ren und das Universum vernichten sollte, trinkt, um alle andere zu retten. Es ist somit ein Fest des unendlichen Mitgef\u00fchls, des Pflichtbewusstseins und des Sieges des Guten \u00fcber das B\u00f6se.<\/div>\n<div>Der Beiname \u201eTarkeshwar\u201c wiederum leitet sich von einem legend\u00e4ren D\u00e4mon namens Tarkasur ab. Der hinduistischen Mythologie zufolge war Tarkasur ein m\u00e4chtiger, b\u00f6ser D\u00e4mon, dem nach intensiver Bu\u00dfe und Hingabe an den Gott Shiva vergeben wurde und der danach Unbesiegbarkeit und Unsterblichkeit erlangte.<\/div>\n<div>Am Mahashivaratri-Tag kommen tausende Gl\u00e4ubige aus aller Welt zu diesem Shiva-Tempels und bringen Glocken als Opfergaben. Sie glauben, dass Gott Shiva noch immer an diesem Ort sei und tief schlafe.<\/div>\n<div><\/div>\n<div><\/div>\n<div>TIPP: Die Platte &#8222;Entwicklung des Bewusstseins. Himalaya&#8220; ist mit allen zuvor erschienenen Platte kombinierbar.<\/div>\n<div>Zur Harmonisierung des Nervensystems k\u00f6nnen Sie die Platte &#8222;Entwicklung des Bewusstseins. Himalaya&#8220; noch mit den Platten &#8222;Gl\u00fcckseligkeit&#8220;, &#8222;Neurovita&#8220; (Serie Kollektion), &#8222;Lhasa&#8220; (Serie Effizient), &#8222;Paraskeva&#8220; (Winterserie 2020), &#8222;Kolzovs Lichtgeschenk&#8220;, &#8222;Quelle der Drei Hierarchen&#8220; und &#8222;Wundert\u00e4ter&#8220; (Serie Elite) kombinieren: Legen Sie z.B. die Platte &#8222;Gl\u00fcckseligkeit&#8220; oder &#8222;Quelle der Drei Hierarchen&#8220; auf die schmerzende Stelle und nehmen Sie die Platte &#8222;Entwicklung des Bewusstseins. Himalaya&#8220; in die H\u00e4nde und halten Sie diese zirka eine Minute lang. Nehmen Sie in eine Hand die Platte &#8222;Gl\u00fcckseligkeit&#8220; und in die andere &#8222;Quelle der Drei Hierarchen&#8220; und legen Sie Ihren Hinterkopf auf die Platte &#8222;Entwicklung des Bewusstseins. Himalaya&#8220; &#8211; ebenfalls zirka eine Minute lang.<\/div>\n<div>Vor dem Schlafengehen: Die Platte &#8222;Entwicklung des Bewusstseins. Himalaya&#8220; kann zur Erholung nach k\u00f6rperlicher Anstrengung und nach einem Arbeitstag und zur Entspannung der Augen verwendet werden &#8211; dazu den Hinterkopf auf die Platte legen oder sogar in der Nacht mit einem Stirnband die Platte dort fixieren.<\/div>\n<div>TIPP 2: Die Platte ist unverzichtbar f\u00fcr alle, die geistig arbeiten wie Lehrer, Sch\u00fcler und Studenten, Gesch\u00e4ftsleute, Politiker usw. und f\u00fcr alle, die Yoga praktizieren (Shiva ist der Begr\u00fcnder und Schutzpatron des Yoga). Sie ist eine hervorragende Begleitung w\u00e4hrend des Wanderns, bei Sport und Fitness und zur Vorbereitung auf Wettk\u00e4mpfe auch auf h\u00f6chstem Niveau.<\/div>\n<div>TIPP 3: F\u00fchren Sie Gebete, \u00dcbungen und Meditationen mit dieser Platte durch, um schnell eine wirklich starke, tiefe innere Transformation und das Bewusstsein Ihres wahren Selbst zu erreichen. Nur 10-15 Minuten pro Tag gen\u00fcgen, um nach und nach Ihren inneren Zustand und den Raum um Sie herum so zu ver\u00e4ndern, dass ein innerer Dialog zwischen dem Bewussten und dem Unbewussten besser stattfinden kann und Sie eine zus\u00e4tzliche Energieressource erschlie\u00dfen k\u00f6nnen.<\/div>\n<div>ZUR BEACHTUNG: Bei dieser Platte sollte das Wasser zum Energetisieren mindestens 15 Minuten lang darauf gestellt werden.<\/div>\n<p><em><br \/>\n<strong>Wichtiger Hinweis:<\/strong><\/em><\/p>\n<p><em><strong>Wir weisen ausdr\u00fccklich darauf hin, dass die Kolzov-Platte (russische Bezeichnung: &#8222;Korrektoren des funktionalen Zustands&#8220;) ein alternatives Energie- und Informationsprodukt ist und kein Heilmittel im Sinne der westlichen Schulmedizin. Vielmehr ist es ein rein energetisches Hilfsmittel zur ganzheitlichen Balancierung von energetischen Disharmonien und Blockaden. Informationen \u00fcber Qualit\u00e4t und Eigenschaften des Energieobjekts beziehen sich auf Aussagen des russischen Herstellers und alternativen Theorien zu Mensch und Umwelt, auf alternative Anschauungen und esoterische \u00dcberlieferungen oder Aussagen. Sie gelten nur im Sinne der esoterischen Lebensphilosophie und daran angelehnte Alternativheilkunde. Wirkungen im Sinne westlicher Wissenschaft oder Medizin werden hier nicht behauptet.<\/strong><\/em><\/p>","protected":false},"excerpt":{"rendered":"<p>Die Platte <b data-path-to-node=\"2\" data-index-in-node=\"11\">\u201eEvolution des Bewusstseins\u201c<\/b> fungiert als \u201eAnti-Parasiten-System\u201c f\u00fcr den Geist, indem sie Fremdbestimmung, Manipulation und Informationsm\u00fcll eliminiert. Sie hilft dabei, Ego-Traumata loszulassen und zum wahren Selbst vorzudringen. Durch die Energie des Shiva-Tempels \u201eTarkeshwar Mahadev\u201c st\u00e4rkt sie die k\u00f6rperliche Ausdauer, korrigiert die Reizleitung der Nerven und \u00f6ffnet das Herz-Chakra f\u00fcr universelle Liebe. Sie ist ein idealer Begleiter f\u00fcr tiefen inneren Frieden, Yoga-Praktizierende und Menschen mit hoher geistiger oder sportlicher Belastung.<\/p>","protected":false},"featured_media":2359,"comment_status":"open","ping_status":"closed","template":"","meta":[],"product_brand":[],"product_cat":[33],"product_tag":[194],"class_list":{"0":"post-2298","1":"product","2":"type-product","3":"status-publish","4":"has-post-thumbnail","6":"product_cat-elite-series","7":"product_tag-194","9":"first","10":"instock","11":"taxable","12":"shipping-taxable","13":"purchasable","14":"product-type-simple"},"_links":{"self":[{"href":"https:\/\/vigo-rio.com\/en\/wp-json\/wp\/v2\/product\/2298","targetHints":{"allow":["GET"]}}],"collection":[{"href":"https:\/\/vigo-rio.com\/en\/wp-json\/wp\/v2\/product"}],"about":[{"href":"https:\/\/vigo-rio.com\/en\/wp-json\/wp\/v2\/types\/product"}],"replies":[{"embeddable":true,"href":"https:\/\/vigo-rio.com\/en\/wp-json\/wp\/v2\/comments?post=2298"}],"wp:featuredmedia":[{"embeddable":true,"href":"https:\/\/vigo-rio.com\/en\/wp-json\/wp\/v2\/media\/2359"}],"wp:attachment":[{"href":"https:\/\/vigo-rio.com\/en\/wp-json\/wp\/v2\/media?parent=2298"}],"wp:term":[{"taxonomy":"product_brand","embeddable":true,"href":"https:\/\/vigo-rio.com\/en\/wp-json\/wp\/v2\/product_brand?post=2298"},{"taxonomy":"product_cat","embeddable":true,"href":"https:\/\/vigo-rio.com\/en\/wp-json\/wp\/v2\/product_cat?post=2298"},{"taxonomy":"product_tag","embeddable":true,"href":"https:\/\/vigo-rio.com\/en\/wp-json\/wp\/v2\/product_tag?post=2298"}],"curies":[{"name":"wp","href":"https:\/\/api.w.org\/{rel}","templated":true}]}}