{"id":2297,"date":"2026-01-20T13:55:24","date_gmt":"2026-01-20T13:55:24","guid":{"rendered":"https:\/\/vigo-rio.com\/?post_type=product&#038;p=2297"},"modified":"2026-02-04T19:38:09","modified_gmt":"2026-02-04T19:38:09","slug":"fc-125-legends-of-maya-palenque","status":"publish","type":"product","link":"https:\/\/vigo-rio.com\/en\/product\/fc-125-legends-of-maya-palenque\/","title":{"rendered":"FC Maya Legenden. Palenke \/ Legends of Maya. Palenque"},"content":{"rendered":"<div><strong>Kolzov-Platte: &#8222;Maya-Legenden. Palenque&#8220;\u00a0(f\u00fcr Raum-Energie, st\u00e4rkt die Lebensenergie, Notfallplatte zur energetischen Wiederbelebung, erh\u00f6ht die Sensitivit\u00e4t, eigene Schattenseiten erkennen)<\/strong><\/div>\n<p><strong>&#8211; neueste Version mit 8-Elementen (8 enthaltenen Energiespeicher-Chips)<\/strong><\/p>\n<div><em>Die Platte tr\u00e4gt die russische Aufschrift \u00ab \u041b\u0415\u0413\u0415\u041d\u0414\u042b \u041c\u0410\u0419\u042f. \u041f\u0410\u041b\u0415\u041d\u041a\u0415\u00bb und auf dem erg\u00e4nzenden Deckblatt: LEGENDS OF MAYA. PALENQUE, L\u00c9GENDES MAYAS. PALENQUE, MAYA-LEGENDEN. PALENQUE<\/em><\/div>\n<div><\/div>\n<div>Die Platte &#8222;Maya-Legenden. Palenque&#8220; ver\u00e4ndert die Energie des Raumes bzw. des unmittelbaren Umfeldes so, dass diese positiv und unterst\u00fctzend f\u00fcr die eigene Entwicklung ist. Die Platte vermittelt dem Organismus neue Energie und Vitalit\u00e4t, harmonisiert die Chakras und Meridianenergien. Ihre &#8222;energetische Wiederbelebung&#8220; macht sie zu einer echten Notfall- und &#8222;Erste-Hilfe&#8220;-Platte. Au\u00dferdem kann sie hilfreich bei Augenproblemen, Fettleibigkeit und anderen Yin-Problemen eingesetzt werden.<\/div>\n<div><\/div>\n<div>\n<p><em>Die Aussagen beziehen sich auf alternative Testmethoden wie Meridianenergie-Messungen der Organfunktionskreisl\u00e4ufe nach TCM, Kirlian-Fotografie (EPG\/GDV-Kamera), Oberon, Amsat o.\u00e4. durch den Hersteller &#8222;Planet der Regionen&#8220; und stellen keine medizinische oder auf den physischen K\u00f6rper und dessen Organe bezogenen Aussage im Sinne der westlichen Schulmedizin dar.<br \/>\n<\/em><\/p>\n<p>Die Platte ist in diesem Sinne vor allem geeignet f\u00fcr:<\/p>\n<\/div>\n<div><strong>Raumenergie:<\/strong><\/div>\n<ul>\n<li>erh\u00f6ht des Energieniveau des umgebenden Raumes und schafft energetisch positive Bedingungen f\u00fcr eine g\u00fcnstigere Entwicklung von Ereignissen f\u00fcr den Anwender,<\/li>\n<\/ul>\n<div><\/div>\n<div><strong>Gesundheit:<\/strong><\/div>\n<ul>\n<li>Notfallplatte &#8211; fungiert als &#8222;energetisches Wiederbelebungsmittel&#8220;: hilft dabei, einen kritischen Zustand sanft und ohne Komplikationen zu \u00fcberwinden, bringt das Energiesystem in physiologisch gesunde Resonanzfrequenzen und unterst\u00fctzt und verbessert die Arbeit des gesamten K\u00f6rpers,<\/li>\n<li>hilfreich bei Augenproblemen und Fettleibigkeit (Anwendung auf dem Yin-Jiao Mai-Meridian, siehe unten unter TIPP 3)<\/li>\n<\/ul>\n<div><\/div>\n<div><strong>Energiesystem:<\/strong><\/div>\n<ul>\n<li>vermittelt vitale Energien, richtet die Chakras des Anwenders entsprechend ihrer urspr\u00fcnglichen Referenzschwingungen aus, harmonisiert das gesamte menschliche Energiesystem (einschlie\u00dflich der Meridianenergien und des Chakrasystems),<\/li>\n<li>gleicht Energiemangel und -stauungen aus, erh\u00f6ht die Energieleitf\u00e4higkeit und -empf\u00e4nglichkeit des Anwenders und hilft, die k\u00f6rpereigene Energie an h\u00f6here Schwingungen anzupassen,<\/li>\n<li>arbeitet aktiv mit dem zweiten Chakra zusammen und l\u00f6scht negative Informationen auf den Ebenen aller Chakras,<\/li>\n<\/ul>\n<div><\/div>\n<div><strong>Spirituelle und pers\u00f6nliche Entwicklung:<\/strong><\/div>\n<ul>\n<li>st\u00e4rkt die F\u00e4higkeit des Anwenders, Energien einer h\u00f6heren Ordnung wahrzunehmen und zu assimilieren, f\u00fchrt zu einer neuen h\u00f6heren Oktave des Lebens und erh\u00f6ht die Energie des umgebenden Raumes,<\/li>\n<li>hilft dabei, sich selbst besser zu erkennen und die Schattenseiten seiner Pers\u00f6nlichkeit aufzuarbeiten,<\/li>\n<li>hilft, starke negative Emotionen wie Hass, Eifersucht, Stolz, Schuld und Minderwertigkeitsgef\u00fchle zu beseitigen, befreit von bedr\u00fcckenden Geheimnissen der Vergangenheit und der Fixierung auf Ereignisse und der Wiederholung \u00e4hnlicher Muster und Strukturen,<\/li>\n<li>hilft, mit kollektiven destruktiven Energie-Informationseinfl\u00fcssen von L\u00e4ndern, V\u00f6lkern (auch V\u00f6lker-Karma), Personengruppen (Sekten, Religionen) fertig zu werden,<\/li>\n<li>stabilisiert Informationen im eigenen Aura-Feld, die Aufkommen und Begehen von Handlungen, die anderen Menschen schaden, verhindern,<\/li>\n<li>st\u00e4rkt die Intuition und f\u00f6rdert die Selbstverbesserung und die vollst\u00e4ndige Verwirklichung des wahren \u201eIchs\u201c (Individualisierung) eines Menschen,<\/li>\n<li>f\u00fchrt den Anwender zur richtigen Wahl seines Ziels oder Berufs, und hilft, produktive Ideen zu entwickeln, er\u00f6ffnet neue M\u00f6glichkeiten,<\/li>\n<li>st\u00e4rkt famili\u00e4re Bindungen, f\u00f6rdert die Gr\u00fcndung einer Familie, unterst\u00fctzt die Interaktion mit der Au\u00dfenwelt.<\/li>\n<\/ul>\n<div><\/div>\n<div><\/div>\n<div>Auf der Platte sind die Informationen verschiedener Kraftpl\u00e4tze der Maya-Pyramidenstadt Palenque, im mexikanischen Bundesstaat Chiapas, gespeichert &#8211; unter anderem vom &#8222;Tempel der Inschriften&#8220; (auf Maya: &#8222;B&#8217;olon Yej Te\u02bc Naah&#8220; = &#8222;Haus der neun scharfen Speere&#8220;), ein zentrales Bauwerk der Maya-Stadt, welches durch die unversehrte Grabkammer von K\u00f6nig Pakal unter dem Tempel ber\u00fchmt wurde. In der Kammer nimmt ein riesiger Sarkophag fast den gesamten Raum ein, der aus einem einzigen Steinblock gehauen wurde und ein Gewicht von 15 Tonnen hat. Auf ihm ruht die au\u00dfergew\u00f6hnliche 5,5 Tonnen schwere Grabplatte, die in einem Relief den Weltenbaum Wacah Chan und zu seinen F\u00fc\u00dfen K\u00f6nig Pakal mit angezogenen Beinen zeigt. Die Darstellung sollte vermutlich Pakals \u00dcbergang in die Unterwelt Xibalb\u00e1 und mit Symbolen seine sichere Auferstehung am \u00f6stlichen Horizont gew\u00e4hrleisten. Erich von D\u00e4niken machte diese Darstellung durch seine Interpretation als Abbildung eines Piloten in einem Raumschiff weltber\u00fchmt.<\/div>\n<div><\/div>\n<div><\/div>\n<div>TIPP: Die Platte &#8222;Maya-Legenden. Palenque&#8220; ist sehr gut daf\u00fcr geeignet, Energiedefizite auszugleichen und die Chakras auf ihre urspr\u00fcnglichen Referenzschwingungen auszurichten &#8211; dazu ist es wichtig, sich etwas Zeit f\u00fcr die Platte zu nehmen und sie nicht nur einfach in die Hosentasche zu stecken: Trinken Sie das darauf informierte Wasser, nehmen Sie die Platte in die H\u00e4nde und f\u00fchlen Sie hinein, wie ihre Energie sich im ganzen K\u00f6rper ausbreitet. Erst danach k\u00f6nnen Sie die Platte bei sich tragen, sie zum Baden und Duschen verwenden, Wasser zum Raumreinigen, B\u00f6den wischen und Verspr\u00fchen informieren und Kosmetika strukturieren usw..<\/div>\n<div>Die Platte kann mit allen zuvor erschienenen Platten kombiniert werden.<\/div>\n<div>TIPP 2: Die Energien der Platte optimieren die Raumenergie, sie kann daher indirekt auch zur L\u00f6sung eines Wohnungsproblems beitragen.<\/div>\n<div>Notfall-Hilfe: Um eine Person aus einem kritischen Zustand zu befreien, ist es zuerst notwendig, einen Krankenwagen zu rufen und Erste-Hilfe-Ma\u00dfnahmen durchzuf\u00fchren. Dann geben Sie der Person auf der Platte strukturiertes Wasser zu trinken (so viel sie kann, und wenn sie nicht trinken kann, gie\u00dfen Sie mindestens ein oder zwei Schlucke in ihren Mund oder aufs Gesicht).<\/div>\n<div>Die Platte ist unverzichtbar f\u00fcr \u00c4rzte, Sanit\u00e4ter, Heiler und alle Aufsichtspersonen in Kinderg\u00e4rten, Schulen etc. sowie f\u00fcr alle, die mit Gesundheit, Energien und dem physischen K\u00f6rper arbeiten. Nehmen Sie die Platte immer als \u201eErste Hilfe\u201c mit, wenn Sie in die Gesellschaft oder zur Arbeit gehen, auf Reisen oder Ausfl\u00fcgen sind.<\/div>\n<div>TIPP 3: F\u00fchren Sie Gebete, \u00dcbungen und Meditationen mit dieser Platte durch. Um destruktive psycho-energetische Effekte zu eliminieren, trinken Sie auf der Platte informiertes Wasser: Nehmen Sie zun\u00e4chst das Glas mit dem informierten Wasser zwischen Ihre Handfl\u00e4chen, trinken Sie dann langsam, in einem angenehmen Tempo. Danach k\u00f6nnen Sie Ihre Augen schlie\u00dfen und entspannen.<\/div>\n<div>Nur 10-15 Minuten pro Tag gen\u00fcgen, um nach und nach Ihren inneren Zustand und den Raum um Sie herum so zu ver\u00e4ndern, dass ein innerer Dialog zwischen dem Bewussten und dem Unbewussten besser stattfinden kann und Sie eine zus\u00e4tzliche Energieressource erschlie\u00dfen k\u00f6nnen.<\/div>\n<div>Bei Augen-Problemen und Fettleibigkeit: Bei der Arbeit \u00fcber den Yin Qiao Mai &#8222;Wunder-Meridian&#8220; (das Yin-Fersengef\u00e4\u00df) legen Sie die Platte auf die untere linke Seite des Halses.<\/div>\n<div>So k\u00f6nnen Sie auf der Ebene der psycho-emotionalen Energien an Willensschw\u00e4che, Faulheit, Apathie und Unentschlossenheit arbeiten. Der Wunsch, M\u00fcll anzuh\u00e4ufen und unwichtige Dinge zu sammeln, verschwindet. Auf k\u00f6rperlicher Ebene werden Augenprobleme, Schl\u00e4frigkeit und Schw\u00e4che, aber auch Fettleibigkeit, hervortretender Bauch und vieles mehr positiv beeinflusst.<\/div>\n<div>Beim Auflegen der Platte auf den Punkt des Wundermeridians Yin Jiao Mai kann im ersten Moment das Gef\u00fchl einer starken Energies\u00e4ule auftreten, welche in den K\u00f6rper eindringt und Schwere und Hitze verursachen kann. Anschlie\u00dfend erfolgt eine kr\u00e4ftige Wirkung auf den Darm, die Atmung wird erleichtert und ein Gef\u00fchl von Luftbewegung im K\u00f6rper entsteht.<\/div>\n<div>Die k\u00f6rperliche Aktivit\u00e4t wird unterst\u00fctzt, Bewegungen werden leicht und geschmeidig, als w\u00e4ren sie schwerelos. Der K\u00f6rper beginnt mit einer \u201eGeneralreinigung\u201c in allen verborgenen Winkeln des Organismus. Das hei\u00dft, die Energie gelangt zun\u00e4chst in die \u201eEcken\u201c, wie etwa Knie, Ellbogen, Dickdarmbeugen und Blinddarm. Es entsteht das Gef\u00fchl einer klaren, kraftvollen geometrischen Energiebewegung, die den K\u00f6rper heilt und verj\u00fcngt.<\/div>\n<div><\/div>\n<div>Hintergrundinfo zum Yin Qiao Mai-Meridian = Yin-Fersengef\u00e4\u00df:<\/div>\n<div>Der Yin Qiao Mai beginnt an der Fu\u00dfinnenseite, zieht durch die Bauchh\u00f6hle und endet zwischen Auge und Nasenwurzel. Er kontrolliert das Yin Chi und wird auch mit dem \u00d6ffnen und Schlie\u00dfen der Augenlider sowie mit der Bewegung der unteren Gliedma\u00dfen in Verbindung gebracht. Indikationen sind: Schlafst\u00f6rungen, Augenerkrankungen, Augentrockenheit mit mangelnder Tr\u00e4nenfl\u00fcssigkeit, Muskelverspannung auf der Bein-Innenseite, Gehbeschwerden, Unterbauchschmerzen, Schmerzen in den inneren Geschlechtsorganen, Myome, Plazenta-Abl\u00f6sung, Wei\u00dffluss.<\/div>\n<div>St\u00f6rungen in seinem Pendant, dem Yang Fersengef\u00e4\u00df k\u00f6nnen wiederum zu ger\u00f6teten, schmerzhaften Augen, Augenerkrankungen, H\u00f6rsturz, Migr\u00e4ne, Gesichts-Teill\u00e4hmung, Schlaganfall, Hirnschlag, Erk\u00e4ltungskrankheiten, einseitige Schmerzen bei seitlicher Drehung, Muskelverspannung auf der Bein-Au\u00dfenseite f\u00fchren.<\/div>\n<div><\/div>\n<div>ZUR BEACHTUNG: Bei dieser Platte sollte das Wasser zum Energetisieren mindestens 30 Minuten lang darauf gestellt werden.<\/div>","protected":false},"excerpt":{"rendered":"<p>fungiert als kraftvolle \u201eNotfallplatte\u201c zur energetischen Ersten Hilfe. Sie bringt das Energiesystem in gesunde Resonanzfrequenzen zur\u00fcck und optimiert gleichzeitig die Energie des umgebenden Raumes f\u00fcr eine positive Ereignis-Entwicklung. Mental unterst\u00fctzt sie dabei, eigene Schattenseiten und tief sitzende Emotionen wie Hass oder Minderwertigkeitsgef\u00fchle aufzuarbeiten. Sie hilft, sich von kollektivem V\u00f6lker-Karma oder destruktiven Gruppeneinfl\u00fcssen zu l\u00f6sen und die eigene Intuition massiv zu st\u00e4rken.<\/p>","protected":false},"featured_media":2394,"comment_status":"open","ping_status":"closed","template":"","meta":[],"product_brand":[],"product_cat":[33],"product_tag":[193],"class_list":{"0":"post-2297","1":"product","2":"type-product","3":"status-publish","4":"has-post-thumbnail","6":"product_cat-elite-series","7":"product_tag-193","9":"first","10":"instock","11":"taxable","12":"shipping-taxable","13":"purchasable","14":"product-type-simple"},"_links":{"self":[{"href":"https:\/\/vigo-rio.com\/en\/wp-json\/wp\/v2\/product\/2297","targetHints":{"allow":["GET"]}}],"collection":[{"href":"https:\/\/vigo-rio.com\/en\/wp-json\/wp\/v2\/product"}],"about":[{"href":"https:\/\/vigo-rio.com\/en\/wp-json\/wp\/v2\/types\/product"}],"replies":[{"embeddable":true,"href":"https:\/\/vigo-rio.com\/en\/wp-json\/wp\/v2\/comments?post=2297"}],"wp:featuredmedia":[{"embeddable":true,"href":"https:\/\/vigo-rio.com\/en\/wp-json\/wp\/v2\/media\/2394"}],"wp:attachment":[{"href":"https:\/\/vigo-rio.com\/en\/wp-json\/wp\/v2\/media?parent=2297"}],"wp:term":[{"taxonomy":"product_brand","embeddable":true,"href":"https:\/\/vigo-rio.com\/en\/wp-json\/wp\/v2\/product_brand?post=2297"},{"taxonomy":"product_cat","embeddable":true,"href":"https:\/\/vigo-rio.com\/en\/wp-json\/wp\/v2\/product_cat?post=2297"},{"taxonomy":"product_tag","embeddable":true,"href":"https:\/\/vigo-rio.com\/en\/wp-json\/wp\/v2\/product_tag?post=2297"}],"curies":[{"name":"wp","href":"https:\/\/api.w.org\/{rel}","templated":true}]}}