{"id":2295,"date":"2026-01-20T13:54:39","date_gmt":"2026-01-20T13:54:39","guid":{"rendered":"https:\/\/vigo-rio.com\/?post_type=product&#038;p=2295"},"modified":"2026-03-31T10:04:01","modified_gmt":"2026-03-31T10:04:01","slug":"fc-124-the-power-of-celestial-fire","status":"publish","type":"product","link":"https:\/\/vigo-rio.com\/en\/product\/fc-124-the-power-of-celestial-fire\/","title":{"rendered":"FC Kraft des Himmlischen Feuers \/ Heavenly Fire Power"},"content":{"rendered":"<p><strong>Kolzov-Platte: &#8222;Kraft des Himmlischen Feuers&#8220;\u00a0(f\u00fcr Lebensfreude und lichtvolle Zukunft, starke Schutzplatte, f\u00fcr positive Transformation, &#8222;verbrennt&#8220; negative Energien der Vergangenheit, l\u00f6scht Illusionen und \u00c4ngste, psycho-energetische Reinigung, enth\u00fcllt die Wahrheit und Manipulationen)<\/strong><\/p>\n<div>&#8211; neueste Version mit 8-Elementen (8 enthaltenen Energiespeicher-Chips)<\/div>\n<div><em>Die Platte tr\u00e4gt die russische Aufschrift \u00ab\u0421\u0418\u041b\u0410 \u041d\u0415\u0411\u0415\u0421\u041d\u041e\u0413\u041e \u041e\u0413\u041d\u042f\u00bb und auf dem erg\u00e4nzenden Deckblatt: HEAVENLY FIRE POWER, FORCE DU FEU C\u00c9LESTE, DIE KRAFT DES HIMMLISCHEN FEUERS<\/em><\/div>\n<div><\/div>\n<div><\/div>\n<div>Die Platte &#8222;Kraft des Himmlischen Feuers&#8220; gibt verlorene Lebensfreude zur\u00fcck und nur wer in Freude lebt, kann die hochfrequenten Schwingungen der neuen Zeit halten. Versuche, gl\u00fccklich zu sein, auch wenn es um dich herum schlecht steht! &#8222;Finde das Gute und G\u00f6ttliche in Dir, das Dir Freude bringen kann &#8211; die Platte hilft Dir dabei!&#8220;<\/div>\n<div>Die lichtvollen kosmischen Energien der Platte helfen dem Anwender, seine Bestimmung zu erkennen, st\u00e4rken die Gesundheit, verleihen einen kraftvollen Schutz und bringen dem Anwender Erfolg und Wohlstand &#8211; mit dieser Platte ist alles m\u00f6glich!<\/div>\n<div>Mit dem &#8222;Himmlische Feuer&#8220; ist jene urspr\u00fcngliche Energie gemeint, die dem Unendlichen entspringt und Raum und Zeit hervorbringt. Sie ist in allen Ph\u00e4nomenen, auch im K\u00f6rper von Mensch und Tier und in den Pflanzen (konzentriert in Samen und \u00d6len) pr\u00e4sent. Sie erf\u00fcllt uns mit Lebensenergie, w\u00e4rmt und sichert den Ablauf physiologischer Prozesse. Es ist zugleich jene transformierende Energie, die in Zukunft vieles auf unserem Planeten Erde ver\u00e4ndern wird &#8211; mit dieser Platte k\u00f6nnen Sie den nat\u00fcrlichen Prozess unterst\u00fctzen.<\/div>\n<div><\/div>\n<div>\n<p><em>Die Aussagen beziehen sich auf alternative Testmethoden wie Meridianenergie-Messungen der Organfunktionskreisl\u00e4ufe nach TCM, Kirlian-Fotografie (EPG\/GDV-Kamera), Oberon, Amsat o.\u00e4. durch den Hersteller &#8222;Planet der Regionen&#8220; und stellen keine medizinische oder auf den physischen K\u00f6rper und dessen Organe bezogenen Aussage im Sinne der westlichen Schulmedizin dar.<\/em><\/p>\n<div><strong>Die Platte ist in diesem Sinne vor allem geeignet f\u00fcr:<\/strong><\/div>\n<\/div>\n<div><strong>Gesundheit:<\/strong><\/div>\n<ul>\n<li>gibt verlorene Freude und Lebensfreude zur\u00fcck,<\/li>\n<li>hilft dem Anwender, eine ausreichende Menge an \u201einnerem Feuer\u201c anzusammeln, f\u00fcllt den physischen K\u00f6rper mit Lebensenergie, um Krankheiten zu \u00fcberwinden und sich aktiv zu erholen,<\/li>\n<\/ul>\n<div><\/div>\n<div><strong>Energiesystem:<\/strong><\/div>\n<ul>\n<li>Feuerenergien bringen blockierte Energien wieder in Fluss und l\u00f6sen Spannungen im K\u00f6rper, Feuerenergien aktivieren auch die Tr\u00e4ume,<\/li>\n<li>zieht die Energien des Erfolgs, der Liebe und des Wohlstands an, er\u00f6ffnet neue M\u00f6glichkeiten im Leben und verhindert ung\u00fcnstige Ereignisse in Gegenwart und Zukunft,<\/li>\n<li>bietet einen leistungsstarken Schutz f\u00fcr den Anwender und die Umgebung, kann also auch f\u00fcr den Raumschutz im &#8222;Energiehaus&#8220; als eine der drei Platten verwendet werden,<\/li>\n<\/ul>\n<div><\/div>\n<div><strong>Spirituelle und pers\u00f6nliche Entwicklung:<\/strong><\/div>\n<ul>\n<li>leitet eine umfassende psycho-energetische Reinigung von Illusionen ein und befreit von den Wahnvorstellungen der Vergangenheit, hilft, die Realit\u00e4t so zu sehen, wie sie wirklich ist: Feuerenergien enth\u00fcllen die Wahrheit, decken L\u00fcgen und T\u00e4uschungen auf und verhindert die Manipulation des menschlichen Bewusstseins,<\/li>\n<li>wandelt seelische Traumata aus der Kindheit in eine neutrale Lebenserfahrung,<\/li>\n<li>l\u00f6scht unterbewusste \u00c4ngste, Unsicherheit, Eifersucht, Reizbarkeit und Wut, baut l\u00e4hmende Schuldgef\u00fchle ab und wandelt sie in Freude und Gl\u00fcck,<\/li>\n<li>hilft dabei, Programme, welche die Pers\u00f6nlichkeit negativ beeinflussen, zu l\u00f6schen, \u00fcberm\u00e4\u00dfigen Stolz abzubauen, unw\u00fcrdige Handlungen zu vermeiden und unw\u00fcrdigen W\u00fcnschen nicht zu erliegen, sich von den Ursachen sch\u00e4dlicher S\u00fcchte zu befreien,<\/li>\n<li>bringt verlorene Freude zur\u00fcck und macht jeden Moment im Leben interessant, energiegeladen und bereichernd,<\/li>\n<li>hilft die Verbindung mit dem H\u00f6heren Selbst und den Schutzengeln zu st\u00e4rken,<\/li>\n<li>leitet die Kraft des Geistes in die Pers\u00f6nlichkeit, f\u00f6rdert den Erwerb der Integrit\u00e4t des Selbst,<\/li>\n<li>st\u00e4rkt die Willenskraft, erf\u00fcllt mit aufrichtigem Glauben an das eigene Potenzial und die eigenen F\u00e4higkeiten, hilft dabei, unvollendete Unternehmungen zu einem logischen Abschluss zu bringen,<\/li>\n<li>verleiht dem Bewusstsein die notwendige Konzentrationsf\u00e4higkeit, Flexibilit\u00e4t und Kraft und hilft dem Anwender dabei, auch den eigenen K\u00f6rper mit der Kraft des Geistes zu kontrollieren,<\/li>\n<li>f\u00f6rdert das gegenseitige Verst\u00e4ndnis zwischen den Menschen, erf\u00fcllt mit den Kr\u00e4ften der Liebe, Barmherzigkeit und Akzeptanz und st\u00e4rkt auch im Spirituellen eine Vereinigung der Menschen,<\/li>\n<li>verbessert die Beziehung zwischen Eltern und Kindern in jedem Alter, hilft, den elterlichen Segen in den wichtigsten Momenten des Lebens zu erhalten,<\/li>\n<li>enth\u00fcllt geheimes Wissen (beispielsweise von Vorfahren), \u00f6ffnet kosmische Informationskan\u00e4le des Universums,<\/li>\n<li>erweitert das Bewusstsein, hilft beim Lernen, beim Aufbau von Verbindungen, bei der Kommunikation, bei Verhandlungen, hilft bei der Bew\u00e4ltigung der Realit\u00e4t<\/li>\n<li>die Platte kann auch sehr gut f\u00fcr Pflanzen verwendet werden: da sie die Lebenskraft des genetischen Materials unterst\u00fctzt, kann die Pflanze in ihren Samen und \u00d6len, die jeweiligen Eigenschaften noch st\u00e4rker konzentrieren und so zur Verf\u00fcgung stellen,<\/li>\n<li>die Platte kann auch zur Informierung des Raumes verwendet werden: legt man einen Edelstein, ein Mineral oder eine Pflanze ,auf die Platte \u00fcbertr\u00e4gt sie deren angesammelte Informationen in den umgebenden Raum.<\/li>\n<\/ul>\n<div><\/div>\n<div>Auf der Kolzov-Platte sind die Informationen des Energieportals am 9.Dezember 2024 gespeichert, dieser Tag ist der zoroastrische Feiertag des &#8222;Atar&#8220;, des &#8222;Himmlischen Feuers&#8220;. Die Zoroastrier verehrten nicht das Feuer selbst, sondern die lichttragende kosmische Substanz, f\u00fcr die das Feuer nur ein Symbol ist. Das &#8222;Himmlische Feuer&#8220; steht dabei f\u00fcr das h\u00f6chste kosmische Licht: der Geist des Feuers als Wahrheit und Manifestation des h\u00f6chsten G\u00f6ttlichen in der physischen Welt.<\/div>\n<div>Die Platte erg\u00e4nzt auch die beiden \u00e4lteren zoroastrischen Feuer-Platten &#8222;Zauber des Feuers&#8220; (Feuer der Priester) und &#8222;Feuer des Universums&#8220; (Feuer der K\u00f6nige).<\/div>\n<div>TIPP: Die Energie der Platte ist hell und kraftvoll &#8211; es ist jene transformierende Energie, die in Zukunft vieles auf unserem Planeten Erde ver\u00e4ndern wird \u2013 den Menschen und den ihn umgebenden Raum. Mit nur 10-15 Minuten t\u00e4glicher Anwendung k\u00f6nnen Sie Ihren inneren Zustand und den Raum um sich herum positiv ver\u00e4ndern, die Verbindung zwischen dem Bewussten und dem Unbewussten st\u00e4rken und sich mit neuen Energien aufladen.<\/div>\n<div>Die Platte bringt blockierte Energien wieder in Fluss, was bei manchen Personen kurzzeitig zu einer Ver\u00e4nderung des Blutdrucks f\u00fchren kann &#8211; achten Sie daher auf Ihr Wohlbefinden, reduzieren Sie bei Problemen anfangs die Anwendungszeit und kontrollieren Sie Ihren Blutdruck.<\/div>\n<div>Die Platte &#8222;Kraft des himmlischen Feuers&#8220; kann besonders effektiv kombiniert werden mit den Platten \u201eGeschenk des Himmels&#8220;, &#8222;Geschenk des Feuers&#8220;, &#8222;Kamerton&#8220;, &#8222;Kolzovs Lichtgeschenk&#8220; und &#8222;Kraft des Geistes&#8220; und mit dem Armband &#8222;Lichtkraft&#8220;.<\/div>\n<div><u>W\u00fcnschen und Bitten:<\/u>\u00a0Um eine Bitten zu \u00e4u\u00dfern, ist es wichtig, zun\u00e4chst bewusst Kontakt aufzunehmen z.B. indem man sagt: \u201eDanke, ich lade dich in meinen Raum ein, ich brauche deine Hilfe, ich brauche Schutz oder etwas anderes \u2026\u201c<\/div>\n<div>in der Therapie: Die Platte kann sehr gut f\u00fcr alle physiotherapeutischen Behandlungen verwendet werden wie B\u00e4der, Duschen, Inhalationen usw., aber auch zur Informierung bei Nutzung medizinischer Ger\u00e4te.<\/div>\n<div><u>f\u00fcr harmonisches Umfeld:<\/u>\u00a0Verwenden Sie die Platte in Teams, Gruppen (auch Reisegruppen), um eine harmonische, spirituelle Atmosph\u00e4re zu schaffen.<\/div>\n<div>Die Platte ist wichtig f\u00fcr Menschen, die sich selbst und ihre Umgebung positiv ver\u00e4ndern m\u00f6chten wie K\u00fcnstler, Therapeuten aber auch Handwerker, und f\u00fcr Personen, die h\u00f6here Verantwortung f\u00fcr ihre Mitmenschen tragen wie Wissenschaftler, Milit\u00e4rangeh\u00f6rige, Politiker, Lehrer und spirituelle F\u00fchrer.<\/div>\n<div><u>Schutzengel-Kontakt:<\/u>\u00a0Die Platte kann bewusst genutzt werden, um die Verbindung mit seinen H\u00f6heren Mentoren und Schutzengeln zu st\u00e4rken und K\u00f6rper, Seele und Geist zu synchonisieren.<\/div>\n<p>ZUR BEACHTUNG: Bei dieser Platte sollte das Wasser zum Energetisieren mindestens 15 Minuten lang darauf gestellt werden<\/p>\n<p>&nbsp;<\/p>\n<p><em><strong>Wichtiger Hinweis:<\/strong><\/em><\/p>\n<p><strong><em>Wir weisen ausdr\u00fccklich darauf hin, dass die Kolzov-Platte (russische Bezeichnung: &#8222;Korrektoren des funktionalen Zustands&#8220;) ein alternatives Energie- und Informationsprodukt ist und kein Heilmittel im Sinne der westlichen Schulmedizin. Vielmehr ist es ein rein energetisches Hilfsmittel zur ganzheitlichen Balancierung von energetischen Disharmonien und Blockaden. Informationen \u00fcber Qualit\u00e4t und Eigenschaften des Energieobjekts beziehen sich auf Aussagen des russischen Herstellers und alternativen Theorien zu Mensch und Umwelt, auf alternative Anschauungen und esoterische \u00dcberlieferungen oder Aussagen. Sie gelten nur im Sinne der esoterischen Lebensphilosophie und daran angelehnte Alternativheilkunde. Wirkungen im Sinne westlicher Wissenschaft oder Medizin werden hier nicht behauptet.<\/em><\/strong><\/p>","protected":false},"excerpt":{"rendered":"<p>ist ein hochenergetisches Werkzeug, um verlorene Lebensfreude zur\u00fcckzugewinnen und seelische Traumata der Vergangenheit zu \u201everbrennen\u201c. Sie wirkt als kraftvoller Schutzschild und \u201eL\u00fcgendetektor\u201c, der Manipulationen sowie Illusionen entlarvt und die nackte Wahrheit enth\u00fcllt. Die Platte st\u00e4rkt die Verbindung zum H\u00f6heren Selbst, baut Schuldgef\u00fchle ab und verleiht die n\u00f6tige Willenskraft, um Projekte erfolgreich zu beenden. Sie bringt blockierte Energien wieder in Fluss und unterst\u00fctzt die Anpassung an die hohen Schwingungen der neuen Zeit.<\/p>","protected":false},"featured_media":2340,"comment_status":"open","ping_status":"closed","template":"","meta":[],"product_brand":[],"product_cat":[33],"product_tag":[192],"class_list":{"0":"post-2295","1":"product","2":"type-product","3":"status-publish","4":"has-post-thumbnail","6":"product_cat-elite-series","7":"product_tag-192","9":"first","10":"instock","11":"taxable","12":"shipping-taxable","13":"purchasable","14":"product-type-simple"},"_links":{"self":[{"href":"https:\/\/vigo-rio.com\/en\/wp-json\/wp\/v2\/product\/2295","targetHints":{"allow":["GET"]}}],"collection":[{"href":"https:\/\/vigo-rio.com\/en\/wp-json\/wp\/v2\/product"}],"about":[{"href":"https:\/\/vigo-rio.com\/en\/wp-json\/wp\/v2\/types\/product"}],"replies":[{"embeddable":true,"href":"https:\/\/vigo-rio.com\/en\/wp-json\/wp\/v2\/comments?post=2295"}],"wp:featuredmedia":[{"embeddable":true,"href":"https:\/\/vigo-rio.com\/en\/wp-json\/wp\/v2\/media\/2340"}],"wp:attachment":[{"href":"https:\/\/vigo-rio.com\/en\/wp-json\/wp\/v2\/media?parent=2295"}],"wp:term":[{"taxonomy":"product_brand","embeddable":true,"href":"https:\/\/vigo-rio.com\/en\/wp-json\/wp\/v2\/product_brand?post=2295"},{"taxonomy":"product_cat","embeddable":true,"href":"https:\/\/vigo-rio.com\/en\/wp-json\/wp\/v2\/product_cat?post=2295"},{"taxonomy":"product_tag","embeddable":true,"href":"https:\/\/vigo-rio.com\/en\/wp-json\/wp\/v2\/product_tag?post=2295"}],"curies":[{"name":"wp","href":"https:\/\/api.w.org\/{rel}","templated":true}]}}