{"id":2294,"date":"2026-01-20T13:53:58","date_gmt":"2026-01-20T13:53:58","guid":{"rendered":"https:\/\/vigo-rio.com\/?post_type=product&#038;p=2294"},"modified":"2026-04-15T08:51:20","modified_gmt":"2026-04-15T08:51:20","slug":"fc-123-water-source-of-the-redeemer","status":"publish","type":"product","link":"https:\/\/vigo-rio.com\/en\/product\/fc-123-water-source-of-the-redeemer\/","title":{"rendered":"FC Wasserquelle des Erl\u00f6sers \/ Water Source of the Redeemer"},"content":{"rendered":"<div><strong>Kolzov-Platte: &#8222;Wasserquelle des Erl\u00f6sers&#8220;\u00a0(wandelt negative Emotionen in Positive, bei Schmerzen und Phantom-Schmerzen, f\u00fcr k\u00f6rperliche und geistige Gesundheit, Haut-Verj\u00fcngung, hilft beim Abnehmen)<\/strong><\/div>\n<div><\/div>\n<div>&#8211;<em>\u00a0neueste Version mit 8-Elementen (8 enthaltenen Energiespeicher-Chips)<br \/>\n<\/em><\/div>\n<div><em>Die Platte tr\u00e4gt die russische Aufschrift \u00ab\u0418\u0421\u0422\u041e\u0427\u041d\u0418\u041a \u0412\u041e\u0414\u042b \u0421\u041f\u0410\u0421\u0418\u0422\u0415\u041b\u042f\u00bb und auf dem erg\u00e4nzenden Deckblatt: SAVIOR&#8217;S WATER SPRING, SOURCE DU SAUVEUR, WASSERQUELLE DES ERL\u00d6SERS<\/em><\/div>\n<div><\/div>\n<div><\/div>\n<div>Die Energien der Quellen auf der Platte &#8222;Wasserquelle des Erl\u00f6sers&#8220; haben einzigartige energetisch-informative Eigenschaften: sie l\u00f6schen negative Programme aus der Kindheit und wandeln pessimistische Stimmungen in positive. W\u00e4hrend Sie mit der Platte interagieren, k\u00f6nnen Sie das Licht der Freude und Liebe sp\u00fcren. Schenken Sie Ihrer Seele Energien der Harmonie und Ihrem K\u00f6rper heilende Schwingungen, erf\u00fcllen Sie sich mit einem Zustand des Gl\u00fccks und der Inspiration und verankern Sie strahlende Momente in Ihrem Leben.<\/div>\n<div><\/div>\n<div><\/div>\n<div>\n<p><em>Die Aussagen beziehen sich auf alternative Testmethoden wie Meridianenergie-Messungen der Organfunktionskreisl\u00e4ufe nach TCM, Kirlian-Fotografie (EPG\/GDV-Kamera), Oberon, Amsat o.\u00e4. durch den Hersteller &#8222;Planet der Regionen&#8220; und stellen keine medizinische oder auf den physischen K\u00f6rper und dessen Organe bezogenen Aussage im Sinne der westlichen Schulmedizin dar.<\/em><\/p>\n<div><strong>Die Platte ist in diesem Sinne vor allem geeignet f\u00fcr:<\/strong><\/div>\n<\/div>\n<div><strong>Gesundheit:<\/strong><\/div>\n<ul>\n<li>wandelt negative emotionale Zust\u00e4nde und mentalen &#8222;Schmutz&#8220; in positivere Stimmungen und zaubert ein L\u00e4cheln ins Gesicht, verleiht einen Zustand des Seelenfriedens,<\/li>\n<li>interagiert mit der unbewussten Ebene des Anwenders und beseitigt die Ursachen f\u00fcr psychosomatische Gesundheitsprobleme und irrationales Verhalten,<\/li>\n<li>lindert Schmerzen und kann direkt auf der Schmerzstelle angewendet werden,<\/li>\n<li>verbessert den allgemeinen Gesundheitszustand des Anwenders, st\u00e4rkt das Herz mit heilender Energie und reguliert das Herz-Kreislauf-System,<\/li>\n<li>regt den Stoffwechsel an und hilft bei der Normalisierung des Gewichts, f\u00f6rdert einen bewussten Umgang mit der Menge und Qualit\u00e4t der verzehrten Nahrung,<\/li>\n<li>f\u00f6rdert die Zellerneuerung und Regeneration des Gewebes, verlangsamt den Prozess der Hautalterung,<\/li>\n<li>reguliert die Funktionen des Urogenital- und Verdauungssystems, hilft bei Erkrankungen des Magen-Darm-Trakts und der Gallenblase<\/li>\n<li>verl\u00e4ngert die sexuell aktive Zeit im Leben, stellt Harmonie und Leidenschaft in Beziehungen wieder her,<\/li>\n<li>hilft bei Problemen mit entfernten Organen, bei Phantomschmerzen und nach Operationen &#8211; harmonisiert die \u00e4therische Ebene und entfernt verbleibende negative Informationen,<\/li>\n<li>hilft dem Anwender, schlechte Gewohnheiten wie Koffein- und Alkoholsucht allm\u00e4hlich loszuwerden<\/li>\n<\/ul>\n<div><\/div>\n<div><strong>Energiesystem:<\/strong><\/div>\n<ul>\n<li>l\u00f6st Blockaden und Energieknoten im \u00c4therk\u00f6rper, die durch Trauma, Schmerz, Schock oder Bewusstlosigkeit entstanden sind, allm\u00e4hlich und manchmal unbemerkt f\u00fcr den Anwender auf,<\/li>\n<li>\u00f6ffnet das zweite Chakra und hilft so ebenfalls, \u00c4ngste nach Traumata zu lindern,<\/li>\n<li>reinigt Schmuck und Edelsteine, die den Anwender energetisch belasten,<\/li>\n<\/ul>\n<div><strong>Spirituelle und pers\u00f6nliche Entwicklung:<\/strong><\/div>\n<ul>\n<li>hilft dabei, negative einschr\u00e4nkende Muster aus der Kindheit aufzul\u00f6sen,<\/li>\n<li>f\u00f6rdert spirituelles Wachstum, spirituelle Freiheit und Barmherzigkeit,<\/li>\n<li>f\u00fcllt mit der Energie der Inspiration,<\/li>\n<li>hilft, das Positive in jeder Situation zu erkennen, wandelt Negativit\u00e4t in positive, harmonische Schwingungen, was F\u00fclle und Wohlstand ins Leben zieht.<\/li>\n<\/ul>\n<div><\/div>\n<div>Auf der Platte &#8222;Wasserquelle des Erl\u00f6sers&#8220; sind die Informationen zweier Heilw\u00e4sser aus dem Hydrotherapiezentrum &#8222;Rai-Semyonovskoye&#8220; bei dem Dorf Semyonovskoye, Region Kaluga s\u00fcdwestlich von Moskau, gespeichert: die heiligen Quelle \u201eWasser des Erl\u00f6sers\u201c und die &#8222;Dr\u00fcsenquelle&#8220; in der N\u00e4he des Balneariums.<\/div>\n<div>Das Hydrotherapiezentrum &#8222;Rai-Semyonovskoye&#8220; war das erste private Kurbad Russlands. Es liegt auf dem Gel\u00e4nde der russischen Adelsfamilie Nakoshin. Au\u00dferdem lie\u00df die Familie eine riesige, reich verzierte Erl\u00f6serkirche und eine Villa im italienischen Stil erbauen und legte einen Landschaftspark auf dem Gel\u00e4nde an.<\/div>\n<div><\/div>\n<div>TIPP: Die Energien der Platte sind ruhig, aber kraftvoll und weise. Sie vermitteln eine unersch\u00fctterliche Ruhe, das heilende Licht der Freude und hochfrequente Liebesenergien, vergleichbar der sanften Liebe einer Mutter. Mit nur 10-15 Minuten t\u00e4glicher Anwendung erschlie\u00dfen Sie neue Energieressourcen und harmonisieren Ihren inneren Zustand.<\/div>\n<div>Die Platte &#8222;Wasserquelle des Erl\u00f6sers&#8220; arbeitet sehr gut zusammen mit den Kolzov-Platten &#8222;Vollkommene Harmonie&#8220;, &#8222;Machtvolles Wasser&#8220; und Wasserfall Korbu&#8220;. Sie ist aber auch mit allen anderen Platten kombinierbar.<\/div>\n<div><u>bei Schmerzen und nach Operationen:<\/u>\u00a0Bei Schmerzen, Verletzungen, nach Operationen und zahn\u00e4rztlichen Eingriffen ist die Anwendung der Platte dringend zu empfehlen: damit informiertes Wasser trinken, sp\u00fclen, auftragen und die Platte auf die Schmerzstelle legen.<\/div>\n<div><u>bei Herz-Kreislauf-Erkrankungen:<\/u>\u00a0Wenn man die Platte beim Wannenbad oder Duschen zum Informieren des Wassers verwendet, kann der Zustand bei Herz-Kreislauf-Erkrankungen verbessert werden.<\/div>\n<div><u>bei Gewalt-Erfahrungen:<\/u>\u00a0Die Platte sollte von allen Personen, die Gewalt erfahren haben, verwendet werden &#8211; egal, ob in Kriegen oder nach h\u00e4uslicher Gewalt. Es empfiehlt sich die Platte etwa 30 Minuten lang auf den Bereich des 2.Chakras zu legen.<\/div>\n<div><u>Negatives umwandeln:<\/u>\u00a0Sie k\u00f6nnen die Energien der Platte nutzen, um jede negative Situation in Freude und Liebe umzuprogrammieren: Wenn Eltern in der Kindheit beispielsweise sagten: \u201eRenne nicht, du wirst fallen und dich verletzen\u201c, wird dies im Unterbewusstsein gespeichert und hat erhebliche Auswirkungen auf das Leben. Die Arbeit mit der Platte wird Ihnen helfen, sich von solchen Programmen zu befreien.<\/div>\n<div><u>besserer Schlaf:<\/u>\u00a0Es ist angenehm, unter diesen heilenden Schwingungen einzuschlafen und in einen tiefen, gleichm\u00e4\u00dfigen und heilenden Schlaf zu gelangen &#8211; dazu die Platte einfach unter das Kopfkissen legen.<\/div>\n<div><u>Haus-Reinigung:<\/u>\u00a0das informierte Wasser verspr\u00fchen und den Raum damit auswischen. Es ist auch gut, ein Kranken- oder Sterbezimmer mit diesem Wasser zu reinigen.<\/div>\n<div><\/div>\n<div>ZUR BEACHTUNG: Bei dieser Platte sollte das Wasser zum Energetisieren mindestens 15 Minuten lang darauf gestellt werden<\/div>\n<p><em><strong>Wichtiger Hinweis:<\/strong><\/em><\/p>\n<p><em><strong>Wir weisen ausdr\u00fccklich darauf hin, dass die Kolzov-Platte (russische Bezeichnung: &#8222;Korrektoren des funktionalen Zustands&#8220;) ein alternatives Energie- und Informationsprodukt ist und kein Heilmittel im Sinne der westlichen Schulmedizin. Vielmehr ist es ein rein energetisches Hilfsmittel zur ganzheitlichen Balancierung von energetischen Disharmonien und Blockaden. Informationen \u00fcber Qualit\u00e4t und Eigenschaften des Energieobjekts beziehen sich auf Aussagen des russischen Herstellers und alternativen Theorien zu Mensch und Umwelt, auf alternative Anschauungen und esoterische \u00dcberlieferungen oder Aussagen. Sie gelten nur im Sinne der esoterischen Lebensphilosophie und daran angelehnte Alternativheilkunde. Wirkungen im Sinne westlicher Wissenschaft oder Medizin werden hier nicht behauptet.<\/strong><\/em><\/p>","protected":false},"excerpt":{"rendered":"<p>wirkt wie ein energetischer Balsam f\u00fcr K\u00f6rper und Seele. Sie ist darauf spezialisiert, pessimistische Stimmungen und negative Kindheitspr\u00e4gungen in Freude und Liebe zu transformieren. Auf k\u00f6rperlicher Ebene unterst\u00fctzt sie die Schmerzlinderung (auch bei Phantomschmerzen) und hilft dabei, den Stoffwechsel zu aktivieren und das Gewicht bewusst zu regulieren.<\/p>","protected":false},"featured_media":2424,"comment_status":"open","ping_status":"closed","template":"","meta":[],"product_brand":[],"product_cat":[33],"product_tag":[191],"class_list":{"0":"post-2294","1":"product","2":"type-product","3":"status-publish","4":"has-post-thumbnail","6":"product_cat-elite-series","7":"product_tag-191","9":"first","10":"instock","11":"taxable","12":"shipping-taxable","13":"purchasable","14":"product-type-simple"},"_links":{"self":[{"href":"https:\/\/vigo-rio.com\/en\/wp-json\/wp\/v2\/product\/2294","targetHints":{"allow":["GET"]}}],"collection":[{"href":"https:\/\/vigo-rio.com\/en\/wp-json\/wp\/v2\/product"}],"about":[{"href":"https:\/\/vigo-rio.com\/en\/wp-json\/wp\/v2\/types\/product"}],"replies":[{"embeddable":true,"href":"https:\/\/vigo-rio.com\/en\/wp-json\/wp\/v2\/comments?post=2294"}],"wp:featuredmedia":[{"embeddable":true,"href":"https:\/\/vigo-rio.com\/en\/wp-json\/wp\/v2\/media\/2424"}],"wp:attachment":[{"href":"https:\/\/vigo-rio.com\/en\/wp-json\/wp\/v2\/media?parent=2294"}],"wp:term":[{"taxonomy":"product_brand","embeddable":true,"href":"https:\/\/vigo-rio.com\/en\/wp-json\/wp\/v2\/product_brand?post=2294"},{"taxonomy":"product_cat","embeddable":true,"href":"https:\/\/vigo-rio.com\/en\/wp-json\/wp\/v2\/product_cat?post=2294"},{"taxonomy":"product_tag","embeddable":true,"href":"https:\/\/vigo-rio.com\/en\/wp-json\/wp\/v2\/product_tag?post=2294"}],"curies":[{"name":"wp","href":"https:\/\/api.w.org\/{rel}","templated":true}]}}