{"id":2293,"date":"2026-01-20T13:53:20","date_gmt":"2026-01-20T13:53:20","guid":{"rendered":"https:\/\/vigo-rio.com\/?post_type=product&#038;p=2293"},"modified":"2026-03-25T16:57:00","modified_gmt":"2026-03-25T16:57:00","slug":"fc-122-innermost-victoria","status":"publish","type":"product","link":"https:\/\/vigo-rio.com\/en\/product\/fc-122-innermost-victoria\/","title":{"rendered":"FC Heilige Viktoria \/ Innermost Victoria"},"content":{"rendered":"<div><strong>Kolzov-Platte: &#8222;Heilige Victoria&#8220;\u00a0(verbindet Himmel und Erde, Vergangenheit und Gegenwart, um die eigenen Potentiale zu verwirklichen, l\u00f6st Blockaden, neutralisiert geopathogene St\u00f6rzonen, st\u00e4rkt die Harmonie)<\/strong><\/div>\n<div><strong>(bei paarweiser Anwendung am besten mit der Platte &#8222;Heilige Victoria&#8220;)<\/strong><\/div>\n<div><em>&#8211; neueste Version mit 8-Elementen (8 enthaltenen Energiespeicher-Chips)<\/em><\/div>\n<div><em>Die Platte tr\u00e4gt die russische Aufschrift \u00ab \u0421\u041e\u041a\u0420\u041e\u0412\u0415\u041d\u041d\u0410\u042f \u0412\u0418\u041a\u0422\u041e\u0420\u0418\u042f \u00bb und auf dem erg\u00e4nzenden Deckblatt: INNERMOST VICTORIA, SAINTE VICTOIRE, HEILIGE VICTORIA<\/em><\/div>\n<div><\/div>\n<div>Die Platte &#8222;Heilige Victoria&#8220; schafft ein Gef\u00fchl der Sicherheit: wenn Sie die Platte am K\u00f6rper haben, entsteht ein Urvertrauen, dass Ihnen nichts Schlimmes passieren kann. Die Seele sp\u00fcrt vertraute und urspr\u00fcngliche Energien, die Sie und Ihren K\u00f6rper auf subtiler Ebene wie eine Mutter sanft und z\u00e4rtlich umarmen.<\/div>\n<div>Die Platte erm\u00f6glicht ein wahres Verst\u00e4ndnis Ihrer selbst und Ihrer Lebenswerte &#8211; und das ist gerade jetzt sehr wichtig. Denn in der neuen Zeit haben spirituelle Werte Priorit\u00e4t, materielle sind zweitrangig. Unsere inneren Werte sind der Kompass unseres Lebens und unsere Seele ist der Kern der wichtigsten Werte und Bedeutungen. Deshalb gibt es das Sprichwort: \u201eWenn du andere verstehen willst, verstehe dich selbst.\u201c So erm\u00f6glicht die Platte &#8222;Heilige Victoria&#8220; aus der Sackgasse des Lebens herauszukommen und schwierige Lebensprobleme zu l\u00f6sen.<\/div>\n<div>Die Platte erm\u00f6glicht zudem ganz andere Welten und Realit\u00e4ten zu entdecken: Es gibt die Realit\u00e4t der menschlichen Welt, die Realit\u00e4t fremder Zivilisationen, die Realit\u00e4t v\u00f6llig anderer Welten und die g\u00f6ttliche Realit\u00e4t. All diese Realit\u00e4ten unterscheiden sich stark voneinander. Viele Menschen ahnen sie gar nicht, da sie keine Erfahrung damit haben oder sie nur in der Kindheit kannten und vergessen haben. So kann die Platte das Weltbild des Anwenders ver\u00e4ndern. Hinzu kommt das Verstehen der Multi-Dimensionalit\u00e4t unseres Seins, das man mit einer gro\u00dfen Bibliothek vergleichen kann, in der sich alle Zweige von Vergangenheit, Gegenwart und Zukunft gleichzeitig im Jetzt befinden.<\/div>\n<div><\/div>\n<div><\/div>\n<div><em>Die Aussagen beziehen sich auf alternative Testmethoden wie Meridianenergie-Messungen der Organfunktionskreisl\u00e4ufe nach TCM, Kirlian-Fotografie (EPG\/GDV-Kamera), Oberon, Amsat o.\u00e4. durch den Hersteller &#8222;Planet der Regionen&#8220; und stellen keine medizinische oder auf den physischen K\u00f6rper und dessen Organe bezogenen Aussage im Sinne der westlichen Schulmedizin dar.<\/em><\/div>\n<div><\/div>\n<div><strong>Die Platte ist in diesem Sinne vor allem geeignet f\u00fcr:<br \/>\n<\/strong><\/div>\n<div><strong>Gesundheit:<\/strong><\/div>\n<ul>\n<li>mit dieser Platte sind Sie immer in guter Verfassung: stets kr\u00e4ftig und voller Energie, als ob eine innere Batterie anspringt, die durch die Energien der Platte immer wieder aufgeladen werden,<\/li>\n<li>erm\u00f6glicht die tiefere Ursache, den Ursprungspunkte von Problemen und Erkrankungen zu erkennen und hilft diese aufzul\u00f6sen,<\/li>\n<li>f\u00f6rdert die Verj\u00fcngung des K\u00f6rpers durch Heilung der Seele, stellt die innere Harmonie wieder her, beseitigt M\u00fcdigkeit,<\/li>\n<li>neutralisiert die negativen Auswirkungen geopathogener Zonen und schafft einen sicheren Raum f\u00fcr den Anwender,<\/li>\n<\/ul>\n<div><\/div>\n<div><strong>Energiesystem:<\/strong><\/div>\n<ul>\n<li>aktiviert kraftvolle kosmische und erdende Energien und erm\u00f6glicht dem Benutzer, ihren Einfluss zu sp\u00fcren und hilft, harmonische Beziehungen mit der umgebenden Welt aufzubauen,<\/li>\n<li>l\u00f6st Blockaden in Energiesystem, feinstofflichen K\u00f6rpern und in der Psyche,<\/li>\n<li>bewirkt eine energetische Entgiftung: reinigt Energiekan\u00e4le und Meridiane von verschiedenen negativen Einfl\u00fcssen und zerst\u00f6rerischen Wirkungen,<\/li>\n<li>aktiviert die Energien des Wohlstands, des Reichtums und des \u00dcberflusses und hilft ihnen, in Ihrem Leben zu wachsen und sich zu vervielfachen,<\/li>\n<li>aktiviert den Energie-Informationsaustausch mit dem Kosmos durch das Portalsystem, wenn der Anwender konkrete W\u00fcnsche und Absichten formuliert,<\/li>\n<li>starker Akkumulator von Kraft und Energie, l\u00e4sst den Anwender in die Heiligkeit des reinen Bewusstseins nat\u00fcrlicher Energien eintauchen und interagiert mit der Erde und den Pflanzen,<\/li>\n<\/ul>\n<div><\/div>\n<div><strong>Spirituelle und pers\u00f6nliche Entwicklung:<\/strong><\/div>\n<ul>\n<li>erzeugt einen Zustand der Ruhe und Harmonie, hilft \u00c4ngste und Aufregung zu lindern und Verzweiflung und andere Emotionen, wirksam zu verarbeiten,<\/li>\n<li>heilt auf einer tiefen Ebene \u00c4ngste und Matrix-Illusionen zwischen den Geschlechtern, auch aus dem Ahnenged\u00e4chtnis und fr\u00fcheren Leben,<\/li>\n<li>hilft dabei \u00c4ngste materieller Natur &#8211; etwa vor dem Verlust von Geld, Macht oder Gesundheit &#8211; zu \u00fcberwinden,<\/li>\n<li>er\u00f6ffnet ein tiefes Bewusstsein f\u00fcr sich selbst und seine wahren Lebenswerte, stellt die Verbindung zur Familie auf einer tiefen Ebene wieder her,<\/li>\n<li>hilft, die Wahrnehmung zu erweitern und \u00f6ffnet das Bewusstsein f\u00fcr die Existenz anderer Welten und Realit\u00e4ten, was zum spirituellen Wachstum beitr\u00e4gt<\/li>\n<li>Achtsamkeit: f\u00f6rdert den bewussten Umgang mit den eigenen Worten und Taten,<\/li>\n<li>hilft, sich selbst als Sch\u00f6pfer seiner Umgebung zu erkennen: jede Ihrer Handlungen, ob gut oder schlecht, kommt zu Ihnen zur\u00fcck,<\/li>\n<li>Innere St\u00e4rke: hilft, einen Ausweg aus einer Situation zu finden und auch schwierige Herausforderungen im Leben zu \u00fcberwinden,<\/li>\n<li>Wahre Absichten: enth\u00fcllt wahre Motive, erm\u00f6glicht es dem Anwender zu verstehen, warum und zu welchem Zweck bestimmte Handlungen vorgenommen werden, verringert so das Risiko vorschneller Entscheidungen, die unter dem Einfluss von Emotionen und Impulsen getroffen werden<\/li>\n<li>schafft auf k\u00f6rperlicher und geistiger Ebene ein klares Verst\u00e4ndnis daf\u00fcr, dass wir auf dieser Welt nicht allein sind und vermittelt ein Gef\u00fchl von Unterst\u00fctzung und Sicherheit durch F\u00fchrung &#8222;von oben&#8220;,<\/li>\n<li>er\u00f6ffnet die M\u00f6glichkeit, die jahrhundertealten Geheimnisse der Zivilisationen zu erforschen und fungiert als alter &#8222;Weltraumhafen&#8220; unserer Vorfahren.<\/li>\n<\/ul>\n<div><\/div>\n<div><\/div>\n<div>Auf der Platte &#8222;Heilige Victoria&#8220; sind Informationen mehrerer \u201eKraftorte\u201c des Berges Vottovaara in Karelien, Russland, nahe der finnischen Grenze gespeichert. Dort befinden sich viele megalithische St\u00e4tten und Energieportale. Der Name des Berges besteht aus zwei samischen W\u00f6rtern, zusammen bedeuten sie \u201eBerg des Sieges\u201c.<\/div>\n<div><\/div>\n<div><\/div>\n<div>TIPP: Die Platte &#8222;Heilige Victoria&#8220; bildet ein kraftvolles lebensbejahendes Tandem mit der Platte &#8222;Erneuerung des Lebens ,das auf eine grundlegende ernsthafte Transformation sowohl des Inneren als auch des \u00c4u\u00dferen abzielt! \u201eWir entscheiden uns f\u00fcr ein gl\u00fcckliches Leben in Bewusstsein und Verantwortung\u201c.<\/div>\n<div>Verwenden Sie zuerst die Platte &#8222;Heilige Viktoria&#8220;. Diese sendet bedingungslos und allumfassend den &#8222;Strahl des Lebens&#8220; aus und schlie\u00dft Bewusstsein und Wahrnehmung mit ein! Danach verwenden Sie die Platte &#8222;Erneuerung des Lebens&#8220;, wodurch der &#8222;Strahl des Lebens&#8220; seine Fl\u00fcgel ausbreitet und die Energien der Erneuerung einschaltet &#8211; eine dichte und reichhaltige Energie, die an fruchtbaren Boden erinnert.<\/div>\n<div>Die Platte &#8222;Heilige Victoria&#8220; kann mit allen zuvor ver\u00f6ffentlichten Platten kombiniert werden.<\/div>\n<div>Beschwerden aufl\u00f6sen: Die Energien der Platte helfen, Beschwerden und Erkrankungen aufzul\u00f6sen &#8211; wenn Sie dankbar und respektvoll, darum bitten. Beispielsweise k\u00f6nnen Sie die Platte (auch nachts) auf eine wunde oder erkrankte K\u00f6rperstelle legen oder fixieren. Dabei kann ein Pulsieren oder eine Energiebewegung im ganzen K\u00f6rper sp\u00fcrbar werden. Halten Sie die Achtsamkeit auf dieser K\u00f6rperregion und lassen Sie sich nicht von Nebengedanken ablenken, es kommt dann eine Entspannung und ein angenehmes W\u00e4rmegef\u00fchl signalisiert Erholung.<\/div>\n<div>\u00c4ngste aufl\u00f6sen: Bei Verlust\u00e4ngsten (sowohl materiell als auch immateriell) sollten Sie zun\u00e4chst ein gro\u00dfes Glas auf der Platte informiertes Waser trinken und sich dann auf die Platte setzen, um das 1.Chakra zu aktivieren. Versuchen Sie so in eine Meditation zu versinken und sich durch nichts ablenken zu lassen.<\/div>\n<div>So k\u00f6nnen Sie jede Angst bearbeiten &#8211; es k\u00f6nnen mehrere Sitzungen durchgef\u00fchrt werden. Die Anzahl der Sitzungen h\u00e4ngt von Ihrem Empfinden ab: Manche Menschen schaffen es in 5 Sitzungen, andere brauchen m\u00f6glicherweise mehr Zeit.<\/div>\n<div>Entst\u00f6rung von &#8222;Erdstrahlen&#8220;: Die Platte kann f\u00fcr die Neutralisierung geopathogener Zonen eingesetzt werden. Verwenden Sie die Platte daher \u00fcberall: in Ihrer Wohnung, auf Reisen, Kreuzfahrten, in Hotels und an andere unbekannte Orte, an denen Sie f\u00fcr einige Zeit bleiben m\u00f6chten.<\/div>\n<div>TIPP: Nutzen Sie die Platte zum Informieren von Gie\u00dfwasser f\u00fcr Zimmerpflanzen, B\u00e4ume, Str\u00e4uchern und Beete etc.<\/div>\n<div><\/div>\n<div>ZUR BEACHTUNG: Bei dieser Platte sollte das Wasser zum Energetisieren mindestens 20 Minuten lang darauf gestellt werden.<\/div>\n<p><em><strong>Wichtiger Hinweis:<\/strong><\/em><\/p>\n<p><strong><em>Wir weisen ausdr\u00fccklich darauf hin, dass die Kolzov-Platte (russische Bezeichnung: &#8222;Korrektoren des funktionalen Zustands&#8220;) ein alternatives Energie- und Informationsprodukt ist und kein Heilmittel im Sinne der westlichen Schulmedizin. Vielmehr ist es ein rein energetisches Hilfsmittel zur ganzheitlichen Balancierung von energetischen Disharmonien und Blockaden. Informationen \u00fcber Qualit\u00e4t und Eigenschaften des Energieobjekts beziehen sich auf Aussagen des russischen Herstellers und alternativen Theorien zu Mensch und Umwelt, auf alternative Anschauungen und esoterische \u00dcberlieferungen oder Aussagen. Sie gelten nur im Sinne der esoterischen Lebensphilosophie und daran angelehnte Alternativheilkunde. Wirkungen im Sinne westlicher Wissenschaft oder Medizin werden hier nicht behauptet.<\/em><\/strong><\/p>","protected":false},"excerpt":{"rendered":"<p>vermittelt ein tiefes Gef\u00fchl von Sicherheit und m\u00fctterlicher Geborgenheit. Sie fungiert als innere \u201eBatterie\u201c, die Ersch\u00f6pfung l\u00f6st und hilft, aus Sackgassen des Lebens herauszufinden, indem sie den Fokus auf wahre spirituelle Werte lenkt. Sie neutralisiert geopathogene St\u00f6rzonen (Erdstrahlen), reinigt die Meridiane und erm\u00f6glicht einen Zugang zum Ahnenged\u00e4chtnis sowie zu h\u00f6heren Realit\u00e4ten. Als Akkumulator f\u00fcr Wohlstand und \u00dcberfluss unterst\u00fctzt sie dabei, \u00c4ngste vor materiellem Verlust (Geld, Macht) endg\u00fcltig zu transformieren.<\/p>","protected":false},"featured_media":2366,"comment_status":"open","ping_status":"closed","template":"","meta":[],"product_brand":[],"product_cat":[33],"product_tag":[190],"class_list":{"0":"post-2293","1":"product","2":"type-product","3":"status-publish","4":"has-post-thumbnail","6":"product_cat-elite-series","7":"product_tag-190","9":"first","10":"instock","11":"taxable","12":"shipping-taxable","13":"purchasable","14":"product-type-simple"},"_links":{"self":[{"href":"https:\/\/vigo-rio.com\/en\/wp-json\/wp\/v2\/product\/2293","targetHints":{"allow":["GET"]}}],"collection":[{"href":"https:\/\/vigo-rio.com\/en\/wp-json\/wp\/v2\/product"}],"about":[{"href":"https:\/\/vigo-rio.com\/en\/wp-json\/wp\/v2\/types\/product"}],"replies":[{"embeddable":true,"href":"https:\/\/vigo-rio.com\/en\/wp-json\/wp\/v2\/comments?post=2293"}],"wp:featuredmedia":[{"embeddable":true,"href":"https:\/\/vigo-rio.com\/en\/wp-json\/wp\/v2\/media\/2366"}],"wp:attachment":[{"href":"https:\/\/vigo-rio.com\/en\/wp-json\/wp\/v2\/media?parent=2293"}],"wp:term":[{"taxonomy":"product_brand","embeddable":true,"href":"https:\/\/vigo-rio.com\/en\/wp-json\/wp\/v2\/product_brand?post=2293"},{"taxonomy":"product_cat","embeddable":true,"href":"https:\/\/vigo-rio.com\/en\/wp-json\/wp\/v2\/product_cat?post=2293"},{"taxonomy":"product_tag","embeddable":true,"href":"https:\/\/vigo-rio.com\/en\/wp-json\/wp\/v2\/product_tag?post=2293"}],"curies":[{"name":"wp","href":"https:\/\/api.w.org\/{rel}","templated":true}]}}