{"id":2292,"date":"2026-01-20T13:51:47","date_gmt":"2026-01-20T13:51:47","guid":{"rendered":"https:\/\/vigo-rio.com\/?post_type=product&#038;p=2292"},"modified":"2026-03-25T16:57:00","modified_gmt":"2026-03-25T16:57:00","slug":"fc-121-renewal-of-life","status":"publish","type":"product","link":"https:\/\/vigo-rio.com\/en\/product\/fc-121-renewal-of-life\/","title":{"rendered":"FC Erneuerung des Lebens \/ Renewal of Life"},"content":{"rendered":"<div><strong>Kolzov-Platte: &#8222;Erneuerung des Lebens&#8220;\u00a0(f\u00fcr Erneuerung im Innen und Au\u00dfen: Regeneration, Verj\u00fcngung, Harmonie, Gl\u00fcckseligkeit, Lebensfreude, harmonisiert Familie und Umfeld, steigert Boden-Fruchtbarkeit)<\/strong><\/div>\n<div><strong>\u00a0<\/strong><\/div>\n<div><strong>(bei paarweiser Anwendung am besten mit der Platte &#8222;Heilige Victoria&#8220;)<\/strong><\/div>\n<div><em>&#8211; neueste Version mit 8-Elementen (8 enthaltenen Energiespeicher-Chips)<br \/>\n<\/em><\/div>\n<div><em>Die Platte tr\u00e4gt die russische Aufschrift \u00ab \u041e\u0411\u041d\u041e\u0412\u041b\u0415\u041d\u0418\u0415 \u0416\u0418\u0417\u041d\u0418 \u00bb und auf dem erg\u00e4nzenden Deckblatt: RENEWAL OF LIFE, REGAIN DE VIE, ERNEUERUNG DES LEBENS<\/em><\/div>\n<div><\/div>\n<div>Die Platte &#8222;Erneuerung des Lebens&#8220; hilft den eigenen K\u00f6rper zu lieben, ihn richtig zu versorgen und zu pflegen &#8211; mit der Art von Liebe wie eine Mutter ihr Kind liebt. Die Platte aktiviert einen Zustand der Harmonie und Gl\u00fcckseligkeit, erf\u00fcllt den Anwender mit der Energie der Jugend und Erneuerung, st\u00e4rkt die Synchronisierung der K\u00f6rpersysteme, die Zell-Regeneration und damit die Verj\u00fcngung des Organismus. Sie l\u00f6scht alte, unn\u00f6tige Informationen, er\u00f6ffnet neue M\u00f6glichkeiten und gibt Kraft und neue Energien! Ihre Botschaft lautet: \u201eGlaube an dich, glaube an dich selbst!\u201c, \u201eSei ehrlich und sag immer die Wahrheit, vor allem zu dir selbst\u201c, \u201eAlles was du willst, ist m\u00f6glich\u201c, \u201eDas Leben ist so sch\u00f6n, atme jetzt tief durch und f\u00fclle dich mit Gl\u00fcck\u201c.<\/div>\n<div>Die Platte &#8222;Erneuerung des Lebens&#8220; bildet ein kraftvolles lebensbejahendes Tandem mit der Platte &#8222;Heilige Victoria&#8220;.<\/div>\n<div><\/div>\n<div><em>Die Aussagen beziehen sich auf alternative Testmethoden wie Meridianenergie-Messungen der Organfunktionskreisl\u00e4ufe nach TCM, Kirlian-Fotografie (EPG\/GDV-Kamera), Oberon, Amsat o.\u00e4. durch den Hersteller &#8222;Planet der Regionen&#8220; und stellen keine medizinische oder auf den physischen K\u00f6rper und dessen Organe bezogenen Aussage im Sinne der westlichen Schulmedizin dar.<\/em><\/div>\n<div><\/div>\n<p><strong>Die Platte ist in diesem Sinne vor allem geeignet f\u00fcr:<\/strong><\/p>\n<p><strong>Gesundheit:<\/strong><\/p>\n<ul>\n<li>erf\u00fcllt den Anwender mit der Energie der Jugend und Erneuerung, ermuntert zu einem aktiven Leben,<\/li>\n<li>st\u00e4rkt den &#8222;Tempel der menschlichen Seele&#8220; durch die Erhaltung von Gesundheit und Kraft im physischen K\u00f6rper, gibt die M\u00f6glichkeit, die W\u00fcnsche des eigenen K\u00f6rpers zu h\u00f6ren (welche Bewegung oder Ern\u00e4hrung braucht der K\u00f6rper etc.),<\/li>\n<li>f\u00f6rdert die Aktivierung eines Zustands innerer Gl\u00fcckseligkeit, der f\u00fcr die Gesundheit des physischen K\u00f6rpers, die Synchronisierung der K\u00f6rpersysteme und Regeneration von Geweben und Organen erforderlich ist,<\/li>\n<li>wirkt positiv auf den Bewegungsapparat, insbesondere auf die Gelenke und die Wirbels\u00e4ule und leitet eine Regeneration ein,<\/li>\n<li>tr\u00e4gt zur Wiederherstellung des hormonellen Gleichgewichts bei,<\/li>\n<li>harmonisiert das Nervensystems, baut Panikattacken, bewusste und unbewusste Wutzust\u00e4nde ab, und beseitigt die psychosomatischen Folgen eines seelischen Traumas,<\/li>\n<li>verbessert den Zustand des Herz-Kreislauf-, Urogenital- und Fortpflanzungssystems von M\u00e4nnern und Frauen, insbesondere im Alter,<\/li>\n<li>tr\u00e4gt auf Energieebene zum Therapieerfolg bei verlagerten und gesenkten inneren Organen bei,<\/li>\n<li>steigert auf energetisch-informativer Ebene die Libido bei Frauen und die Potenz bei M\u00e4nnern,<\/li>\n<li>hilft Teenagern w\u00e4hrend der Pubert\u00e4t, den Prozess der physiologischen Reifung harmonisch zu durchlaufen, ohne Stresssituationen im Zusammenhang mit dem K\u00f6rper und dem emotionalen Zustand,<\/li>\n<\/ul>\n<div><\/div>\n<div><strong>Energiesystem:<\/strong><\/div>\n<ul>\n<li>wirft destruktive psycho-energetische Effekte und Energien fast augenblicklich auf diejenigen zur\u00fcck, die sie verursacht haben,<\/li>\n<li>wirkt gegen negative Familien- und Ahnenmuster, gegen sch\u00e4dliche Bindungen an verstorbene Personen und andere negative Energieeinfl\u00fcsse,<\/li>\n<li>hilft energetische Programme von Angst, Rache, Leid und Liebeszerst\u00f6rung zu beseitigen,<\/li>\n<li>erm\u00f6glicht es Ihnen, mit den Energien des Raums und Ihres eigenen Lebens klarzukommen und sie positiv zu strukturieren,<\/li>\n<\/ul>\n<div><\/div>\n<div><strong>Spirituelle und pers\u00f6nliche Entwicklung:<\/strong><\/div>\n<ul>\n<li>\u00f6ffnet das spirituelle Herz und erf\u00fcllt die Seele mit universeller Liebe,<\/li>\n<li>erm\u00f6glicht dem Anwender, sein wahres Lichtpotential zu entdecken und sein Energieniveau zu erh\u00f6hen,<\/li>\n<li>l\u00f6scht einschr\u00e4nkende Folgen negativer Erfahrungen, befreit den Anwender aus der dunklen Spur des Lebens und gibt verlorene Lebensfreude zur\u00fcck,<\/li>\n<li>hilft dabei, seine \u00c4ngste zu besiegen: Der Sieg \u00fcber \u00c4ngste ist ein stabiler psycho-emotionaler Zustand, der mit der allgemeinen Stimmung beginnt und mit Ver\u00e4nderungen in der Interaktion mit anderen Menschen (Verwandten, Gesellschaft) endet, was letztendlich zu einer guten Lebensqualit\u00e4t f\u00fcr einen Menschen f\u00fchrt,<\/li>\n<li>hilft M\u00e4nnern, \u201eTestosteron\u201c-\u00c4ngste, Angstst\u00f6rungen und aggressives Verhalten zu \u00fcberwinden,<\/li>\n<li>hilft Frauen, auch ihre \u00c4ngste und Probleme mit ihrem Selbstwertgef\u00fchl zu \u00fcberwinden, wobei dem Thema Liebe und Selbstakzeptanz besondere Aufmerksamkeit gewidmet wird,<\/li>\n<li>unterst\u00fctzt in der Gr\u00fcndung einer Familie und sorgt f\u00fcr Frieden und Harmonie, Respekt, Vertrauen und Liebe in der Familie,<\/li>\n<li>weckt Talente, F\u00e4higkeiten und Kreativit\u00e4t,<\/li>\n<li>f\u00f6rdert die spirituelle Entwicklung und Transformation, Freiheit und Verst\u00e4ndnis daf\u00fcr, dass es verschiedene Wege zum geistigen Wachstum gibt und jede Person die Freiheit hat, eine bewusste Entscheidung zu treffen,<\/li>\n<li>erm\u00f6glicht dem Anwender, die Welt zum Besseren zu ver\u00e4ndern, indem er zuerst in sich selbst einen inneren Zustand der Gl\u00fcckseligkeit erzeugt,<\/li>\n<li>hilft dabei, wenn es gew\u00fcnscht ist, die F\u00e4higkeit zur Telepathie zu erlangen,<\/li>\n<li>erm\u00f6glicht dem Anwender, eine Kommunikation mit dem Universum auf der Ebene g\u00f6ttlicher Str\u00f6me aufzubauen,<\/li>\n<\/ul>\n<div><\/div>\n<div><strong>Fruchtbarkeit und Wohlstand:<\/strong><\/div>\n<ul>\n<li>erh\u00f6ht die Bodenfruchtbarkeit, steigert die Keimf\u00e4higkeit der Samen und die Ernteertr\u00e4ge,<\/li>\n<li>steigert die Fruchtbarkeit der Tiere,<\/li>\n<li>beseitigt Blockaden in Geldkan\u00e4len und Finanzzufl\u00fcssen, tr\u00e4gt zum Erreichen gesetzter Ziele bei,<\/li>\n<li>wandelt negative Zust\u00e4nde in positive um, wodurch finanzieller \u00dcberfluss, Wohlstand und Wohlbefinden ins Leben kommen,<\/li>\n<li>f\u00f6rdert den Erfolg bei Reisen und Verhandlungen, verbessert die Kommunikation mit anderen Menschen und stimmt auf ihre Seelen ein,<\/li>\n<li>die Platte kann als Talisman und Schutzplatte f\u00fcr das Zuhause, f\u00fcr Familiengl\u00fcck und eine erfolgreiche und harmonische Ehe und harmonische Beziehungen zu Kindern mit einer geduldigen und ruhigen Kommunikation verwendet werden,<\/li>\n<\/ul>\n<div><\/div>\n<div><\/div>\n<div>Auf der Kolzov-Platte &#8222;Erneuerung des Lebens&#8220; sind die Informationen des kosmo-energetischen Kanals der G\u00f6ttin Lelya gespeichert &#8211; die g\u00f6ttliche Emotion \u201eLelyadast\u201c, die Freude, wenn man &#8222;Blazh&#8220;, die Gl\u00fcckseligkeit, erreicht. G\u00f6ttin Lelya vermittelt einen Zustand der Erneuerung, jugendlichen Vitalit\u00e4t und der Freude aufgrund emotionaler Stabilit\u00e4t, Harmonie und Gl\u00fcckseligkeit, welcher sich auch auf die ganze Familie und das n\u00e4here soziale Umfeld \u00fcbertr\u00e4gt.<\/div>\n<div>Die Energien der G\u00f6ttin Lelya sind auch dem Neben-Chakra an der linken Schulter zugeordnet. Dem korrespondierenden Neben-Chakra der rechten Schulter sind die Energien der G\u00f6ttin Lada mit der Kolzov-Platte &#8222;Kraft der Eintracht&#8220; (Serie Elite) zugeordnet.<\/div>\n<div>TIPP: Die Platte &#8222;Erneuerung des Lebens&#8220; bildet ein kraftvolles lebensbejahendes Tandem mit der Platte &#8222;Heilige Victoria&#8220;, das auf eine grundlegende ernsthafte Transformation sowohl des Inneren als auch des \u00c4u\u00dferen abzielt! \u201eWir entscheiden uns f\u00fcr ein gl\u00fcckliches Leben in Bewusstsein und Verantwortung\u201c.<\/div>\n<div>Wenn Sie auch die Platte &#8222;Heilige Viktoria&#8220; besitzen, dann verwenden Sie zuerst die Platte &#8222;Heilige Victoria&#8220;: Diese sendet bedingungslos und allumfassend den &#8222;Strahl des Lebens&#8220; aus und schlie\u00dft Bewusstsein und Wahrnehmung mit ein! Danach verwenden Sie die Platte &#8222;Erneuerung des Lebens&#8220;, wodurch der &#8222;Strahl des Lebens&#8220; seine Fl\u00fcgel ausbreitet und die Energien der Erneuerung einschaltet.<\/div>\n<div>Ein zus\u00e4tzliches \u00d6ffnen des Kanals ist nicht notwendig, dieser startet automatisch bei der Anwendung mit dieser Platte. Um jedoch die Energien der G\u00f6ttin Lelya intensiv und schnell wirken zu lassen, k\u00f6nnen Sie die Platte &#8222;Erneuerung des Lebens&#8220; an Ihrem Handgelenk befestigen und dann dr\u00fccken kurz mehrfach darauf &#8211; in einer gerade Anzahl von Druckimpulsen.<\/div>\n<div>Und\/oder Sie nehmen die Plate in die rechte Hand und halten sie zwei Herzschl\u00e4ge lang an die rechte Halsschlagader, danach mit der linken Hand an die linke Halsschlagader.<\/div>\n<p>TIPP 2<strong>:<\/strong>\u00a0Sie k\u00f6nnen die Energien der Gl\u00fcckseligkeit aktivieren und st\u00e4rken, indem Sie auf Gitarre oder Harmonium (6- und 8-Ton) gespielte Musikst\u00fccke h\u00f6ren oder selbst spielen.<\/p>\n<div>Die rote Farbe und der Karneolkristall zusammen mit der Platte verst\u00e4rken die Kraft der G\u00f6ttin Lelya &#8211; etwa wenn Sie den K\u00f6rper leicht mit Karneol streicheln.<\/div>\n<div>Wenn Sie mit der Platte arbeiten, k\u00f6nnen Sie Ihre speziellen Energie\u00fcbungen, Meditationen, Gebete etc. in der Zeit 02:00 Uhr, nach Norden gerichtet, oder um 14:00 Uhr, nach S\u00fcden gerichtet, aus\u00fcben.<\/div>\n<div>TIPP 3: Informieren Sie Ihre Shampoos und Haarsp\u00fclungen auf der Platte. Wenn Sie die Harmonie in der Familie st\u00e4rken m\u00f6chten, k\u00f6nnen Sie die Platte am WLAN-Router befestigen oder am Stromz\u00e4hler.<\/div>\n<div><u>Geldenergie:<\/u>\u00a0Um die Finanzstr\u00f6me zu verbessern, kombinieren Sie die Anwendung der Platte &#8222;Erneuerung des Lebens&#8220; mit der Platte &#8222;Vektor des Schicksals&#8220;, &#8222;Geschenk des Himmels&#8220;, F\u00fclle&#8220;, &#8222;Wunderbares Mauritius&#8220;, &#8222;Mengyuryur-See&#8220;, &#8222;Energien des Gelingens&#8220;, &#8222;Schleier der Fatima&#8220;, &#8222;Schatz der Frau&#8220; (Serie Elite 8-Elemente), &#8222;Heilung 1&#8220; (Serie Effizient)<\/div>\n<div><u>Bauchspeicheldr\u00fcse:\u00a0<\/u>Die G\u00f6ttin Lelya ist f\u00fcr die Bauchspeicheldr\u00fcse verantwortlich und kontrolliert ihre Arbeit. Daher k\u00f6nnen Sie die Platte &#8222;Erneuerung des Lebens&#8220; zusammen mit den Platten &#8222;Balance&#8220; (Serie Kollektion), &#8222;Nr.5 (Serie Blau), &#8222;Endovita&#8220; (Serie Elite) oder dem Armband &#8222;Vitablance&#8220; verwenden &#8211; am besten in der Zeit von 9 bis 11 Uhr.<\/div>\n<div><u>Depressionen:<\/u>\u00a0Zur Bek\u00e4mpfung von Depressionen empfiehlt es sich, die Platte regelm\u00e4\u00dfig eine halbe Stunde lang mit aneinander gelegten Fingerspitzen zwischen den Handfl\u00e4chen zu halten.<\/div>\n<div><u>Mann &#8211; Frau:<\/u>\u00a0Frauen k\u00f6nnen die Platte zusammen mit der Platte &#8222;Sieben Sch\u00f6nheiten&#8220; verwenden, um alle \u00c4ngste der Frauen aufzul\u00f6sen: Es kommt zu einer Desidentifikation mit den alten Programmen der Familie (Leiden, Pr\u00fcfungen usw.) mit dem Ziel, die eigenen Programme und Komplexe zu \u00fcberwinden.<\/div>\n<div>M\u00e4nner k\u00f6nnen die Platte mit den Platen &#8222;Maximus&#8220; (Serie Arkanum), &#8222;Nr.4 (Serie Blau), &#8222;Ordnungsplatte Mann&#8220; (Serie Gr\u00fcn), &#8222;Sieger&#8220; (Serie Kollektion), &#8222;Schwarzer Berg&#8220;, &#8222;Liebe Yang&#8220; (Serie Effizient), &#8222;Kraft des Geistes&#8220; (Serie Elite) oder mit den Armb\u00e4ndern &#8222;Magnat&#8220; &#8222;Friedensstifter&#8220;, &#8222;Freier Weg&#8220; und &#8222;Trajektor&#8220; verwenden.<\/div>\n<div><u>Fruchtbarkeit:<\/u>\u00a0Behandeln Sie Pflanzensamen, indem Sie diese 2 Stunden lang auf die Platte legen. Gie\u00dfen Sie die Pflanzen mit dem damit informierten Wasser. Bei Tieren informieren Sie das Wasser, indem Sie die Platte am Zulauf der Tr\u00e4nke oder direkt an der Tr\u00e4nke befestigen.<\/div>\n<p>ZUR BEACHTUNG: Bei dieser Platte sollte das Wasser zum Energetisieren mindestens 15 Minuten lang darauf gestellt werden.<\/p>\n<p><em><strong>Wichtiger Hinweis:<\/strong><\/em><\/p>\n<p><em><strong>Wir weisen ausdr\u00fccklich darauf hin, dass die Kolzov-Platte (russische Bezeichnung: &#8222;Korrektoren des funktionalen Zustands&#8220;) ein alternatives Energie- und Informationsprodukt ist und kein Heilmittel im Sinne der westlichen Schulmedizin. Vielmehr ist es ein rein energetisches Hilfsmittel zur ganzheitlichen Balancierung von energetischen Disharmonien und Blockaden. Informationen \u00fcber Qualit\u00e4t und Eigenschaften des Energieobjekts beziehen sich auf Aussagen des russischen Herstellers und alternativen Theorien zu Mensch und Umwelt, auf alternative Anschauungen und esoterische \u00dcberlieferungen oder Aussagen. Sie gelten nur im Sinne der esoterischen Lebensphilosophie und daran angelehnte Alternativheilkunde. Wirkungen im Sinne westlicher Wissenschaft oder Medizin werden hier nicht behauptet.<\/strong><\/em><\/p>","protected":false},"excerpt":{"rendered":"<p>Die Platte <b data-path-to-node=\"2\" data-index-in-node=\"11\">\u201eErneuerung des Lebens\u201c<\/b> fungiert als energetischer Jungbrunnen f\u00fcr K\u00f6rper und Geist. Sie aktiviert die Zell-Regeneration, harmonisiert das Hormonsystem und hilft dabei, den eigenen K\u00f6rper mit tiefer Selbstliebe zu pflegen. Sie l\u00f6scht belastende Ahnenmuster und \u00c4ngste (insb. \u201eTestosteron-\u00c4ngste\u201c bei M\u00e4nnern), w\u00e4hrend sie gleichzeitig die Bodenfruchtbarkeit und den finanziellen Wohlstand f\u00f6rdert. Als Schutzplatte f\u00fcr das Zuhause sorgt sie f\u00fcr geduldige Kommunikation und eine gl\u00fcckliche Ehe.<\/p>","protected":false},"featured_media":2338,"comment_status":"open","ping_status":"closed","template":"","meta":[],"product_brand":[],"product_cat":[33],"product_tag":[189],"class_list":{"0":"post-2292","1":"product","2":"type-product","3":"status-publish","4":"has-post-thumbnail","6":"product_cat-elite-series","7":"product_tag-189","9":"first","10":"instock","11":"taxable","12":"shipping-taxable","13":"purchasable","14":"product-type-simple"},"_links":{"self":[{"href":"https:\/\/vigo-rio.com\/en\/wp-json\/wp\/v2\/product\/2292","targetHints":{"allow":["GET"]}}],"collection":[{"href":"https:\/\/vigo-rio.com\/en\/wp-json\/wp\/v2\/product"}],"about":[{"href":"https:\/\/vigo-rio.com\/en\/wp-json\/wp\/v2\/types\/product"}],"replies":[{"embeddable":true,"href":"https:\/\/vigo-rio.com\/en\/wp-json\/wp\/v2\/comments?post=2292"}],"wp:featuredmedia":[{"embeddable":true,"href":"https:\/\/vigo-rio.com\/en\/wp-json\/wp\/v2\/media\/2338"}],"wp:attachment":[{"href":"https:\/\/vigo-rio.com\/en\/wp-json\/wp\/v2\/media?parent=2292"}],"wp:term":[{"taxonomy":"product_brand","embeddable":true,"href":"https:\/\/vigo-rio.com\/en\/wp-json\/wp\/v2\/product_brand?post=2292"},{"taxonomy":"product_cat","embeddable":true,"href":"https:\/\/vigo-rio.com\/en\/wp-json\/wp\/v2\/product_cat?post=2292"},{"taxonomy":"product_tag","embeddable":true,"href":"https:\/\/vigo-rio.com\/en\/wp-json\/wp\/v2\/product_tag?post=2292"}],"curies":[{"name":"wp","href":"https:\/\/api.w.org\/{rel}","templated":true}]}}