{"id":2291,"date":"2026-01-20T13:51:04","date_gmt":"2026-01-20T13:51:04","guid":{"rendered":"https:\/\/vigo-rio.com\/?post_type=product&#038;p=2291"},"modified":"2026-02-04T19:38:54","modified_gmt":"2026-02-04T19:38:54","slug":"fc-120-emerald-lake","status":"publish","type":"product","link":"https:\/\/vigo-rio.com\/en\/product\/fc-120-emerald-lake\/","title":{"rendered":"FC Smaragdes \/ Emerald Lake"},"content":{"rendered":"<p><strong>Kolzov-Platte: &#8222;Smaragdsee&#8220;\u00a0(f\u00fcr Selbstregulation, Selbstwahrnehmung, Selbstbewusstsein, Selbstdisziplin, Vitalit\u00e4t, Anti-Aging und Langlebigkeit, hilft bei Heilfasten und Di\u00e4ten, Verbindung zum H\u00f6heren Selbst)<\/strong><\/p>\n<div><em>&#8211; neueste Version mit 8-Elementen (8 enthaltenen Energiespeicher-Chips)<\/em><\/div>\n<div>Die Platte tr\u00e4gt die russische Aufschrift &#8222;\u0418\u0417\u0423\u041c\u0420\u0423\u0414\u041d\u041e\u0415 \u041e\u0417\u0415\u0420\u041e&#8220; und auf dem erg\u00e4nzenden Deckblatt: EMERALD LAKE, LAC D&#8217;EMERAUDE, SMARAGDSEE<\/div>\n<div>Die Platte st\u00e4rkt die F\u00e4higkeit des gesamten Organismus zur Selbstregulation. Dadurch kann der K\u00f6rper sich besser selbst heilen, erneuern und verj\u00fcngen, der Organismus wir besser mit Stress und negativen Einfl\u00fcssen fertig und der gesamte &#8222;Lebensfluss&#8220; wird aktiviert. Auch im Energetischen wird die Regulationsf\u00e4higkeit verbessert, negative Energien k\u00f6nnen losgelassen und neue, hochschwingende besser verarbeitet werden. Im Mentalen und Geistigen beinhaltet eine bessere Selbstregulation auch die F\u00e4higkeit zu gr\u00f6\u00dferer Selbstwahrnehmung, Selbstkontrolle und Selbstdisziplin, was sich positiv auf die Leistungsf\u00e4higkeit und beispielsweise auf das Durchhalten bei Di\u00e4ten, Fasten und anderen Vorhaben auswirkt. Es entsteht ein neues Selbstbewusstsein, dass es erleichtert vor Publikum zu sprechen, sich zu exponieren und durchzusetzen und Neues zu wagen. Insgesamt kann der Anwender flexibler auf seine Umwelt reagieren, bleibt dabei in seiner Mitte und bewahrt ein Gef\u00fchl von Leichtigkeit und Harmonie.<\/div>\n<div><\/div>\n<div>\n<p><em><br \/>\nDie Aussagen beziehen sich auf alternative Testmethoden wie Meridianenergie-Messungen der Organfunktionskreisl\u00e4ufe nach TCM, Kirlian-Fotografie (EPG\/GDV-Kamera), Oberon, Amsat o.\u00e4. durch den Hersteller &#8222;Planet der Regionen&#8220; und stellen keine medizinische oder auf den physischen K\u00f6rper und dessen Organe bezogenen Aussage im Sinne der westlichen Schulmedizin dar.<\/em><\/p>\n<div>Die Platte ist in diesem Sinne vor allem geeignet f\u00fcr:<\/div>\n<\/div>\n<div><strong>Innere Freiheit und Vertrauen:<\/strong><\/div>\n<ul>\n<li>vermittelt positive Energie, verleiht ein Gef\u00fchl von Leichtigkeit und verbessert das allgemeine Wohlbefinden,<\/li>\n<li>tr\u00e4gt zur Reinigung des K\u00f6rpers auf feinstofflicher und auf zellul\u00e4rer Ebene bei, hilft im K\u00f6rper verankerte \u00c4ngste und veraltete Programmen aufzul\u00f6sen,<\/li>\n<li>gibt Vertrauen in die eigenen Entscheidungen und beseitigt Zweifel, insbesondere solche im Zusammenhang mit einem Neuanfang oder mit der Aufgabe von Unn\u00f6tigem und schlechten Gewohnheiten,<\/li>\n<li>verbessert die Leistungsf\u00e4higkeit in seinen Arbeiten, ohne dass Stress aufkommt,<\/li>\n<\/ul>\n<div><\/div>\n<div><strong>Gesundheit:<\/strong><\/div>\n<ul>\n<li>aktiviert Verj\u00fcngungsprozesse des K\u00f6rpers und Energien der Langlebigkeit, st\u00e4rkt die Vitalit\u00e4t,<\/li>\n<li>unterst\u00fctzt die F\u00e4higkeit der Selbstregulierung jeder Zelle und des gesamten K\u00f6rpers,<\/li>\n<li>st\u00e4rkt so auch das Immunsystem, auf verschiedene negative Einfl\u00fcsse reagieren zu k\u00f6nnen,<\/li>\n<li>arbeitet auf energetischer Ebene an eventuellen Problemen der Wirbels\u00e4ule und lindert den Zustand bei Erkrankungen (Bandscheibenvorf\u00e4lle etc.),<\/li>\n<li>harmonisiert die HNO-Organe und bietet energetische Unterst\u00fctzung bei chronischen Mandel- und Rachen-Entz\u00fcndungen u.a.,<\/li>\n<li>hilft bei der Regulierung des Stoffwechsels und des Verdauungssystems,<\/li>\n<li>normalisiert die Funktion des Kreislaufsystems und verbessert den Zustand des Blutes,<\/li>\n<li>st\u00e4rkt die Gehirnaktivit\u00e4t, verbessert das Ged\u00e4chtnis, die Konzentration und die F\u00e4higkeit Informationen zu verarbeiten,<\/li>\n<li>f\u00f6rdert die Regeneration im Schlaf,<\/li>\n<\/ul>\n<div><\/div>\n<div><strong>Energie-System:<\/strong><\/div>\n<ul>\n<li>erh\u00f6ht die F\u00e4higkeit des Anwenders hochschwingende, lichte Energien wahrzunehmen,<\/li>\n<li>aktiviert ungenutzte innere Energie-Ressourcen und regt die Lebensenergie und Vitalprozesse an,<\/li>\n<li>st\u00e4rkt innere Gelassenheit, Harmonie und spirituellen Freude und hilft, hochschwingende kosmische Frequenzen und Programme aufnehmen zu k\u00f6nnen,<\/li>\n<li>hilft, sich auf k\u00f6rperlicher Ebene von negativer Energie zu befreien und mit neuer, sauberer und gesunder Energie von hoher Qualit\u00e4t zu f\u00fcllen,<\/li>\n<\/ul>\n<div><\/div>\n<div><strong>Spirituelle und pers\u00f6nliche Entwicklung:<\/strong><\/div>\n<ul>\n<li>st\u00e4rkt die Kraft des Geistes und aktiviert bei einem Mangel die F\u00e4higkeit zu Disziplin, Selbstdisziplin, Ausdauer und Standhaftigkeit,<\/li>\n<li>verbessert die Verbindung zum H\u00f6heren Selbst und hilft dadurch auch, sich selbst besser wahrzunehmen und sich zu vertrauen, statt zu sehr auf andere zu h\u00f6ren,<\/li>\n<li>hilft so auch die eigenen tieferen W\u00fcnsche und wahre Werte zu erkennen,<\/li>\n<li>hilft, sensitive F\u00e4higkeiten zu trainieren, zu entwickeln und zu offenbaren,<\/li>\n<li>schafft ein inneres Gef\u00fchl der Harmonie und Einheit zwischen Mensch und Natur,<\/li>\n<li>regt die Lernf\u00e4higkeit des eigenen Energiesystems an, was die F\u00e4higkeit zur Selbstwahrnehmung und zum Leben in Liebe und Dankbarkeit schrittweise steigert,<\/li>\n<li>erweckt das Bewusstsein f\u00fcr bedingungslose Liebe, frei von Urteilen, Kritik und Gewalt und das Verstehen, dass jede Seele f\u00fcr ihre eigene, einzigartige Erfahrung auf diese Welt gekommen ist.<\/li>\n<\/ul>\n<div><\/div>\n<div>Auf der Platte &#8222;Smaragdsee&#8220; sind Informationen des Smaragdsee im Yoho-Nationalpark, British Columbia, in West-Kanada, gespeichert.<\/div>\n<div><\/div>\n<div>TIPPS: Die Energie der Platte ist schnell wie ein Hurrikan, aber gleichzeitig weich, sauber, sanft und leicht und pr\u00e4zise. Die Platte ist mit allen anderen bisher erschienenen kombinierbar.<\/div>\n<div><u>Erk\u00e4ltung:<\/u>\u00a0Bei den ersten Erk\u00e4ltungssymptomen sollte Sie viel mit der Platte informiertes Wasser trinken und die Platte vor der Brust, vor der Thymusdr\u00fcse halten.<\/div>\n<div><u>Di\u00e4t und Fasten:<\/u>\u00a0Die Platte unterst\u00fctzt hervorragend Heilfasten und Di\u00e4ten (etwa bei Allergien etc.) .<\/div>\n<div><u>Wunscherf\u00fcllung:<\/u>\u00a0Halten Sie die Platte vor dem Schlafengehen zwischen beiden H\u00e4nden und bitten Sie die H\u00f6heren M\u00e4chte (Gott, Engel) um Hilfe oder formulieren Sie einen konkreten Wunsch &#8211; zum Beispiel den K\u00f6rper im Schlaf zu heilen &#8211; und legen Sie die Plate dann unter das Kopfkissen.<\/div>\n<div><u>Freiheit und Selbstvertrauen erlangen:<\/u>\u00a0Halten Sie Platte auf dem Scheitel (Kronen-Chakra) und bitte Sie darum, alle illusorischen Programme zu beseitigen, die den Fortschritt im Leben behindern. Sie k\u00f6nnen die Platte auch im Stirnbereich (\u201eDrittes Auge\u201c, Stirn-Chakra) platzieren, um das intuitive Sehen und andere sensorische F\u00e4higkeiten zu trainieren, zu entwickeln und freizulegen.<\/div>\n<div>Entspannung, Meditation: Legen Sie die Platte auf die Stirn im Bereich des \u201eDritten Auges\u201c (Stirn-Chakra). Dies wird Ihnen helfen, sich mit Ihrem H\u00f6heren Aspekt sowie mit den H\u00f6heren M\u00e4chten, spirituellen Lehrern, Mentoren und der Energie der Familie zu verbinden.<\/div>\n<div><\/div>\n<div>ZUR BEACHTUNG: Bei dieser Platte sollte das Wasser zum Energetisieren mindestens 15 Minuten lang darauf gestellt werden.<\/div>\n<p><em><strong>Wichtiger Hinweis:<\/strong><\/em><\/p>\n<p><em><strong>Wir weisen ausdr\u00fccklich darauf hin, dass die Kolzov-Platte (russische Bezeichnung: &#8222;Korrektoren des funktionalen Zustands&#8220;) ein alternatives Energie- und Informationsprodukt ist und kein Heilmittel im Sinne der westlichen Schulmedizin. Vielmehr ist es ein rein energetisches Hilfsmittel zur ganzheitlichen Balancierung von energetischen Disharmonien und Blockaden. Informationen \u00fcber Qualit\u00e4t und Eigenschaften des Energieobjekts beziehen sich auf Aussagen des russischen Herstellers und alternativen Theorien zu Mensch und Umwelt, auf alternative Anschauungen und esoterische \u00dcberlieferungen oder Aussagen. Sie gelten nur im Sinne der esoterischen Lebensphilosophie und daran angelehnte Alternativheilkunde. Wirkungen im Sinne westlicher Wissenschaft oder Medizin werden hier nicht behauptet.<\/strong><\/em><\/p>","protected":false},"excerpt":{"rendered":"<p>Die Kolzov-Platte \u201eSmaragd-Tafel\u201c (\u0418\u0417\u0423\u041c\u0420\u0423\u0414\u041d\u0410\u042f \u0421\u041a\u0420\u0418\u0416\u0410\u041b\u042c) besitzt eines der h\u00f6chsten Schwingungsniveaus aller Platten und dient der tiefgreifenden Evolution der Seele. Basierend auf dem hermetischen Prinzip \u201eWie oben, so unten\u201c, synchronisiert sie die feinstoffliche Aura mit dem physischen K\u00f6rper. Sie l\u00f6scht negative karmische Programme, kl\u00e4rt Ahnenmuster und transformiert das Bewusstsein, damit der Anwender seine Realit\u00e4t als bewusster Sch\u00f6pfer im Licht der universellen Liebe gestalten kann.<\/p>","protected":false},"featured_media":2408,"comment_status":"open","ping_status":"closed","template":"","meta":[],"product_brand":[],"product_cat":[33],"product_tag":[188],"class_list":{"0":"post-2291","1":"product","2":"type-product","3":"status-publish","4":"has-post-thumbnail","6":"product_cat-elite-series","7":"product_tag-188","9":"first","10":"instock","11":"taxable","12":"shipping-taxable","13":"purchasable","14":"product-type-simple"},"_links":{"self":[{"href":"https:\/\/vigo-rio.com\/en\/wp-json\/wp\/v2\/product\/2291","targetHints":{"allow":["GET"]}}],"collection":[{"href":"https:\/\/vigo-rio.com\/en\/wp-json\/wp\/v2\/product"}],"about":[{"href":"https:\/\/vigo-rio.com\/en\/wp-json\/wp\/v2\/types\/product"}],"replies":[{"embeddable":true,"href":"https:\/\/vigo-rio.com\/en\/wp-json\/wp\/v2\/comments?post=2291"}],"wp:featuredmedia":[{"embeddable":true,"href":"https:\/\/vigo-rio.com\/en\/wp-json\/wp\/v2\/media\/2408"}],"wp:attachment":[{"href":"https:\/\/vigo-rio.com\/en\/wp-json\/wp\/v2\/media?parent=2291"}],"wp:term":[{"taxonomy":"product_brand","embeddable":true,"href":"https:\/\/vigo-rio.com\/en\/wp-json\/wp\/v2\/product_brand?post=2291"},{"taxonomy":"product_cat","embeddable":true,"href":"https:\/\/vigo-rio.com\/en\/wp-json\/wp\/v2\/product_cat?post=2291"},{"taxonomy":"product_tag","embeddable":true,"href":"https:\/\/vigo-rio.com\/en\/wp-json\/wp\/v2\/product_tag?post=2291"}],"curies":[{"name":"wp","href":"https:\/\/api.w.org\/{rel}","templated":true}]}}