{"id":2290,"date":"2026-01-20T13:50:27","date_gmt":"2026-01-20T13:50:27","guid":{"rendered":"https:\/\/vigo-rio.com\/?post_type=product&#038;p=2290"},"modified":"2026-04-14T08:56:03","modified_gmt":"2026-04-14T08:56:03","slug":"fc-119-golden-age","status":"publish","type":"product","link":"https:\/\/vigo-rio.com\/en\/product\/fc-119-golden-age\/","title":{"rendered":"FC Golden Zeit \/ Golden Age"},"content":{"rendered":"<p><strong>Kolzov-Platte: &#8222;Goldene Zeit&#8220;\u00a0(Ausgleich von Yin und Yang, von Materie und Spiritualit\u00e4t, st\u00e4rkt innere Harmonie, f\u00f6rdert eine neue Gemeinschaft ohne Angst, l\u00f6scht alte Programme, f\u00f6rdert Lernen und Wissenserwerb, intensiver Energie-Vibrationsschub)<\/strong><\/p>\n<div>&#8211; neueste Version mit 8-Elementen (8 enthaltenen Energiespeicher-Chips)<\/div>\n<div><em>Die Platte tr\u00e4gt die russische Aufschrift &#8222;\u00ab \u0417\u041e\u041b\u041e\u0422\u041e\u0415 \u0412\u0420\u0415\u041c\u042f \u00bb&#8220; und auf dem erg\u00e4nzenden Deckblatt: GOLDEN TIME, AGE D&#8217;OR, GOLDENE ZEIT<\/em><\/div>\n<div><\/div>\n<div>Die Platte vermittelt einen intensiven Energie-Vibrationsschub, aktiviert neue Lichtstr\u00f6me und reinigt den Anwender von alten Programmen, negativen Anweisungen und destruktiven Krankheitscodes: Krankheit ist pauschal betrachtet ein langsames Frequenzprogramm und umfasst Codes mit niedriger Frequenz. Die Platte &#8222;Goldene Zeit&#8220; mit den solaren Energien der j\u00fcngsten Herbst-Tagundnachtgleiche unterscheidet sich von der Vorg\u00e4nger-Platte zur Herbst-Tagundnachtgleiche durch ein neues Reinigungspotential f\u00fcr solche niedrigen Frequenzen: Eine Reihe starker Sonneneruptionen und magnetischer St\u00fcrme fanden in diesem Jahr statt, die genau auf diese Reinigungen abzielten. So stellt die Platte die aktuellsten Energien und Informationen zur Verf\u00fcgung, um veraltete Programme nachhaltig l\u00f6schen zu k\u00f6nnen, die oftmals noch in verschiedenen K\u00f6rperregionen wie etwa unter unseren Nagelplatten gespeichert sind.<\/div>\n<div>Die Platte unterst\u00fctzt eine harmonische Gemeinschaft von Menschen, die nicht auf Angst, sondern auf der Hoffnung und dem Wunsch nach positiven Ver\u00e4nderungen und Entwicklung basiert. Sie verleiht dem Anwender eine besondere Weisheit, die aus der gesamten Seelenerfahrung, die ein Mensch durchlebt hat, hervorgeht &#8211; so wird eine reine Essenz im Herzen gest\u00e4rkt, die nichts anderes ist als die Weisheit des Geistes und der Seele, gereinigt von menschlichen Urteilen.<\/div>\n<div><\/div>\n<div>\n<p><em>Die Aussagen beziehen sich auf alternative Testmethoden wie Meridianenergie-Messungen der Organfunktionskreisl\u00e4ufe nach TCM, Kirlian-Fotografie (EPG\/GDV-Kamera), Oberon, Amsat o.\u00e4. durch den Hersteller &#8222;Planet der Regionen&#8220; und stellen keine medizinische oder auf den physischen K\u00f6rper und dessen Organe bezogenen Aussage im Sinne der westlichen Schulmedizin dar.<br \/>\n<\/em><\/p>\n<p><strong>Die Platte ist in diesem Sinne vor allem geeignet f\u00fcr:<\/strong><\/p>\n<\/div>\n<div><\/div>\n<ul>\n<li>hilft dabei, unsere menschliche Realit\u00e4t mit der planetarischen zu verbinden und abzustimmen, so dass wir besser im Einklang mit der g\u00f6ttlichen Sch\u00f6pfung leben k\u00f6nnen &#8211; dies f\u00fchrt letztlich auch zu einer besseren inneren Ordnung, Integrit\u00e4t und letztlich zu einer besseren Harmonie und Gesundheit an K\u00f6rper, Geist und Seele,<\/li>\n<li>stellt das optimale Energieniveau des Organismus wieder her, das f\u00fcr volle Aktivit\u00e4t notwendig und ausreichend ist,<\/li>\n<li>erh\u00f6ht nach und nach das Schwingungsniveau des physischen K\u00f6rpers und seiner Energiek\u00f6rper und hebt sie auf eine neue Ebene, auf der sich T\u00fcren zu einer neuen und besseren Realit\u00e4t f\u00fcr den Anwender \u00f6ffnen,<\/li>\n<li>verbindet mit dem \u201eOrchester des Lichts\u201c der Meister, welches dem Anwender Frieden und Heilung bringt, und alle Chakras beginnen, synchron mit dem Universum und dem H\u00f6chsten Bewusstsein zu schwingen,<\/li>\n<li>hilft dem Anwender, sich mit Energiefl\u00fcssen zu verbinden, die seine intellektuellen F\u00e4higkeiten verbessern und n\u00fctzliche Informationen zum richtigen Zeitpunkt liefern, hilft das Potenzial neuer F\u00e4higkeiten freizusetzen und seine Entwicklungsziele sowohl auf pers\u00f6nlicher Ebene als auch breiterer Ebene zu verwirklichen,<\/li>\n<li>aktiviert den \u201eBildschirm\u201c des inneren Sehens und f\u00f6rdert die Entwicklung einer umfassenderen Sinneswahrnehmung der umgebenden Welt,<\/li>\n<li>hilft dem Anwender, einen Zustand des inneren Gleichgewichts und der hohen inneren Ordnung und Integrit\u00e4t zu erreichen und schafft so die Basis f\u00fcr kluge Entscheidungen, hilft zu verstehen, dass Gleichgewicht nichts Festes ist, sondern ein dynamischer Prozess, in welchem man trotzt st\u00e4ndiger Ver\u00e4nderung zur Harmonie findet,<\/li>\n<li>st\u00e4rkt die innere Harmonie von Geist und Emotionen bei negativen \u00e4u\u00dferen Faktoren,<\/li>\n<li>stellt die gesamte Seelenerfahrung des Anwenders zur Verf\u00fcgung, um die richtigen Entscheidungen treffen zu k\u00f6nnen,<\/li>\n<li>die Platte aktiviert einen intensiven Energie-Vibrationsschub auf der feinstofflichen Ebene, aktiviert neue Lichtstr\u00f6me und reinigt den Benutzer von alten Programmen, Codes und negativen Anweisungen und Krankheitsprogrammen,<\/li>\n<li>f\u00f6rdert die Akzeptanz aktueller Ereignisse mit Weisheit und Frieden, wodurch \u00c4ngste beseitigt werden alle H\u00fcrden im Leben mit Ruhe und Zuversicht \u00fcberwunden werden k\u00f6nnen, hilft dabei das Leben zu lieben und jeden Moment davon zu sch\u00e4tzen,<\/li>\n<li>unterst\u00fctzt eine Vereinigung von Menschen, die nicht auf Angst, sondern auf der Hoffnung und dem Wunsch nach besseren positiven Ver\u00e4nderungen basiert,<\/li>\n<li>enth\u00fcllt nat\u00fcrliche und spirituelle Weisheit, weckt den Glauben an die eigenen St\u00e4rken und F\u00e4higkeiten, die von Geburt an gegeben sind und die es zu entfalten gilt,<\/li>\n<li>stellt beim Anwender das richtige Gleichgewicht zwischen m\u00e4nnlicher und weiblicher Energie, Yin und Yang, wieder her (f\u00fcr M\u00e4nner 75 % Yang und 25 % Yin, f\u00fcr Frauen umgekehrt) &#8211; in manchen Lebenssituationen aber m\u00fcssen es andere Gewichtungen sein und hier erm\u00f6glicht die Platte eine schnelle dynamische Anpassung an die Bed\u00fcrfnisse,<\/li>\n<li>nicht nur die m\u00e4nnlichen und weiblichen Energien des Yin und Yang werden harmonisch miteinander verbunden, sondern auch Materie und Spiritualit\u00e4t, \u00c4u\u00dferes und Inneres und man erlebt sich als Teil des gro\u00dfes Ganzen,<\/li>\n<li>die Platte verbindet mit dem weiblichen Ur-Prinzip, welches unabh\u00e4ngig vom Geschlecht des Anwenders wirkt: es unterst\u00fctzt M\u00e4nner auf dem &#8222;m\u00e4nnlichen Weg&#8220; und Frauen auf dem &#8222;weiblichen Weg&#8220; im Prozess ihres individuellen Wachstums &#8211; so wird bei Frauen beispielsweise die Weiblichkeit, W\u00fcrde und Selbstachtung, L\u00e4ssigkeit, Bewegungsfreiheit und ihre energische Attraktivit\u00e4t gest\u00e4rkt, bei M\u00e4nnern Ruhe, Ausgeglichenheit, Beobachtungsgabe, St\u00e4rke und Entschlossenheit,<\/li>\n<li>die Platte st\u00e4rkt auch die Liebe in Beziehungen zwischen Mann und Frau (viel informiertes Waser trinken).<\/li>\n<\/ul>\n<div><\/div>\n<div>Auf der Platte sind die hohen Energien vom Tag der Herbst-Tagundnachtgleiche am 21.9.2024 gespeichert. An diesen Tagen str\u00f6men die Energien der neuen Zeit von der Zentralsonne der Galaxie \u00fcber unsere Sonne verst\u00e4rkt zur Erde und es hilft uns Menschen, diese Energien mit der neuen Platte immer wieder in unser Energiefeld &#8222;einzuspeisen&#8220;&#8230;<\/div>\n<div><\/div>\n<div><\/div>\n<div>TIPP 1: Die Energie der Platte ist sanft, wohlwollend, weise und ruhig und ist hilfreich f\u00fcr alle Menschen, die ihr Lebens- und Energiepotenzial entfalten m\u00f6chten und ist daher besonders geeignet f\u00fcr Sch\u00fcler, Studenten und Personen in Fortbildung und Wissenserwerb oder auf Suche nach Orientierung.<\/div>\n<div>F\u00fcr Farbtherapeuten er\u00f6ffnen sich mit der Platte neue M\u00f6glichkeiten und Horizonte.<\/div>\n<div>TIPP 2: Um die Weiblichkeit zu entwickeln, wird die Verwendung in Kombination mit der Platte &#8222;Schatz der Frau&#8220; empfohlen.<\/div>\n<div><\/div>\n<div>ZUR BEACHTUNG: Bei dieser Platte sollte das Wasser zum Energetisieren mindestens 21 Minuten lang darauf gestellt werden<\/div>\n<p><strong><em>Wichtiger Hinweis:<\/em><br \/>\n<\/strong><\/p>\n<p><strong><em>Wir weisen ausdr\u00fccklich darauf hin, dass die Kolzov-Platte (russische Bezeichnung: &#8222;Korrektoren des funktionalen Zustands&#8220;) ein alternatives Energie- und Informationsprodukt ist und kein Heilmittel im Sinne der westlichen Schulmedizin. Vielmehr ist es ein rein energetisches Hilfsmittel zur ganzheitlichen Balancierung von energetischen Disharmonien und Blockaden. Informationen \u00fcber Qualit\u00e4t und Eigenschaften des Energieobjekts beziehen sich auf Aussagen des russischen Herstellers und alternativen Theorien zu Mensch und Umwelt, auf alternative Anschauungen und esoterische \u00dcberlieferungen oder Aussagen. Sie gelten nur im Sinne der esoterischen Lebensphilosophie und daran angelehnte Alternativheilkunde. Wirkungen im Sinne westlicher Wissenschaft oder Medizin werden hier nicht behauptet.<\/em><\/strong><\/p>","protected":false},"excerpt":{"rendered":"<p>nutzt die hochenenergetischen Lichtstr\u00f6me der Herbst-Tagundnachtgleiche 2024, um veraltete Programme und \u201eniedrige Frequenzcodes\u201c (Krankheitscodes) nachhaltig zu l\u00f6schen. Sie harmonisiert das Verh\u00e4ltnis von Materie und Spiritualit\u00e4t sowie die m\u00e4nnlichen und weiblichen Ur-Energien (Yin\/Yang) je nach individueller Bedarfssituation. Die Platte f\u00f6rdert eine neue Form des Miteinanders, die auf Hoffnung statt auf Angst basiert, und schenkt dem Anwender eine tiefe, seelische Weisheit f\u00fcr kluge Entscheidungen.<\/p>","protected":false},"featured_media":2362,"comment_status":"open","ping_status":"closed","template":"","meta":[],"product_brand":[],"product_cat":[33],"product_tag":[187],"class_list":{"0":"post-2290","1":"product","2":"type-product","3":"status-publish","4":"has-post-thumbnail","6":"product_cat-elite-series","7":"product_tag-187","9":"first","10":"instock","11":"taxable","12":"shipping-taxable","13":"purchasable","14":"product-type-simple"},"_links":{"self":[{"href":"https:\/\/vigo-rio.com\/en\/wp-json\/wp\/v2\/product\/2290","targetHints":{"allow":["GET"]}}],"collection":[{"href":"https:\/\/vigo-rio.com\/en\/wp-json\/wp\/v2\/product"}],"about":[{"href":"https:\/\/vigo-rio.com\/en\/wp-json\/wp\/v2\/types\/product"}],"replies":[{"embeddable":true,"href":"https:\/\/vigo-rio.com\/en\/wp-json\/wp\/v2\/comments?post=2290"}],"wp:featuredmedia":[{"embeddable":true,"href":"https:\/\/vigo-rio.com\/en\/wp-json\/wp\/v2\/media\/2362"}],"wp:attachment":[{"href":"https:\/\/vigo-rio.com\/en\/wp-json\/wp\/v2\/media?parent=2290"}],"wp:term":[{"taxonomy":"product_brand","embeddable":true,"href":"https:\/\/vigo-rio.com\/en\/wp-json\/wp\/v2\/product_brand?post=2290"},{"taxonomy":"product_cat","embeddable":true,"href":"https:\/\/vigo-rio.com\/en\/wp-json\/wp\/v2\/product_cat?post=2290"},{"taxonomy":"product_tag","embeddable":true,"href":"https:\/\/vigo-rio.com\/en\/wp-json\/wp\/v2\/product_tag?post=2290"}],"curies":[{"name":"wp","href":"https:\/\/api.w.org\/{rel}","templated":true}]}}