{"id":229,"date":"2026-01-14T12:43:39","date_gmt":"2026-01-14T12:43:39","guid":{"rendered":"https:\/\/vigo-rio.com\/?post_type=product&#038;p=229"},"modified":"2026-03-23T08:37:22","modified_gmt":"2026-03-23T08:37:22","slug":"fc-19-anti-tobacco","status":"publish","type":"product","link":"https:\/\/vigo-rio.com\/en\/product\/fc-19-anti-tobacco\/","title":{"rendered":"FC Anti Tabak"},"content":{"rendered":"<p><strong>Kolzov-Platte &#8222;Nr.19 &#8211; Anti-Tabak \/ Anti-Sucht&#8220;<br \/>\n(im Russischen: Anti-Tabak &#8211; bzw. Anti-Sucht)<br \/>\nEnergetische Wirkung: Anti-Sucht, Aktivierung von Lunge und Blut<\/strong><\/p>\n<p><strong>&#8211; neueste Version mit 8-Elementen (8 enthaltenen Energiespeicher-Chips)<\/strong><\/p>\n<p>Die Kolzov-Platte \u201cAnti-Tabak\u201d reinigt und regeneriert die Lunge und hilft Rauchern beim Entw\u00f6hnen, l\u00f6st alle suchtf\u00f6rdernden seelischen, emotionalen und geistigen Programmen auf, die mit dem Rauchen verbunden sind.<\/p>\n<p><em>Die Aussagen beziehen sich auf alternative Testmethoden wie Meridianenergie-Messungen der Organfunktionskreisl\u00e4ufe nach TCM, Kirlian-Fotografie (EPG\/GDV-Kamera), Oberon, Amsat o.\u00e4. durch den Hersteller &#8222;Planet der Regionen&#8220; und stellen keine medizinische oder auf den physischen K\u00f6rper und dessen Organe bezogenen Aussage im Sinne der westlichen Schulmedizin dar.<\/em><\/p>\n<p><strong>Die Platte ist in diesem Sinne vor allem geeignet f\u00fcr:<\/strong><\/p>\n<ul>\n<li>hilft auf energetischem Wege den Organismus von Nikotin und eingelagerten Giftstoffen zu reinigen,<\/li>\n<li>reinigt und regeneriert Lunge und Bronchien,<\/li>\n<li>reinigt das Blut und erinnert es an seine eigentliche Funktion,<\/li>\n<li>unterst\u00fctzt die S\u00e4ttigung des Blutes mit Sauerstoff,<\/li>\n<li>st\u00e4rkt die Funktion von Milz und Leber,<\/li>\n<li>kann auch bei anderen Sucht-Problemen zur L\u00f6schung der \u201cSucht-Programme\u201d im Unterbewusstsein eingesetzt werden.<\/li>\n<\/ul>\n<p>Die Platte Nr. 19 beinhaltet den Kanal \u201cPOLUT\u201d. Die Platte \u201cAnti-Tabak\u201d hilft k\u00f6rperlich, emotional und mental bei der Rauchentw\u00f6hnung. Die energetische Wirkung ist: L\u00f6schen von Sucht-Programmen bei Rauchern, Energiefluss \u00fcber Lunge und Blut verbessern.<\/p>\n<p>ZUR BEACHTUNG: Die Aktivierungszeit von Wasser auf der Platte betr\u00e4gt mindestens 15 Sekunden.<\/p>\n<p><em><u>Ergebnis im LIFE-TEST:\u00a0<\/u>Die Kolzov-Platte &#8222;Nr.19 &#8211; Anti-Tabak\/Anti-Sucht&#8220; hat ein neutrales Energiefeld mit 40 000 Bovis. Damit aktiviert sie Stirn-, Hals- und Wurzel-Chakra auf 40 000 Bovis, wobei das Wurzel-Chakra sogar noch deutlich dar\u00fcber aktiviert wird. (40 000 Bovis ist in dieser Testmethode nach Dr. Oberbach die sichere Nachweisgrenze). Das Kronen-Chakra und das noch Solarplexus-Chakra steigen auf ebenfalls sehr hohe 35 000 Bovis. Das Herz-Chakra steigt in seienr Energie auf 28 000 Bovis und das Blase-Sexual-Chakra verdreifacht noch seine Energie auf 21 000 Bovis. Durch die Aufladung der Chakras w\u00e4chst der bioenergetische Reaktionsabstand von zirka 75 Zentimetern um den K\u00f6rper sogar auf 1,30 Meter.<\/em><\/p>\n<p><em><strong>Wichtiger Hinweis:<br \/>\nWir weisen ausdr\u00fccklich darauf hin, dass die Kolzov-Platte (russische Bezeichnung: &#8222;Korrektoren des funktionalen Zustands&#8220;) ein alternatives Energie- und Informationsprodukt ist und kein Heilmittel im Sinne der westlichen Schulmedizin. Vielmehr ist es ein rein energetisches Hilfsmittel zur ganzheitlichen Balancierung von energetischen Disharmonien und Blockaden. Informationen \u00fcber Qualit\u00e4t und Eigenschaften des Energieobjekts beziehen sich auf Aussagen des russischen Herstellers und alternativen Theorien zu Mensch und Umwelt, auf alternative Anschauungen und esoterische \u00dcberlieferungen oder Aussagen. Sie gelten nur im Sinne der esoterischen Lebensphilosophie und daran angelehnte Alternativheilkunde. Wirkungen im Sinne westlicher Wissenschaft oder Medizin werden hier nicht behauptet.<\/strong><\/em><\/p>","protected":false},"excerpt":{"rendered":"<p>Hilft Rauchern bei der Entw\u00f6hnung. Erleichtert es, sich harmonisch, effektiv und nachhaltig von der Sucht zu befreien.<\/p>","protected":false},"featured_media":1698,"comment_status":"open","ping_status":"closed","template":"","meta":[],"product_brand":[],"product_cat":[29],"product_tag":[],"class_list":{"0":"post-229","1":"product","2":"type-product","3":"status-publish","4":"has-post-thumbnail","6":"product_cat-gold-series","8":"first","9":"instock","10":"sale","11":"taxable","12":"shipping-taxable","13":"purchasable","14":"product-type-variable"},"_links":{"self":[{"href":"https:\/\/vigo-rio.com\/en\/wp-json\/wp\/v2\/product\/229","targetHints":{"allow":["GET"]}}],"collection":[{"href":"https:\/\/vigo-rio.com\/en\/wp-json\/wp\/v2\/product"}],"about":[{"href":"https:\/\/vigo-rio.com\/en\/wp-json\/wp\/v2\/types\/product"}],"replies":[{"embeddable":true,"href":"https:\/\/vigo-rio.com\/en\/wp-json\/wp\/v2\/comments?post=229"}],"wp:featuredmedia":[{"embeddable":true,"href":"https:\/\/vigo-rio.com\/en\/wp-json\/wp\/v2\/media\/1698"}],"wp:attachment":[{"href":"https:\/\/vigo-rio.com\/en\/wp-json\/wp\/v2\/media?parent=229"}],"wp:term":[{"taxonomy":"product_brand","embeddable":true,"href":"https:\/\/vigo-rio.com\/en\/wp-json\/wp\/v2\/product_brand?post=229"},{"taxonomy":"product_cat","embeddable":true,"href":"https:\/\/vigo-rio.com\/en\/wp-json\/wp\/v2\/product_cat?post=229"},{"taxonomy":"product_tag","embeddable":true,"href":"https:\/\/vigo-rio.com\/en\/wp-json\/wp\/v2\/product_tag?post=229"}],"curies":[{"name":"wp","href":"https:\/\/api.w.org\/{rel}","templated":true}]}}