{"id":2289,"date":"2026-01-20T13:49:50","date_gmt":"2026-01-20T13:49:50","guid":{"rendered":"https:\/\/vigo-rio.com\/?post_type=product&#038;p=2289"},"modified":"2026-04-02T08:40:17","modified_gmt":"2026-04-02T08:40:17","slug":"fc-118-kudiyarov-spring","status":"publish","type":"product","link":"https:\/\/vigo-rio.com\/en\/product\/fc-118-kudiyarov-spring\/","title":{"rendered":"FC Kudiyarov Quelle \/ Kudiyarov Spring"},"content":{"rendered":"<p><strong>Kolzov-Platte: &#8222;Kudiyarov-Quelle&#8220;\u00a0(verbessert die Aufnahme von Mikro- und Makro-N\u00e4hrstoffen, f\u00fcr Regeneration von K\u00f6rper, Geist und Seele, st\u00e4rkt Muskulatur und Knochen, Notfallhilfe, Schutz vor Verw\u00fcnschungen)<\/strong><\/p>\n<div>&#8211; neueste Version mit 8-Elementen (8 enthaltenen Energiespeicher-Chips)<\/div>\n<p><em>Die Platte tr\u00e4gt die russische Aufschrift &#8222;\u041a\u0423\u0414\u0418\u042f\u0420\u041e\u0412 \u0420\u041e\u0414\u041d\u0418\u041a&#8220; und auf dem erg\u00e4nzenden Deckblatt<\/em><\/p>\n<div>Die Platte &#8222;Kudiyarov Quelle&#8220; verbessert die Aufnahme von Mikro- und Makroelementen aus Lebensmitteln und Nahrungserg\u00e4nzungen, f\u00f6rdert die k\u00f6rperliche und psychische Erholung und st\u00e4rkt Knochen und Bewegungsapparat.<\/div>\n<div>Je niedriger die Schwingungsebene ist, auf der Sie sich befinden (Aggression, Wut, Negativit\u00e4t), desto schwieriger und l\u00e4nger dauert die Genesung, und wenn Sie sich in einem Zustand der Freude befinden, steigt die Energie schneller nach oben und f\u00f6rdert so die Regeneration und Verj\u00fcngung &#8211; Freude und Liebe haben energetisch heilende Eigenschaften. Die Platte &#8222;Kudiyarov Quelle&#8220; verbessert die Gesundheit auf Ebene der N\u00e4hrstoffaufnahme und tr\u00e4gt auf seelischer und energetischer Ebene zur Heilung bei, indem \u00c4ngste gel\u00f6st und damit verbundene Blockaden aufgel\u00f6st werden. Verw\u00fcnschungen und andere negative Energien werden an den Absender zur\u00fcck geschickt.<\/div>\n<div>Die Platte ist auch generell f\u00fcr alle Menschen sinnvoll, die viel Sitzen, da die Mikrozirkulation und Zellversorgung verbessert werden.<\/div>\n<div><\/div>\n<div><\/div>\n<div>Die Platte &#8222;Kudiyarov-Quelle&#8220; ist vor allem geeignet f\u00fcr:<em>Die Aussagen beziehen sich auf alternative Testmethoden wie Meridianenergie-Messungen der Organfunktionskreisl\u00e4ufe nach TCM, Kirlian-Fotografie (EPG\/GDV-Kamera), Oberon, Amsat o.\u00e4. durch den Hersteller &#8222;Planet der Regionen&#8220; und stellen keine medizinische oder auf den physischen K\u00f6rper und dessen Organe bezogenen Aussage im Sinne der westlichen Schulmedizin dar.<\/em><\/div>\n<p><strong>Die Platte ist in diesem Sinne vor allem geeignet f\u00fcr:<\/strong><\/p>\n<ul>\n<li>erm\u00f6glicht auf energetischer Ebene eine schnelle, manchmal sofortige Reaktion und Regulation des K\u00f6rpers auf eine \u00e4u\u00dfere oder innere kritische Situation (Notfallhilfe),<\/li>\n<li>aktiviert die Heilungsprozesse in allen Organen und Funktionssysteme des K\u00f6rpers,<\/li>\n<li>verbessert die Aufnahme von Mikro- und Makron\u00e4hrstoffen &#8211; egal, ob aus Lebensmittel oder Nahrungserg\u00e4nzungen,<\/li>\n<li>st\u00e4rkt auf Informationsebene das Knochengewebe mit Mikron\u00e4hrstoffen und st\u00e4rkt den gesamten Bewegungsapparat, f\u00f6rdert seine allm\u00e4hliche Regeneration und den Aufbau des Skeletts,<\/li>\n<li>verbessert die Mikrozirkulation und die Durchblutung insbesondere in Bereichen, wo h\u00e4ufig Kr\u00e4mpfe auftreten, lindert so Kr\u00e4mpfe und Blockaden,<\/li>\n<li>tr\u00e4gt zur Aufl\u00f6sung von Lymphstauungen und \u00d6demen bei,<\/li>\n<li>reguliert den K\u00f6rper auf der Reflexebene, was durch Empfindungen wie Kribbeln, W\u00e4rme, Ziehen oder sogar kurzzeitige Schmerzen in jenem Hautareal wahrnehmbar wird, die einem Organ oder Dr\u00fcse reflektorisch zugeordnet ist,<\/li>\n<li>f\u00f6rdert auf energetischer Ebene die Wundheilung und sch\u00f6nere Vernarbung der Haut,<\/li>\n<li>\u00f6ffnet auf Seelenebene ein besseres Verstehen f\u00fcr die Ursachen einer Erkrankung und zeigt unbewusste Erinnerungen und Informationen zu dem Problem,<\/li>\n<li>entfernt nach und nach unbewusste \u00c4ngste, Unzufriedenheit und alle anderen angesammelten negativen Emotionen aus der Energie-Informationsebene des Anwenders und hilft, kommende Situationen aufzul\u00f6sen, in denen neue \u00c4ngste auf unbewusster Ebene entstehen k\u00f6nnen,<\/li>\n<li>f\u00f6rdert die psychische Erholung nach traumatischen Erlebnissen, Schmerzen, Operationen und Gewalt,<\/li>\n<li>sch\u00fctzt vor Energieangriffen anderer Menschen und hilft, Ankn\u00fcpfungspunkte in der eigenen Energiestruktur f\u00fcr neurotische Bindungen aufzul\u00f6sen,<\/li>\n<li>sch\u00fctzt vor Liebeszaubern und jeglicher Magie, die darauf abzielt, das Leben zu erschweren, das finanzielle Wohlergehen, die Gesundheit und die F\u00e4higkeit, Kinder zu bekommen, einzuschr\u00e4nken &#8211; spiegelt negative Energiebotschaft an den Absender zur\u00fcck,<\/li>\n<li>entspannt das Nervensystem, erf\u00fcllt das Herz mit Liebe, verleiht Weichheit und ein Gef\u00fchl von Unterst\u00fctzung durch die H\u00f6heren M\u00e4chte und weckt den Glauben, dass am Ende alles gut wird,<\/li>\n<li>st\u00e4rkt die Verbindung zur Erde und zum Leben, sorgt f\u00fcr eine nachhaltige energetische Erdung und gibt die Kraft, Schwierigkeiten zu \u00fcberwinden.<\/li>\n<\/ul>\n<div><\/div>\n<div>Auf der Platte &#8222;Kudiyarov-Quelle&#8220; sind die Informationen des Heilwassers der heiligen Quelle von Kudiyarov, geweiht zu Ehren der Maria als Gottesgeb\u00e4rerin (&#8222;Theotokos&#8220;) und \u201eFreude aller Trauernden\u201c, im Bezirk Aleksinsky, in der russischen Region Tula s\u00fcdlich von Moskau.<\/div>\n<div><\/div>\n<div><\/div>\n<div>TIPP 1: Die Platte &#8222;Kudiyarov-Quelle&#8220; ist kompatibel mit allen bisher ver\u00f6ffentlichten Platten und Armb\u00e4ndern, insbesondere mit den Platten &#8222;Nr.10 &#8211; Gesunde Gelenke\u201c, \u201eOsteovita\u201c, \u201eBewegungsfreiheit\u201c, \u201eSchatz Spaniens\u201c sowie \u201eZeit des Gl\u00fccks\u201c und \u201eLegenden von Menkaur\u201c (Mykerinos-Pyramide).<\/div>\n<div>TIPP 2: Die universelle Heilenergie der Platte &#8222;Kudiyarov-Quelle&#8220; ist sofort sp\u00fcrbar: vor allem im Solarplexus ist ein kraftvoller Fluss, W\u00e4rme und Pulsieren zu sp\u00fcren und beginnend am Scheitel ergie\u00dft sich die Energie \u00fcber den Kopf und breitet sich entlang der Wirbels\u00e4ule und \u00fcber die gesamte Haut aus.<\/div>\n<p>Aktivieren Sie zun\u00e4chst das Wurzel-Chakra, 1.Chkara, indem Sie sich einfach eine Weile auf die Plate setzen, um die heilende Wirkung der Energien auszul\u00f6sen. Achten Sie darauf, gen\u00fcgend auf der Platte informiertes Wasser zu trinken, es in den H\u00e4nden zu halten, bei sich zu tragen, zu baden und zu duschen und sich selbst zu bespr\u00fchen.<\/p>\n<div>TIPP 3: Es wird dringend empfohlen, alle Medikamente, Nahrungserg\u00e4nzungsmittel und Vitaminkomplexe mit Wasser einzunehmen, das auf dieser Platte informiert wurde.<\/div>\n<div>Sie k\u00f6nnen Cremes, Salben, Lotionen, Masssage\u00f6le etc. mit der Platte informieren und feuchte Umschl\u00e4ge oder Wunden mit dem damit informierten Wasser benetzen.<\/div>\n<div>TIPP 4: Masseuren wird empfohlen, die Platte an ihrer f\u00fchrenden Hand zu befestigen (Rechtsh\u00e4nder \u2013 rechts, Linksh\u00e4nder \u2013 links), wodurch ein synergistischer Effekt entsteht und eine tiefere Wirkung auf einem hohen Energieinformationsniveau erzielt wird. Sie k\u00f6nnen auch mit der Platte selbst \u00fcber den K\u00f6rper streichen.<\/div>\n<div>TIPP 5: Bei einer schwierigen Schwangerschaft mit Lebensgefahr f\u00fcr das Kind empfiehlt es sich, die Platte zweiten Tag f\u00fcr eine halbe Stunde auf die Brust der Schwangeren zu legen oder zwischen den Handfl\u00e4chen zu halten, aber nicht auf den Bauch aufzulegen!<\/div>\n<div>TIPP 6: M\u00f6glicherweise tauchen pl\u00f6tzlich Menschen aus Ihrer Vergangenheit auf, damit Sie ihnen vergeben. Diese Situationen helfen, karmische Knoten zu l\u00f6sen und ungel\u00f6ste Probleme in Beziehungen zu l\u00f6sen. Es ist wichtig, sich dessen bewusst zu sein. Wenn dies geschieht, platzieren Sie die Platte auf dem Herz-Chakra &#8211; dies wird Ihnen helfen, ungeheilte Beziehungen wirklich zu verstehen und die Blockaden aufzul\u00f6sen.<\/div>\n<div><\/div>\n<div>ZUR BEACHTUNG: Bei dieser Platte sollte das Wasser zum Energetisieren mindestens 16 Minuten lang darauf gestellt werden.<\/div>\n<p><strong><em>Wichtiger Hinweis:<\/em><br \/>\n<\/strong><\/p>\n<p><em><strong>Wir weisen ausdr\u00fccklich darauf hin, dass die Kolzov-Platte (russische Bezeichnung: &#8222;Korrektoren des funktionalen Zustands&#8220;) ein alternatives Energie- und Informationsprodukt ist und kein Heilmittel im Sinne der westlichen Schulmedizin. Vielmehr ist es ein rein energetisches Hilfsmittel zur ganzheitlichen Balancierung von energetischen Disharmonien und Blockaden. Informationen \u00fcber Qualit\u00e4t und Eigenschaften des Energieobjekts beziehen sich auf Aussagen des russischen Herstellers und alternativen Theorien zu Mensch und Umwelt, auf alternative Anschauungen und esoterische \u00dcberlieferungen oder Aussagen. Sie gelten nur im Sinne der esoterischen Lebensphilosophie und daran angelehnte Alternativheilkunde. Wirkungen im Sinne westlicher Wissenschaft oder Medizin werden hier nicht behauptet.<\/strong><\/em><\/p>","protected":false},"excerpt":{"rendered":"<p>ist ein Spezialist f\u00fcr die physische Erholung. Sie verbessert die Aufnahme von Mikro- und Makron\u00e4hrstoffen aus Nahrung und Supplements massiv und st\u00e4rkt so gezielt das Knochengewebe und den gesamten Bewegungsapparat. Sie wirkt als \u201eNotfallhilfe\u201c bei kritischen Belastungen, l\u00f6st Lymphstauungen und f\u00f6rdert eine sch\u00f6ne Wundheilung. Einzigartig ist ihr energetischer Schutz: Sie spiegelt negative Absichten, Verw\u00fcnschungen und Liebeszauber direkt an den Absender zur\u00fcck und hilft dabei, karmische Knoten in alten Beziehungen zu l\u00f6sen.<\/p>","protected":false},"featured_media":2398,"comment_status":"open","ping_status":"closed","template":"","meta":[],"product_brand":[],"product_cat":[33],"product_tag":[186],"class_list":{"0":"post-2289","1":"product","2":"type-product","3":"status-publish","4":"has-post-thumbnail","6":"product_cat-elite-series","7":"product_tag-186","9":"first","10":"instock","11":"taxable","12":"shipping-taxable","13":"purchasable","14":"product-type-simple"},"_links":{"self":[{"href":"https:\/\/vigo-rio.com\/en\/wp-json\/wp\/v2\/product\/2289","targetHints":{"allow":["GET"]}}],"collection":[{"href":"https:\/\/vigo-rio.com\/en\/wp-json\/wp\/v2\/product"}],"about":[{"href":"https:\/\/vigo-rio.com\/en\/wp-json\/wp\/v2\/types\/product"}],"replies":[{"embeddable":true,"href":"https:\/\/vigo-rio.com\/en\/wp-json\/wp\/v2\/comments?post=2289"}],"wp:featuredmedia":[{"embeddable":true,"href":"https:\/\/vigo-rio.com\/en\/wp-json\/wp\/v2\/media\/2398"}],"wp:attachment":[{"href":"https:\/\/vigo-rio.com\/en\/wp-json\/wp\/v2\/media?parent=2289"}],"wp:term":[{"taxonomy":"product_brand","embeddable":true,"href":"https:\/\/vigo-rio.com\/en\/wp-json\/wp\/v2\/product_brand?post=2289"},{"taxonomy":"product_cat","embeddable":true,"href":"https:\/\/vigo-rio.com\/en\/wp-json\/wp\/v2\/product_cat?post=2289"},{"taxonomy":"product_tag","embeddable":true,"href":"https:\/\/vigo-rio.com\/en\/wp-json\/wp\/v2\/product_tag?post=2289"}],"curies":[{"name":"wp","href":"https:\/\/api.w.org\/{rel}","templated":true}]}}