{"id":2286,"date":"2026-01-20T13:49:32","date_gmt":"2026-01-20T13:49:32","guid":{"rendered":"https:\/\/vigo-rio.com\/?post_type=product&#038;p=2286"},"modified":"2026-04-15T12:49:35","modified_gmt":"2026-04-15T12:49:35","slug":"fc-117-abundance","status":"publish","type":"product","link":"https:\/\/vigo-rio.com\/en\/product\/fc-117-abundance\/","title":{"rendered":"FC F\u00fclle \/ Abundance"},"content":{"rendered":"<p><strong>Kolzov-Platte: &#8222;F\u00fclle&#8220;\u00a0(Gl\u00fcck in der Partnerschaft, hohe Liebesenergie, V\u00f6lkerverst\u00e4ndigung, materieller Wohlstand, Hilfe f\u00fcr gerechte Entlohnung, l\u00f6scht Negativ-Programme, Chakra-Aktivierung)<\/strong><\/p>\n<div><em><strong>(bei paarweiser Anwendung am besten mit der Platte &#8222;Sieben Sch\u00f6nheiten&#8220;)<\/strong><\/em><\/div>\n<div><em>&#8211; neueste Version mit 8-Elementen (8 enthaltenen Energiespeicher-Chips)<\/em><\/div>\n<div><em>Die Platte tr\u00e4gt die russische Aufschrift \u00ab\u0418\u0417\u041e\u0411\u0418\u041b\u0418\u0415\u00bb<\/em><\/div>\n<div><\/div>\n<div>Eine wunderbare Platte, die f\u00fcr alle Anwender wertvoll ist: Ihre kraftvolle Energie \u201eschaltet\u201c nach und nach das gesamte Chakra-System des Anwenders vom Wurzel-Chakra an aufw\u00e4rts steigend auf eine h\u00f6here Betriebsebene. Sie hilft dabei, einen Partner f\u00fcr eine f\u00fcr beide Seiten gl\u00fcckliche Beziehung zu finden, st\u00e4rkt die sexuelle Energie und allgemein die Gesundheit. Sie unterst\u00fctzt die materielle Verbesserung seiner Verh\u00e4ltnisse und st\u00e4rkt die Intuition im Finanzbereich. Dabei l\u00f6scht sie noch negative Programme, welche dies behindern.<\/div>\n<div>Die gemeinsame Anwendung mit der Platte \u201eSieben Sch\u00f6nheiten&#8220; kann das Anziehen von Wohlstand noch verst\u00e4rken.<\/div>\n<div><\/div>\n<div>\n<p><em>Die Aussagen beziehen sich auf alternative Testmethoden wie Meridianenergie-Messungen der Organfunktionskreisl\u00e4ufe nach TCM, Kirlian-Fotografie (EPG\/GDV-Kamera), Oberon, Amsat o.\u00e4. durch den Hersteller &#8222;Planet der Regionen&#8220; und stellen keine medizinische oder auf den physischen K\u00f6rper und dessen Organe bezogenen Aussage im Sinne der westlichen Schulmedizin dar.<\/em><\/p>\n<div>Die Platte ist in diesem Sinne vor allem geeignet f\u00fcr:<\/div>\n<\/div>\n<ul>\n<li>leitet einen Fluss g\u00f6ttlicher bedingungsloser Liebe auf den Anwender und \u00f6ffnet das h\u00f6here spirituelle Herz,<\/li>\n<li>aktiviert die Energien der Einheit der Seelen von Menschen aller Rassen und Nationen (V\u00f6lkerverst\u00e4ndigung im &#8222;Gro\u00dfen&#8220; und im &#8222;Kleinen&#8220;, im Alltag),<\/li>\n<li>reinigt das pers\u00f6nliche Energiefeld (die Aura) und die Chakras (die Energiezentren) beginnend beim 1.Chakra und dann aufsteigend alle anderen Chakras von zerst\u00f6rerischen Einfl\u00fcssen &#8211; sowohl \u00e4ltere als auch neue, aktuelle Negativ-Programme werden gel\u00f6scht,<\/li>\n<li>st\u00e4rkt das 2.Chakra und steigert dadurch die Libido und die sexuelle Energie und erzeugt ein Gef\u00fchl von Attraktivit\u00e4t, Charme und Anziehungskraft beim anderen Geschlecht. Frauen hilft sie, die Freude der Mutterschaft zu erleben,<\/li>\n<li>Zugleicht bewirkt die Aktivierung des 2.Chakras eine Regeneration des K\u00f6rpers auf zellul\u00e4rer Ebene und f\u00f6rdert so die Verj\u00fcngung und Regeneration des Organismus. Dadurch werden indirekt auch der Genuss (sinnlich, taktil, visuell, geschmacklich) und die Freude am Leben gest\u00e4rkt,<\/li>\n<li>befreit aus einer psychologischen Abh\u00e4ngigkeit von einem vermeintlich idealen \u00e4u\u00dferen Erscheinungsbild, hilft bei der Heilung eines geringen Selbstwertgef\u00fchls und unterdr\u00fcckter \u00c4ngste,<\/li>\n<li>aktiviert das 3.Chakra, f\u00f6rdert die Entwicklung eines gesunden Egoismus, Selbstbewusstseins und innerer St\u00e4rke, st\u00e4rkt die Tatkraft und eine gesunde Abenteuerlust &#8211; unterst\u00fctzt so, nicht dem Druck \u00e4u\u00dferer Umst\u00e4nde zu erliegen, sondern unbeirrt seine Ziele zu erreichen, erfolgreich zu sein und materiellen Wohlstand zu erreichen.<\/li>\n<li>die Platte hilft dabei, die pers\u00f6nliche Lebensaufgabe so effizient wie m\u00f6glich zu erf\u00fcllen, indem sie das individuelle Wissen, die jeweiligen Talente und F\u00e4higkeiten aktiviert und deren Verwirklichung in der materiellen Welt unterst\u00fctzt,<\/li>\n<li>aktiviert das 4.Chakra und f\u00f6rdert die \u00d6ffnung des h\u00f6heren spirituellen Herzens, hilft dem Anwender, seine Wahrheit, sein H\u00f6heres Selbst zu manifestieren und seine g\u00f6ttlichen Aspekte und sein kreatives Potenzial auszustrahlen,<\/li>\n<li>f\u00f6rdert das Verst\u00e4ndnis daf\u00fcr, wie man sein zuk\u00fcnftiges Leben am besten gestaltet, zeigt auf Seelenebene die Vielfalt m\u00f6glicher Ereignisse und hilft die richtige Wahl zu treffen,<\/li>\n<li>hilft dem Anwender, sich mit dem Fluss der g\u00f6ttlichen Manifestation und damit dem g\u00f6ttlichen Kanal der F\u00fclle zu verbinden &#8211; auch dies tr\u00e4gt dazu bei, seine F\u00e4higkeiten und Talente mit Liebe auch zu einem finanziellen Erfolg zu f\u00fchren,<\/li>\n<li>hilft dabei, unbewusste Einstellungen, die den Geldfluss blockieren, zu erkennen und zu eliminieren, st\u00e4rkt die Intuition im Finanzbereich und warnt vor m\u00f6glichen Verlusten,<\/li>\n<li>wenn eine gerechte Entlohnung verweigert wird, hilft die Platte, die Hindernisse aus dem Weg zu r\u00e4umen &#8211; unerf\u00fcllte finanzielle Vorteile werden realisiert und Veranstaltungen k\u00f6nnen mit finanziellem Gewinn durchgef\u00fchrt werden,<\/li>\n<li>eine Besessenheit von Geld wird jedoch auf ein gesundes Ma\u00df reduziert und die Platte lenkt das Augenmerk auf andere Felder des Wohlstands, Wohlbefindens und der F\u00fclle,<\/li>\n<li>f\u00f6rdert die Erf\u00fcllung von W\u00fcnschen und st\u00e4rkt daf\u00fcr einen inneren Zustand der F\u00fclle, Dankbarkeit und ein gesundes Gef\u00fchl der Gen\u00fcgsamkeit,<\/li>\n<li>entwickelt im Anwender Qualit\u00e4ten wie Barmherzigkeit, Freundlichkeit, Akzeptanz, Kooperation, Offenheit und Aufrichtigkeit. F\u00f6rdert den Seelenfrieden und erf\u00fcllt mit ruhiger Freude und Harmonie,<\/li>\n<li>f\u00f6rdert die Entwicklung und Erleuchtung des Bewusstseins und die Reinigung der Seelenstruktur des Anwenders,<\/li>\n<li>hilft dabei, den richtigen Partner f\u00fcr ein f\u00fcr beide Seiten gl\u00fcckliches Familienleben oder eine gl\u00fcckliche Beziehung zu finden, erf\u00fcllt den Anwender mit bedingungsloser Liebe f\u00fcr seine Kinder und seinen Lebenspartner. Diese Liebe und diesen Frieden sp\u00fcren die Menschen um Sie herum und treten in Resonanz mit Ihren Schwingungen, was ein immer gr\u00f6\u00dferes Umfeld des Gl\u00fccks erschafft,<\/li>\n<li>im K\u00f6rperlichen st\u00e4rkt die Platte auf Informationsebene allgemein die Gesundheit und das Immunsystem, das Herz-Kreislauf-System und die Atmung,<\/li>\n<li>st\u00e4rkt die kognitiven F\u00e4higkeiten und aktiviert die rechte Gehirnh\u00e4lfte.<\/li>\n<\/ul>\n<div><\/div>\n<div>Auf der Kolzov-Platte &#8222;F\u00fclle&#8220; sind die Informationen des Wasser aus den drei heiligen Quellen am Haus der Jungfrau Maria gespeichert, das in der N\u00e4he des antiken Ephesus in der T\u00fcrkei liegt. Die Mutter Jesu soll in dem, Endes des 19.Jahrhunderts rekonstruierten, Haus (oder Klostergeb\u00e4ude) auf dem Berg Koressos die letzte Zeit ihres Lebens verbracht haben, nachdem sie gemeinsam mit dem Apostel Johannes vor der Christenverfolgung durch Herodes Agrippa I. nach Ephesus geflohen war. Die Auffindung dieser St\u00e4tte bezieht sich auf Visionen der Augustiner-Chorfrau und Mystikerin Anna Katharina Emmerick, die von Clemens Brentano Mitte des 19.Jahrhunderts in seiner Erz\u00e4hlung &#8222;Das Leben der hl. Jungfrau Maria&#8220; verarbeitet wurden. Erst 40 Jahre sp\u00e4ter wurde die St\u00e4tte dann von Mitgliedern des Lazaristen-Ordens entdeckt. 1896 fanden erste j\u00e4hrliche Wallfahrten zum Marienhaus statt. Heute ist sie eine christliche und muslimische Pilgerst\u00e4tte, denn auch im Koran wird Maria (Maryam genannt) als Mutter des Propheten Jesu verehrt.<\/div>\n<div>Viele Pilger gehen auch zu den drei Quelle in der N\u00e4he des Hauses und hinterlassen ihre W\u00fcnsche: Die eine der Quellen soll Gl\u00fcck schenken, die zweite Gesundheit und die dritte Liebe. Auf der Platte sind Ihre Informationen vereint.<\/div>\n<div><\/div>\n<div>TIPP 1: Die Platte &#8222;F\u00fclle&#8220; ist eine wunderbare Unterst\u00fctzung f\u00fcr die ganze Familie. Ihre kraftvolle, starke und intensive Energie \u201eschaltet\u201c kontinuierlich das gesamte Chakra-System des Anwenders ein (und aktiviert die Chakras). Die Arbeit mit der Platte sollte eher tags\u00fcber erfolgen. Sie k\u00f6nnen die Platte jeweils 1-2 Minuten lang auf jedes der sieben Chakras legen, beginnend mit dem 1.Chakra, und sich durchstr\u00f6men lassen.<\/div>\n<div>Die Platte &#8222;F\u00fclle&#8220; arbeitet sehr gut mit der Platte &#8222;Sieben Sch\u00f6nheiten\u201c zusammen und beide erg\u00e4nzen sich kraftvoll f\u00fcr eine starke Aufladung mit Energie und die Heilung des Schicksals. Die Platte ist aber auch mit allen anderen Platten kombinierbar und es k\u00f6nnen andere Kombinationen gebildet werden wie zum Beispiel:<\/div>\n<div>TIPP 2: Um Ihr Gl\u00fcck im Leben zu mehren, kombinieren Sie die Platte &#8222;F\u00fclle&#8220; mit den Platten &#8222;Zeit des Gl\u00fccks&#8220;, &#8222;Fortuna&#8220;, &#8222;Energien des Gelingens&#8220; oder &#8222;Energien der Erf\u00fcllung&#8220;. Diese sind auch ideale Partner, um 3 Platten als &#8222;Energiehaus&#8220; zur Raum-Energetisierung aufzustellen, um etwa bei Feiern und in geselliger Runde eine entspannte freudige Stimmung zu schaffen.<\/div>\n<div>TIPP 3: Wer seine Kreativit\u00e4t freisetzen m\u00f6chte &#8211; gerade auch K\u00fcnstler, Dichter, Maler, Musiker &#8211; kann die Platte &#8222;F\u00fclle&#8220; mit der Platte &#8222;Neuer Stern&#8220; kombinieren.<\/div>\n<div>TIPP 4: Wenn Sie unter Selbstzweifeln leiden, formulieren Sie die Absicht: \u201eIch bitte die Platte &#8218;F\u00fclle&#8216;, dieses Programm des Selbstzweifels zu heilen und es aus allen meinen K\u00f6rpern zu entfernen.\u201c Platzieren Sie die Platte auf dem Solarplexus und schlie\u00dfen Sie einige Minuten lang die Augen und konzentrieren Sie sich dabei auf Ihre Empfindungen. Sobald das 3.Chakra wiederhergestellt und mit Energie gef\u00fcllt ist, beginnt sich das materielle Wohlbefinden zu entwickeln.<\/div>\n<div>TIPP 5: Mit dieser Platte kann auch die Zirbeldr\u00fcse aktiviert werden: Legen Sie die Platte auf das Stirn-Chhakra und konzentrieren Sie Ihre Aufmerksamkeit auf einen Punkt, der sich in der Mitte des Kopfes befindet. Mit den H\u00e4nden umschlie\u00dfen Sie die Ohren wie einen &#8222;Kopfh\u00f6rer&#8220; &#8211; m\u00f6glichst dicht abschlie\u00dfend. Dabei sollten die Mittelfinger eng am Kleinhirnbereich anliegen \u2013 das ist der hintere Teil von Kopf und Nacken, also hinter den Ohren. W\u00e4hrend Sie die Ohren mit den Handfl\u00e4chen zu halten, schnipsen Sie zehnmal mit Ihren Zeigefingern \u00fcber den Mittelfinger, sodass der Finger an den Kopf klopft. Das hei\u00dft, Sie haben diese Finger an der R\u00fcckseite Ihres Kopfes und schnipsen dagegen. Die ganze Aufmerksamkeit sollte auf die Epiphyse, die Zirbeldr\u00fcse, in der Mitte Ihres Kopfes konzentriert sein. Dies ist eine der einfachsten \u00dcbungen zur Aktivierung der Zirbeldr\u00fcse.<\/div>\n<div><\/div>\n<div>ZUR BEACHTUNG: Bei dieser Platte sollte das Wasser zum Energetisieren mindestens 15 Minuten lang darauf gestellt werden.<\/div>\n<p><em><strong>Wichtiger Hinweis:<\/strong><\/em><\/p>\n<p><em><strong>Wir weisen ausdr\u00fccklich darauf hin, dass die Kolzov-Platte (russische Bezeichnung: &#8222;Korrektoren des funktionalen Zustands&#8220;) ein alternatives Energie- und Informationsprodukt ist und kein Heilmittel im Sinne der westlichen Schulmedizin. Vielmehr ist es ein rein energetisches Hilfsmittel zur ganzheitlichen Balancierung von energetischen Disharmonien und Blockaden. Informationen \u00fcber Qualit\u00e4t und Eigenschaften des Energieobjekts beziehen sich auf Aussagen des russischen Herstellers und alternativen Theorien zu Mensch und Umwelt, auf alternative Anschauungen und esoterische \u00dcberlieferungen oder Aussagen. Sie gelten nur im Sinne der esoterischen Lebensphilosophie und daran angelehnte Alternativheilkunde. Wirkungen im Sinne westlicher Wissenschaft oder Medizin werden hier nicht behauptet.<\/strong><\/em><\/p>","protected":false},"excerpt":{"rendered":"<p>Die Platte <b data-path-to-node=\"2\" data-index-in-node=\"11\">\u201eF\u00fclle\u201c<\/b> (\u0418\u0417\u041e\u0411\u0418\u041b\u0418\u0415) ist ein kraftvoller Aktivator f\u00fcr das gesamte Chakra-System. Sie verbindet den Anwender mit dem \u201eg\u00f6ttlichen Kanal der F\u00fclle\u201c, l\u00f6scht Geldblockaden im Unterbewusstsein und unterst\u00fctzt eine gerechte Entlohnung. Sie st\u00e4rkt die sexuelle Anziehungskraft (Libido), hilft bei der Suche nach einem Seelenpartner und f\u00f6rdert ein gesundes Selbstbewusstsein. Durch die Energie der drei heiligen Quellen vom Marienhaus (Ephesus) vereint sie die Aspekte Gl\u00fcck, Gesundheit und Liebe zu einem harmonischen Lebensfluss.<\/p>","protected":false},"featured_media":2351,"comment_status":"open","ping_status":"closed","template":"","meta":[],"product_brand":[],"product_cat":[33],"product_tag":[185],"class_list":{"0":"post-2286","1":"product","2":"type-product","3":"status-publish","4":"has-post-thumbnail","6":"product_cat-elite-series","7":"product_tag-185","9":"first","10":"outofstock","11":"taxable","12":"shipping-taxable","13":"purchasable","14":"product-type-simple"},"_links":{"self":[{"href":"https:\/\/vigo-rio.com\/en\/wp-json\/wp\/v2\/product\/2286","targetHints":{"allow":["GET"]}}],"collection":[{"href":"https:\/\/vigo-rio.com\/en\/wp-json\/wp\/v2\/product"}],"about":[{"href":"https:\/\/vigo-rio.com\/en\/wp-json\/wp\/v2\/types\/product"}],"replies":[{"embeddable":true,"href":"https:\/\/vigo-rio.com\/en\/wp-json\/wp\/v2\/comments?post=2286"}],"wp:featuredmedia":[{"embeddable":true,"href":"https:\/\/vigo-rio.com\/en\/wp-json\/wp\/v2\/media\/2351"}],"wp:attachment":[{"href":"https:\/\/vigo-rio.com\/en\/wp-json\/wp\/v2\/media?parent=2286"}],"wp:term":[{"taxonomy":"product_brand","embeddable":true,"href":"https:\/\/vigo-rio.com\/en\/wp-json\/wp\/v2\/product_brand?post=2286"},{"taxonomy":"product_cat","embeddable":true,"href":"https:\/\/vigo-rio.com\/en\/wp-json\/wp\/v2\/product_cat?post=2286"},{"taxonomy":"product_tag","embeddable":true,"href":"https:\/\/vigo-rio.com\/en\/wp-json\/wp\/v2\/product_tag?post=2286"}],"curies":[{"name":"wp","href":"https:\/\/api.w.org\/{rel}","templated":true}]}}