{"id":2284,"date":"2026-01-20T13:48:20","date_gmt":"2026-01-20T13:48:20","guid":{"rendered":"https:\/\/vigo-rio.com\/?post_type=product&#038;p=2284"},"modified":"2026-03-25T17:13:34","modified_gmt":"2026-03-25T17:13:34","slug":"fc-116-seven-beauties","status":"publish","type":"product","link":"https:\/\/vigo-rio.com\/en\/product\/fc-116-seven-beauties\/","title":{"rendered":"FC Sieben Sch\u00f6nheiten \/ Seven Beauties"},"content":{"rendered":"<p><strong>Kolzov-Platte: &#8222;Sieben Sch\u00f6nheiten&#8220;\u00a0(kraftvolle Lebensenergie, Anti-Aging-Wirkung, f\u00fcr Sch\u00f6nheit, Liebe und Selbstwertgef\u00fchl, entspannend, reinigt die Emotionen von Negativ-Informationen, zieht wahre Freunde an, \u00f6ffnet f\u00fcr weibliches Urwissen, bessere Sehsch\u00e4rfe)<\/strong><\/p>\n<div><em><strong>(bei paarweiser Anwendung am besten mit der Platte &#8222;F\u00fclle&#8220;)<\/strong><\/em><\/div>\n<div><em>&#8211; neueste Version mit 8-Elementen (8 enthaltenen Energiespeicher-Chips)<\/em><\/div>\n<div><em>Die Platte tr\u00e4gt die russische Aufschrift \u00ab\u0421\u0415\u041c\u042c \u041a\u0420\u0410\u0421\u0410\u0412\u0418\u0426\u00bb<\/em><\/div>\n<div><\/div>\n<div>Diese Platte ist besonders wichtig f\u00fcr diejenigen, die den Glauben an das Leben, das Gute und die Liebe verloren haben &#8211; wichtig daher auch f\u00fcr viele kranke und \u00e4ltere Menschen: Der Korrektor l\u00f6st eine kraftvolle Regeneration, Verj\u00fcngung und Reinigung aus und f\u00fcllt den gesamten Organismus mit Energie und Sauerstoff.<\/div>\n<div>Die Energie ist hochschwingend und besitzt die Qualit\u00e4t bedingungsloser, g\u00f6ttlicher Liebe, deren Unterst\u00fctzung in unserer Zeit besonders wichtig ist. Wenn Frauen ihren Energiehintergrund auf den Schwingungen bedingungsloser Liebe neu \u201eerschaffen\u201c, verschwinden die Geschlechterverzerrungen und \u201eJungen\u201c werden zu M\u00e4nnern.<\/div>\n<div>Die Botschaft der Platte lautet: \u201eLebe einfach und sei gl\u00fccklich, alles wird zur richtigen Zeit kommen\u201c. Die beiden neuen Platten \u201eSieben Sch\u00f6nheiten\u201c und \u201eF\u00fclle\u201c erg\u00e4nzen sich gegenseitig sehr kraftvoll und es kann eine Heilung des Schicksals sowie eine Anziehung und Verdichtung von Energie, etwa in Form von Wohlstand und Geld, stattfinden.<\/div>\n<div><\/div>\n<div>\n<p><em>Die Aussagen beziehen sich auf alternative Testmethoden wie Meridianenergie-Messungen der Organfunktionskreisl\u00e4ufe nach TCM, Kirlian-Fotografie (EPG\/GDV-Kamera), Oberon, Amsat o.\u00e4. durch den Hersteller &#8222;Planet der Regionen&#8220; und stellen keine medizinische oder auf den physischen K\u00f6rper und dessen Organe bezogenen Aussage im Sinne der westlichen Schulmedizin dar.<\/em><\/p>\n<div>Die Platte ist in diesem Sinne vor allem geeignet f\u00fcr:<\/div>\n<\/div>\n<ul>\n<li>reinigt und aktiviert Schritt f\u00fcr Schritt die sieben Chakras (Energiezentren des K\u00f6rpers), beseitigt energieraubende Verbindungen (Energief\u00e4den zu Personen, durch die Energie abflie\u00dft),<\/li>\n<li>f\u00f6rdert allgemein eine Reinigung des Energiesystems und der Emotionen, wenn zu viele negative Informationen aus Medien und sozialen Netzwerken die Seele belasten,<\/li>\n<li>f\u00fcllt den Anwender mit unersch\u00f6pflicher, sich st\u00e4ndig erneuernder, kraftvoller Lebensenergie, mit den Energien der Liebe und der Sch\u00f6nheit. Dadurch kann die aktive Lebenszeit verl\u00e4ngert werden (Anti-Aging),<\/li>\n<li>hilft Stress abzubauen, beruhigt das Nervensystem und vermittelt eine positive emotionale Stimmung,<\/li>\n<li>stellt die Frequenz der bedingungslosen Liebe wieder her \u2013 die h\u00f6chste Manifestation der g\u00f6ttlichen Liebe, die dabei hilft, diese Frequenz auf allen Ebenen in sich selbst aufzubauen,<\/li>\n<li>st\u00e4rkt das Selbstwertgef\u00fchl, f\u00f6rdert die vollst\u00e4ndige Ausbildung seiner wahren Pers\u00f6nlichkeit, indem es die Integration des Selbst des Anwenders gew\u00e4hrleistet und eine harmonische Vereinigung von Bewusstsein (aktives bewusstes Denken) und Unterbewusstsein (unbewusste Ebene), Intellekt und Sinneserfahrung, herstellt. Der Anwender l\u00f6st sich von Idolen und gesellschaftlichen Leitbildern und kann seine eigene individuelle Einzigartigkeit in allen Aspekten des Lebens, einschlie\u00dflich der Kreativit\u00e4t, verwirklichen,<\/li>\n<li>entfernt energetische Schwere, reinigt Seele und Herz,<\/li>\n<li>aktiviert und erweitert das Herz-Chakra und l\u00f6scht eventuelle Programme, die verhindern sich selbst, andere Menschen und seine Kinder lieben zu k\u00f6nnen &#8211; solche Programme k\u00f6nnen aufgrund emotionaler oder physischer Traumata (auch in der vorgeburtlichen Phase) entstanden sein,<\/li>\n<li>belebt die wahren Yin-Energie in jeder Frau und verleiht weibliche Weisheit und Bewusstsein, vermittelt eine Atmosph\u00e4re, die Leichtigkeit und Flirten zul\u00e4sst, hilft einer Frau, eine wahre Manifestation des G\u00f6ttlichen zu werden,<\/li>\n<li>aktiviert eine tiefe, uralte Energie, die die Quintessenz des gesammelten weiblichen Urwissens der Welt ist, bringt Licht und Zuversicht,<\/li>\n<li>lenkt die Gedanken in die richtige Richtung, basierend auf den h\u00f6chsten Gesetzen des Kosmos und Gottes, wo alles von Liebe durchdrungen und auf Liebe aufgebaut ist, und f\u00f6rdert die vorurteilsfreie Wahrnehmung von allem, was um Sie herum passiert, ohne den Humor dabei zu verlieren,<\/li>\n<li>l\u00f6st falsche Vorstellungen und Illusionen auch und hilft, innere \u00c4ngste zu transformieren,<\/li>\n<li>aktiviert das 5.Chakra, das Hals-Chakra, und f\u00f6rdert damit die Entwicklung kreativer Aspekte und deren Verwirklichung, insbesondere bei Menschen, die mit ihren H\u00e4nden erschaffen,<\/li>\n<li>zieht jene Menschen ins Leben des Anwenders, die er wirklich braucht: f\u00fcr die Umsetzung von Projekten, f\u00fcr Hilfe, Ratschl\u00e4ge, Tipps zum genau richtigen Zeitpunkt, tr\u00e4gt in Arbeitsteams dazu, eine freundliche Atmosph\u00e4re zu schaffen,<\/li>\n<li>hilft Freunde zu finden, das soziale Umfeld wertzusch\u00e4tzen und f\u00fcr beide Seiten vorteilhaften Beziehungen aufzubauen. Hilft diejenigen aus dem engen Umfeld zu entfernen, die gegen Sie gerichtete Negativit\u00e4t (Klatsch, jede Form von Gewalt),<\/li>\n<li>bietet die M\u00f6glichkeit, w\u00e4hrend des Schlafs Informationen und Erkenntnisse zu erhalten, da es den Geist vor dem Schlafengehen effektiv \u201eentlastet\u201c,<\/li>\n<li>wirkt effektiv auf einer hohen Ebene der Schicksalsheilung, da das Schicksal auf einer subtilen Ebene in der Seele aufgezeichnet wird &#8211; es er\u00f6ffnen sich neue Wege und Perspektiven,<\/li>\n<li>auf Ebene der K\u00f6rperenergien wirkt die Platte vitalisierend, schmerzstillend, verj\u00fcngend, verlangsamt den Alterungsprozess,<\/li>\n<li>abends kann sie sehr gut zum sanften L\u00f6sen von Muskelverspannungen, Kr\u00e4mpfen und Blockaden verwendet werden,<\/li>\n<li>wirkt sich positiv auf das Zentralnervensystem aus und tr\u00e4gt dazu bei, die Versorgung der Nervenzellen in einem optimalen Zustand zu halten,<\/li>\n<li>tr\u00e4gt zur Verbesserung der Sehsch\u00e4rfe bei,<\/li>\n<li>tr\u00e4gt zur Gesunderhaltung des Lymph- und Urogenitalsystems bei.<\/li>\n<\/ul>\n<div><\/div>\n<div><\/div>\n<div>Auf der Kolzov-Platte sind die Informationen des Wasserfalls \u201eSieben Sch\u00f6nheiten\u201c (&#8222;Yeddi Gozel&#8220;-Wasserfall) gespeichert, der sich in der N\u00e4he des Dorfes Vandam im Norden Aserbaidschans, an der Grenze zu Russland gelegen, befindet. Er gilt als eines der Naturwunder des Landes. Seinen Namen \u201eSieben Sch\u00f6nheiten\u201c hat er erhalten, weil er \u00fcber sieben Stufen als sieben einzelne Wasserf\u00e4lle hinabf\u00e4llt.<\/div>\n<div><\/div>\n<div>TIPP 1: Die Energie der Platte ist hochschwingend, rein, leicht, subtil, zart und samtig und besitzt die Qualit\u00e4t bedingungsloser, g\u00f6ttlicher Liebe. Ihre starke Unterst\u00fctzung ist in unserer Zeit besonders wichtig. Die Platte ist kompatibel mit allen zuvor ver\u00f6ffentlichten Platten und Armb\u00e4ndern.<\/div>\n<div>Die Platte kann vor allem f\u00fcr Frauen eine wertvolle Unterst\u00fctzung sein: gleichsam wie eine Versammlung weiser Frauen, hilft sie allen Frauen die Ebene bedingungsloser Liebe und G\u00f6ttlichkeit zu erreichen. Es ist empfehlenswert, dass M\u00e4dchen mit beginnender Pubert\u00e4t etwa im Alter von etwa 11\u201313 Jahren schrittweise mit der Arbeit mit dieser Platte beginnen.<\/div>\n<div>TIPP 2: M\u00e4nnern hilft die Platte dabei, ihren weiblichen Aspekt, ihre Yin-Energie, in all ihren Erscheinungsformen in sich aufnehmen. Zus\u00e4tzlich sollten sie noch &#8222;m\u00e4nnliche&#8220; Platten wie zum Beispiel \u201eLiebe Yang\u201c, \u201eOrdnungsplatte Mann\u201c, \u201eMaximus\u201c oder \u201eSchwarzer Berg\u201c verwenden.<\/div>\n<div>TIPP 3: Die Platte kann sehr gut zur Informierung des Wassers bei einer morgendlichen Dusche verwendet werden. Sie w\u00e4scht alles energetisch und informativ Unn\u00f6tige und Veraltete weg und schenkt Kraft, Zuversicht und Elan f\u00fcr den ganzen Tag<\/div>\n<div>TIPP 4: Um den Alterungsprozess zu verlangsamen, trinken Sie viel vom informierten Wasser und stellen sich vor, wie das informierte Wasser in jede Zelle gelangt.<\/div>\n<div>TIPP 5: Sie k\u00f6nnen die Platte nutzen, um im Traum Informationen zu erhalten: Wenden Sie die Platte vor dem Schlafen an und es k\u00f6nnen in der Nacht Lehrer oder Ahnen im Traum erscheinen und Ihnen Ratschl\u00e4ge und Informationen geben.<\/div>\n<div>TIPP 6: In einer Meditation mit der Platte k\u00f6nnen Sie um Vertrauen und Unterst\u00fctzung der Ahnen, \u00c4ltesten, der Gro\u00dfm\u00fcttern und weisen Frauen bitten &#8211; ihre Energien, Bilder und Informationen werden dann w\u00e4hrend der Meditation zu Ihnen kommen. Dadurch werden Sie in einen magischen Zustand versetzt und haben das Gef\u00fchl, dass alles in Ihrem Leben durch Liebe und die h\u00f6chste g\u00f6ttliche Manifestation der Liebe auf die beste, sch\u00f6nste und anmutigste Weise geschehen wird.<\/div>\n<div>TIPP 7: Die Platte eignet sich sehr gut f\u00fcr alle entspannenden K\u00f6rper\u00fcbungen, Yoga, Stretching, Autogenes Training etc.<\/div>\n<div><\/div>\n<div>ZUR BEACHTUNG: Bei dieser Platte sollte das Wasser zum Energetisieren mindestens 12 Minuten lang darauf gestellt werden<\/div>\n<p><em><strong>Wichtiger Hinweis:<\/strong><\/em><\/p>\n<p><em><strong>Wir weisen ausdr\u00fccklich darauf hin, dass die Kolzov-Platte (russische Bezeichnung: &#8222;Korrektoren des funktionalen Zustands&#8220;) ein alternatives Energie- und Informationsprodukt ist und kein Heilmittel im Sinne der westlichen Schulmedizin. Vielmehr ist es ein rein energetisches Hilfsmittel zur ganzheitlichen Balancierung von energetischen Disharmonien und Blockaden. Informationen \u00fcber Qualit\u00e4t und Eigenschaften des Energieobjekts beziehen sich auf Aussagen des russischen Herstellers und alternativen Theorien zu Mensch und Umwelt, auf alternative Anschauungen und esoterische \u00dcberlieferungen oder Aussagen. Sie gelten nur im Sinne der esoterischen Lebensphilosophie und daran angelehnte Alternativheilkunde. Wirkungen im Sinne westlicher Wissenschaft oder Medizin werden hier nicht behauptet.<\/strong><\/em><\/p>","protected":false},"excerpt":{"rendered":"<p>ist eine Quelle f\u00fcr hochschwingende, g\u00f6ttliche Liebe. Sie hilft dir, den Glauben an das Gute zur\u00fcckzugewinnen, Stress abzubauen und dein Selbstvertrauen zu st\u00e4rken. Die Platte reinigt deine Emotionen von medialem \u201eInformationsm\u00fcll\u201c, l\u00f6st energetische Abh\u00e4ngigkeiten und \u00f6ffnet dein Herz f\u00fcr wahre Freundschaften und wertvolle Kontakte. F\u00fcr Frauen ist sie ein Schl\u00fcssel zum weiblichen Urwissen und zur inneren Weisheit.<\/p>","protected":false},"featured_media":2407,"comment_status":"open","ping_status":"closed","template":"","meta":[],"product_brand":[],"product_cat":[33],"product_tag":[184],"class_list":{"0":"post-2284","1":"product","2":"type-product","3":"status-publish","4":"has-post-thumbnail","6":"product_cat-elite-series","7":"product_tag-184","9":"first","10":"outofstock","11":"taxable","12":"shipping-taxable","13":"purchasable","14":"product-type-simple"},"_links":{"self":[{"href":"https:\/\/vigo-rio.com\/en\/wp-json\/wp\/v2\/product\/2284","targetHints":{"allow":["GET"]}}],"collection":[{"href":"https:\/\/vigo-rio.com\/en\/wp-json\/wp\/v2\/product"}],"about":[{"href":"https:\/\/vigo-rio.com\/en\/wp-json\/wp\/v2\/types\/product"}],"replies":[{"embeddable":true,"href":"https:\/\/vigo-rio.com\/en\/wp-json\/wp\/v2\/comments?post=2284"}],"wp:featuredmedia":[{"embeddable":true,"href":"https:\/\/vigo-rio.com\/en\/wp-json\/wp\/v2\/media\/2407"}],"wp:attachment":[{"href":"https:\/\/vigo-rio.com\/en\/wp-json\/wp\/v2\/media?parent=2284"}],"wp:term":[{"taxonomy":"product_brand","embeddable":true,"href":"https:\/\/vigo-rio.com\/en\/wp-json\/wp\/v2\/product_brand?post=2284"},{"taxonomy":"product_cat","embeddable":true,"href":"https:\/\/vigo-rio.com\/en\/wp-json\/wp\/v2\/product_cat?post=2284"},{"taxonomy":"product_tag","embeddable":true,"href":"https:\/\/vigo-rio.com\/en\/wp-json\/wp\/v2\/product_tag?post=2284"}],"curies":[{"name":"wp","href":"https:\/\/api.w.org\/{rel}","templated":true}]}}