{"id":2283,"date":"2026-01-20T13:47:35","date_gmt":"2026-01-20T13:47:35","guid":{"rendered":"https:\/\/vigo-rio.com\/?post_type=product&#038;p=2283"},"modified":"2026-02-04T19:39:22","modified_gmt":"2026-02-04T19:39:22","slug":"fc-115-white-river","status":"publish","type":"product","link":"https:\/\/vigo-rio.com\/en\/product\/fc-115-white-river\/","title":{"rendered":"FC Weisser Fluss \/ White River"},"content":{"rendered":"<p><strong>Kolzov-Platte: &#8222;Weisser Fluss&#8220;\u00a0(&#8222;gegen &#8222;Energie-Vampire&#8220;, heilt einen Mangel an Liebe, bei Ersch\u00f6pfung, aktiviert die h\u00f6heren Chakras, Zufuhr hoher Energie)<\/strong><\/p>\n<div><em>&#8211; neueste Version mit 8-Elementen (8 enthaltenen Energiespeicher-Chips)<br \/>\n<\/em><\/div>\n<div><em>Die Platte tr\u00e4gt die russische Aufschrift \u00ab\u0411\u0415\u041b\u041e\u0412\u041e\u0414\u042c\u0415\u00bb und auf dem erg\u00e4nzenden Deckblatt: WHITE RIVER, RIVI\u00c9RE BLANCHE, WEISSER FLUSS<\/em><\/div>\n<div><\/div>\n<div>Die Platte ist wichtig f\u00fcr alle Menschen, die ohne Mutterliebe aufgewachsen sind und generell einen Mangel an Liebe erfahren haben. Sie h\u00fcllt den Anwender in einen heilsamen &#8222;Kokon der Liebe&#8220;. Sie reinigt die Aura von negativen Energien und entfernt Energie-&#8222;Vampire&#8220;.<\/div>\n<div>Die Platte hilft auch sehr schnell bei mentalen Ersch\u00f6pfungszust\u00e4nden: etwa wenn Sie eine traumatische Situationen erlebt haben &#8211; Unf\u00e4lle, Schockzust\u00e4nde (bei denen es zu einer starken Hormonaussch\u00fcttung kommt), Stress (Pr\u00fcfungen, Konflikte) oder wenn Sie sich konzentrieren und viel Arbeit erledigen m\u00fcssen ( eine Abschlussarbeit schreiben, ein Projekt bestehen ) -, dann hilft die Platte, eine zu gro\u00dfe Ersch\u00f6pfung der geistigen Ressourcen zu vermeiden und f\u00fcllt schnell wieder mit hoher Energie. So hilft die Platte, alle Umst\u00e4nde und Situationen im Leben besser zu meistern!<\/div>\n<div><\/div>\n<div>\n<p><em>Die Aussagen beziehen sich auf alternative Testmethoden wie Meridianenergie-Messungen der Organfunktionskreisl\u00e4ufe nach TCM, Kirlian-Fotografie (EPG\/GDV-Kamera), Oberon, Amsat o.\u00e4. durch den Hersteller &#8222;Planet der Regionen&#8220; und stellen keine medizinische oder auf den physischen K\u00f6rper und dessen Organe bezogenen Aussage im Sinne der westlichen Schulmedizin dar.<\/em><\/p>\n<div><strong>Die Platte ist in diesem Sinne vor allem geeignet f\u00fcr:<\/strong><\/div>\n<\/div>\n<div><\/div>\n<div>\u2022 entfernt alle Energie-\u201eVampire\u201c aus dem eigenen Informationsfeld und reinigt die Aura von angesammelten negativen Energien der heutigen, modernen Gesellschaft,<\/div>\n<div>\u2022 f\u00fcllt das Biofeld mit kraftvoller Energie, hebt das pers\u00f6nliche Energie-Potenzial des Anwenders wieder auf sein Maximum und l\u00f6st einen &#8222;Neustart&#8220; des Bewusstseins aus &#8211; ohne die Fremdeinfl\u00fcsse von au\u00dfen,<\/div>\n<div>\u2022 vermittelt dem Anwender hohe Schwingungen und stimmt ihn auf die aktuellen hochfrequenten harmonischen Rhythmen der Zeit und unseres Planeten ein,<\/div>\n<div>\u2022 aktiviert die h\u00f6heren Chakras, also das Stirn-, Kronen und das Achte Chakra und f\u00f6rdert eine tiefe Akzeptanz von sich selbst und der Welt,<\/div>\n<div>\u2022 f\u00fcllt auch das 3. Chakra mit hochwertiger Energie, vermittelt ein Gef\u00fchl der eigenen inneren St\u00e4rke und Stabilit\u00e4t, um Hindernisse besser \u00fcberwinden und seine Ziele erreichen zu k\u00f6nnen,<\/div>\n<div>\u2022 richtet die mentale und emotionale Sph\u00e4re des Anwenders auf positive Schwingungen aus, st\u00e4rkt den Glauben an sich selbst und gibt Vertrauen in die Unterst\u00fctzung einer h\u00f6heren Macht,<\/div>\n<div>\u2022 sch\u00fctzt den Anwender vor dem zerst\u00f6rerischen Einfluss gegenw\u00e4rtiger Zeiten und zeigt den Weg zur g\u00f6ttlichen Kreativit\u00e4t, schafft eine Atmosph\u00e4re der Ruhe und Gelassenheit, erf\u00fcllt von Z\u00e4rtlichkeit und m\u00fctterlicher F\u00fcrsorge, so wie eine Mutter sich mit bedingungsloser Liebe um ihr Kind k\u00fcmmert. Man hat das Gef\u00fchl, in einem kuscheligen Kokon der Liebe zu sein,<\/div>\n<div>\u2022 st\u00e4rkt die Zuversicht, dass alles genau so sein wird, wie es sein sollte,<\/div>\n<div>\u2022 f\u00f6rdert die Heilung und Verarbeitung von Schmerzen durch den Verlust geliebter Menschen, f\u00fcllt die Energien wieder auf, die durch seelischen Stress ersch\u00f6pft wurden, und bringt die psychische Harmonie zur\u00fcck,<\/div>\n<div>\u2022 st\u00e4rkt das klare Denkverm\u00f6gen und die Einsicht in das richtige Handeln in einer Situation,<\/div>\n<div>\u2022 hilft auf Reisen bei der Anpassung an neue Zeitzonen und hilft generell, sich an ver\u00e4nderte Energien anzupassen &#8211; auch an die Energien der &#8222;Neuen Zeit&#8220;,<\/div>\n<div>\u2022 f\u00f6rdert das Erwachen des Geistes und erm\u00f6glicht den Zugang zu heiligen Geheimnissen und unbekannten Aspekten des Universums, \u00f6ffnet ein Portal zur Interaktion mit den H\u00f6heren Welten f\u00fcr diejenigen, die ein bestimmtes spirituelles Entwicklungsniveau erreicht haben,<\/div>\n<div>\u2022 heilt einen Mangel an m\u00fctterlicher Liebe und F\u00fcrsorge in jedem Alter des Anwenders, hilft dabei, die Beziehung zur Mutter zu akzeptieren und zu heilen, bietet auch energetische Unterst\u00fctzung f\u00fcr die h\u00f6heren Schwingungen der bedingungslosen Liebe,<\/div>\n<div>\u2022 Im K\u00f6rperlichen hilft die Platte, sich nach Krankheiten und Operationen schneller zu erholen, tr\u00e4gt zur Normalisierung der Blutzirkulation bei &#8211; auch in den Blutgef\u00e4\u00dfen der Augen, was deren Funktion verbessert -, und st\u00e4rkt den Blase-Meridian,<\/div>\n<div>\u2022 harmonisiert das Nervensystem, l\u00f6st Spannungen im K\u00f6rper und mildert emotionale Ausbr\u00fcche, stellt verlorengegangene neuronale Verbindungen auf der Energie-Informationsebene wieder her und \u201ebelebt\u201c sie neu,<\/div>\n<div>\u2022 Kindern hilft die Platte bei Schlaflosigkeit und \u00c4ngstlichkeit, bei ADHS hilft sie, still zu sitzen und sich zu konzentrieren.<\/div>\n<div><\/div>\n<div><\/div>\n<div>Auf der Kolzov-Platte &#8222;Weisser Fluss&#8220; sind die Informationen des Wassers aus dem Fluss Ak-Alakha in der Region Altai, Russland, gespeichert. Die Informationen wurde an einem \u201eOrt der Kraft\u201c auf dem Ukok-Plateaus an einem Felsen neben dem Fluss aufgezeichnet. Das Plateau befindet sich grenznah im Vier-L\u00e4nder-Eck von Russland, Kasachstan, China und der Monglolei.<\/div>\n<div><\/div>\n<div>TIPP 1: Um sich mit den Energien dieser Platte vertraut zu machen, wird empfohlen, zun\u00e4chst einige Tage lang nur das damit informierte Wasser zu trinken. Legen Sie die Platte zun\u00e4chst auf das 7. Charka, das Kronen-Chakra auf dem Scheitel des Kopfes, und lassen sich durchstr\u00f6men. Danach auf das 6.Chakra, das 5.Chakra usw. alle Chakras absteigend. Es ist hilfreich, bei der Arbeit mit der Platte, sich um positive Gedanken zu bem\u00fchen.<\/div>\n<div>Die Platte kann mit allen zuvor erschienenen Platten verwendet werden. Sie ist besonders hilfreich nach einer vorherigen Reinigung mit der &#8222;Ruf des Kukulkan&#8220; (Serie ELITE 8-Elemente) oder der Platte &#8222;Nr.20 &#8211; Reinigung&#8220; (Serie Gold), um das Energiefeld zu harmonieren und sich mit neuer positiver Energie aufzuf\u00fcllen.<\/div>\n<div>TIPP 2: Bei Ged\u00e4chtnisproblemen, Demenz und Multipler Sklerose kann die Platte in Kombination mit den Platten Neurovita und Sdrawa verwendet werden: Lassen Sie sich mit den drei Platten durchstr\u00f6men und stellen Sie diese als &#8222;Energiehaus&#8220; in R\u00e4umen auf, in denen Sie sich l\u00e4nger aufhalten.<\/div>\n<div>TIPP 3: Bei Herzproblemen und \u00c4ngsten vor Herzerkrankungen kann die Platte zusammen mit den Platten &#8222;Nr.9 &#8211; Gesundes Herz&#8220; (Serie Violett), &#8222;Rapa&#8220; (Winterserie 2020) und\/oder dem Armband &#8222;Cardio&#8220; verwendet werden.<\/div>\n<div>TIPP 4: Die Platte kann Sportler im Training helfen, insbesondere bei Kampfsportarten.<\/div>\n<div><\/div>\n<div>ZUR BEACHTUNG: Bei dieser Platte sollte das Wasser zum Energetisieren mindestens 20 Minuten lang darauf gestellt werden.<\/div>\n<p><em><strong><br \/>\nWichtiger Hinweis:<\/strong><\/em><\/p>\n<p><em><strong>Wir weisen ausdr\u00fccklich darauf hin, dass die Kolzov-Platte (russische Bezeichnung: &#8222;Korrektoren des funktionalen Zustands&#8220;) ein alternatives Energie- und Informationsprodukt ist und kein Heilmittel im Sinne der westlichen Schulmedizin. Vielmehr ist es ein rein energetisches Hilfsmittel zur ganzheitlichen Balancierung von energetischen Disharmonien und Blockaden. Informationen \u00fcber Qualit\u00e4t und Eigenschaften des Energieobjekts beziehen sich auf Aussagen des russischen Herstellers und alternativen Theorien zu Mensch und Umwelt, auf alternative Anschauungen und esoterische \u00dcberlieferungen oder Aussagen. Sie gelten nur im Sinne der esoterischen Lebensphilosophie und daran angelehnte Alternativheilkunde. Wirkungen im Sinne westlicher Wissenschaft oder Medizin werden hier nicht behauptet.<\/strong><\/em><\/p>","protected":false},"excerpt":{"rendered":"<p>ist ein essenzieller Begleiter f\u00fcr alle, die sich energetisch ausgelaugt f\u00fchlen oder einen Mangel an m\u00fctterlicher F\u00fcrsorge und Liebe erfahren haben. Sie h\u00fcllt dich in einen sch\u00fctzenden \u201eKokon der Liebe\u201c, entfernt Fremdeinfl\u00fcsse aus deiner Aura und f\u00fcllt deine geistigen Ressourcen nach extremem Stress oder Schockzust\u00e4nden sofort wieder auf. Sie wirkt wie ein \u201eReset-Knopf\u201c f\u00fcr dein Bewusstsein und bringt dich zur\u00fcck in deine eigene Kraft.<\/p>","protected":false},"featured_media":2420,"comment_status":"open","ping_status":"closed","template":"","meta":[],"product_brand":[],"product_cat":[33],"product_tag":[183],"class_list":{"0":"post-2283","1":"product","2":"type-product","3":"status-publish","4":"has-post-thumbnail","6":"product_cat-elite-series","7":"product_tag-183","9":"first","10":"instock","11":"taxable","12":"shipping-taxable","13":"purchasable","14":"product-type-simple"},"_links":{"self":[{"href":"https:\/\/vigo-rio.com\/en\/wp-json\/wp\/v2\/product\/2283","targetHints":{"allow":["GET"]}}],"collection":[{"href":"https:\/\/vigo-rio.com\/en\/wp-json\/wp\/v2\/product"}],"about":[{"href":"https:\/\/vigo-rio.com\/en\/wp-json\/wp\/v2\/types\/product"}],"replies":[{"embeddable":true,"href":"https:\/\/vigo-rio.com\/en\/wp-json\/wp\/v2\/comments?post=2283"}],"wp:featuredmedia":[{"embeddable":true,"href":"https:\/\/vigo-rio.com\/en\/wp-json\/wp\/v2\/media\/2420"}],"wp:attachment":[{"href":"https:\/\/vigo-rio.com\/en\/wp-json\/wp\/v2\/media?parent=2283"}],"wp:term":[{"taxonomy":"product_brand","embeddable":true,"href":"https:\/\/vigo-rio.com\/en\/wp-json\/wp\/v2\/product_brand?post=2283"},{"taxonomy":"product_cat","embeddable":true,"href":"https:\/\/vigo-rio.com\/en\/wp-json\/wp\/v2\/product_cat?post=2283"},{"taxonomy":"product_tag","embeddable":true,"href":"https:\/\/vigo-rio.com\/en\/wp-json\/wp\/v2\/product_tag?post=2283"}],"curies":[{"name":"wp","href":"https:\/\/api.w.org\/{rel}","templated":true}]}}