{"id":2282,"date":"2026-01-20T13:46:54","date_gmt":"2026-01-20T13:46:54","guid":{"rendered":"https:\/\/vigo-rio.com\/?post_type=product&#038;p=2282"},"modified":"2026-04-02T10:53:38","modified_gmt":"2026-04-02T10:53:38","slug":"fc-114-lake-ismenchiyove","status":"publish","type":"product","link":"https:\/\/vigo-rio.com\/en\/product\/fc-114-lake-ismenchiyove\/","title":{"rendered":"FC Ismentschivoe \/ Lake Izmenchivoe"},"content":{"rendered":"<p><strong>Kolzov-Platte: &#8222;Ismentschivoe See&#8220;\u00a0(&#8222;Ver\u00e4nderbarer See&#8220; &#8211; Schutz vor technischen Frequenzen, l\u00f6scht negative technische Programme, reduziert die Informations\u00fcberflutung, harmonisiert die Aura, entspannt, gibt neue Tatkraft, neue Ziele setzen)<\/strong><\/p>\n<p>&#8211; neueste Version mit 8-Elementen (8 enthaltenen Energiespeicher-Chips)<\/p>\n<div><em>Die Platte tr\u00e4gt die russische Aufschrift &#8222;\u00ab\u041e\u0417\u0415\u0420\u041e \u0418\u0417\u041c\u0415\u041d\u0427\u0418\u0412\u041e\u0415\u00bb&#8220; und auf dem erg\u00e4nzenden Deckblatt: LAKE IZMENCHIVOE, LAC IZMENTCHIVOIE, ISMENTSCHIVOE SEE<\/em><\/div>\n<div><\/div>\n<div>Die Energien dieser Platte bieten jedem Menschen maximale Unterst\u00fctzung und Hilfe, insbesondere wenn er nicht wei\u00df, was er tun oder wie er weitermachen soll. Sie befreit von negativen technischen Einfl\u00fcssen und Programmen (E-smog-Schutz), reduziert die negative Energie- und Informations\u00fcberflutung und l\u00e4sst dadurch K\u00f6rper, Geist und Seele &#8222;aufatmen&#8220;. Die Platte wirkt insgesamt entspannend und harmonisierend. Sie hilft zudem Belastungen aus der Vergangenheit und fremde Lasten und Probleme anderer Menschen, die man aufgeb\u00fcrdet bekommen hat, loszulassen und den eigenen Platz im Leben zu finden.<\/div>\n<div>Beim Energetisieren des Wasser auf dieser Platte k\u00f6nnen sich Geschmack und Geruch des Wassers ver\u00e4ndern und es sauerstoffreicher erscheinen lassen &#8211; man kann mitunter Ozon riechen, als ob sich die Luft nach einem Gewitter gekl\u00e4rt h\u00e4tte.<\/div>\n<div><\/div>\n<div>\n<p><em>Die Aussagen beziehen sich auf alternative Testmethoden wie Meridianenergie-Messungen der Organfunktionskreisl\u00e4ufe nach TCM, Kirlian-Fotografie (EPG\/GDV-Kamera), Oberon, Amsat o.\u00e4. durch den Hersteller &#8222;Planet der Regionen&#8220; und stellen keine medizinische oder auf den physischen K\u00f6rper und dessen Organe bezogenen Aussage im Sinne der westlichen Schulmedizin dar.<\/em><\/p>\n<div><strong>Die Platte ist in diesem Sinne vor allem geeignet f\u00fcr:<\/strong><\/div>\n<\/div>\n<ul>\n<li>wirkt als Elektrosmog-Schutz: verhindert auf feinstofflicher Ebene, dass der eigene Energiefluss durch technische Frequenzen und eine niedrig-schwingende Umgebung blockiert und das eigenen Frequenzniveau reduziert wird &#8211; was eine der wichtigen Ursachen vorzeitiger Zellalterung ist (oxidativer Zellstress),<\/li>\n<li>nutzt hochschwingende Energien der &#8222;Neuen Zeit&#8220; um die Aura, den Energie-Informationsplan, des Anwenders zu reinigen und von allem Negativen zu befreien &#8211; deaktiviert dazu auch k\u00fcnstliche negative Frequenzen und Programme,<\/li>\n<li>arbeitet mit dem Unterbewusstsein, mit negativen unbewussten Mustern aus der eigenen Vergangenheit und der Ahnen &#8211; einschlie\u00dflich wiederkehrender Themen wie Einsamkeit und Z\u00f6libat; f\u00f6rdert dabei das Verst\u00e4ndnis f\u00fcr die Gr\u00fcnde, warum diese Probleme bei Mitgliedern der Familie und des Clansystems entstanden sind,<\/li>\n<li>zielt darauf ab, die negative Energie- und Informations\u00fcberflutung zu reduzieren und die Struktur des \u00c4therk\u00f6rpers wieder in einen homogenen Zustand zu bringen. Eine unharmonische Heterogenit\u00e4t entsteht, wenn bestimmte Emotionen oder der Einfluss fremder Felder \u201eh\u00e4ngen bleiben\u201c &#8211; die Energien dieser Platte verdr\u00e4ngen alles Unn\u00f6tige aus dem Energiefeld, die Platte vermittelt neue Energie in das Energiesystem der Meridiane und arbeitet dann an der Harmonisierung des Umfeldes,<\/li>\n<li>steigert die Leistungsf\u00e4higkeit, gibt Selbstvertrauen und f\u00fcllt mit neuer, frischer Tatkraft und Entschlossenheit,<\/li>\n<li>hilft bei der \u00dcberwindung von Hindernissen und dem Erreichen seiner Ziele &#8211; sei es im beruflichen Bereich, im Bildungsprozess oder bei anderen Aktivit\u00e4ten -, und hilft bei der Entwicklung und Umsetzung von neuen Ideen und der Freisetzung seiner Kreativit\u00e4t,<\/li>\n<li>f\u00f6rdert das Formulieren und Festlegen von wahren Zielen, denn ein klar definiertes Ziel mit einem konkreten Ergebnis ist der Schl\u00fcssel zum Erfolg &#8211; allerdings mag beispielsweise der Wunsch, eine Milliarde Dollar zu verdienen, wie ein Ziel erscheinen, aber Geld ist nur ein Mittel, um das tiefer liegende wahre Ziel zu erreichen, welches daher auch formuliert werden sollte,<\/li>\n<li>hellt die Stimmung auf, vermittelt auch in schwierigen Situationen noch Positivit\u00e4t und schafft einen Zustand entspannter Konzentration,<\/li>\n<li>st\u00e4rkt die F\u00e4higkeiten, Situationen \u201evorherzusehen\u201c statt zu \u201eraten\u201c, wodurch Entscheidungen effektiv simuliert werden k\u00f6nnen,<\/li>\n<li>hilft dabei, die Vergangenheit loszulassen und Schmerzen zu heilen,<\/li>\n<li>f\u00fcllt mit Frieden und Ruhe als w\u00fcrde man am Meer sitzen und den Blick auf den endlosen Horizont genie\u00dfen, wirkt emotional ausgleichend, sodass man auf Provokationen gelassen reagieren kann, schafft ein Gef\u00fchl der Leichtigkeit und des Bewusstseins, dass alle Erfahrungen und Ereignisse als Erfahrungen und Lektionen f\u00fcr die innere Reinigung und Wiedergeburt notwendig waren,<\/li>\n<li>\u00f6ffnet das Herz, um die Welt, den Partner und die Familienmitglieder zu lieben, und f\u00fcllt mit hoher Energie,<\/li>\n<li>im K\u00f6rperlichen k\u00f6nnen die Energien der Platte eine lymphdrainierende Wirkung entfalten,<\/li>\n<li>die Platte hilft, \u00fcberm\u00e4\u00dfigen Stress abzubauen und die Psyche von stagnierender Traurigkeit zu befreien, entspannt und lindert auch muskul\u00e4re Verspannungen und Kr\u00e4mpfe,<\/li>\n<li>verbessert die Durchblutung und Versorgung des Hautgewebes, l\u00f6st Prozesse der Zellerneuerung aus, welche nach und nach die Hautelastizit\u00e4t wiederherstellen, die Falten reduzieren, das Hautbild und die Durchblutung der Haut verbessern, wodurch die Gesichtshaut glatter und frischer wird,<\/li>\n<li>hat eine positive Wirkung auf den Bewegungsapparat, insbesondere wenn man die Platte auf ein Gelenk legt: die Platte vermittelt eine spiralf\u00f6rmige \u201eVerdrillung\u201c hochfrequenter Energien in das Gelenk, welches dadurch mit heilendem Licht durchflutet wird &#8211; dabei kann es zu reinem kurzzeitigem Schmerzgef\u00fchl \u00e4hnlich einer Heilungskrise kommen,<\/li>\n<li>verbessert im Energetischen den Zustand des Herz-Kreislauf-Systems, indem sie ein harmonisches Biofeld schafft,<\/li>\n<li>wirkt sich positiv auf das menschliche Atmungssystem aus und verbessert den Zustand der oberen und der unteren Atemwege,<\/li>\n<li>tr\u00e4gt zur Verbesserung der Gesundheit bei gyn\u00e4kologischen Problemen sowohl aufgrund von hormonellen Ursachen als auch bei entz\u00fcndlichen Prozessen bei,<\/li>\n<li>unterst\u00fctzt notwenige Trennungsprozesse &#8211; insbesondere Menschen, die per Kaiserschnitt geboren wurden, haben oft das Gef\u00fchl, als w\u00fcrden sie mit &#8222;schweren Beinen&#8220; durchs Leben gehen, als w\u00fcrden sie die Last ihrer Vorfahren tragen und es besteht nur eine unzureichende energetische Verbindung zur Mutter und zur Erde &#8211; hier hilft die Platte, den unterbrochenen Geburts- und Trennungsprozess energetisch abzuschlie\u00dfen.<\/li>\n<\/ul>\n<div><\/div>\n<div>Auf der Kolzov-Platte &#8222;Ismetschivoe See&#8220; sind die Informationen des Wasser aus zwei Heilquellen gespeichert, die sich im Lagunensees Izmenchivoe, auf der russischen Insel Sachalin, an der Ostk\u00fcste Russlands nur wenig n\u00f6rdlich von Japan, befinden.<\/div>\n<div><\/div>\n<div>TIPP 1: Die Platte &#8222;Ismetschivoe See&#8220; ist mit allen zuvor erschienenen Platten kombinierbar. Nehmen Sie die Platte zwischen beide H\u00e4nde und halten Sie die Platte senkrecht mit den schmalen Seiten nach oben und unten; legen Sie diese dann auf den Bauchnabelbereich: Sie k\u00f6nnen sp\u00fcren, wie dichte Energie als kraftvoller Strom wie ein &#8222;Wasserfall der F\u00fclle&#8220; in Sie hinein flie\u00dft und Sie mit Kraft und Selbstvertrauen erf\u00fcllt und Ihnen hilft, Ihre W\u00fcnsche zu erf\u00fcllen.<\/div>\n<div>&#8211; Um die Herzenergie und den &#8222;Geist des Herzens&#8220; zu aktivieren, platzieren Sie die Platte am besten von 11 bis 13 Uhr auf dem Herz-Chakra. Es w\u00e4re ideal wenn zugleich noch eine bioenergetische Massage der Herz- und D\u00fcnndarm-Meridiane erfolgen w\u00fcrde, wodurch elektromagnetische St\u00f6rungen beseitigt werden k\u00f6nnen, die zu biochemische St\u00f6rungen gef\u00fchrt haben und die auch Depression, Schuldgef\u00fchle, Melancholie und Angst zur Folge haben k\u00f6nnen.<\/div>\n<div>&#8211; bei Angstzust\u00e4nden oder von Workaholics sollte die Platte bevorzugt in den fr\u00fchen Morgenstunden verwendet werden,<\/div>\n<div>&#8211; um die Atmung zu verbessern, sollten Sie mit der Platte in der Hand, durch die Nase tief und gleichm\u00e4\u00dfig atmen (Brust-Bauch-Atmung, m\u00e4\u00dfig, ohne \u00fcberm\u00e4\u00dfige Spannung, um die Lunge nicht zu \u00fcberlasten) nach dem Schema die 4\u20137\u20138 (Einatmen, Halten, Ausatmen) mit 4-8 Wiederholungen. Durch l\u00e4ngeres Ausatmen wird der parasympathische Teil des autonomen Nervensystems aktiviert, was ein Gef\u00fchl der Ruhe und Entspannung f\u00f6rdert.<\/div>\n<div>&#8211; bei gyn\u00e4kologischen Problemen sollten sie die Platte auf das zweite Chakra legen und im Zeitraum von 19 bis 21 Stunden dort fixieren. Ideal w\u00e4re eine gleichzeitige bioenergetische Massage der Meridiane unter Verwendung der Platte &#8222;Nr.18 &#8211; Synchronisation\u201c (Serie GOLD) um Energieblockaden in den Meridianen Perikard, Dreifach-Erw\u00e4rmer und Niere zu beseitigen.<\/div>\n<div>TIPP 2: Wenn Sie sich der negativen Einstellungen Ihrer Vorfahren bewusst sind, k\u00f6nnen sie diese gezielt aufl\u00f6sen: legen Sie die Platte in den Nacken und wenn Sie das Gef\u00fchl haben, dass in Ihrem Hinterkopf auf der Ebene der Empfindungen eine Bewegung stattfindet, erstellen Sie eine Anfrage und bitten Sie darum, dieses negative Programm Ihrer Vorfahren zu entfernen &#8211; bedanken Sie sich bei allen Vorfahren daf\u00fcr, dass sie diesen schwierigen Weg gegangen sind und Pr\u00fcfungen mit Hilfe der Seelenkraft \u00fcberwinden konnten. Dies wird Ihnen helfen, die Gr\u00fcnde zu verstehen, warum z.B.: Einsamkeit und Z\u00f6libat ein Thema in ihrer heutigen Existenz ist.<\/div>\n<div>TIPP 3: Wenn Sie etwas in Ihrer Beziehung \u00e4ndern oder die Beziehung zu Ihrem Ehepartner oder einer anderen Person verbessern m\u00f6chten, nehmen sie die Platte in die Hand und bitten Sie darum, eine harmonische Beziehung aufzubauen, die auf Verst\u00e4ndnis, Liebe, F\u00fcrsorge und Z\u00e4rtlichkeit basiert. Dieses Programm beginnt auf der bewussten und unbewussten Ebene zu wirken.<\/div>\n<div>TIPP 4: Insbesondere bei fettiger und problematischer Haut empfiehlt es sich, die kosmetischen Produkte auf der Platte zu informieren.<\/div>\n<div><\/div>\n<div>ZUR BEACHTUNG: Bei dieser Platte sollte das Wasser zum Energetisieren mindestens 15 Minuten lang darauf gestellt werden.<\/div>\n<p><em><strong>Wichtiger Hinweis:<\/strong><\/em><\/p>\n<p><strong><em>Wir weisen ausdr\u00fccklich darauf hin, dass die Kolzov-Platte (russische Bezeichnung: &#8222;Korrektoren des funktionalen Zustands&#8220;) ein alternatives Energie- und Informationsprodukt ist und kein Heilmittel im Sinne der westlichen Schulmedizin. Vielmehr ist es ein rein energetisches Hilfsmittel zur ganzheitlichen Balancierung von energetischen Disharmonien und Blockaden. Informationen \u00fcber Qualit\u00e4t und Eigenschaften des Energieobjekts beziehen sich auf Aussagen des russischen Herstellers und alternativen Theorien zu Mensch und Umwelt, auf alternative Anschauungen und esoterische \u00dcberlieferungen oder Aussagen. Sie gelten nur im Sinne der esoterischen Lebensphilosophie und daran angelehnte Alternativheilkunde. Wirkungen im Sinne westlicher Wissenschaft oder Medizin werden hier nicht behauptet.<\/em><\/strong><\/p>","protected":false},"excerpt":{"rendered":"<p>ist ein essenzieller Schutzschild gegen technische Frequenzen und Informations\u00fcberflutung. Sie befreit das Unterbewusstsein von fremden Lasten und \u201everalteten\u201c Ahnen-Programmen (z. B. Themen wie Einsamkeit). Die Platte wirkt wie ein \u201eGewitterregen\u201c, der die Luft kl\u00e4rt: Sie entspannt die Muskulatur, verbessert das Hautbild durch Zellerneuerung und hilft besonders Menschen, die per Kaiserschnitt geboren wurden, die energetische Trennung und Erdung nachzuholen.<\/p>","protected":false},"featured_media":2360,"comment_status":"open","ping_status":"closed","template":"","meta":[],"product_brand":[],"product_cat":[33],"product_tag":[182],"class_list":{"0":"post-2282","1":"product","2":"type-product","3":"status-publish","4":"has-post-thumbnail","6":"product_cat-elite-series","7":"product_tag-182","9":"first","10":"instock","11":"taxable","12":"shipping-taxable","13":"purchasable","14":"product-type-simple"},"_links":{"self":[{"href":"https:\/\/vigo-rio.com\/en\/wp-json\/wp\/v2\/product\/2282","targetHints":{"allow":["GET"]}}],"collection":[{"href":"https:\/\/vigo-rio.com\/en\/wp-json\/wp\/v2\/product"}],"about":[{"href":"https:\/\/vigo-rio.com\/en\/wp-json\/wp\/v2\/types\/product"}],"replies":[{"embeddable":true,"href":"https:\/\/vigo-rio.com\/en\/wp-json\/wp\/v2\/comments?post=2282"}],"wp:featuredmedia":[{"embeddable":true,"href":"https:\/\/vigo-rio.com\/en\/wp-json\/wp\/v2\/media\/2360"}],"wp:attachment":[{"href":"https:\/\/vigo-rio.com\/en\/wp-json\/wp\/v2\/media?parent=2282"}],"wp:term":[{"taxonomy":"product_brand","embeddable":true,"href":"https:\/\/vigo-rio.com\/en\/wp-json\/wp\/v2\/product_brand?post=2282"},{"taxonomy":"product_cat","embeddable":true,"href":"https:\/\/vigo-rio.com\/en\/wp-json\/wp\/v2\/product_cat?post=2282"},{"taxonomy":"product_tag","embeddable":true,"href":"https:\/\/vigo-rio.com\/en\/wp-json\/wp\/v2\/product_tag?post=2282"}],"curies":[{"name":"wp","href":"https:\/\/api.w.org\/{rel}","templated":true}]}}