{"id":2281,"date":"2026-01-20T13:46:17","date_gmt":"2026-01-20T13:46:17","guid":{"rendered":"https:\/\/vigo-rio.com\/?post_type=product&#038;p=2281"},"modified":"2026-02-04T19:39:35","modified_gmt":"2026-02-04T19:39:35","slug":"fc-113-wonderful-mauritius","status":"publish","type":"product","link":"https:\/\/vigo-rio.com\/en\/product\/fc-113-wonderful-mauritius\/","title":{"rendered":"FC Wunderbarer Mauritius \/ Wonderful Mauritius"},"content":{"rendered":"<p><strong>Kolzov-Platte: &#8222;Wunderbares Mauritius&#8220;\u00a0(&#8222;Sto\u00dfd\u00e4mpfer&#8220; bei geomagnetischen Schwankungen, f\u00fcr Entspannung und Gelassenheit, r\u00fccksichtsvolle Kommunikation, mehrdimensionale Wahrnehmung des Lebens, &#8222;inneres Kind&#8220;, Mutter-Kind-Beziehung, bei Schwangerschaftsdepressionen)<\/strong><\/p>\n<p><em><strong>(bei paarweiser Anwendung am besten mit der Platte &#8222;Schleier der Fatima&#8220;)<\/strong><\/em><\/p>\n<p><em>&#8211; neueste Version mit 8-Elementen (8 enthaltenen Energiespeicher-Chips)<\/em><\/p>\n<div><em>Die Platte tr\u00e4gt die russische Aufschrift &#8220; \u0418\u0417\u0423\u041c\u0418\u0422\u0415\u041b\u042c\u041d\u042b\u0419 \u041c\u0410\u0412\u0420\u0418\u041a\u0418\u0419 &#8220; und auf dem erg\u00e4nzenden Deckblatt: AMAZING MAURITIUS, WUNDERBARER MAURITUS, MERVEILLEUX MAURICE<\/em><\/div>\n<div>Die Platte &#8222;Wunderbares Mauritius&#8220; ist ein &#8222;geomagnetischer Sto\u00dfd\u00e4mpfer&#8220; &#8211; sie ist in besonderem Ma\u00dfe daf\u00fcr geeignet, sich bei instabilen geomagnetischen Bedingungen und magnetischen St\u00fcrmen zu harmonisieren und stabilisieren.<\/div>\n<div>Die Platte ist eine wertvolle Hilfe f\u00fcr alle, die nach tiefer Selbsterkenntnis und spiritueller Entwicklung streben. Sie erm\u00f6glicht eine mehrdimensionale Wahrnehmung des Lebens, die auch die Weisheit der Vergangenheit und das Wissen unserer Vorfahren mit ber\u00fccksichtigt, und die alte Lebensphilosophien, geheimes spirituelles Wissen und die fr\u00fchere tiefe Verbundenheit mit Mutter Erde mit einschlie\u00dft.<\/div>\n<div>Sie f\u00f6rdert eine r\u00fccksichtsvolle Kommunikation und bringt Menschen, die zu \u00fcbergro\u00dfer Kritik, Selbstkritik und Unzufriedenheit neigen, wieder in eine gesunde Mitte.<\/div>\n<div>Die Platte ist auch eine gute Unterst\u00fctzung f\u00fcr alle M\u00fctter &#8211; sowohl in der Schwangerschaft als auch nach der Geburt des Kindes. Dies gilt insbesondere dann, wenn sich Anzeichen von Burnout oder Depression zeigen.<\/div>\n<div>Allgemein unterst\u00fctzt sie alle Heilungs- und Genesungsprozesse und l\u00f6st den Anwender aus Angstspiralen und Nervosit\u00e4t und f\u00fchrt in die Entspannung und zum inneren Frieden.<\/div>\n<div><\/div>\n<div>\n<p><em>Die Aussagen beziehen sich auf alternative Testmethoden wie Meridianenergie-Messungen der Organfunktionskreisl\u00e4ufe nach TCM, Kirlian-Fotografie (EPG\/GDV-Kamera), Oberon, Amsat o.\u00e4. durch den Hersteller &#8222;Planet der Regionen&#8220; und stellen keine medizinische oder auf den physischen K\u00f6rper und dessen Organe bezogenen Aussage im Sinne der westlichen Schulmedizin dar.<br \/>\n<\/em><\/p>\n<p>Die Platte ist in diesem Sinne vor allem geeignet f\u00fcr:<\/p>\n<\/div>\n<ul>\n<li>wirkt als energetischer &#8222;Sto\u00dfd\u00e4mpfer&#8220;, mildert \u00e4u\u00dfere magnetische Einfl\u00fcsse und hilft, die Auswirkungen magnetischer Schwankungen und geomagnetischer St\u00fcrme auf den Menschen zu neutralisieren &#8211; solche Schwankungen in der St\u00e4rke des Magnetfeldes k\u00f6nnen die Psyche durcheinander bringen und sich negativ auf die k\u00f6rperliche Verfassung eines Menschen auswirken,<\/li>\n<li>f\u00f6rdert die Entspannung der Muskulatur und schenkt ein Gef\u00fchl von Leichtigkeit im Bewegungsapparat und bei angespannter Augen- und Gesichtsmuskulatur &#8211; \u00e4hnlich einer hochwertigen Massage oder osteopathischen Behandlung,<\/li>\n<li>aktiviert insbesondere das 1., 2. und 3. Chakra, erh\u00f6ht die Leistungsf\u00e4higkeit und regt zu aktiver k\u00f6rperlicher und geistiger Aktivit\u00e4t an,<\/li>\n<li>vermittelt eine mehrdimensionale Wahrnehmung des Lebens, die auch die Weisheit der Vergangenheit und das Wissen unserer Vorfahren mit ber\u00fccksichtigt, und die alte Lebensphilosophien, geheimes spirituelles Wissen und die fr\u00fchere tiefe Verbundenheit mit Mutter Erde mit einschlie\u00dft,<\/li>\n<li>interagiert mit den tiefen Schichten des Unterbewusstseins, aktiviert spirituelle Energien zur Erweckung der wahren Essenz jedes Menschen und seiner Seele und hebt den Anwender nach und nach auf eine neue Bewusstseinsebene und ein hohes Ma\u00df an Bewusstsein; arbeitet dabei auch mit den tiefen Schichten der Vergangenheit &#8211; sowohl der pers\u00f6nlichen also auch der kollektiven; hilft verschiedene psycho-emotionale Zust\u00e4nde und Blockaden zu identifizieren und zu analysieren nach dem Schema: Erkennen, Lesen, Analysieren und Deaktivieren,<\/li>\n<li>vermittelt Ruhe und Gelassenheit in Momenten von Angst und Sorge und hilft dabei, in sich selbst einen tiefen Frieden zu finden, einen Punkt des Gleichgewichts und der inneren Harmonie auf der Ebene des \u201egoldenen Sterns\u201c, der sich direkt \u00fcber dem Nabel befindet (dieser Ort symbolisiert unseren &#8222;Reinkarnationsstern&#8220;, das goldene Potenzial der Weisheit, das sich in unserem gesamten Leben angesammelt hat),<\/li>\n<li>hilft dabei, zu einer r\u00fccksichtsvollen Kommunikation mit anderen zu finden und Probleme effektiv mit Frieden und Gelassenheit zu l\u00f6sen, neutralisiert eine \u00fcbertriebene innere \u201eKritiksucht&#8220; und schafft Raum auch eigene Fehler anzuerkennen, unterst\u00fctzt aber dennoch dabei, seine Ziele zu erreichen,<\/li>\n<li>hilft dem \u201einneren Kind\u201c des Anwenders auf seelischer Ebene, einen Zustand der Selbstakzeptanz, des Spiels und der Kreativit\u00e4t zu erlangen,<\/li>\n<li>harmonisiert die Beziehungen zwischen Kindern und Eltern,<\/li>\n<li>erweckt in Frauen einen gesunden Mutterinstinkt und hilft eventuelle Schwangerschaftsdepressionen zu \u00fcberwinden.<\/li>\n<\/ul>\n<div><\/div>\n<div>Auf der Kolzov-Platte &#8222;Wunderbares Mauritius&#8220; sind die Informationen des heiligen Sees Ganga Talao (auch &#8222;Grand Bassin&#8220; genannt) auf der Insel Mauritius gespeichert. Der See gilt als heiligste Pilgerst\u00e4tte der Hindus auf Mauritius. J\u00e4hrlich pilgern etwa 450 000 Hindus aus aller Welt zum See und der Pilgermarsch gilt als der gr\u00f6\u00dfte der Hindus au\u00dferhalb von Indien. Die Informierung der Platte erfolgte w\u00e4hrend des Shiva-Festes.<\/div>\n<div>Kolzov betont dazu: &#8222;Ich m\u00f6chte alle Anwender daran erinnern, dass Platten-Energien keine Religionen kennen, weil zum Beispiel Wasserquellen einfach kein Verst\u00e4ndnis f\u00fcr Religionen haben. Menschen aller Konfessionen und jeden Geschlechts k\u00f6nnen die Platten verwenden, selbst wenn darauf eine Polarisierung eines f\u00fcr Hindus heiligen Ortes verzeichnet ist, wie es bei dieser Platte der Fall ist.&#8220;<\/div>\n<div><\/div>\n<div><\/div>\n<div>TIPP 1: Die Platte &#8222;Wunderbares Mauritius&#8220; bildet ein harmonisierendes Tandem mit der Platte &#8222;Schleier der Fatima&#8220;, wodurch der starke Wirbelfluss der Energien der Platte &#8222;Wunderbares Mauritius&#8220; verlangsamt wird und ihre Energien sanfter und gleichm\u00e4\u00dfiger in das pers\u00f6nliche Energiefeld eingewoben werden. F\u00fcr Anwender, denen die Energie der Platte &#8222;Wunderbares Mauritius&#8220; zu stark, ist also die Kombination der beiden Palten das Richtige, denn die Energie der Platte ist sehr kraftvoll, pulsierend, dicht und hei\u00df &#8211; auf der Ebene des physischen K\u00f6rpers kann es zu sogar zu einem Gef\u00fchl von Kribbeln oder Brennen kommen. Wenn Sie Ihr Gesicht mit der Platte ber\u00fchren, k\u00f6nnen Sie sp\u00fcren, wie jede Zelle an der Stelle, an der die Energie flie\u00dft, zum Leben erwacht. Was Sie hier sp\u00fcren ist die lebensspendender Kraft des Luftelements und des kosmischen Windes.<\/div>\n<div>In Kombination mit der Platte &#8222;Heilige Liebe&#8220; sorgt die Platte &#8222;Wunderbares Mauritius&#8220; f\u00fcr ein hohes Ma\u00df an Liebe, Harmonie und Erneuerung. Sie ist aber auch mit allen anderen Platten kombinierbar.<\/div>\n<div>TIPP 2: Ein bewusster Umgang mit den Energien dieser Platte ist hilfreich, um das Entwicklungspotential voll nutzen zu k\u00f6nnen: Stimmen Sie in Ihren Gedanken und Absichten bewusst zu, dass Sie eine Interaktion mit der Platte auch f\u00fcr die innere Entwicklung und Bewusstseinserweiterung m\u00f6chten und verwenden Sie diese nicht f\u00fcr Eigennutz oder b\u00f6swillige Absichten.<\/div>\n<div>TIPP 3: Die Platte kann auch sehr effektiv in Zusammenarbeit mit Psychologen und Psychotherapeuten eingesetzt werden.<\/div>\n<div><\/div>\n<div>ZUR BEACHTUNG: Bei dieser Platte sollte das Wasser zum Energetisieren mindestens 15 Minuten lang darauf gestellt werden.<\/div>\n<p><em><strong>Wichtiger Hinweis:<\/strong><\/em><\/p>\n<p><em><strong>Wir weisen ausdr\u00fccklich darauf hin, dass die Kolzov-Platte (russische Bezeichnung: &#8222;Korrektoren des funktionalen Zustands&#8220;) ein alternatives Energie- und Informationsprodukt ist und kein Heilmittel im Sinne der westlichen Schulmedizin. Vielmehr ist es ein rein energetisches Hilfsmittel zur ganzheitlichen Balancierung von energetischen Disharmonien und Blockaden. Informationen \u00fcber Qualit\u00e4t und Eigenschaften des Energieobjekts beziehen sich auf Aussagen des russischen Herstellers und alternativen Theorien zu Mensch und Umwelt, auf alternative Anschauungen und esoterische \u00dcberlieferungen oder Aussagen. Sie gelten nur im Sinne der esoterischen Lebensphilosophie und daran angelehnte Alternativheilkunde. Wirkungen im Sinne westlicher Wissenschaft oder Medizin werden hier nicht behauptet.<\/strong><\/em><\/p>","protected":false},"excerpt":{"rendered":"<p>fungiert als kraftvoller \u201eSto\u00dfd\u00e4mpfer\u201c gegen magnetische St\u00fcrme und geomagnetische Schwankungen, die oft Unruhe und Ersch\u00f6pfung ausl\u00f6sen. Sie f\u00fchrt dich in eine tiefe k\u00f6rperliche Entspannung (\u00e4hnlich einer Massage) und hilft dabei, das \u201einnere Kind\u201c zu heilen. Besonders wertvoll ist sie f\u00fcr M\u00fctter zur \u00dcberwindung von Burnout oder postnatalen Depressionen sowie f\u00fcr Menschen, die zu starker Selbstkritik neigen.<\/p>","protected":false},"featured_media":2422,"comment_status":"open","ping_status":"closed","template":"","meta":[],"product_brand":[],"product_cat":[33],"product_tag":[181],"class_list":{"0":"post-2281","1":"product","2":"type-product","3":"status-publish","4":"has-post-thumbnail","6":"product_cat-elite-series","7":"product_tag-181","9":"first","10":"instock","11":"taxable","12":"shipping-taxable","13":"purchasable","14":"product-type-simple"},"_links":{"self":[{"href":"https:\/\/vigo-rio.com\/en\/wp-json\/wp\/v2\/product\/2281","targetHints":{"allow":["GET"]}}],"collection":[{"href":"https:\/\/vigo-rio.com\/en\/wp-json\/wp\/v2\/product"}],"about":[{"href":"https:\/\/vigo-rio.com\/en\/wp-json\/wp\/v2\/types\/product"}],"replies":[{"embeddable":true,"href":"https:\/\/vigo-rio.com\/en\/wp-json\/wp\/v2\/comments?post=2281"}],"wp:featuredmedia":[{"embeddable":true,"href":"https:\/\/vigo-rio.com\/en\/wp-json\/wp\/v2\/media\/2422"}],"wp:attachment":[{"href":"https:\/\/vigo-rio.com\/en\/wp-json\/wp\/v2\/media?parent=2281"}],"wp:term":[{"taxonomy":"product_brand","embeddable":true,"href":"https:\/\/vigo-rio.com\/en\/wp-json\/wp\/v2\/product_brand?post=2281"},{"taxonomy":"product_cat","embeddable":true,"href":"https:\/\/vigo-rio.com\/en\/wp-json\/wp\/v2\/product_cat?post=2281"},{"taxonomy":"product_tag","embeddable":true,"href":"https:\/\/vigo-rio.com\/en\/wp-json\/wp\/v2\/product_tag?post=2281"}],"curies":[{"name":"wp","href":"https:\/\/api.w.org\/{rel}","templated":true}]}}